{"id":1530,"date":"2024-03-20T19:21:57","date_gmt":"2024-03-20T19:21:57","guid":{"rendered":"https:\/\/educativosmeninheira.com\/imprimibles\/?page_id=1530"},"modified":"2025-01-25T12:27:14","modified_gmt":"2025-01-25T12:27:14","slug":"geologia-trasna-meninheira","status":"publish","type":"page","link":"https:\/\/educativosmeninheira.com\/imprimibles\/geologia-trasna-meninheira\/","title":{"rendered":"GEOLOG\u00cdA con la trasna meninheira"},"content":{"rendered":"<h4 style=\"text-align: center;\"><span style=\"color: #008080;\">Si has llegado hasta aqu\u00ed es porque<br \/>\n<strong>quieres aprender geolog\u00eda de manera divertida<\/strong>, <\/span><br \/>\n<span style=\"color: #008080;\">porque hay muchas formas de aprender<br \/>\ny a nosotros nos gusta hacerlo as\u00ed, divirti\u00e9ndonos.<\/span><\/h4>\n<h4 style=\"text-align: center;\"><span style=\"color: #008080;\">En casa quer\u00edamos aprender sobre este tema, as\u00ed que se lo encargamos a la trasna.<\/span><\/h4>\n<p><img fetchpriority=\"high\" decoding=\"async\" class=\"aligncenter\" src=\"https:\/\/educativosmeninheira.com\/imprimibles\/wp-content\/uploads\/2024\/03\/HEADER_GEOLOGIA-1024x608.jpg\" sizes=\"(max-width: 1024px) 100vw, 1024px\" srcset=\"https:\/\/educativosmeninheira.com\/imprimibles\/wp-content\/uploads\/2024\/03\/HEADER_GEOLOGIA-1024x608.jpg 1024w, https:\/\/educativosmeninheira.com\/imprimibles\/wp-content\/uploads\/2024\/03\/HEADER_GEOLOGIA-300x178.jpg 300w, https:\/\/educativosmeninheira.com\/imprimibles\/wp-content\/uploads\/2024\/03\/HEADER_GEOLOGIA-768x456.jpg 768w, https:\/\/educativosmeninheira.com\/imprimibles\/wp-content\/uploads\/2024\/03\/HEADER_GEOLOGIA-600x356.jpg 600w, https:\/\/educativosmeninheira.com\/imprimibles\/wp-content\/uploads\/2024\/03\/HEADER_GEOLOGIA.jpg 1200w\" alt=\"\" width=\"1024\" height=\"608\" \/><\/p>\n<h4><\/h4>\n<h4 style=\"text-align: center;\"><span style=\"color: #008080;\">Y la trasna meninheira te propone <strong>ir investigando<\/strong> a trav\u00e9s de esta unidad did\u00e1ctica y elaborar un lapbook,<br \/>\n<\/span><span style=\"color: #008080;\">pues en este PDF encontrar\u00e1s las plantillas necesarias para elaborarlo.<\/span><\/h4>\n<h4><\/h4>\n<h4 style=\"text-align: center;\"><span style=\"color: #008080;\">El archivo en PDF contiene <strong>m\u00e1s de 100 p\u00e1ginas<\/strong> que dan lugar a<br \/>\nun cuaderno, un lapbook, fichas de aprendizaje&#8230;<br \/>\ntodo orientado a aprender geolog\u00eda de manera m\u00e1s amena y divertida.<\/span><\/h4>\n<h3 style=\"text-align: center;\"><img decoding=\"async\" class=\"alignnone  wp-image-1661\" src=\"https:\/\/educativosmeninheira.com\/imprimibles\/wp-content\/uploads\/2025\/01\/GEOLOGiA-lapbook-en-castellano.jpg\" alt=\"\" width=\"1017\" height=\"604\" srcset=\"https:\/\/educativosmeninheira.com\/imprimibles\/wp-content\/uploads\/2025\/01\/GEOLOGiA-lapbook-en-castellano.jpg 1200w, https:\/\/educativosmeninheira.com\/imprimibles\/wp-content\/uploads\/2025\/01\/GEOLOGiA-lapbook-en-castellano-300x178.jpg 300w, https:\/\/educativosmeninheira.com\/imprimibles\/wp-content\/uploads\/2025\/01\/GEOLOGiA-lapbook-en-castellano-1024x608.jpg 1024w, https:\/\/educativosmeninheira.com\/imprimibles\/wp-content\/uploads\/2025\/01\/GEOLOGiA-lapbook-en-castellano-768x456.jpg 768w, https:\/\/educativosmeninheira.com\/imprimibles\/wp-content\/uploads\/2025\/01\/GEOLOGiA-lapbook-en-castellano-600x356.jpg 600w\" sizes=\"(max-width: 1017px) 100vw, 1017px\" \/><\/h3>\n<h3><\/h3>\n<h4 style=\"text-align: center;\"><span style=\"color: #008080;\">Estructurado como una unidad de estudios (<em>lesson plan<\/em>) para seguir a lo largo de 7 d\u00edas o sesiones,<br \/>\nya sabes que lo ideal es que cada uno adecue el aprendizaje a su propio ritmo.<\/span><\/h4>\n<h4 style=\"text-align: center;\"><span style=\"color: #008080;\">\u00a0<\/span><\/h4>\n<p style=\"text-align: center;\"><iframe src=\"https:\/\/youtube.com\/embed\/AhVnta2m3rc?si=NgEztB7RIbIJ5_kR\" width=\"480\" height=\"270\" frameborder=\"0\"><\/iframe> &#8211; <iframe src=\"https:\/\/youtube.com\/embed\/Dnb7pMqzO3o?si=tx6_jzmkcGK41E0w\" width=\"480\" height=\"270\" frameborder=\"0\"><\/iframe><\/p>\n<h4 style=\"text-align: center;\"><span style=\"color: #008080;\">Al inicio de cada unidad dispones de un \u00edndice<br \/>\nen d\u00f3nde se estuctura el plan de estudios para esa sesi\u00f3n,<br \/>\ncontiene una parte de explicaciones de <strong>teor\u00eda<\/strong>,<br \/>\nunas propuestas de <strong>experimentos<\/strong> o actividades sobre el tema,<br \/>\nlas <strong>plantillas<\/strong> para elaborar el lapbook sobre lo que has visto,<br \/>\nincluso contiene un <strong>certificado<\/strong> de aprendiz ge\u00f3logo!<\/span><\/h4>\n<p><img decoding=\"async\" class=\"aligncenter\" src=\"https:\/\/educativosmeninheira.com\/imprimibles\/wp-content\/uploads\/2024\/03\/GEOLOGiA-UNIDAD-DIDACTICA-1024x608.jpg\" sizes=\"(max-width: 1024px) 100vw, 1024px\" srcset=\"https:\/\/educativosmeninheira.com\/imprimibles\/wp-content\/uploads\/2024\/03\/GEOLOGiA-UNIDAD-DIDACTICA-1024x608.jpg 1024w, https:\/\/educativosmeninheira.com\/imprimibles\/wp-content\/uploads\/2024\/03\/GEOLOGiA-UNIDAD-DIDACTICA-300x178.jpg 300w, https:\/\/educativosmeninheira.com\/imprimibles\/wp-content\/uploads\/2024\/03\/GEOLOGiA-UNIDAD-DIDACTICA-768x456.jpg 768w, https:\/\/educativosmeninheira.com\/imprimibles\/wp-content\/uploads\/2024\/03\/GEOLOGiA-UNIDAD-DIDACTICA-600x356.jpg 600w, https:\/\/educativosmeninheira.com\/imprimibles\/wp-content\/uploads\/2024\/03\/GEOLOGiA-UNIDAD-DIDACTICA.jpg 1200w\" alt=\"\" width=\"1024\" height=\"608\" \/><\/p>\n<h4 style=\"text-align: center;\"><span style=\"color: #008080;\">\u00cdNDICE, esto es lo que vamos a aprender:<\/span><\/h4>\n<p style=\"text-align: center;\">1. D\u00eda primero:<br \/>\nActividades: 1 Estructura interna de la Tierra<strong> \/<\/strong> 2 La corteza terrestre<strong> \/<\/strong> \u00a03 Tipos de rocas <strong> \/<\/strong> 4 Vocabulario nuevo <strong> \/<\/strong> 5 Lapbook<br \/>\n2. D\u00eda segundo:<br \/>\nActividades 1 Placas tect\u00f3nicas <strong> \/<\/strong> 2: Tipos de l\u00edmites <strong> \/<\/strong> 3: Terremoto <strong> \/<\/strong> 4: Vocabulario nuevo<strong> \/<\/strong> \u00a05: Lapbook<br \/>\n3. D\u00eda tercero:<br \/>\nActividades 1: C\u00f3mo se miden los terremotos <strong> \/<\/strong> 2: Escala Richter<strong> \/<\/strong>\u00a0 3: La leyenda de Namazu<strong> \/<\/strong> 4: Vocabulario nuevo<strong> \/<\/strong> \u00a05: Lapbook<br \/>\n4. D\u00eda cuarto:<br \/>\nActividades 1: Consecuencias de los terremotos <strong> \/<\/strong> 2: Tsunami o maremoto<strong> \/<\/strong> 3: Qu\u00e9 hacer frente a un tsunami<strong> \/<\/strong> 4: Vocabulario nuevo<strong> \/<\/strong> 5: Lapbook<br \/>\n5. D\u00eda quinto:<br \/>\nActividades 1: Monta\u00f1as<strong> \/<\/strong> 2: Leyenda inuit<strong> \/<\/strong> 3: Continentes<strong> \/<\/strong> 4: Vocabulario nuevo<strong> \/<\/strong> \u00a05: Lapbook<br \/>\n6. D\u00eda sexto:<br \/>\nActividades 1: Volcanes<strong> \/<\/strong> 2: Materiales que expulsa un volc\u00e1n<strong> \/<\/strong> 3: Paisajes volc\u00e1nicos<strong> \/<\/strong> 4: Vocabulario nuevo<strong> \/<\/strong> 5: Lapbook<br \/>\n7. D\u00eda s\u00e9ptimo,:<br \/>\nActividades 1: Tipos de volcanes por su actividad <strong> \/<\/strong> 2: Tipos de volcanes por su forma<strong> \/<\/strong> 3: Tipos de volcanes seg\u00fan su erupci\u00f3n<strong> \/<\/strong> 4: Vocabulario nuevo<strong> \/<\/strong> \u00a05: Lapbook<\/p>\n<h4 style=\"text-align: center;\"><span style=\"color: #008080;\">Puedes conseguir esta unidad de estudios<br \/>\nsobre geolog\u00eda <a href=\"https:\/\/educativosmeninheira.com\/imprimibles\/producto\/unidad-didactica-geologia\/\">en castellano<\/a> o <a href=\"https:\/\/educativosmeninheira.com\/imprimibles\/producto\/unidad-didactica-geologia-catalan\/\">en catal\u00e1n<\/a>.<\/span><\/h4>\n<h4 style=\"text-align: center;\"><a href=\"https:\/\/educativosmeninheira.com\/imprimibles\/producto\/unidad-didactica-geologia\/\"><img loading=\"lazy\" decoding=\"async\" class=\"alignnone  wp-image-965\" src=\"https:\/\/educativosmeninheira.com\/imprimibles\/wp-content\/uploads\/2021\/02\/UNIDAD-DIDACTICA-GEOLOGIA-0.jpg\" alt=\"\" width=\"242\" height=\"242\" srcset=\"https:\/\/educativosmeninheira.com\/imprimibles\/wp-content\/uploads\/2021\/02\/UNIDAD-DIDACTICA-GEOLOGIA-0.jpg 1080w, https:\/\/educativosmeninheira.com\/imprimibles\/wp-content\/uploads\/2021\/02\/UNIDAD-DIDACTICA-GEOLOGIA-0-300x300.jpg 300w, https:\/\/educativosmeninheira.com\/imprimibles\/wp-content\/uploads\/2021\/02\/UNIDAD-DIDACTICA-GEOLOGIA-0-1024x1024.jpg 1024w, https:\/\/educativosmeninheira.com\/imprimibles\/wp-content\/uploads\/2021\/02\/UNIDAD-DIDACTICA-GEOLOGIA-0-150x150.jpg 150w, https:\/\/educativosmeninheira.com\/imprimibles\/wp-content\/uploads\/2021\/02\/UNIDAD-DIDACTICA-GEOLOGIA-0-768x768.jpg 768w, https:\/\/educativosmeninheira.com\/imprimibles\/wp-content\/uploads\/2021\/02\/UNIDAD-DIDACTICA-GEOLOGIA-0-600x600.jpg 600w, https:\/\/educativosmeninheira.com\/imprimibles\/wp-content\/uploads\/2021\/02\/UNIDAD-DIDACTICA-GEOLOGIA-0-100x100.jpg 100w\" sizes=\"(max-width: 242px) 100vw, 242px\" \/><\/a> \u00a0<a href=\"https:\/\/educativosmeninheira.com\/imprimibles\/producto\/unidad-didactica-geologia-catalan\/\"><img loading=\"lazy\" decoding=\"async\" class=\"alignnone  wp-image-964\" src=\"https:\/\/educativosmeninheira.com\/imprimibles\/wp-content\/uploads\/2021\/06\/UNIDAD-DIDACTICA-GEOLOGIA-CAT-0.jpg\" alt=\"\" width=\"239\" height=\"241\" srcset=\"https:\/\/educativosmeninheira.com\/imprimibles\/wp-content\/uploads\/2021\/06\/UNIDAD-DIDACTICA-GEOLOGIA-CAT-0-150x150.jpg 150w, https:\/\/educativosmeninheira.com\/imprimibles\/wp-content\/uploads\/2021\/06\/UNIDAD-DIDACTICA-GEOLOGIA-CAT-0-100x100.jpg 100w\" sizes=\"(max-width: 239px) 100vw, 239px\" \/><\/a><\/h4>\n<h4><\/h4>\n<h4 style=\"text-align: center;\"><span style=\"color: #008080;\">Tambi\u00e9n puedes ampliar el lapbook<br \/>\ncon este <a href=\"https:\/\/educativosmeninheira.com\/imprimibles\/producto\/tipos-erupciones-volcanicas\/\">pdf sobre los tipos de erupciones volc\u00e1nicas<\/a>.<\/span><\/h4>\n<h4 style=\"text-align: center;\"><img loading=\"lazy\" decoding=\"async\" class=\"alignnone  wp-image-1057\" src=\"https:\/\/educativosmeninheira.com\/imprimibles\/wp-content\/uploads\/2021\/09\/tipos-de-erupciones-volcan-300x300.jpg\" alt=\"\" width=\"239\" height=\"233\" \/><\/h4>\n<h4><\/h4>\n<h4><\/h4>\n<h2 style=\"text-align: center;\"><span style=\"color: #008080;\"><span style=\"color: #339966;\"><strong>Pero si no quieres imprimir,<\/strong><\/span><br \/>\n<span style=\"color: #339966;\">puedes obtener la\u00a0 unidad en formato <a style=\"color: #339966;\" href=\"https:\/\/amzn.to\/4aEvPaz\">cuaderno<\/a>*<\/span><\/span><\/h2>\n<h4 style=\"text-align: center;\"><a href=\"https:\/\/amzn.to\/4aEvPaz\"><span style=\"color: #008080;\"><img loading=\"lazy\" decoding=\"async\" class=\"alignnone  wp-image-1681\" src=\"https:\/\/educativosmeninheira.com\/imprimibles\/wp-content\/uploads\/2025\/01\/GEOLOGiA-cuaderno-en-castellano.jpg\" alt=\"\" width=\"1032\" height=\"634\" \/><\/span><\/a><\/h4>\n<h4><\/h4>\n<h4 style=\"text-align: center;\"><span style=\"color: #008080;\">En este v\u00eddeo puedes ver c\u00f3mo es por dentro el cuaderno,<br \/>\npues var\u00eda un poco respecto al PDF.<\/span><\/h4>\n<p style=\"text-align: center;\"><iframe src=\"https:\/\/youtube.com\/embed\/VNOI0AAUtO4?si=3UZfIv2s9k0vbbbn\" width=\"480\" height=\"360\" frameborder=\"0\"><\/iframe><\/p>\n<h4 style=\"text-align: center;\"><span style=\"color: #008080;\">Puedes encontrarlo en puntos de venta f\u00edsico o <em>online<\/em> <a href=\"https:\/\/amzn.to\/4aEvPaz\">en Amazon<\/a>*.<\/span><\/h4>\n<p style=\"text-align: right;\"><span style=\"color: #008080;\"><br \/>\n*(enlace de venta por afiliaci\u00f3n)<\/span><\/p>\n","protected":false},"excerpt":{"rendered":"<p>Si has llegado hasta aqu\u00ed es porque quieres aprender geolog\u00eda de manera divertida, porque hay muchas formas de aprender y a nosotros nos gusta hacerlo as\u00ed, divirti\u00e9ndonos. En casa quer\u00edamos aprender sobre este tema, as\u00ed que se lo encargamos a la trasna. Y la trasna meninheira te propone ir investigando a trav\u00e9s de esta unidad [&hellip;]<\/p>\n","protected":false},"author":1,"featured_media":0,"parent":0,"menu_order":0,"comment_status":"closed","ping_status":"closed","template":"","meta":{"site-sidebar-layout":"no-sidebar","site-content-layout":"page-builder","ast-site-content-layout":"full-width-container","site-content-style":"unboxed","site-sidebar-style":"unboxed","ast-global-header-display":"","ast-banner-title-visibility":"","ast-main-header-display":"","ast-hfb-above-header-display":"","ast-hfb-below-header-display":"","ast-hfb-mobile-header-display":"","site-post-title":"disabled","ast-breadcrumbs-content":"","ast-featured-img":"disabled","footer-sml-layout":"","theme-transparent-header-meta":"default","adv-header-id-meta":"","stick-header-meta":"","header-above-stick-meta":"","header-main-stick-meta":"","header-below-stick-meta":"","astra-migrate-meta-layouts":"set","ast-page-background-enabled":"default","ast-page-background-meta":{"desktop":{"background-color":"var(--ast-global-color-4)","background-image":"","background-repeat":"repeat","background-position":"center center","background-size":"auto","background-attachment":"scroll","background-type":"","background-media":"","overlay-type":"","overlay-color":"","overlay-gradient":""},"tablet":{"background-color":"","background-image":"","background-repeat":"repeat","background-position":"center center","background-size":"auto","background-attachment":"scroll","background-type":"","background-media":"","overlay-type":"","overlay-color":"","overlay-gradient":""},"mobile":{"background-color":"","background-image":"","background-repeat":"repeat","background-position":"center center","background-size":"auto","background-attachment":"scroll","background-type":"","background-media":"","overlay-type":"","overlay-color":"","overlay-gradient":""}},"ast-content-background-meta":{"desktop":{"background-color":"var(--ast-global-color-5)","background-image":"","background-repeat":"repeat","background-position":"center center","background-size":"auto","background-attachment":"scroll","background-type":"","background-media":"","overlay-type":"","overlay-color":"","overlay-gradient":""},"tablet":{"background-color":"var(--ast-global-color-5)","background-image":"","background-repeat":"repeat","background-position":"center center","background-size":"auto","background-attachment":"scroll","background-type":"","background-media":"","overlay-type":"","overlay-color":"","overlay-gradient":""},"mobile":{"background-color":"var(--ast-global-color-5)","background-image":"","background-repeat":"repeat","background-position":"center center","background-size":"auto","background-attachment":"scroll","background-type":"","background-media":"","overlay-type":"","overlay-color":"","overlay-gradient":""}},"footnotes":""},"class_list":["post-1530","page","type-page","status-publish","hentry"],"yoast_head":"<!-- This site is optimized with the Yoast SEO plugin v22.4 - https:\/\/yoast.com\/wordpress\/plugins\/seo\/ -->\n<title>GEOLOG\u00cdA con la trasna meninheira - Educativos<\/title>\n<meta name=\"robots\" content=\"index, follow, max-snippet:-1, max-image-preview:large, max-video-preview:-1\" \/>\n<link rel=\"canonical\" href=\"https:\/\/educativosmeninheira.com\/imprimibles\/geologia-trasna-meninheira\/\" \/>\n<meta property=\"og:locale\" content=\"es_ES\" \/>\n<meta property=\"og:type\" content=\"article\" \/>\n<meta property=\"og:title\" content=\"GEOLOG\u00cdA con la trasna meninheira - Educativos\" \/>\n<meta property=\"og:description\" content=\"Si has llegado hasta aqu\u00ed es porque quieres aprender geolog\u00eda de manera divertida, porque hay muchas formas de aprender y a nosotros nos gusta hacerlo as\u00ed, divirti\u00e9ndonos. En casa quer\u00edamos aprender sobre este tema, as\u00ed que se lo encargamos a la trasna. Y la trasna meninheira te propone ir investigando a trav\u00e9s de esta unidad [&hellip;]\" \/>\n<meta property=\"og:url\" content=\"https:\/\/educativosmeninheira.com\/imprimibles\/geologia-trasna-meninheira\/\" \/>\n<meta property=\"og:site_name\" content=\"Educativos\" \/>\n<meta property=\"article:modified_time\" content=\"2025-01-25T12:27:14+00:00\" \/>\n<meta property=\"og:image\" content=\"https:\/\/educativosmeninheira.com\/imprimibles\/wp-content\/uploads\/2024\/03\/HEADER_GEOLOGIA-1024x608.jpg\" \/>\n<meta name=\"twitter:card\" content=\"summary_large_image\" \/>\n<meta name=\"twitter:label1\" content=\"Tiempo de lectura\" \/>\n\t<meta name=\"twitter:data1\" content=\"4 minutos\" \/>\n<script type=\"application\/ld+json\" class=\"yoast-schema-graph\">{\"@context\":\"https:\/\/schema.org\",\"@graph\":[{\"@type\":\"WebPage\",\"@id\":\"https:\/\/educativosmeninheira.com\/imprimibles\/geologia-trasna-meninheira\/\",\"url\":\"https:\/\/educativosmeninheira.com\/imprimibles\/geologia-trasna-meninheira\/\",\"name\":\"GEOLOG\u00cdA con la trasna meninheira - Educativos\",\"isPartOf\":{\"@id\":\"https:\/\/educativosmeninheira.com\/imprimibles\/#website\"},\"primaryImageOfPage\":{\"@id\":\"https:\/\/educativosmeninheira.com\/imprimibles\/geologia-trasna-meninheira\/#primaryimage\"},\"image\":{\"@id\":\"https:\/\/educativosmeninheira.com\/imprimibles\/geologia-trasna-meninheira\/#primaryimage\"},\"thumbnailUrl\":\"https:\/\/educativosmeninheira.com\/imprimibles\/wp-content\/uploads\/2024\/03\/HEADER_GEOLOGIA-1024x608.jpg\",\"datePublished\":\"2024-03-20T19:21:57+00:00\",\"dateModified\":\"2025-01-25T12:27:14+00:00\",\"breadcrumb\":{\"@id\":\"https:\/\/educativosmeninheira.com\/imprimibles\/geologia-trasna-meninheira\/#breadcrumb\"},\"inLanguage\":\"es\",\"potentialAction\":[{\"@type\":\"ReadAction\",\"target\":[\"https:\/\/educativosmeninheira.com\/imprimibles\/geologia-trasna-meninheira\/\"]}]},{\"@type\":\"ImageObject\",\"inLanguage\":\"es\",\"@id\":\"https:\/\/educativosmeninheira.com\/imprimibles\/geologia-trasna-meninheira\/#primaryimage\",\"url\":\"https:\/\/educativosmeninheira.com\/imprimibles\/wp-content\/uploads\/2024\/03\/HEADER_GEOLOGIA.jpg\",\"contentUrl\":\"https:\/\/educativosmeninheira.com\/imprimibles\/wp-content\/uploads\/2024\/03\/HEADER_GEOLOGIA.jpg\",\"width\":1200,\"height\":712},{\"@type\":\"BreadcrumbList\",\"@id\":\"https:\/\/educativosmeninheira.com\/imprimibles\/geologia-trasna-meninheira\/#breadcrumb\",\"itemListElement\":[{\"@type\":\"ListItem\",\"position\":1,\"name\":\"Home\",\"item\":\"https:\/\/educativosmeninheira.com\/imprimibles\/\"},{\"@type\":\"ListItem\",\"position\":2,\"name\":\"GEOLOG\u00cdA con la trasna meninheira\"}]},{\"@type\":\"WebSite\",\"@id\":\"https:\/\/educativosmeninheira.com\/imprimibles\/#website\",\"url\":\"https:\/\/educativosmeninheira.com\/imprimibles\/\",\"name\":\"Educativos\",\"description\":\"\",\"publisher\":{\"@id\":\"https:\/\/educativosmeninheira.com\/imprimibles\/#organization\"},\"potentialAction\":[{\"@type\":\"SearchAction\",\"target\":{\"@type\":\"EntryPoint\",\"urlTemplate\":\"https:\/\/educativosmeninheira.com\/imprimibles\/?s={search_term_string}\"},\"query-input\":\"required name=search_term_string\"}],\"inLanguage\":\"es\"},{\"@type\":\"Organization\",\"@id\":\"https:\/\/educativosmeninheira.com\/imprimibles\/#organization\",\"name\":\"Educativos\",\"url\":\"https:\/\/educativosmeninheira.com\/imprimibles\/\",\"logo\":{\"@type\":\"ImageObject\",\"inLanguage\":\"es\",\"@id\":\"https:\/\/educativosmeninheira.com\/imprimibles\/#\/schema\/logo\/image\/\",\"url\":\"https:\/\/educativosmeninheira.com\/imprimibles\/wp-content\/uploads\/2024\/03\/LOGO-Educativos-meninheira.png\",\"contentUrl\":\"https:\/\/educativosmeninheira.com\/imprimibles\/wp-content\/uploads\/2024\/03\/LOGO-Educativos-meninheira.png\",\"width\":2194,\"height\":2145,\"caption\":\"Educativos\"},\"image\":{\"@id\":\"https:\/\/educativosmeninheira.com\/imprimibles\/#\/schema\/logo\/image\/\"}}]}<\/script>\n<!-- \/ Yoast SEO plugin. -->","yoast_head_json":{"title":"GEOLOG\u00cdA con la trasna meninheira - Educativos","robots":{"index":"index","follow":"follow","max-snippet":"max-snippet:-1","max-image-preview":"max-image-preview:large","max-video-preview":"max-video-preview:-1"},"canonical":"https:\/\/educativosmeninheira.com\/imprimibles\/geologia-trasna-meninheira\/","og_locale":"es_ES","og_type":"article","og_title":"GEOLOG\u00cdA con la trasna meninheira - Educativos","og_description":"Si has llegado hasta aqu\u00ed es porque quieres aprender geolog\u00eda de manera divertida, porque hay muchas formas de aprender y a nosotros nos gusta hacerlo as\u00ed, divirti\u00e9ndonos. En casa quer\u00edamos aprender sobre este tema, as\u00ed que se lo encargamos a la trasna. Y la trasna meninheira te propone ir investigando a trav\u00e9s de esta unidad [&hellip;]","og_url":"https:\/\/educativosmeninheira.com\/imprimibles\/geologia-trasna-meninheira\/","og_site_name":"Educativos","article_modified_time":"2025-01-25T12:27:14+00:00","og_image":[{"url":"https:\/\/educativosmeninheira.com\/imprimibles\/wp-content\/uploads\/2024\/03\/HEADER_GEOLOGIA-1024x608.jpg"}],"twitter_card":"summary_large_image","twitter_misc":{"Tiempo de lectura":"4 minutos"},"schema":{"@context":"https:\/\/schema.org","@graph":[{"@type":"WebPage","@id":"https:\/\/educativosmeninheira.com\/imprimibles\/geologia-trasna-meninheira\/","url":"https:\/\/educativosmeninheira.com\/imprimibles\/geologia-trasna-meninheira\/","name":"GEOLOG\u00cdA con la trasna meninheira - Educativos","isPartOf":{"@id":"https:\/\/educativosmeninheira.com\/imprimibles\/#website"},"primaryImageOfPage":{"@id":"https:\/\/educativosmeninheira.com\/imprimibles\/geologia-trasna-meninheira\/#primaryimage"},"image":{"@id":"https:\/\/educativosmeninheira.com\/imprimibles\/geologia-trasna-meninheira\/#primaryimage"},"thumbnailUrl":"https:\/\/educativosmeninheira.com\/imprimibles\/wp-content\/uploads\/2024\/03\/HEADER_GEOLOGIA-1024x608.jpg","datePublished":"2024-03-20T19:21:57+00:00","dateModified":"2025-01-25T12:27:14+00:00","breadcrumb":{"@id":"https:\/\/educativosmeninheira.com\/imprimibles\/geologia-trasna-meninheira\/#breadcrumb"},"inLanguage":"es","potentialAction":[{"@type":"ReadAction","target":["https:\/\/educativosmeninheira.com\/imprimibles\/geologia-trasna-meninheira\/"]}]},{"@type":"ImageObject","inLanguage":"es","@id":"https:\/\/educativosmeninheira.com\/imprimibles\/geologia-trasna-meninheira\/#primaryimage","url":"https:\/\/educativosmeninheira.com\/imprimibles\/wp-content\/uploads\/2024\/03\/HEADER_GEOLOGIA.jpg","contentUrl":"https:\/\/educativosmeninheira.com\/imprimibles\/wp-content\/uploads\/2024\/03\/HEADER_GEOLOGIA.jpg","width":1200,"height":712},{"@type":"BreadcrumbList","@id":"https:\/\/educativosmeninheira.com\/imprimibles\/geologia-trasna-meninheira\/#breadcrumb","itemListElement":[{"@type":"ListItem","position":1,"name":"Home","item":"https:\/\/educativosmeninheira.com\/imprimibles\/"},{"@type":"ListItem","position":2,"name":"GEOLOG\u00cdA con la trasna meninheira"}]},{"@type":"WebSite","@id":"https:\/\/educativosmeninheira.com\/imprimibles\/#website","url":"https:\/\/educativosmeninheira.com\/imprimibles\/","name":"Educativos","description":"","publisher":{"@id":"https:\/\/educativosmeninheira.com\/imprimibles\/#organization"},"potentialAction":[{"@type":"SearchAction","target":{"@type":"EntryPoint","urlTemplate":"https:\/\/educativosmeninheira.com\/imprimibles\/?s={search_term_string}"},"query-input":"required name=search_term_string"}],"inLanguage":"es"},{"@type":"Organization","@id":"https:\/\/educativosmeninheira.com\/imprimibles\/#organization","name":"Educativos","url":"https:\/\/educativosmeninheira.com\/imprimibles\/","logo":{"@type":"ImageObject","inLanguage":"es","@id":"https:\/\/educativosmeninheira.com\/imprimibles\/#\/schema\/logo\/image\/","url":"https:\/\/educativosmeninheira.com\/imprimibles\/wp-content\/uploads\/2024\/03\/LOGO-Educativos-meninheira.png","contentUrl":"https:\/\/educativosmeninheira.com\/imprimibles\/wp-content\/uploads\/2024\/03\/LOGO-Educativos-meninheira.png","width":2194,"height":2145,"caption":"Educativos"},"image":{"@id":"https:\/\/educativosmeninheira.com\/imprimibles\/#\/schema\/logo\/image\/"}}]}},"_links":{"self":[{"href":"https:\/\/educativosmeninheira.com\/imprimibles\/wp-json\/wp\/v2\/pages\/1530","targetHints":{"allow":["GET"]}}],"collection":[{"href":"https:\/\/educativosmeninheira.com\/imprimibles\/wp-json\/wp\/v2\/pages"}],"about":[{"href":"https:\/\/educativosmeninheira.com\/imprimibles\/wp-json\/wp\/v2\/types\/page"}],"author":[{"embeddable":true,"href":"https:\/\/educativosmeninheira.com\/imprimibles\/wp-json\/wp\/v2\/users\/1"}],"replies":[{"embeddable":true,"href":"https:\/\/educativosmeninheira.com\/imprimibles\/wp-json\/wp\/v2\/comments?post=1530"}],"version-history":[{"count":45,"href":"https:\/\/educativosmeninheira.com\/imprimibles\/wp-json\/wp\/v2\/pages\/1530\/revisions"}],"predecessor-version":[{"id":1703,"href":"https:\/\/educativosmeninheira.com\/imprimibles\/wp-json\/wp\/v2\/pages\/1530\/revisions\/1703"}],"wp:attachment":[{"href":"https:\/\/educativosmeninheira.com\/imprimibles\/wp-json\/wp\/v2\/media?parent=1530"}],"curies":[{"name":"wp","href":"https:\/\/api.w.org\/{rel}","templated":true}]}}