{"id":1006,"date":"2020-01-03T10:44:24","date_gmt":"2020-01-03T10:44:24","guid":{"rendered":"https:\/\/educativosmeninheira.com\/imprimibles\/?post_type=product&#038;p=1006"},"modified":"2025-01-03T13:11:14","modified_gmt":"2025-01-03T13:11:14","slug":"conciencia-fonoloxica1_gz","status":"publish","type":"product","link":"https:\/\/educativosmeninheira.com\/imprimibles\/producto\/conciencia-fonoloxica1_gz\/","title":{"rendered":"Conciencia fonol\u00f3xica coa trasna meninheira 1"},"content":{"rendered":"<p style=\"text-align: center;\"><strong>A adquisici\u00f3n da conciencia fonol\u00f3xica \u00e9 o paso previo indispens\u00e1bel para aprender a ler.<\/strong><\/p>\n<p style=\"text-align: right;\"><strong>\u2026\u2026\u2026\u2026\u2026\u2026\u2026\u2026 VERSI\u00d3N EN GALEGO<\/strong><\/p>\n<p>Neste PDF atopar\u00e1s unha axuda para traballar a conciencia fonol\u00f3xica. O arquivo est\u00e1 preparado para imprimir en formato A4, podes facelo na casa.<\/p>\n<p style=\"text-align: center;\">\u2665 \u2665 \u2665 \u2665 \u2665 \u2665 \u2665 \u2665 \u2665 \u2665 \u2665 \u2665 \u2665 \u2665 \u2665 \u2665 \u2665 \u2665 \u2665 \u2665 \u2665 \u2665 \u2665 \u2665 \u2665 \u2665 \u2665 \u2665<br \/>\n\u00cdNDICE DE CONTIDOS Do ARQUIVO: nel topar\u00e1s tarxet\u00f3ns para traballar a conciencia fonol\u00f3xica, est\u00e1n disposto do seguinte xeito:<\/p>\n<ul>\n<li style=\"text-align: left;\">Tarxet\u00f3n da imagen<\/li>\n<li style=\"text-align: left;\">Tarxet\u00f3n coa palabra completa<\/li>\n<li style=\"text-align: left;\">Tarxet\u00f3n coa descomposici\u00f3n sil\u00e1bica<\/li>\n<li>Tarxet\u00f3n coas letras que compo\u00f1en dita palabra<\/li>\n<\/ul>\n<p>\u2665 En total topar\u00e1s 17 palabras distintas do universo da trasna meninheira en cursiva (min\u00fasculas) e mai\u00fasculas.<\/p>\n<div>\n<div class=\"gmail_default\" style=\"text-align: center;\">\n<div class=\"gmail_default\" style=\"text-align: center;\"><strong>.<\/strong><\/div>\n<h3 class=\"gmail_default\" style=\"text-align: left;\"><strong>\u273f <\/strong><strong>\u273f\u00a0<\/strong><strong>\u273f\u00a0<\/strong><strong>IMPORTANTE<\/strong><\/h3>\n<div class=\"gmail_default\" style=\"text-align: right;\"><strong>1. Isto \u00e9 un producto dixital<\/strong>, non se envia ning\u00fan produto f\u00edsico,<\/div>\n<div class=\"gmail_default\" style=\"text-align: right;\">unha vez completada a compra. Vaise proporcionar un link para descarregar o artigo mercado.<br \/>\n<strong>2. As cores podem muda<\/strong>r lixeiramente da pantalla \u00e1 impresi\u00f3n.<br \/>\n<strong>3. Fai o favor de nom partillar o PDF<\/strong>,<br \/>\nse algu\u00e9n te pide os arquivos, enviallo \u00e1 p\u00e1xina, Os produtos sao econ\u00f3micos.<\/div>\n<div class=\"gmail_default\" style=\"text-align: right;\"><strong>4.<\/strong> Poder\u00e1s descarregar o artigo cantas veces queiras.<\/div>\n<div class=\"gmail_default\" style=\"text-align: right;\">.<br \/>\n\u2665 \u00a1GRAZAS \u2665<br \/>\nEste traballo permite-me contribuir \u00e1 econom\u00eda dom\u00e9stica, axudando \u00e1 mi\u00f1a familia facendo o que gosto e partillando o tempo com eles.<\/div>\n<h2 class=\"gmail_default\" style=\"text-align: left;\"><strong>\u273f Nos somos <\/strong>ECONOM\u00cdA LOCAL&#8230; dixital.<\/h2>\n<\/div>\n<\/div>\n","protected":false},"excerpt":{"rendered":"<p>A adquisici\u00f3n da conciencia fonol\u00f3xica \u00e9 o paso previo indispens\u00e1bel para aprender a ler. \u2026\u2026\u2026\u2026\u2026\u2026\u2026\u2026 VERSI\u00d3N EN GALEGO Neste PDF atopar\u00e1s unha axuda para traballar a conciencia fonol\u00f3xica. O arquivo est\u00e1 preparado para imprimir en formato A4, podes facelo na casa. \u2665 \u2665 \u2665 \u2665 \u2665 \u2665 \u2665 \u2665 \u2665 \u2665 \u2665 \u2665 \u2665 \u2665 [&hellip;]<\/p>\n","protected":false},"featured_media":1008,"comment_status":"open","ping_status":"closed","template":"","meta":{"site-sidebar-layout":"default","site-content-layout":"default","ast-site-content-layout":"default","site-content-style":"default","site-sidebar-style":"default","ast-global-header-display":"","ast-banner-title-visibility":"","ast-main-header-display":"","ast-hfb-above-header-display":"","ast-hfb-below-header-display":"","ast-hfb-mobile-header-display":"","site-post-title":"","ast-breadcrumbs-content":"","ast-featured-img":"","footer-sml-layout":"","theme-transparent-header-meta":"default","adv-header-id-meta":"","stick-header-meta":"","header-above-stick-meta":"","header-main-stick-meta":"","header-below-stick-meta":"","astra-migrate-meta-layouts":"set","ast-page-background-enabled":"default","ast-page-background-meta":{"desktop":{"background-color":"var(--ast-global-color-4)","background-image":"","background-repeat":"repeat","background-position":"center center","background-size":"auto","background-attachment":"scroll","background-type":"","background-media":"","overlay-type":"","overlay-color":"","overlay-gradient":""},"tablet":{"background-color":"","background-image":"","background-repeat":"repeat","background-position":"center center","background-size":"auto","background-attachment":"scroll","background-type":"","background-media":"","overlay-type":"","overlay-color":"","overlay-gradient":""},"mobile":{"background-color":"","background-image":"","background-repeat":"repeat","background-position":"center center","background-size":"auto","background-attachment":"scroll","background-type":"","background-media":"","overlay-type":"","overlay-color":"","overlay-gradient":""}},"ast-content-background-meta":{"desktop":{"background-color":"var(--ast-global-color-5)","background-image":"","background-repeat":"repeat","background-position":"center center","background-size":"auto","background-attachment":"scroll","background-type":"","background-media":"","overlay-type":"","overlay-color":"","overlay-gradient":""},"tablet":{"background-color":"var(--ast-global-color-5)","background-image":"","background-repeat":"repeat","background-position":"center center","background-size":"auto","background-attachment":"scroll","background-type":"","background-media":"","overlay-type":"","overlay-color":"","overlay-gradient":""},"mobile":{"background-color":"var(--ast-global-color-5)","background-image":"","background-repeat":"repeat","background-position":"center center","background-size":"auto","background-attachment":"scroll","background-type":"","background-media":"","overlay-type":"","overlay-color":"","overlay-gradient":""}}},"product_cat":[15,28],"product_tag":[],"class_list":{"0":"post-1006","1":"product","2":"type-product","3":"status-publish","4":"has-post-thumbnail","6":"product_cat-sin-categorizar","7":"product_cat-galego","8":"desktop-align-left","9":"tablet-align-left","10":"mobile-align-left","12":"first","13":"instock","14":"downloadable","15":"virtual","16":"taxable","17":"purchasable","18":"product-type-simple"},"yoast_head":"<!-- This site is optimized with the Yoast SEO plugin v22.4 - https:\/\/yoast.com\/wordpress\/plugins\/seo\/ -->\n<title>Conciencia fonol\u00f3xica coa trasna meninheira 1 - Educativos<\/title>\n<meta name=\"robots\" content=\"index, follow, max-snippet:-1, max-image-preview:large, max-video-preview:-1\" \/>\n<link rel=\"canonical\" href=\"https:\/\/educativosmeninheira.com\/imprimibles\/producto\/conciencia-fonoloxica1_gz\/\" \/>\n<meta property=\"og:locale\" content=\"es_ES\" \/>\n<meta property=\"og:type\" content=\"article\" \/>\n<meta property=\"og:title\" content=\"Conciencia fonol\u00f3xica coa trasna meninheira 1 - Educativos\" \/>\n<meta property=\"og:description\" content=\"A adquisici\u00f3n da conciencia fonol\u00f3xica \u00e9 o paso previo indispens\u00e1bel para aprender a ler. \u2026\u2026\u2026\u2026\u2026\u2026\u2026\u2026 VERSI\u00d3N EN GALEGO Neste PDF atopar\u00e1s unha axuda para traballar a conciencia fonol\u00f3xica. O arquivo est\u00e1 preparado para imprimir en formato A4, podes facelo na casa. \u2665 \u2665 \u2665 \u2665 \u2665 \u2665 \u2665 \u2665 \u2665 \u2665 \u2665 \u2665 \u2665 \u2665 [&hellip;]\" \/>\n<meta property=\"og:url\" content=\"https:\/\/educativosmeninheira.com\/imprimibles\/producto\/conciencia-fonoloxica1_gz\/\" \/>\n<meta property=\"og:site_name\" content=\"Educativos\" \/>\n<meta property=\"article:modified_time\" content=\"2025-01-03T13:11:14+00:00\" \/>\n<meta property=\"og:image\" content=\"https:\/\/educativosmeninheira.com\/imprimibles\/wp-content\/uploads\/2021\/07\/Conciencia-fonologica-GALEGO-0.jpg\" \/>\n\t<meta property=\"og:image:width\" content=\"1080\" \/>\n\t<meta property=\"og:image:height\" content=\"1080\" \/>\n\t<meta property=\"og:image:type\" content=\"image\/jpeg\" \/>\n<meta name=\"twitter:card\" content=\"summary_large_image\" \/>\n<meta name=\"twitter:label1\" content=\"Tiempo de lectura\" \/>\n\t<meta name=\"twitter:data1\" content=\"2 minutos\" \/>\n<script type=\"application\/ld+json\" class=\"yoast-schema-graph\">{\"@context\":\"https:\/\/schema.org\",\"@graph\":[{\"@type\":\"WebPage\",\"@id\":\"https:\/\/educativosmeninheira.com\/imprimibles\/producto\/conciencia-fonoloxica1_gz\/\",\"url\":\"https:\/\/educativosmeninheira.com\/imprimibles\/producto\/conciencia-fonoloxica1_gz\/\",\"name\":\"Conciencia fonol\u00f3xica coa trasna meninheira 1 - Educativos\",\"isPartOf\":{\"@id\":\"https:\/\/educativosmeninheira.com\/imprimibles\/#website\"},\"primaryImageOfPage\":{\"@id\":\"https:\/\/educativosmeninheira.com\/imprimibles\/producto\/conciencia-fonoloxica1_gz\/#primaryimage\"},\"image\":{\"@id\":\"https:\/\/educativosmeninheira.com\/imprimibles\/producto\/conciencia-fonoloxica1_gz\/#primaryimage\"},\"thumbnailUrl\":\"https:\/\/educativosmeninheira.com\/imprimibles\/wp-content\/uploads\/2021\/07\/Conciencia-fonologica-GALEGO-0.jpg\",\"datePublished\":\"2020-01-03T10:44:24+00:00\",\"dateModified\":\"2025-01-03T13:11:14+00:00\",\"breadcrumb\":{\"@id\":\"https:\/\/educativosmeninheira.com\/imprimibles\/producto\/conciencia-fonoloxica1_gz\/#breadcrumb\"},\"inLanguage\":\"es\",\"potentialAction\":[{\"@type\":\"ReadAction\",\"target\":[\"https:\/\/educativosmeninheira.com\/imprimibles\/producto\/conciencia-fonoloxica1_gz\/\"]}]},{\"@type\":\"ImageObject\",\"inLanguage\":\"es\",\"@id\":\"https:\/\/educativosmeninheira.com\/imprimibles\/producto\/conciencia-fonoloxica1_gz\/#primaryimage\",\"url\":\"https:\/\/educativosmeninheira.com\/imprimibles\/wp-content\/uploads\/2021\/07\/Conciencia-fonologica-GALEGO-0.jpg\",\"contentUrl\":\"https:\/\/educativosmeninheira.com\/imprimibles\/wp-content\/uploads\/2021\/07\/Conciencia-fonologica-GALEGO-0.jpg\",\"width\":1080,\"height\":1080},{\"@type\":\"BreadcrumbList\",\"@id\":\"https:\/\/educativosmeninheira.com\/imprimibles\/producto\/conciencia-fonoloxica1_gz\/#breadcrumb\",\"itemListElement\":[{\"@type\":\"ListItem\",\"position\":1,\"name\":\"Home\",\"item\":\"https:\/\/educativosmeninheira.com\/imprimibles\/\"},{\"@type\":\"ListItem\",\"position\":2,\"name\":\"Tienda\",\"item\":\"https:\/\/educativosmeninheira.com\/imprimibles\/tienda\/\"},{\"@type\":\"ListItem\",\"position\":3,\"name\":\"Conciencia fonol\u00f3xica coa trasna meninheira 1\"}]},{\"@type\":\"WebSite\",\"@id\":\"https:\/\/educativosmeninheira.com\/imprimibles\/#website\",\"url\":\"https:\/\/educativosmeninheira.com\/imprimibles\/\",\"name\":\"Educativos\",\"description\":\"\",\"publisher\":{\"@id\":\"https:\/\/educativosmeninheira.com\/imprimibles\/#organization\"},\"potentialAction\":[{\"@type\":\"SearchAction\",\"target\":{\"@type\":\"EntryPoint\",\"urlTemplate\":\"https:\/\/educativosmeninheira.com\/imprimibles\/?s={search_term_string}\"},\"query-input\":\"required name=search_term_string\"}],\"inLanguage\":\"es\"},{\"@type\":\"Organization\",\"@id\":\"https:\/\/educativosmeninheira.com\/imprimibles\/#organization\",\"name\":\"Educativos\",\"url\":\"https:\/\/educativosmeninheira.com\/imprimibles\/\",\"logo\":{\"@type\":\"ImageObject\",\"inLanguage\":\"es\",\"@id\":\"https:\/\/educativosmeninheira.com\/imprimibles\/#\/schema\/logo\/image\/\",\"url\":\"https:\/\/educativosmeninheira.com\/imprimibles\/wp-content\/uploads\/2024\/03\/LOGO-Educativos-meninheira.png\",\"contentUrl\":\"https:\/\/educativosmeninheira.com\/imprimibles\/wp-content\/uploads\/2024\/03\/LOGO-Educativos-meninheira.png\",\"width\":2194,\"height\":2145,\"caption\":\"Educativos\"},\"image\":{\"@id\":\"https:\/\/educativosmeninheira.com\/imprimibles\/#\/schema\/logo\/image\/\"}}]}<\/script>\n<!-- \/ Yoast SEO plugin. -->","yoast_head_json":{"title":"Conciencia fonol\u00f3xica coa trasna meninheira 1 - Educativos","robots":{"index":"index","follow":"follow","max-snippet":"max-snippet:-1","max-image-preview":"max-image-preview:large","max-video-preview":"max-video-preview:-1"},"canonical":"https:\/\/educativosmeninheira.com\/imprimibles\/producto\/conciencia-fonoloxica1_gz\/","og_locale":"es_ES","og_type":"article","og_title":"Conciencia fonol\u00f3xica coa trasna meninheira 1 - Educativos","og_description":"A adquisici\u00f3n da conciencia fonol\u00f3xica \u00e9 o paso previo indispens\u00e1bel para aprender a ler. \u2026\u2026\u2026\u2026\u2026\u2026\u2026\u2026 VERSI\u00d3N EN GALEGO Neste PDF atopar\u00e1s unha axuda para traballar a conciencia fonol\u00f3xica. O arquivo est\u00e1 preparado para imprimir en formato A4, podes facelo na casa. \u2665 \u2665 \u2665 \u2665 \u2665 \u2665 \u2665 \u2665 \u2665 \u2665 \u2665 \u2665 \u2665 \u2665 [&hellip;]","og_url":"https:\/\/educativosmeninheira.com\/imprimibles\/producto\/conciencia-fonoloxica1_gz\/","og_site_name":"Educativos","article_modified_time":"2025-01-03T13:11:14+00:00","og_image":[{"width":1080,"height":1080,"url":"https:\/\/educativosmeninheira.com\/imprimibles\/wp-content\/uploads\/2021\/07\/Conciencia-fonologica-GALEGO-0.jpg","type":"image\/jpeg"}],"twitter_card":"summary_large_image","twitter_misc":{"Tiempo de lectura":"2 minutos"},"schema":{"@context":"https:\/\/schema.org","@graph":[{"@type":"WebPage","@id":"https:\/\/educativosmeninheira.com\/imprimibles\/producto\/conciencia-fonoloxica1_gz\/","url":"https:\/\/educativosmeninheira.com\/imprimibles\/producto\/conciencia-fonoloxica1_gz\/","name":"Conciencia fonol\u00f3xica coa trasna meninheira 1 - Educativos","isPartOf":{"@id":"https:\/\/educativosmeninheira.com\/imprimibles\/#website"},"primaryImageOfPage":{"@id":"https:\/\/educativosmeninheira.com\/imprimibles\/producto\/conciencia-fonoloxica1_gz\/#primaryimage"},"image":{"@id":"https:\/\/educativosmeninheira.com\/imprimibles\/producto\/conciencia-fonoloxica1_gz\/#primaryimage"},"thumbnailUrl":"https:\/\/educativosmeninheira.com\/imprimibles\/wp-content\/uploads\/2021\/07\/Conciencia-fonologica-GALEGO-0.jpg","datePublished":"2020-01-03T10:44:24+00:00","dateModified":"2025-01-03T13:11:14+00:00","breadcrumb":{"@id":"https:\/\/educativosmeninheira.com\/imprimibles\/producto\/conciencia-fonoloxica1_gz\/#breadcrumb"},"inLanguage":"es","potentialAction":[{"@type":"ReadAction","target":["https:\/\/educativosmeninheira.com\/imprimibles\/producto\/conciencia-fonoloxica1_gz\/"]}]},{"@type":"ImageObject","inLanguage":"es","@id":"https:\/\/educativosmeninheira.com\/imprimibles\/producto\/conciencia-fonoloxica1_gz\/#primaryimage","url":"https:\/\/educativosmeninheira.com\/imprimibles\/wp-content\/uploads\/2021\/07\/Conciencia-fonologica-GALEGO-0.jpg","contentUrl":"https:\/\/educativosmeninheira.com\/imprimibles\/wp-content\/uploads\/2021\/07\/Conciencia-fonologica-GALEGO-0.jpg","width":1080,"height":1080},{"@type":"BreadcrumbList","@id":"https:\/\/educativosmeninheira.com\/imprimibles\/producto\/conciencia-fonoloxica1_gz\/#breadcrumb","itemListElement":[{"@type":"ListItem","position":1,"name":"Home","item":"https:\/\/educativosmeninheira.com\/imprimibles\/"},{"@type":"ListItem","position":2,"name":"Tienda","item":"https:\/\/educativosmeninheira.com\/imprimibles\/tienda\/"},{"@type":"ListItem","position":3,"name":"Conciencia fonol\u00f3xica coa trasna meninheira 1"}]},{"@type":"WebSite","@id":"https:\/\/educativosmeninheira.com\/imprimibles\/#website","url":"https:\/\/educativosmeninheira.com\/imprimibles\/","name":"Educativos","description":"","publisher":{"@id":"https:\/\/educativosmeninheira.com\/imprimibles\/#organization"},"potentialAction":[{"@type":"SearchAction","target":{"@type":"EntryPoint","urlTemplate":"https:\/\/educativosmeninheira.com\/imprimibles\/?s={search_term_string}"},"query-input":"required name=search_term_string"}],"inLanguage":"es"},{"@type":"Organization","@id":"https:\/\/educativosmeninheira.com\/imprimibles\/#organization","name":"Educativos","url":"https:\/\/educativosmeninheira.com\/imprimibles\/","logo":{"@type":"ImageObject","inLanguage":"es","@id":"https:\/\/educativosmeninheira.com\/imprimibles\/#\/schema\/logo\/image\/","url":"https:\/\/educativosmeninheira.com\/imprimibles\/wp-content\/uploads\/2024\/03\/LOGO-Educativos-meninheira.png","contentUrl":"https:\/\/educativosmeninheira.com\/imprimibles\/wp-content\/uploads\/2024\/03\/LOGO-Educativos-meninheira.png","width":2194,"height":2145,"caption":"Educativos"},"image":{"@id":"https:\/\/educativosmeninheira.com\/imprimibles\/#\/schema\/logo\/image\/"}}]}},"_links":{"self":[{"href":"https:\/\/educativosmeninheira.com\/imprimibles\/wp-json\/wp\/v2\/product\/1006","targetHints":{"allow":["GET"]}}],"collection":[{"href":"https:\/\/educativosmeninheira.com\/imprimibles\/wp-json\/wp\/v2\/product"}],"about":[{"href":"https:\/\/educativosmeninheira.com\/imprimibles\/wp-json\/wp\/v2\/types\/product"}],"replies":[{"embeddable":true,"href":"https:\/\/educativosmeninheira.com\/imprimibles\/wp-json\/wp\/v2\/comments?post=1006"}],"wp:featuredmedia":[{"embeddable":true,"href":"https:\/\/educativosmeninheira.com\/imprimibles\/wp-json\/wp\/v2\/media\/1008"}],"wp:attachment":[{"href":"https:\/\/educativosmeninheira.com\/imprimibles\/wp-json\/wp\/v2\/media?parent=1006"}],"wp:term":[{"taxonomy":"product_cat","embeddable":true,"href":"https:\/\/educativosmeninheira.com\/imprimibles\/wp-json\/wp\/v2\/product_cat?post=1006"},{"taxonomy":"product_tag","embeddable":true,"href":"https:\/\/educativosmeninheira.com\/imprimibles\/wp-json\/wp\/v2\/product_tag?post=1006"}],"curies":[{"name":"wp","href":"https:\/\/api.w.org\/{rel}","templated":true}]}}