{"id":1411,"date":"2025-01-28T11:00:17","date_gmt":"2025-01-28T11:00:17","guid":{"rendered":"https:\/\/educativosmeninheira.com\/imprimibles\/?post_type=product&#038;p=1411"},"modified":"2025-02-14T10:10:11","modified_gmt":"2025-02-14T10:10:11","slug":"letra-semana-catalan","status":"publish","type":"product","link":"https:\/\/educativosmeninheira.com\/imprimibles\/producto\/letra-semana-catalan\/","title":{"rendered":"LETRA DE LA SEMANA, anexo para catal\u00e1n"},"content":{"rendered":"<p style=\"text-align: center;\">Este art\u00edculo es una ampliaci\u00f3n o anexo para el imprimible de LA LETRA DE LA SEMANA (<a href=\"https:\/\/educativosmeninheira.com\/imprimibles\/producto\/la-letra-de-la-semana\/\">https:\/\/www.etsy.com\/es\/listing\/268027660\/la-letra-de-la-semana-espanol<\/a>).<\/p>\n<p style=\"text-align: center;\">\u2665 \u2665 \u2665 \u2665 \u2665 \u2665 \u2665 \u2665 \u2665 \u2665 \u2665 \u2665 \u2665 \u2665 \u2665 \u2665 \u2665 \u2665 \u2665 \u2665 \u2665 \u2665 \u2665 \u2665 \u2665 \u2665 \u2665 \u2665<br \/>\n&#8230;&#8230;&#8230;\u00cdNDICE DE CONTENIDOS DEL ARCHIVO&#8230;&#8230;&#8230;<\/p>\n<p>1. BINGO del abecedario<\/p>\n<p>2. Portada en catal\u00e1n para el QUADERN de grafomotricitat.<br \/>\n(la parte de las letras est\u00e1n incluidas en el plan de estudios de La letra de la semana)<\/p>\n<p>3. Fichas de las siguientes letras:<\/p>\n<p>A de abella \/ B de bec \/ D de dit \/ F de far \/ G de globus \/ I de indi \/ J de jersei \/ L de llapis \/ M de muntanya \/ N de n\u00favol \/ O d&#8217;\u00f3s \/ P de peix \/ Q de quadern \/ R de rem \/ S de serp \/ T de tel\u00e8fon \/ U d&#8217;ull \/ V de vaixell \/ X de xil\u00f2fon \/ Z de zepel\u00ed<\/p>\n<p>Incluye para cada una de las letras de la ampliaci\u00f3n:<\/p>\n<p>&#8212;&#8212;&#8212; Im\u00e1genes para realizar la manualidad con la letra.<br \/>\n&#8212;&#8212;&#8212; Tarjetas varias para relacionar may\u00fasculas y min\u00fasculas, su se\u00f1a en Lengua de Signos Espa\u00f1ola, etc.<br \/>\n&#8212;&#8212;&#8212; Im\u00e1genes para realizar una manualidad ayudados por \u00abpalitos de helado\u00bb y formar unos polos con la letra y su se\u00f1a.<br \/>\n&#8212;&#8212;&#8212; Ficha de grafomotricidad, con las letras may\u00fasculas y min\u00fasculas para reseguir y la imagen de correspondencia para colorear.<br \/>\n&#8212;&#8212;&#8212; Cuando cambia la imagen respecto al plan de estudios en espa\u00f1ol, incluye un puzle de la imagen de correspondencia de la letra que utiliza la secuencia de las vocales como gu\u00eda.<br \/>\n&#8212;&#8212;&#8212; Ficha de composici\u00f3n de palabras, primera introducci\u00f3n en la composici\u00f3n de palabras.<br \/>\nSe puede animar al ni\u00f1o a escribir las letras o bien entregarle las letras de la imagen de correspondencia para que las pegue en la ficha (si quieres reutilizarla, imprime y plastifica y utiliza pedacitos de velcro para fijar las letras).<\/p>\n<p style=\"text-align: left;\">.<br \/>\n.Puedes VER M\u00c1S FOTOS en el mismo art\u00edculo en otros idiomas.<br \/>\n.<\/p>\n<h3 class=\"gmail_default\"><strong>\u273f\u00a0<\/strong><strong>\u273f\u00a0<\/strong><strong>\u273f\u00a0<\/strong><strong>IMPORTANTE<\/strong><\/h3>\n<div class=\"gmail_default\" style=\"text-align: right;\"><strong>1. Esto es un producto digital<\/strong>, no se envia ning\u00fan produto f\u00edsico,<\/div>\n<div class=\"gmail_default\" style=\"text-align: right;\">una vez completada la compra, se proporciona un link para descargar el art\u00edculo comprado,<br \/>\nsiempre podr\u00e1s acceder a tus compras en tu perfil<br \/>\n<strong>2. Los colores pueden cambiar<\/strong> ligeramente de la pantalla a la impresi\u00f3n.<br \/>\n<strong>3. Por favor, no compartas el PDF<\/strong>,<br \/>\nsi alguien te pide los archivos, envialo a la p\u00e1gina. Los productos son econ\u00f3micos.<\/div>\n<div class=\"gmail_default\" style=\"text-align: right;\">.<br \/>\n\u2665 \u00a1GRAciAS \u2665<br \/>\nEste trabajo contribuye a la econom\u00eda dom\u00e9stica.<\/div>\n<h2 class=\"gmail_default\"><strong>\u273f Somos <\/strong>ECONOM\u00cdA LOCAL\u2026 digital.<\/h2>\n","protected":false},"excerpt":{"rendered":"<p>Este art\u00edculo es una ampliaci\u00f3n o anexo para el imprimible de LA LETRA DE LA SEMANA (https:\/\/www.etsy.com\/es\/listing\/268027660\/la-letra-de-la-semana-espanol). \u2665 \u2665 \u2665 \u2665 \u2665 \u2665 \u2665 \u2665 \u2665 \u2665 \u2665 \u2665 \u2665 \u2665 \u2665 \u2665 \u2665 \u2665 \u2665 \u2665 \u2665 \u2665 \u2665 \u2665 \u2665 \u2665 \u2665 \u2665 &#8230;&#8230;&#8230;\u00cdNDICE DE CONTENIDOS DEL ARCHIVO&#8230;&#8230;&#8230; 1. BINGO del abecedario 2. [&hellip;]<\/p>\n","protected":false},"featured_media":1706,"comment_status":"open","ping_status":"closed","template":"","meta":{"site-sidebar-layout":"default","site-content-layout":"default","ast-site-content-layout":"default","site-content-style":"default","site-sidebar-style":"default","ast-global-header-display":"","ast-banner-title-visibility":"","ast-main-header-display":"","ast-hfb-above-header-display":"","ast-hfb-below-header-display":"","ast-hfb-mobile-header-display":"","site-post-title":"","ast-breadcrumbs-content":"","ast-featured-img":"","footer-sml-layout":"","theme-transparent-header-meta":"default","adv-header-id-meta":"","stick-header-meta":"","header-above-stick-meta":"","header-main-stick-meta":"","header-below-stick-meta":"","astra-migrate-meta-layouts":"set","ast-page-background-enabled":"default","ast-page-background-meta":{"desktop":{"background-color":"var(--ast-global-color-4)","background-image":"","background-repeat":"repeat","background-position":"center center","background-size":"auto","background-attachment":"scroll","background-type":"","background-media":"","overlay-type":"","overlay-color":"","overlay-gradient":""},"tablet":{"background-color":"","background-image":"","background-repeat":"repeat","background-position":"center center","background-size":"auto","background-attachment":"scroll","background-type":"","background-media":"","overlay-type":"","overlay-color":"","overlay-gradient":""},"mobile":{"background-color":"","background-image":"","background-repeat":"repeat","background-position":"center center","background-size":"auto","background-attachment":"scroll","background-type":"","background-media":"","overlay-type":"","overlay-color":"","overlay-gradient":""}},"ast-content-background-meta":{"desktop":{"background-color":"var(--ast-global-color-5)","background-image":"","background-repeat":"repeat","background-position":"center center","background-size":"auto","background-attachment":"scroll","background-type":"","background-media":"","overlay-type":"","overlay-color":"","overlay-gradient":""},"tablet":{"background-color":"var(--ast-global-color-5)","background-image":"","background-repeat":"repeat","background-position":"center center","background-size":"auto","background-attachment":"scroll","background-type":"","background-media":"","overlay-type":"","overlay-color":"","overlay-gradient":""},"mobile":{"background-color":"var(--ast-global-color-5)","background-image":"","background-repeat":"repeat","background-position":"center center","background-size":"auto","background-attachment":"scroll","background-type":"","background-media":"","overlay-type":"","overlay-color":"","overlay-gradient":""}}},"product_cat":[15,25,43],"product_tag":[],"class_list":{"0":"post-1411","1":"product","2":"type-product","3":"status-publish","4":"has-post-thumbnail","6":"product_cat-sin-categorizar","7":"product_cat-curriculum-de-educacion-infantil","8":"product_cat-catalan","9":"desktop-align-left","10":"tablet-align-left","11":"mobile-align-left","13":"first","14":"instock","15":"downloadable","16":"virtual","17":"taxable","18":"purchasable","19":"product-type-simple"},"yoast_head":"<!-- This site is optimized with the Yoast SEO plugin v22.4 - https:\/\/yoast.com\/wordpress\/plugins\/seo\/ -->\n<title>LETRA DE LA SEMANA, anexo para catal\u00e1n - Educativos<\/title>\n<meta name=\"robots\" content=\"index, follow, max-snippet:-1, max-image-preview:large, max-video-preview:-1\" \/>\n<link rel=\"canonical\" href=\"https:\/\/educativosmeninheira.com\/imprimibles\/producto\/letra-semana-catalan\/\" \/>\n<meta property=\"og:locale\" content=\"es_ES\" \/>\n<meta property=\"og:type\" content=\"article\" \/>\n<meta property=\"og:title\" content=\"LETRA DE LA SEMANA, anexo para catal\u00e1n - Educativos\" \/>\n<meta property=\"og:description\" content=\"Este art\u00edculo es una ampliaci\u00f3n o anexo para el imprimible de LA LETRA DE LA SEMANA (https:\/\/www.etsy.com\/es\/listing\/268027660\/la-letra-de-la-semana-espanol). \u2665 \u2665 \u2665 \u2665 \u2665 \u2665 \u2665 \u2665 \u2665 \u2665 \u2665 \u2665 \u2665 \u2665 \u2665 \u2665 \u2665 \u2665 \u2665 \u2665 \u2665 \u2665 \u2665 \u2665 \u2665 \u2665 \u2665 \u2665 &#8230;&#8230;&#8230;\u00cdNDICE DE CONTENIDOS DEL ARCHIVO&#8230;&#8230;&#8230; 1. BINGO del abecedario 2. [&hellip;]\" \/>\n<meta property=\"og:url\" content=\"https:\/\/educativosmeninheira.com\/imprimibles\/producto\/letra-semana-catalan\/\" \/>\n<meta property=\"og:site_name\" content=\"Educativos\" \/>\n<meta property=\"article:modified_time\" content=\"2025-02-14T10:10:11+00:00\" \/>\n<meta property=\"og:image\" content=\"https:\/\/educativosmeninheira.com\/imprimibles\/wp-content\/uploads\/2025\/01\/lletra-de-la-setmana-1.jpg\" \/>\n\t<meta property=\"og:image:width\" content=\"1080\" \/>\n\t<meta property=\"og:image:height\" content=\"1080\" \/>\n\t<meta property=\"og:image:type\" content=\"image\/jpeg\" \/>\n<meta name=\"twitter:card\" content=\"summary_large_image\" \/>\n<meta name=\"twitter:label1\" content=\"Tiempo de lectura\" \/>\n\t<meta name=\"twitter:data1\" content=\"3 minutos\" \/>\n<script type=\"application\/ld+json\" class=\"yoast-schema-graph\">{\"@context\":\"https:\/\/schema.org\",\"@graph\":[{\"@type\":\"WebPage\",\"@id\":\"https:\/\/educativosmeninheira.com\/imprimibles\/producto\/letra-semana-catalan\/\",\"url\":\"https:\/\/educativosmeninheira.com\/imprimibles\/producto\/letra-semana-catalan\/\",\"name\":\"LETRA DE LA SEMANA, anexo para catal\u00e1n - Educativos\",\"isPartOf\":{\"@id\":\"https:\/\/educativosmeninheira.com\/imprimibles\/#website\"},\"primaryImageOfPage\":{\"@id\":\"https:\/\/educativosmeninheira.com\/imprimibles\/producto\/letra-semana-catalan\/#primaryimage\"},\"image\":{\"@id\":\"https:\/\/educativosmeninheira.com\/imprimibles\/producto\/letra-semana-catalan\/#primaryimage\"},\"thumbnailUrl\":\"https:\/\/educativosmeninheira.com\/imprimibles\/wp-content\/uploads\/2025\/01\/lletra-de-la-setmana-1.jpg\",\"datePublished\":\"2025-01-28T11:00:17+00:00\",\"dateModified\":\"2025-02-14T10:10:11+00:00\",\"breadcrumb\":{\"@id\":\"https:\/\/educativosmeninheira.com\/imprimibles\/producto\/letra-semana-catalan\/#breadcrumb\"},\"inLanguage\":\"es\",\"potentialAction\":[{\"@type\":\"ReadAction\",\"target\":[\"https:\/\/educativosmeninheira.com\/imprimibles\/producto\/letra-semana-catalan\/\"]}]},{\"@type\":\"ImageObject\",\"inLanguage\":\"es\",\"@id\":\"https:\/\/educativosmeninheira.com\/imprimibles\/producto\/letra-semana-catalan\/#primaryimage\",\"url\":\"https:\/\/educativosmeninheira.com\/imprimibles\/wp-content\/uploads\/2025\/01\/lletra-de-la-setmana-1.jpg\",\"contentUrl\":\"https:\/\/educativosmeninheira.com\/imprimibles\/wp-content\/uploads\/2025\/01\/lletra-de-la-setmana-1.jpg\",\"width\":1080,\"height\":1080},{\"@type\":\"BreadcrumbList\",\"@id\":\"https:\/\/educativosmeninheira.com\/imprimibles\/producto\/letra-semana-catalan\/#breadcrumb\",\"itemListElement\":[{\"@type\":\"ListItem\",\"position\":1,\"name\":\"Home\",\"item\":\"https:\/\/educativosmeninheira.com\/imprimibles\/\"},{\"@type\":\"ListItem\",\"position\":2,\"name\":\"Tienda\",\"item\":\"https:\/\/educativosmeninheira.com\/imprimibles\/tienda\/\"},{\"@type\":\"ListItem\",\"position\":3,\"name\":\"LETRA DE LA SEMANA, anexo para catal\u00e1n\"}]},{\"@type\":\"WebSite\",\"@id\":\"https:\/\/educativosmeninheira.com\/imprimibles\/#website\",\"url\":\"https:\/\/educativosmeninheira.com\/imprimibles\/\",\"name\":\"Educativos\",\"description\":\"\",\"publisher\":{\"@id\":\"https:\/\/educativosmeninheira.com\/imprimibles\/#organization\"},\"potentialAction\":[{\"@type\":\"SearchAction\",\"target\":{\"@type\":\"EntryPoint\",\"urlTemplate\":\"https:\/\/educativosmeninheira.com\/imprimibles\/?s={search_term_string}\"},\"query-input\":\"required name=search_term_string\"}],\"inLanguage\":\"es\"},{\"@type\":\"Organization\",\"@id\":\"https:\/\/educativosmeninheira.com\/imprimibles\/#organization\",\"name\":\"Educativos\",\"url\":\"https:\/\/educativosmeninheira.com\/imprimibles\/\",\"logo\":{\"@type\":\"ImageObject\",\"inLanguage\":\"es\",\"@id\":\"https:\/\/educativosmeninheira.com\/imprimibles\/#\/schema\/logo\/image\/\",\"url\":\"https:\/\/educativosmeninheira.com\/imprimibles\/wp-content\/uploads\/2024\/03\/LOGO-Educativos-meninheira.png\",\"contentUrl\":\"https:\/\/educativosmeninheira.com\/imprimibles\/wp-content\/uploads\/2024\/03\/LOGO-Educativos-meninheira.png\",\"width\":2194,\"height\":2145,\"caption\":\"Educativos\"},\"image\":{\"@id\":\"https:\/\/educativosmeninheira.com\/imprimibles\/#\/schema\/logo\/image\/\"}}]}<\/script>\n<!-- \/ Yoast SEO plugin. -->","yoast_head_json":{"title":"LETRA DE LA SEMANA, anexo para catal\u00e1n - Educativos","robots":{"index":"index","follow":"follow","max-snippet":"max-snippet:-1","max-image-preview":"max-image-preview:large","max-video-preview":"max-video-preview:-1"},"canonical":"https:\/\/educativosmeninheira.com\/imprimibles\/producto\/letra-semana-catalan\/","og_locale":"es_ES","og_type":"article","og_title":"LETRA DE LA SEMANA, anexo para catal\u00e1n - Educativos","og_description":"Este art\u00edculo es una ampliaci\u00f3n o anexo para el imprimible de LA LETRA DE LA SEMANA (https:\/\/www.etsy.com\/es\/listing\/268027660\/la-letra-de-la-semana-espanol). \u2665 \u2665 \u2665 \u2665 \u2665 \u2665 \u2665 \u2665 \u2665 \u2665 \u2665 \u2665 \u2665 \u2665 \u2665 \u2665 \u2665 \u2665 \u2665 \u2665 \u2665 \u2665 \u2665 \u2665 \u2665 \u2665 \u2665 \u2665 &#8230;&#8230;&#8230;\u00cdNDICE DE CONTENIDOS DEL ARCHIVO&#8230;&#8230;&#8230; 1. BINGO del abecedario 2. [&hellip;]","og_url":"https:\/\/educativosmeninheira.com\/imprimibles\/producto\/letra-semana-catalan\/","og_site_name":"Educativos","article_modified_time":"2025-02-14T10:10:11+00:00","og_image":[{"width":1080,"height":1080,"url":"https:\/\/educativosmeninheira.com\/imprimibles\/wp-content\/uploads\/2025\/01\/lletra-de-la-setmana-1.jpg","type":"image\/jpeg"}],"twitter_card":"summary_large_image","twitter_misc":{"Tiempo de lectura":"3 minutos"},"schema":{"@context":"https:\/\/schema.org","@graph":[{"@type":"WebPage","@id":"https:\/\/educativosmeninheira.com\/imprimibles\/producto\/letra-semana-catalan\/","url":"https:\/\/educativosmeninheira.com\/imprimibles\/producto\/letra-semana-catalan\/","name":"LETRA DE LA SEMANA, anexo para catal\u00e1n - Educativos","isPartOf":{"@id":"https:\/\/educativosmeninheira.com\/imprimibles\/#website"},"primaryImageOfPage":{"@id":"https:\/\/educativosmeninheira.com\/imprimibles\/producto\/letra-semana-catalan\/#primaryimage"},"image":{"@id":"https:\/\/educativosmeninheira.com\/imprimibles\/producto\/letra-semana-catalan\/#primaryimage"},"thumbnailUrl":"https:\/\/educativosmeninheira.com\/imprimibles\/wp-content\/uploads\/2025\/01\/lletra-de-la-setmana-1.jpg","datePublished":"2025-01-28T11:00:17+00:00","dateModified":"2025-02-14T10:10:11+00:00","breadcrumb":{"@id":"https:\/\/educativosmeninheira.com\/imprimibles\/producto\/letra-semana-catalan\/#breadcrumb"},"inLanguage":"es","potentialAction":[{"@type":"ReadAction","target":["https:\/\/educativosmeninheira.com\/imprimibles\/producto\/letra-semana-catalan\/"]}]},{"@type":"ImageObject","inLanguage":"es","@id":"https:\/\/educativosmeninheira.com\/imprimibles\/producto\/letra-semana-catalan\/#primaryimage","url":"https:\/\/educativosmeninheira.com\/imprimibles\/wp-content\/uploads\/2025\/01\/lletra-de-la-setmana-1.jpg","contentUrl":"https:\/\/educativosmeninheira.com\/imprimibles\/wp-content\/uploads\/2025\/01\/lletra-de-la-setmana-1.jpg","width":1080,"height":1080},{"@type":"BreadcrumbList","@id":"https:\/\/educativosmeninheira.com\/imprimibles\/producto\/letra-semana-catalan\/#breadcrumb","itemListElement":[{"@type":"ListItem","position":1,"name":"Home","item":"https:\/\/educativosmeninheira.com\/imprimibles\/"},{"@type":"ListItem","position":2,"name":"Tienda","item":"https:\/\/educativosmeninheira.com\/imprimibles\/tienda\/"},{"@type":"ListItem","position":3,"name":"LETRA DE LA SEMANA, anexo para catal\u00e1n"}]},{"@type":"WebSite","@id":"https:\/\/educativosmeninheira.com\/imprimibles\/#website","url":"https:\/\/educativosmeninheira.com\/imprimibles\/","name":"Educativos","description":"","publisher":{"@id":"https:\/\/educativosmeninheira.com\/imprimibles\/#organization"},"potentialAction":[{"@type":"SearchAction","target":{"@type":"EntryPoint","urlTemplate":"https:\/\/educativosmeninheira.com\/imprimibles\/?s={search_term_string}"},"query-input":"required name=search_term_string"}],"inLanguage":"es"},{"@type":"Organization","@id":"https:\/\/educativosmeninheira.com\/imprimibles\/#organization","name":"Educativos","url":"https:\/\/educativosmeninheira.com\/imprimibles\/","logo":{"@type":"ImageObject","inLanguage":"es","@id":"https:\/\/educativosmeninheira.com\/imprimibles\/#\/schema\/logo\/image\/","url":"https:\/\/educativosmeninheira.com\/imprimibles\/wp-content\/uploads\/2024\/03\/LOGO-Educativos-meninheira.png","contentUrl":"https:\/\/educativosmeninheira.com\/imprimibles\/wp-content\/uploads\/2024\/03\/LOGO-Educativos-meninheira.png","width":2194,"height":2145,"caption":"Educativos"},"image":{"@id":"https:\/\/educativosmeninheira.com\/imprimibles\/#\/schema\/logo\/image\/"}}]}},"_links":{"self":[{"href":"https:\/\/educativosmeninheira.com\/imprimibles\/wp-json\/wp\/v2\/product\/1411","targetHints":{"allow":["GET"]}}],"collection":[{"href":"https:\/\/educativosmeninheira.com\/imprimibles\/wp-json\/wp\/v2\/product"}],"about":[{"href":"https:\/\/educativosmeninheira.com\/imprimibles\/wp-json\/wp\/v2\/types\/product"}],"replies":[{"embeddable":true,"href":"https:\/\/educativosmeninheira.com\/imprimibles\/wp-json\/wp\/v2\/comments?post=1411"}],"wp:featuredmedia":[{"embeddable":true,"href":"https:\/\/educativosmeninheira.com\/imprimibles\/wp-json\/wp\/v2\/media\/1706"}],"wp:attachment":[{"href":"https:\/\/educativosmeninheira.com\/imprimibles\/wp-json\/wp\/v2\/media?parent=1411"}],"wp:term":[{"taxonomy":"product_cat","embeddable":true,"href":"https:\/\/educativosmeninheira.com\/imprimibles\/wp-json\/wp\/v2\/product_cat?post=1411"},{"taxonomy":"product_tag","embeddable":true,"href":"https:\/\/educativosmeninheira.com\/imprimibles\/wp-json\/wp\/v2\/product_tag?post=1411"}],"curies":[{"name":"wp","href":"https:\/\/api.w.org\/{rel}","templated":true}]}}