{"id":1735,"date":"2025-05-12T10:51:04","date_gmt":"2025-05-12T10:51:04","guid":{"rendered":"https:\/\/educativosmeninheira.com\/imprimibles\/?post_type=product&#038;p=1735"},"modified":"2025-05-12T11:03:10","modified_gmt":"2025-05-12T11:03:10","slug":"bidaiarako_liburuxka","status":"publish","type":"product","link":"https:\/\/educativosmeninheira.com\/imprimibles\/producto\/bidaiarako_liburuxka\/","title":{"rendered":"Bidaiarako liburuxka"},"content":{"rendered":"<p style=\"text-align: right;\"><strong>\u2026\u2026\u2026\u2026\u2026\u2026\u2026\u2026\u2026.. VERSI\u00d3N EN EUSKERA<\/strong><\/p>\n<p style=\"text-align: center;\"><strong>El cuaderno de viaje es un excelente recurso para que los ni\u00f1os practiquen lectoescritura, composici\u00f3n,\u2026<br \/>\nles ayudar\u00e1 a ordenar y estructurar lo vivido y lo recordado.<\/strong><\/p>\n<p style=\"text-align: left;\"><strong><br \/>\nNo importa si no haceis un viaje largo, ni siquiera importa si el viaje es real, <\/strong>podemos viajar a donde queramos con nuestra imaginaci\u00f3n, por eso junto con el archivo del Cuaderno de viaje se entrega un ANEXO DE REGALO para elaborar un \u00abCuaderno de viaje imaginario\u00bb que contiene una portada para empezar a imaginar y so\u00f1ar, porque nos pueden quitar todo, menos nuestros sue\u00f1os.<\/p>\n<p style=\"text-align: right;\"><em>Este cuaderno naci\u00f3 sobre el 2010, cuando marchamos a pasar unos meses a Irlanda,<br \/>\nfu\u00e9 algo que les prepar\u00e9 a mis peques para que fueran rellen\u00e1ndolo por el camino y nos quedara como un precioso recuerdo.<br \/>\nLas im\u00e1genes que veis en la versi\u00f3n en gallego, corresponden a aquel viaje.<\/em><\/p>\n<p>El tama\u00f1o del cuaderno es el de medio folio (cuartilla) y est\u00e1 preparado de tal manera que con una s\u00f3la impresi\u00f3n obtienes 2 cuadernos con distinta gama de color, una impresi\u00f3n predominantemente en rosas y otra en azules.<\/p>\n<p style=\"text-align: center;\"><span style=\"color: #993366;\">\u2665 \u2665 \u2665 \u2665 \u2665 \u2665 \u2665 \u2665 \u2665 \u2665 \u2665 \u2665 \u2665 \u2665 \u2665 \u2665 \u2665 \u2665 \u2665 \u2665 \u2665 \u2665 \u2665 \u2665 \u2665 \u2665 \u2665 \u2665<\/span><br \/>\n\u00cdNDICE DE CONTENIDOS DEL ARCHIVO:<\/p>\n<p style=\"text-align: right;\"><span style=\"color: #993366;\">\u2665<\/span> Ideas para llenar el cuaderno con m\u00e1s materiales ajenos al imprimible.<br \/>\n<span style=\"color: #993366;\">\u2665<\/span> Sugerencias de uso, orientaci\u00f3n para sacarle el m\u00e1ximo partido a tu cuaderno de viaje<br \/>\n<span style=\"color: #993366;\">\u2665<\/span> Las hojas del cuaderno son las siguientes:<\/p>\n<p style=\"text-align: left;\">1- Mapa mundi mudo:<br \/>\n2- Mapa mundi pol\u00edtico:<br \/>\n3- Mapa pol\u00edtico de Europa:<br \/>\n4- Mapa pol\u00edtico de Espa\u00f1a, Portugal y Estados Unidos:<br \/>\n5- Recortable de maleta: para hacer un \u00abpop-up\u00bb en el que mostrar todo lo que llevas dentro o lo que te gustar\u00eda llevar.<br \/>\n6- Hoja de clasificaci\u00f3n de veh\u00edculos: para ir apuntando durante el trayecto y hacer un poco de mates.<br \/>\n7- El tiempo hoy: \u00a1ojal\u00e1 todos los d\u00edas luzca el sol!<br \/>\n8- Calendario: para apuntar lo hecho cada d\u00eda o lo que vamos a hacer.<br \/>\n9- Sentimientos: \u00bfest\u00e1s feliz hoy?<br \/>\n10- Mapa de pensamientos: \u00bfqu\u00e9 se te pasa hoy por la cabeza?<br \/>\n11- Diario de vacaciones: para apuntar las impresiones d\u00eda a d\u00eda (y hacer un poco de caligraf\u00eda)<br \/>\n12- Itinerarios: para que no se te olvide d\u00f3nde estuviste cada d\u00eda.<br \/>\n13- Los exploradores (viajeros), sus nombres y su imagen (dibujada o en fotograf\u00eda) quedan de recuerdo para la posteridad.<br \/>\n<span style=\"font-size: 16px;\">14- Lleg\u00f3 el final y hacemos recuento de lo mejor y lo peor del viaje<br \/>\n<\/span>15- Impresos de listas: \u00a1para que no se nos olvide nada! (los juguetes que queremos llevar, los nuevos amigos que hemos hecho, los sitios que hemos visitado,\u2026)<br \/>\n16- Pasatiempo de dibujo: Para que las esperas, en el restaurante o en las filas, se hagan m\u00e1s llevaderas.<br \/>\n17- Plantillas para realizar un marcap\u00e1ginas: una peque\u00f1a manualidad para realizar durante el viaje y regalar a la vuelta como recuerdo.<br \/>\n18- Dibujos para recortar y pegar: utiliz\u00e1ndolos a modo de pegatinas para decorar tu cuaderno de viaje<\/p>\n<p style=\"text-align: center;\"><span style=\"font-size: 16px; color: #993366;\">\u2665 \u2665 \u2665 \u2665 \u2665 \u2665 \u2665 \u2665 \u2665 \u2665 \u2665 \u2665 \u2665 \u2665 \u2665 \u2665 \u2665 \u2665 \u2665 \u2665 \u2665 \u2665 \u2665 \u2665 \u2665 \u2665 \u2665 \u2665<\/span><\/p>\n<p>En total, <strong>m\u00e1s de 30 p\u00e1ginas distintas<\/strong> con informaci\u00f3n para elaborar tu cuaderno de viaje y que te quede un bonito recuerdo de las vacaciones y adem\u00e1s puedes utilizar a\u00f1o tras a\u00f1o, viaje tras viaje.<\/p>\n<p style=\"text-align: right;\">Puedes VER M\u00c1S FOTOS en el mismo art\u00edculo en otros idiomas.<\/p>\n<h3 class=\"gmail_default\"><span style=\"color: #993366;\"><strong>\u273f\u00a0<\/strong><strong>\u273f\u00a0<\/strong><strong>\u273f\u00a0<\/strong><strong>IMPORTANTE<\/strong><\/span><\/h3>\n<div class=\"gmail_default\" style=\"text-align: right;\"><strong>1. Esto es un producto digital<\/strong>, no se envia ning\u00fan produto f\u00edsico,<\/div>\n<div class=\"gmail_default\" style=\"text-align: right;\">una vez completada la compra, se proporciona un link para descargar el art\u00edculo comprado,<br \/>\nsiempre podr\u00e1s acceder a tus compras en tu perfil<br \/>\n<strong>2. Los colores pueden cambiar<\/strong> ligeramente de la pantalla a la impresi\u00f3n.<br \/>\n<strong>3. Por favor, no compartas el PDF<\/strong>,<br \/>\nsi alguien te pide los archivos, envialo a la p\u00e1gina. Los productos son econ\u00f3micos.<\/div>\n<div class=\"gmail_default\" style=\"text-align: right;\">.<br \/>\n\u2665 \u00a1GRAciAS \u2665<br \/>\nEste trabajo contribuye a la econom\u00eda dom\u00e9stica.<\/div>\n<h2 class=\"gmail_default\"><span style=\"color: #993366;\"><strong>\u273f Somos <\/strong>ECONOM\u00cdA LOCAL\u2026 digital<\/span><\/h2>\n","protected":false},"excerpt":{"rendered":"<p>\u2026\u2026\u2026\u2026\u2026\u2026\u2026\u2026\u2026.. VERSI\u00d3N EN EUSKERA El cuaderno de viaje es un excelente recurso para que los ni\u00f1os practiquen lectoescritura, composici\u00f3n,\u2026 les ayudar\u00e1 a ordenar y estructurar lo vivido y lo recordado. No importa si no haceis un viaje largo, ni siquiera importa si el viaje es real, podemos viajar a donde queramos con nuestra imaginaci\u00f3n, por [&hellip;]<\/p>\n","protected":false},"featured_media":1737,"comment_status":"open","ping_status":"closed","template":"","meta":{"site-sidebar-layout":"default","site-content-layout":"","ast-site-content-layout":"default","site-content-style":"default","site-sidebar-style":"default","ast-global-header-display":"","ast-banner-title-visibility":"","ast-main-header-display":"","ast-hfb-above-header-display":"","ast-hfb-below-header-display":"","ast-hfb-mobile-header-display":"","site-post-title":"","ast-breadcrumbs-content":"","ast-featured-img":"","footer-sml-layout":"","theme-transparent-header-meta":"default","adv-header-id-meta":"","stick-header-meta":"","header-above-stick-meta":"","header-main-stick-meta":"","header-below-stick-meta":"","astra-migrate-meta-layouts":"set","ast-page-background-enabled":"default","ast-page-background-meta":{"desktop":{"background-color":"var(--ast-global-color-4)","background-image":"","background-repeat":"repeat","background-position":"center center","background-size":"auto","background-attachment":"scroll","background-type":"","background-media":"","overlay-type":"","overlay-color":"","overlay-gradient":""},"tablet":{"background-color":"","background-image":"","background-repeat":"repeat","background-position":"center center","background-size":"auto","background-attachment":"scroll","background-type":"","background-media":"","overlay-type":"","overlay-color":"","overlay-gradient":""},"mobile":{"background-color":"","background-image":"","background-repeat":"repeat","background-position":"center center","background-size":"auto","background-attachment":"scroll","background-type":"","background-media":"","overlay-type":"","overlay-color":"","overlay-gradient":""}},"ast-content-background-meta":{"desktop":{"background-color":"var(--ast-global-color-5)","background-image":"","background-repeat":"repeat","background-position":"center center","background-size":"auto","background-attachment":"scroll","background-type":"","background-media":"","overlay-type":"","overlay-color":"","overlay-gradient":""},"tablet":{"background-color":"var(--ast-global-color-5)","background-image":"","background-repeat":"repeat","background-position":"center center","background-size":"auto","background-attachment":"scroll","background-type":"","background-media":"","overlay-type":"","overlay-color":"","overlay-gradient":""},"mobile":{"background-color":"var(--ast-global-color-5)","background-image":"","background-repeat":"repeat","background-position":"center center","background-size":"auto","background-attachment":"scroll","background-type":"","background-media":"","overlay-type":"","overlay-color":"","overlay-gradient":""}}},"product_cat":[15,45],"product_tag":[],"class_list":{"0":"post-1735","1":"product","2":"type-product","3":"status-publish","4":"has-post-thumbnail","6":"product_cat-sin-categorizar","7":"product_cat-euskera","8":"desktop-align-left","9":"tablet-align-left","10":"mobile-align-left","12":"first","13":"instock","14":"downloadable","15":"virtual","16":"taxable","17":"product-type-simple"},"yoast_head":"<!-- This site is optimized with the Yoast SEO plugin v22.4 - https:\/\/yoast.com\/wordpress\/plugins\/seo\/ -->\n<title>Bidaiarako liburuxka - Educativos<\/title>\n<meta name=\"robots\" content=\"index, follow, max-snippet:-1, max-image-preview:large, max-video-preview:-1\" \/>\n<link rel=\"canonical\" href=\"https:\/\/educativosmeninheira.com\/imprimibles\/producto\/bidaiarako_liburuxka\/\" \/>\n<meta property=\"og:locale\" content=\"es_ES\" \/>\n<meta property=\"og:type\" content=\"article\" \/>\n<meta property=\"og:title\" content=\"Bidaiarako liburuxka - Educativos\" \/>\n<meta property=\"og:description\" content=\"\u2026\u2026\u2026\u2026\u2026\u2026\u2026\u2026\u2026.. VERSI\u00d3N EN EUSKERA El cuaderno de viaje es un excelente recurso para que los ni\u00f1os practiquen lectoescritura, composici\u00f3n,\u2026 les ayudar\u00e1 a ordenar y estructurar lo vivido y lo recordado. No importa si no haceis un viaje largo, ni siquiera importa si el viaje es real, podemos viajar a donde queramos con nuestra imaginaci\u00f3n, por [&hellip;]\" \/>\n<meta property=\"og:url\" content=\"https:\/\/educativosmeninheira.com\/imprimibles\/producto\/bidaiarako_liburuxka\/\" \/>\n<meta property=\"og:site_name\" content=\"Educativos\" \/>\n<meta property=\"article:modified_time\" content=\"2025-05-12T11:03:10+00:00\" \/>\n<meta property=\"og:image\" content=\"https:\/\/educativosmeninheira.com\/imprimibles\/wp-content\/uploads\/2025\/05\/CADERNO-DE-VIAJE-euskera-0.jpg\" \/>\n\t<meta property=\"og:image:width\" content=\"1080\" \/>\n\t<meta property=\"og:image:height\" content=\"1080\" \/>\n\t<meta property=\"og:image:type\" content=\"image\/jpeg\" \/>\n<meta name=\"twitter:card\" content=\"summary_large_image\" \/>\n<meta name=\"twitter:label1\" content=\"Tiempo de lectura\" \/>\n\t<meta name=\"twitter:data1\" content=\"4 minutos\" \/>\n<script type=\"application\/ld+json\" class=\"yoast-schema-graph\">{\"@context\":\"https:\/\/schema.org\",\"@graph\":[{\"@type\":\"WebPage\",\"@id\":\"https:\/\/educativosmeninheira.com\/imprimibles\/producto\/bidaiarako_liburuxka\/\",\"url\":\"https:\/\/educativosmeninheira.com\/imprimibles\/producto\/bidaiarako_liburuxka\/\",\"name\":\"Bidaiarako liburuxka - Educativos\",\"isPartOf\":{\"@id\":\"https:\/\/educativosmeninheira.com\/imprimibles\/#website\"},\"primaryImageOfPage\":{\"@id\":\"https:\/\/educativosmeninheira.com\/imprimibles\/producto\/bidaiarako_liburuxka\/#primaryimage\"},\"image\":{\"@id\":\"https:\/\/educativosmeninheira.com\/imprimibles\/producto\/bidaiarako_liburuxka\/#primaryimage\"},\"thumbnailUrl\":\"https:\/\/educativosmeninheira.com\/imprimibles\/wp-content\/uploads\/2025\/05\/CADERNO-DE-VIAJE-euskera-0.jpg\",\"datePublished\":\"2025-05-12T10:51:04+00:00\",\"dateModified\":\"2025-05-12T11:03:10+00:00\",\"breadcrumb\":{\"@id\":\"https:\/\/educativosmeninheira.com\/imprimibles\/producto\/bidaiarako_liburuxka\/#breadcrumb\"},\"inLanguage\":\"es\",\"potentialAction\":[{\"@type\":\"ReadAction\",\"target\":[\"https:\/\/educativosmeninheira.com\/imprimibles\/producto\/bidaiarako_liburuxka\/\"]}]},{\"@type\":\"ImageObject\",\"inLanguage\":\"es\",\"@id\":\"https:\/\/educativosmeninheira.com\/imprimibles\/producto\/bidaiarako_liburuxka\/#primaryimage\",\"url\":\"https:\/\/educativosmeninheira.com\/imprimibles\/wp-content\/uploads\/2025\/05\/CADERNO-DE-VIAJE-euskera-0.jpg\",\"contentUrl\":\"https:\/\/educativosmeninheira.com\/imprimibles\/wp-content\/uploads\/2025\/05\/CADERNO-DE-VIAJE-euskera-0.jpg\",\"width\":1080,\"height\":1080,\"caption\":\"Cuaderno de viaje para ni\u00f1os en euskera\"},{\"@type\":\"BreadcrumbList\",\"@id\":\"https:\/\/educativosmeninheira.com\/imprimibles\/producto\/bidaiarako_liburuxka\/#breadcrumb\",\"itemListElement\":[{\"@type\":\"ListItem\",\"position\":1,\"name\":\"Home\",\"item\":\"https:\/\/educativosmeninheira.com\/imprimibles\/\"},{\"@type\":\"ListItem\",\"position\":2,\"name\":\"Tienda\",\"item\":\"https:\/\/educativosmeninheira.com\/imprimibles\/tienda\/\"},{\"@type\":\"ListItem\",\"position\":3,\"name\":\"Bidaiarako liburuxka\"}]},{\"@type\":\"WebSite\",\"@id\":\"https:\/\/educativosmeninheira.com\/imprimibles\/#website\",\"url\":\"https:\/\/educativosmeninheira.com\/imprimibles\/\",\"name\":\"Educativos\",\"description\":\"\",\"publisher\":{\"@id\":\"https:\/\/educativosmeninheira.com\/imprimibles\/#organization\"},\"potentialAction\":[{\"@type\":\"SearchAction\",\"target\":{\"@type\":\"EntryPoint\",\"urlTemplate\":\"https:\/\/educativosmeninheira.com\/imprimibles\/?s={search_term_string}\"},\"query-input\":\"required name=search_term_string\"}],\"inLanguage\":\"es\"},{\"@type\":\"Organization\",\"@id\":\"https:\/\/educativosmeninheira.com\/imprimibles\/#organization\",\"name\":\"Educativos\",\"url\":\"https:\/\/educativosmeninheira.com\/imprimibles\/\",\"logo\":{\"@type\":\"ImageObject\",\"inLanguage\":\"es\",\"@id\":\"https:\/\/educativosmeninheira.com\/imprimibles\/#\/schema\/logo\/image\/\",\"url\":\"https:\/\/educativosmeninheira.com\/imprimibles\/wp-content\/uploads\/2024\/03\/LOGO-Educativos-meninheira.png\",\"contentUrl\":\"https:\/\/educativosmeninheira.com\/imprimibles\/wp-content\/uploads\/2024\/03\/LOGO-Educativos-meninheira.png\",\"width\":2194,\"height\":2145,\"caption\":\"Educativos\"},\"image\":{\"@id\":\"https:\/\/educativosmeninheira.com\/imprimibles\/#\/schema\/logo\/image\/\"}}]}<\/script>\n<!-- \/ Yoast SEO plugin. -->","yoast_head_json":{"title":"Bidaiarako liburuxka - Educativos","robots":{"index":"index","follow":"follow","max-snippet":"max-snippet:-1","max-image-preview":"max-image-preview:large","max-video-preview":"max-video-preview:-1"},"canonical":"https:\/\/educativosmeninheira.com\/imprimibles\/producto\/bidaiarako_liburuxka\/","og_locale":"es_ES","og_type":"article","og_title":"Bidaiarako liburuxka - Educativos","og_description":"\u2026\u2026\u2026\u2026\u2026\u2026\u2026\u2026\u2026.. VERSI\u00d3N EN EUSKERA El cuaderno de viaje es un excelente recurso para que los ni\u00f1os practiquen lectoescritura, composici\u00f3n,\u2026 les ayudar\u00e1 a ordenar y estructurar lo vivido y lo recordado. No importa si no haceis un viaje largo, ni siquiera importa si el viaje es real, podemos viajar a donde queramos con nuestra imaginaci\u00f3n, por [&hellip;]","og_url":"https:\/\/educativosmeninheira.com\/imprimibles\/producto\/bidaiarako_liburuxka\/","og_site_name":"Educativos","article_modified_time":"2025-05-12T11:03:10+00:00","og_image":[{"width":1080,"height":1080,"url":"https:\/\/educativosmeninheira.com\/imprimibles\/wp-content\/uploads\/2025\/05\/CADERNO-DE-VIAJE-euskera-0.jpg","type":"image\/jpeg"}],"twitter_card":"summary_large_image","twitter_misc":{"Tiempo de lectura":"4 minutos"},"schema":{"@context":"https:\/\/schema.org","@graph":[{"@type":"WebPage","@id":"https:\/\/educativosmeninheira.com\/imprimibles\/producto\/bidaiarako_liburuxka\/","url":"https:\/\/educativosmeninheira.com\/imprimibles\/producto\/bidaiarako_liburuxka\/","name":"Bidaiarako liburuxka - Educativos","isPartOf":{"@id":"https:\/\/educativosmeninheira.com\/imprimibles\/#website"},"primaryImageOfPage":{"@id":"https:\/\/educativosmeninheira.com\/imprimibles\/producto\/bidaiarako_liburuxka\/#primaryimage"},"image":{"@id":"https:\/\/educativosmeninheira.com\/imprimibles\/producto\/bidaiarako_liburuxka\/#primaryimage"},"thumbnailUrl":"https:\/\/educativosmeninheira.com\/imprimibles\/wp-content\/uploads\/2025\/05\/CADERNO-DE-VIAJE-euskera-0.jpg","datePublished":"2025-05-12T10:51:04+00:00","dateModified":"2025-05-12T11:03:10+00:00","breadcrumb":{"@id":"https:\/\/educativosmeninheira.com\/imprimibles\/producto\/bidaiarako_liburuxka\/#breadcrumb"},"inLanguage":"es","potentialAction":[{"@type":"ReadAction","target":["https:\/\/educativosmeninheira.com\/imprimibles\/producto\/bidaiarako_liburuxka\/"]}]},{"@type":"ImageObject","inLanguage":"es","@id":"https:\/\/educativosmeninheira.com\/imprimibles\/producto\/bidaiarako_liburuxka\/#primaryimage","url":"https:\/\/educativosmeninheira.com\/imprimibles\/wp-content\/uploads\/2025\/05\/CADERNO-DE-VIAJE-euskera-0.jpg","contentUrl":"https:\/\/educativosmeninheira.com\/imprimibles\/wp-content\/uploads\/2025\/05\/CADERNO-DE-VIAJE-euskera-0.jpg","width":1080,"height":1080,"caption":"Cuaderno de viaje para ni\u00f1os en euskera"},{"@type":"BreadcrumbList","@id":"https:\/\/educativosmeninheira.com\/imprimibles\/producto\/bidaiarako_liburuxka\/#breadcrumb","itemListElement":[{"@type":"ListItem","position":1,"name":"Home","item":"https:\/\/educativosmeninheira.com\/imprimibles\/"},{"@type":"ListItem","position":2,"name":"Tienda","item":"https:\/\/educativosmeninheira.com\/imprimibles\/tienda\/"},{"@type":"ListItem","position":3,"name":"Bidaiarako liburuxka"}]},{"@type":"WebSite","@id":"https:\/\/educativosmeninheira.com\/imprimibles\/#website","url":"https:\/\/educativosmeninheira.com\/imprimibles\/","name":"Educativos","description":"","publisher":{"@id":"https:\/\/educativosmeninheira.com\/imprimibles\/#organization"},"potentialAction":[{"@type":"SearchAction","target":{"@type":"EntryPoint","urlTemplate":"https:\/\/educativosmeninheira.com\/imprimibles\/?s={search_term_string}"},"query-input":"required name=search_term_string"}],"inLanguage":"es"},{"@type":"Organization","@id":"https:\/\/educativosmeninheira.com\/imprimibles\/#organization","name":"Educativos","url":"https:\/\/educativosmeninheira.com\/imprimibles\/","logo":{"@type":"ImageObject","inLanguage":"es","@id":"https:\/\/educativosmeninheira.com\/imprimibles\/#\/schema\/logo\/image\/","url":"https:\/\/educativosmeninheira.com\/imprimibles\/wp-content\/uploads\/2024\/03\/LOGO-Educativos-meninheira.png","contentUrl":"https:\/\/educativosmeninheira.com\/imprimibles\/wp-content\/uploads\/2024\/03\/LOGO-Educativos-meninheira.png","width":2194,"height":2145,"caption":"Educativos"},"image":{"@id":"https:\/\/educativosmeninheira.com\/imprimibles\/#\/schema\/logo\/image\/"}}]}},"_links":{"self":[{"href":"https:\/\/educativosmeninheira.com\/imprimibles\/wp-json\/wp\/v2\/product\/1735","targetHints":{"allow":["GET"]}}],"collection":[{"href":"https:\/\/educativosmeninheira.com\/imprimibles\/wp-json\/wp\/v2\/product"}],"about":[{"href":"https:\/\/educativosmeninheira.com\/imprimibles\/wp-json\/wp\/v2\/types\/product"}],"replies":[{"embeddable":true,"href":"https:\/\/educativosmeninheira.com\/imprimibles\/wp-json\/wp\/v2\/comments?post=1735"}],"wp:featuredmedia":[{"embeddable":true,"href":"https:\/\/educativosmeninheira.com\/imprimibles\/wp-json\/wp\/v2\/media\/1737"}],"wp:attachment":[{"href":"https:\/\/educativosmeninheira.com\/imprimibles\/wp-json\/wp\/v2\/media?parent=1735"}],"wp:term":[{"taxonomy":"product_cat","embeddable":true,"href":"https:\/\/educativosmeninheira.com\/imprimibles\/wp-json\/wp\/v2\/product_cat?post=1735"},{"taxonomy":"product_tag","embeddable":true,"href":"https:\/\/educativosmeninheira.com\/imprimibles\/wp-json\/wp\/v2\/product_tag?post=1735"}],"curies":[{"name":"wp","href":"https:\/\/api.w.org\/{rel}","templated":true}]}}