{"id":183,"date":"2023-11-10T12:28:50","date_gmt":"2023-11-10T12:28:50","guid":{"rendered":"https:\/\/educativosmeninheira.com\/imprimibles\/?post_type=product&#038;p=183"},"modified":"2025-02-14T10:30:18","modified_gmt":"2025-02-14T10:30:18","slug":"fichas-informe-de-lectura","status":"publish","type":"product","link":"https:\/\/educativosmeninheira.com\/imprimibles\/producto\/fichas-informe-de-lectura\/","title":{"rendered":"FICHAS PARA INFORME DE LECTURA"},"content":{"rendered":"<div class=\"gmail_default\" style=\"text-align: center;\"><strong>Plantillas para elaborar un dossier para tus lecturas.<\/strong><\/div>\n<div class=\"gmail_default\"><\/div>\n<div class=\"gmail_default\">En este archivo PDF encontrar\u00e1s las fichas para plasmar las lecturas que se van realizando durante el a\u00f1o acad\u00e9mico.<\/div>\n<div class=\"gmail_default\" style=\"text-align: center;\"><strong>Al realizar el informe de lectura se trabaja<br \/>\nno s\u00f3lo la comprensi\u00f3n lectora,<br \/>\nsino tambi\u00e9n la elaboraci\u00f3n de res\u00famenes, composici\u00f3n, etc.<\/strong><\/div>\n<div class=\"gmail_default\" style=\"text-align: center;\">Podr\u00e1s utilizar la ficha para el colegio o podr\u00e1s incorporarlas a tu portafolio de estudios o archivo de evidencias.<\/div>\n<div class=\"gmail_default\" style=\"text-align: center;\">Como viene siendo habitual en mi material educativo, <strong>puede ser utilizado para un amplio rango de edades<\/strong>,<br \/>\npues puedes ir proporcion\u00e1ndole las plantillas m\u00e1s adecuadas para su nivel cognitivo.<\/div>\n<div>\n<div><\/div>\n<div class=\"gmail_default\">\u2665 \u2665 \u2665 \u2665 \u2665 \u2665 \u2665 \u2665 \u2665 \u2665 \u2665 \u2665 \u2665 \u2665 \u2665 \u2665 \u2665 \u2665 \u2665 \u2665 \u2665 \u2665 \u2665 \u2665 \u2665 \u2665 \u2665 \u2665<br \/>\nEn el archivo encontrar\u00e1s:<br \/>\n\u2665 Una plantilla para poner de portada para tus informes de lectura.<\/div>\n<div class=\"gmail_default\">\u2665\u00a0Seis plantillas distintas en d\u00f3nde desarrolla el informe de lectura. T\u00fa eliges cuales quieres imprimir y hacer.<\/div>\n<div class=\"gmail_default\"><\/div>\n<div><\/div>\n<div class=\"gmail_default\">\n<h3 class=\"gmail_default\"><strong>\u273f\u00a0<\/strong><strong>\u273f\u00a0<\/strong><strong>\u273f\u00a0<\/strong><strong>IMPORTANTE<\/strong><\/h3>\n<div class=\"gmail_default\" style=\"text-align: right;\"><strong>1. Esto es un producto digital<\/strong>, no se envia ning\u00fan produto f\u00edsico,<\/div>\n<div class=\"gmail_default\" style=\"text-align: right;\">una vez completada la compra, se proporciona un link para descargar el art\u00edculo comprado,<br \/>\nsiempre podr\u00e1s acceder a tus compras en tu perfil<br \/>\n<strong>2. Los colores pueden cambiar<\/strong> ligeramente de la pantalla a la impresi\u00f3n.<br \/>\n<strong>3. Por favor, no compartas el PDF<\/strong>,<br \/>\nsi alguien te pide los archivos, envialo a la p\u00e1gina. Los productos son econ\u00f3micos.<\/div>\n<div class=\"gmail_default\" style=\"text-align: right;\">.<br \/>\n\u2665 \u00a1GRAciAS \u2665<br \/>\nEste trabajo contribuye a la econom\u00eda dom\u00e9stica.<\/div>\n<h2 class=\"gmail_default\"><strong>\u273f Somos <\/strong>ECONOM\u00cdA LOCAL\u2026 digital.<\/h2>\n<\/div>\n<\/div>\n","protected":false},"excerpt":{"rendered":"<p>Plantillas para elaborar un dossier para tus lecturas. En este archivo PDF encontrar\u00e1s las fichas para plasmar las lecturas que se van realizando durante el a\u00f1o acad\u00e9mico. Al realizar el informe de lectura se trabaja no s\u00f3lo la comprensi\u00f3n lectora, sino tambi\u00e9n la elaboraci\u00f3n de res\u00famenes, composici\u00f3n, etc. Podr\u00e1s utilizar la ficha para el colegio [&hellip;]<\/p>\n","protected":false},"featured_media":489,"comment_status":"open","ping_status":"closed","template":"","meta":{"site-sidebar-layout":"default","site-content-layout":"default","ast-site-content-layout":"default","site-content-style":"default","site-sidebar-style":"default","ast-global-header-display":"","ast-banner-title-visibility":"","ast-main-header-display":"","ast-hfb-above-header-display":"","ast-hfb-below-header-display":"","ast-hfb-mobile-header-display":"","site-post-title":"","ast-breadcrumbs-content":"","ast-featured-img":"","footer-sml-layout":"","theme-transparent-header-meta":"default","adv-header-id-meta":"","stick-header-meta":"","header-above-stick-meta":"","header-main-stick-meta":"","header-below-stick-meta":"","astra-migrate-meta-layouts":"set","ast-page-background-enabled":"default","ast-page-background-meta":{"desktop":{"background-color":"var(--ast-global-color-4)","background-image":"","background-repeat":"repeat","background-position":"center center","background-size":"auto","background-attachment":"scroll","background-type":"","background-media":"","overlay-type":"","overlay-color":"","overlay-gradient":""},"tablet":{"background-color":"","background-image":"","background-repeat":"repeat","background-position":"center center","background-size":"auto","background-attachment":"scroll","background-type":"","background-media":"","overlay-type":"","overlay-color":"","overlay-gradient":""},"mobile":{"background-color":"","background-image":"","background-repeat":"repeat","background-position":"center center","background-size":"auto","background-attachment":"scroll","background-type":"","background-media":"","overlay-type":"","overlay-color":"","overlay-gradient":""}},"ast-content-background-meta":{"desktop":{"background-color":"var(--ast-global-color-5)","background-image":"","background-repeat":"repeat","background-position":"center center","background-size":"auto","background-attachment":"scroll","background-type":"","background-media":"","overlay-type":"","overlay-color":"","overlay-gradient":""},"tablet":{"background-color":"var(--ast-global-color-5)","background-image":"","background-repeat":"repeat","background-position":"center center","background-size":"auto","background-attachment":"scroll","background-type":"","background-media":"","overlay-type":"","overlay-color":"","overlay-gradient":""},"mobile":{"background-color":"var(--ast-global-color-5)","background-image":"","background-repeat":"repeat","background-position":"center center","background-size":"auto","background-attachment":"scroll","background-type":"","background-media":"","overlay-type":"","overlay-color":"","overlay-gradient":""}}},"product_cat":[15,34],"product_tag":[],"class_list":{"0":"post-183","1":"product","2":"type-product","3":"status-publish","4":"has-post-thumbnail","6":"product_cat-sin-categorizar","7":"product_cat-curriculum-de-lengua-y-literatura","8":"desktop-align-left","9":"tablet-align-left","10":"mobile-align-left","12":"first","13":"instock","14":"downloadable","15":"virtual","16":"taxable","17":"purchasable","18":"product-type-simple"},"yoast_head":"<!-- This site is optimized with the Yoast SEO plugin v22.4 - https:\/\/yoast.com\/wordpress\/plugins\/seo\/ -->\n<title>FICHAS PARA INFORME DE LECTURA - Educativos<\/title>\n<meta name=\"robots\" content=\"index, follow, max-snippet:-1, max-image-preview:large, max-video-preview:-1\" \/>\n<link rel=\"canonical\" href=\"https:\/\/educativosmeninheira.com\/imprimibles\/producto\/fichas-informe-de-lectura\/\" \/>\n<meta property=\"og:locale\" content=\"es_ES\" \/>\n<meta property=\"og:type\" content=\"article\" \/>\n<meta property=\"og:title\" content=\"FICHAS PARA INFORME DE LECTURA - Educativos\" \/>\n<meta property=\"og:description\" content=\"Plantillas para elaborar un dossier para tus lecturas. En este archivo PDF encontrar\u00e1s las fichas para plasmar las lecturas que se van realizando durante el a\u00f1o acad\u00e9mico. Al realizar el informe de lectura se trabaja no s\u00f3lo la comprensi\u00f3n lectora, sino tambi\u00e9n la elaboraci\u00f3n de res\u00famenes, composici\u00f3n, etc. Podr\u00e1s utilizar la ficha para el colegio [&hellip;]\" \/>\n<meta property=\"og:url\" content=\"https:\/\/educativosmeninheira.com\/imprimibles\/producto\/fichas-informe-de-lectura\/\" \/>\n<meta property=\"og:site_name\" content=\"Educativos\" \/>\n<meta property=\"article:modified_time\" content=\"2025-02-14T10:30:18+00:00\" \/>\n<meta property=\"og:image\" content=\"https:\/\/educativosmeninheira.com\/imprimibles\/wp-content\/uploads\/2020\/11\/FICHAS-INFORME-LECTURA-0.jpg\" \/>\n\t<meta property=\"og:image:width\" content=\"1080\" \/>\n\t<meta property=\"og:image:height\" content=\"1080\" \/>\n\t<meta property=\"og:image:type\" content=\"image\/jpeg\" \/>\n<meta name=\"twitter:card\" content=\"summary_large_image\" \/>\n<meta name=\"twitter:label1\" content=\"Tiempo de lectura\" \/>\n\t<meta name=\"twitter:data1\" content=\"2 minutos\" \/>\n<script type=\"application\/ld+json\" class=\"yoast-schema-graph\">{\"@context\":\"https:\/\/schema.org\",\"@graph\":[{\"@type\":\"WebPage\",\"@id\":\"https:\/\/educativosmeninheira.com\/imprimibles\/producto\/fichas-informe-de-lectura\/\",\"url\":\"https:\/\/educativosmeninheira.com\/imprimibles\/producto\/fichas-informe-de-lectura\/\",\"name\":\"FICHAS PARA INFORME DE LECTURA - Educativos\",\"isPartOf\":{\"@id\":\"https:\/\/educativosmeninheira.com\/imprimibles\/#website\"},\"primaryImageOfPage\":{\"@id\":\"https:\/\/educativosmeninheira.com\/imprimibles\/producto\/fichas-informe-de-lectura\/#primaryimage\"},\"image\":{\"@id\":\"https:\/\/educativosmeninheira.com\/imprimibles\/producto\/fichas-informe-de-lectura\/#primaryimage\"},\"thumbnailUrl\":\"https:\/\/educativosmeninheira.com\/imprimibles\/wp-content\/uploads\/2020\/11\/FICHAS-INFORME-LECTURA-0.jpg\",\"datePublished\":\"2023-11-10T12:28:50+00:00\",\"dateModified\":\"2025-02-14T10:30:18+00:00\",\"breadcrumb\":{\"@id\":\"https:\/\/educativosmeninheira.com\/imprimibles\/producto\/fichas-informe-de-lectura\/#breadcrumb\"},\"inLanguage\":\"es\",\"potentialAction\":[{\"@type\":\"ReadAction\",\"target\":[\"https:\/\/educativosmeninheira.com\/imprimibles\/producto\/fichas-informe-de-lectura\/\"]}]},{\"@type\":\"ImageObject\",\"inLanguage\":\"es\",\"@id\":\"https:\/\/educativosmeninheira.com\/imprimibles\/producto\/fichas-informe-de-lectura\/#primaryimage\",\"url\":\"https:\/\/educativosmeninheira.com\/imprimibles\/wp-content\/uploads\/2020\/11\/FICHAS-INFORME-LECTURA-0.jpg\",\"contentUrl\":\"https:\/\/educativosmeninheira.com\/imprimibles\/wp-content\/uploads\/2020\/11\/FICHAS-INFORME-LECTURA-0.jpg\",\"width\":1080,\"height\":1080},{\"@type\":\"BreadcrumbList\",\"@id\":\"https:\/\/educativosmeninheira.com\/imprimibles\/producto\/fichas-informe-de-lectura\/#breadcrumb\",\"itemListElement\":[{\"@type\":\"ListItem\",\"position\":1,\"name\":\"Home\",\"item\":\"https:\/\/educativosmeninheira.com\/imprimibles\/\"},{\"@type\":\"ListItem\",\"position\":2,\"name\":\"Tienda\",\"item\":\"https:\/\/educativosmeninheira.com\/imprimibles\/tienda\/\"},{\"@type\":\"ListItem\",\"position\":3,\"name\":\"FICHAS PARA INFORME DE LECTURA\"}]},{\"@type\":\"WebSite\",\"@id\":\"https:\/\/educativosmeninheira.com\/imprimibles\/#website\",\"url\":\"https:\/\/educativosmeninheira.com\/imprimibles\/\",\"name\":\"Educativos\",\"description\":\"\",\"publisher\":{\"@id\":\"https:\/\/educativosmeninheira.com\/imprimibles\/#organization\"},\"potentialAction\":[{\"@type\":\"SearchAction\",\"target\":{\"@type\":\"EntryPoint\",\"urlTemplate\":\"https:\/\/educativosmeninheira.com\/imprimibles\/?s={search_term_string}\"},\"query-input\":\"required name=search_term_string\"}],\"inLanguage\":\"es\"},{\"@type\":\"Organization\",\"@id\":\"https:\/\/educativosmeninheira.com\/imprimibles\/#organization\",\"name\":\"Educativos\",\"url\":\"https:\/\/educativosmeninheira.com\/imprimibles\/\",\"logo\":{\"@type\":\"ImageObject\",\"inLanguage\":\"es\",\"@id\":\"https:\/\/educativosmeninheira.com\/imprimibles\/#\/schema\/logo\/image\/\",\"url\":\"https:\/\/educativosmeninheira.com\/imprimibles\/wp-content\/uploads\/2024\/03\/LOGO-Educativos-meninheira.png\",\"contentUrl\":\"https:\/\/educativosmeninheira.com\/imprimibles\/wp-content\/uploads\/2024\/03\/LOGO-Educativos-meninheira.png\",\"width\":2194,\"height\":2145,\"caption\":\"Educativos\"},\"image\":{\"@id\":\"https:\/\/educativosmeninheira.com\/imprimibles\/#\/schema\/logo\/image\/\"}}]}<\/script>\n<!-- \/ Yoast SEO plugin. -->","yoast_head_json":{"title":"FICHAS PARA INFORME DE LECTURA - Educativos","robots":{"index":"index","follow":"follow","max-snippet":"max-snippet:-1","max-image-preview":"max-image-preview:large","max-video-preview":"max-video-preview:-1"},"canonical":"https:\/\/educativosmeninheira.com\/imprimibles\/producto\/fichas-informe-de-lectura\/","og_locale":"es_ES","og_type":"article","og_title":"FICHAS PARA INFORME DE LECTURA - Educativos","og_description":"Plantillas para elaborar un dossier para tus lecturas. En este archivo PDF encontrar\u00e1s las fichas para plasmar las lecturas que se van realizando durante el a\u00f1o acad\u00e9mico. Al realizar el informe de lectura se trabaja no s\u00f3lo la comprensi\u00f3n lectora, sino tambi\u00e9n la elaboraci\u00f3n de res\u00famenes, composici\u00f3n, etc. Podr\u00e1s utilizar la ficha para el colegio [&hellip;]","og_url":"https:\/\/educativosmeninheira.com\/imprimibles\/producto\/fichas-informe-de-lectura\/","og_site_name":"Educativos","article_modified_time":"2025-02-14T10:30:18+00:00","og_image":[{"width":1080,"height":1080,"url":"https:\/\/educativosmeninheira.com\/imprimibles\/wp-content\/uploads\/2020\/11\/FICHAS-INFORME-LECTURA-0.jpg","type":"image\/jpeg"}],"twitter_card":"summary_large_image","twitter_misc":{"Tiempo de lectura":"2 minutos"},"schema":{"@context":"https:\/\/schema.org","@graph":[{"@type":"WebPage","@id":"https:\/\/educativosmeninheira.com\/imprimibles\/producto\/fichas-informe-de-lectura\/","url":"https:\/\/educativosmeninheira.com\/imprimibles\/producto\/fichas-informe-de-lectura\/","name":"FICHAS PARA INFORME DE LECTURA - Educativos","isPartOf":{"@id":"https:\/\/educativosmeninheira.com\/imprimibles\/#website"},"primaryImageOfPage":{"@id":"https:\/\/educativosmeninheira.com\/imprimibles\/producto\/fichas-informe-de-lectura\/#primaryimage"},"image":{"@id":"https:\/\/educativosmeninheira.com\/imprimibles\/producto\/fichas-informe-de-lectura\/#primaryimage"},"thumbnailUrl":"https:\/\/educativosmeninheira.com\/imprimibles\/wp-content\/uploads\/2020\/11\/FICHAS-INFORME-LECTURA-0.jpg","datePublished":"2023-11-10T12:28:50+00:00","dateModified":"2025-02-14T10:30:18+00:00","breadcrumb":{"@id":"https:\/\/educativosmeninheira.com\/imprimibles\/producto\/fichas-informe-de-lectura\/#breadcrumb"},"inLanguage":"es","potentialAction":[{"@type":"ReadAction","target":["https:\/\/educativosmeninheira.com\/imprimibles\/producto\/fichas-informe-de-lectura\/"]}]},{"@type":"ImageObject","inLanguage":"es","@id":"https:\/\/educativosmeninheira.com\/imprimibles\/producto\/fichas-informe-de-lectura\/#primaryimage","url":"https:\/\/educativosmeninheira.com\/imprimibles\/wp-content\/uploads\/2020\/11\/FICHAS-INFORME-LECTURA-0.jpg","contentUrl":"https:\/\/educativosmeninheira.com\/imprimibles\/wp-content\/uploads\/2020\/11\/FICHAS-INFORME-LECTURA-0.jpg","width":1080,"height":1080},{"@type":"BreadcrumbList","@id":"https:\/\/educativosmeninheira.com\/imprimibles\/producto\/fichas-informe-de-lectura\/#breadcrumb","itemListElement":[{"@type":"ListItem","position":1,"name":"Home","item":"https:\/\/educativosmeninheira.com\/imprimibles\/"},{"@type":"ListItem","position":2,"name":"Tienda","item":"https:\/\/educativosmeninheira.com\/imprimibles\/tienda\/"},{"@type":"ListItem","position":3,"name":"FICHAS PARA INFORME DE LECTURA"}]},{"@type":"WebSite","@id":"https:\/\/educativosmeninheira.com\/imprimibles\/#website","url":"https:\/\/educativosmeninheira.com\/imprimibles\/","name":"Educativos","description":"","publisher":{"@id":"https:\/\/educativosmeninheira.com\/imprimibles\/#organization"},"potentialAction":[{"@type":"SearchAction","target":{"@type":"EntryPoint","urlTemplate":"https:\/\/educativosmeninheira.com\/imprimibles\/?s={search_term_string}"},"query-input":"required name=search_term_string"}],"inLanguage":"es"},{"@type":"Organization","@id":"https:\/\/educativosmeninheira.com\/imprimibles\/#organization","name":"Educativos","url":"https:\/\/educativosmeninheira.com\/imprimibles\/","logo":{"@type":"ImageObject","inLanguage":"es","@id":"https:\/\/educativosmeninheira.com\/imprimibles\/#\/schema\/logo\/image\/","url":"https:\/\/educativosmeninheira.com\/imprimibles\/wp-content\/uploads\/2024\/03\/LOGO-Educativos-meninheira.png","contentUrl":"https:\/\/educativosmeninheira.com\/imprimibles\/wp-content\/uploads\/2024\/03\/LOGO-Educativos-meninheira.png","width":2194,"height":2145,"caption":"Educativos"},"image":{"@id":"https:\/\/educativosmeninheira.com\/imprimibles\/#\/schema\/logo\/image\/"}}]}},"_links":{"self":[{"href":"https:\/\/educativosmeninheira.com\/imprimibles\/wp-json\/wp\/v2\/product\/183","targetHints":{"allow":["GET"]}}],"collection":[{"href":"https:\/\/educativosmeninheira.com\/imprimibles\/wp-json\/wp\/v2\/product"}],"about":[{"href":"https:\/\/educativosmeninheira.com\/imprimibles\/wp-json\/wp\/v2\/types\/product"}],"replies":[{"embeddable":true,"href":"https:\/\/educativosmeninheira.com\/imprimibles\/wp-json\/wp\/v2\/comments?post=183"}],"wp:featuredmedia":[{"embeddable":true,"href":"https:\/\/educativosmeninheira.com\/imprimibles\/wp-json\/wp\/v2\/media\/489"}],"wp:attachment":[{"href":"https:\/\/educativosmeninheira.com\/imprimibles\/wp-json\/wp\/v2\/media?parent=183"}],"wp:term":[{"taxonomy":"product_cat","embeddable":true,"href":"https:\/\/educativosmeninheira.com\/imprimibles\/wp-json\/wp\/v2\/product_cat?post=183"},{"taxonomy":"product_tag","embeddable":true,"href":"https:\/\/educativosmeninheira.com\/imprimibles\/wp-json\/wp\/v2\/product_tag?post=183"}],"curies":[{"name":"wp","href":"https:\/\/api.w.org\/{rel}","templated":true}]}}