{"id":193,"date":"2020-11-23T12:04:26","date_gmt":"2020-11-23T12:04:26","guid":{"rendered":"https:\/\/educativosmeninheira.com\/imprimibles\/?post_type=product&#038;p=193"},"modified":"2022-09-27T11:21:05","modified_gmt":"2022-09-27T11:21:05","slug":"fichas-paises","status":"publish","type":"product","link":"https:\/\/educativosmeninheira.com\/imprimibles\/producto\/fichas-paises\/","title":{"rendered":"FICHAS de PA\u00cdSES"},"content":{"rendered":"<div class=\"gmail_default\"><b>Plantillas para elaborar un dossier para tus viajes imaginarios.<\/b><\/div>\n<div>&#8230;&#8230;&#8230;&#8230;&#8230;&#8230;&#8230;. Para el Curr\u00edculum de Geograf\u00eda \u00abUn viaje imaginario\u00bb<\/div>\n<div class=\"gmail_default\"><\/div>\n<div class=\"gmail_default\">En este archivo PDF encontrar\u00e1s las fichas para plasmar la informaci\u00f3n que\u00a0 vayas averiguando sobre los\u00a0distintos\u00a0pa\u00edses\u00a0a los que viajamos (imaginariamente).<br \/>\nAl realizar el informe se trabaja no s\u00f3lo geograf\u00eda, sino tambi\u00e9n la comprensi\u00f3n lectora, la b\u00fasqueda de informaci\u00f3n, elaboraci\u00f3n de res\u00famenes, composici\u00f3n, etc. Al tiempo proporciona una gu\u00eda sobre la informaci\u00f3n imprescindible que debes averiguar sobre cada pa\u00eds.<br \/>\nPodr\u00e1s utilizar el dossier para incorporarlo a tu portafolio de estudios o archivo de evidencias.<br \/>\nComo viene siendo habitual en mi material educativo, puede ser utilizado para un amplio rango de edades.<\/div>\n<div><\/div>\n<div>\n<div class=\"gmail_default\">\u2665 \u2665 \u2665 \u2665 \u2665 \u2665 \u2665 \u2665 \u2665 \u2665 \u2665 \u2665 \u2665 \u2665 \u2665 \u2665 \u2665 \u2665 \u2665 \u2665 \u2665 \u2665 \u2665 \u2665 \u2665 \u2665 \u2665 \u2665<br \/>\nEn el archivo encontrar\u00e1s:<br \/>\n\u2665 Una plantilla para poner de portada para tus informes de pa\u00eds.<\/div>\n<div class=\"gmail_default\">\u2665\u00a0Tres plantillas distintas en d\u00f3nde desarrollar el informe de cada pa\u00eds. Una de ellas en blanco para a\u00f1adir m\u00e1s informaci\u00f3n escrita, fotograf\u00edas, mapas, etc.. T\u00fa eliges cuales quieres imprimir y hacer.<\/div>\n<div>.<\/div>\n<div>https:\/\/educativosmeninheira.com\/imprimibles\/libros-recomendados-geografia\/<\/div>\n<div><\/div>\n<\/div>\n<div>\n<div class=\"gmail_default\">\u273f IMPORTANTE \u273f<br \/>\n1. Esto es un producto digital, NO SER\u00c1 ENVIADO NING\u00daN PRODUCTO F\u00cdSICO, una vez efect\u00faes la compra, SE TE PROPORCIONAR\u00c1 UN LINK PARA DESCARGAR EL ART\u00cdCULO.<br \/>\n2. Los colores pueden variar ligeramente de la pantalla a la impresi\u00f3n.<br \/>\n3. Por favor, no compartas mi trabajo, si alguien te pide los archivos env\u00edalo a la p\u00e1gina.<\/div>\n<div class=\"gmail_default\">4. Podr\u00e1s descargar el art\u00edculo 2 veces, despu\u00e9s tendr\u00e1s que volver a comprarlo.<br \/>\n\u2665 \u00a1Gracias! \u2665<br \/>\nTodo esto me permite contribuir con unos poquitos ingresos que ayudan a mi familia, haciendo lo que me gusta y compartiendo mi tiempo con ellos.<\/div>\n<\/div>\n","protected":false},"excerpt":{"rendered":"<p>Plantillas para elaborar un dossier para tus viajes imaginarios. &#8230;&#8230;&#8230;&#8230;&#8230;&#8230;&#8230;. Para el Curr\u00edculum de Geograf\u00eda \u00abUn viaje imaginario\u00bb En este archivo PDF encontrar\u00e1s las fichas para plasmar la informaci\u00f3n que\u00a0 vayas averiguando sobre los\u00a0distintos\u00a0pa\u00edses\u00a0a los que viajamos (imaginariamente). Al realizar el informe se trabaja no s\u00f3lo geograf\u00eda, sino tambi\u00e9n la comprensi\u00f3n lectora, la b\u00fasqueda de [&hellip;]<\/p>\n","protected":false},"featured_media":199,"comment_status":"open","ping_status":"closed","template":"","meta":{"site-sidebar-layout":"default","site-content-layout":"default","ast-site-content-layout":"","site-content-style":"default","site-sidebar-style":"default","ast-global-header-display":"","ast-banner-title-visibility":"","ast-main-header-display":"","ast-hfb-above-header-display":"","ast-hfb-below-header-display":"","ast-hfb-mobile-header-display":"","site-post-title":"","ast-breadcrumbs-content":"","ast-featured-img":"","footer-sml-layout":"","theme-transparent-header-meta":"default","adv-header-id-meta":"","stick-header-meta":"","header-above-stick-meta":"","header-main-stick-meta":"","header-below-stick-meta":"","astra-migrate-meta-layouts":"default","ast-page-background-enabled":"default","ast-page-background-meta":{"desktop":{"background-color":"var(--ast-global-color-4)","background-image":"","background-repeat":"repeat","background-position":"center center","background-size":"auto","background-attachment":"scroll","background-type":"","background-media":"","overlay-type":"","overlay-color":"","overlay-gradient":""},"tablet":{"background-color":"","background-image":"","background-repeat":"repeat","background-position":"center center","background-size":"auto","background-attachment":"scroll","background-type":"","background-media":"","overlay-type":"","overlay-color":"","overlay-gradient":""},"mobile":{"background-color":"","background-image":"","background-repeat":"repeat","background-position":"center center","background-size":"auto","background-attachment":"scroll","background-type":"","background-media":"","overlay-type":"","overlay-color":"","overlay-gradient":""}},"ast-content-background-meta":{"desktop":{"background-color":"var(--ast-global-color-5)","background-image":"","background-repeat":"repeat","background-position":"center center","background-size":"auto","background-attachment":"scroll","background-type":"","background-media":"","overlay-type":"","overlay-color":"","overlay-gradient":""},"tablet":{"background-color":"var(--ast-global-color-5)","background-image":"","background-repeat":"repeat","background-position":"center center","background-size":"auto","background-attachment":"scroll","background-type":"","background-media":"","overlay-type":"","overlay-color":"","overlay-gradient":""},"mobile":{"background-color":"var(--ast-global-color-5)","background-image":"","background-repeat":"repeat","background-position":"center center","background-size":"auto","background-attachment":"scroll","background-type":"","background-media":"","overlay-type":"","overlay-color":"","overlay-gradient":""}}},"product_cat":[15,33],"product_tag":[],"class_list":{"0":"post-193","1":"product","2":"type-product","3":"status-publish","4":"has-post-thumbnail","6":"product_cat-sin-categorizar","7":"product_cat-curriculum-de-geografia","8":"desktop-align-left","9":"tablet-align-left","10":"mobile-align-left","12":"first","13":"instock","14":"downloadable","15":"virtual","16":"taxable","17":"purchasable","18":"product-type-simple"},"yoast_head":"<!-- This site is optimized with the Yoast SEO plugin v22.4 - https:\/\/yoast.com\/wordpress\/plugins\/seo\/ -->\n<title>FICHAS de PA\u00cdSES - Educativos<\/title>\n<meta name=\"robots\" content=\"index, follow, max-snippet:-1, max-image-preview:large, max-video-preview:-1\" \/>\n<link rel=\"canonical\" href=\"https:\/\/educativosmeninheira.com\/imprimibles\/producto\/fichas-paises\/\" \/>\n<meta property=\"og:locale\" content=\"es_ES\" \/>\n<meta property=\"og:type\" content=\"article\" \/>\n<meta property=\"og:title\" content=\"FICHAS de PA\u00cdSES - Educativos\" \/>\n<meta property=\"og:description\" content=\"Plantillas para elaborar un dossier para tus viajes imaginarios. &#8230;&#8230;&#8230;&#8230;&#8230;&#8230;&#8230;. Para el Curr\u00edculum de Geograf\u00eda \u00abUn viaje imaginario\u00bb En este archivo PDF encontrar\u00e1s las fichas para plasmar la informaci\u00f3n que\u00a0 vayas averiguando sobre los\u00a0distintos\u00a0pa\u00edses\u00a0a los que viajamos (imaginariamente). Al realizar el informe se trabaja no s\u00f3lo geograf\u00eda, sino tambi\u00e9n la comprensi\u00f3n lectora, la b\u00fasqueda de [&hellip;]\" \/>\n<meta property=\"og:url\" content=\"https:\/\/educativosmeninheira.com\/imprimibles\/producto\/fichas-paises\/\" \/>\n<meta property=\"og:site_name\" content=\"Educativos\" \/>\n<meta property=\"article:modified_time\" content=\"2022-09-27T11:21:05+00:00\" \/>\n<meta property=\"og:image\" content=\"https:\/\/educativosmeninheira.com\/imprimibles\/wp-content\/uploads\/2020\/11\/FICHAS-informe-pais_portada-1.jpg\" \/>\n\t<meta property=\"og:image:width\" content=\"1080\" \/>\n\t<meta property=\"og:image:height\" content=\"1080\" \/>\n\t<meta property=\"og:image:type\" content=\"image\/jpeg\" \/>\n<meta name=\"twitter:card\" content=\"summary_large_image\" \/>\n<meta name=\"twitter:label1\" content=\"Tiempo de lectura\" \/>\n\t<meta name=\"twitter:data1\" content=\"2 minutos\" \/>\n<script type=\"application\/ld+json\" class=\"yoast-schema-graph\">{\"@context\":\"https:\/\/schema.org\",\"@graph\":[{\"@type\":\"WebPage\",\"@id\":\"https:\/\/educativosmeninheira.com\/imprimibles\/producto\/fichas-paises\/\",\"url\":\"https:\/\/educativosmeninheira.com\/imprimibles\/producto\/fichas-paises\/\",\"name\":\"FICHAS de PA\u00cdSES - Educativos\",\"isPartOf\":{\"@id\":\"https:\/\/educativosmeninheira.com\/imprimibles\/#website\"},\"primaryImageOfPage\":{\"@id\":\"https:\/\/educativosmeninheira.com\/imprimibles\/producto\/fichas-paises\/#primaryimage\"},\"image\":{\"@id\":\"https:\/\/educativosmeninheira.com\/imprimibles\/producto\/fichas-paises\/#primaryimage\"},\"thumbnailUrl\":\"https:\/\/educativosmeninheira.com\/imprimibles\/wp-content\/uploads\/2020\/11\/FICHAS-informe-pais_portada-1.jpg\",\"datePublished\":\"2020-11-23T12:04:26+00:00\",\"dateModified\":\"2022-09-27T11:21:05+00:00\",\"breadcrumb\":{\"@id\":\"https:\/\/educativosmeninheira.com\/imprimibles\/producto\/fichas-paises\/#breadcrumb\"},\"inLanguage\":\"es\",\"potentialAction\":[{\"@type\":\"ReadAction\",\"target\":[\"https:\/\/educativosmeninheira.com\/imprimibles\/producto\/fichas-paises\/\"]}]},{\"@type\":\"ImageObject\",\"inLanguage\":\"es\",\"@id\":\"https:\/\/educativosmeninheira.com\/imprimibles\/producto\/fichas-paises\/#primaryimage\",\"url\":\"https:\/\/educativosmeninheira.com\/imprimibles\/wp-content\/uploads\/2020\/11\/FICHAS-informe-pais_portada-1.jpg\",\"contentUrl\":\"https:\/\/educativosmeninheira.com\/imprimibles\/wp-content\/uploads\/2020\/11\/FICHAS-informe-pais_portada-1.jpg\",\"width\":1080,\"height\":1080},{\"@type\":\"BreadcrumbList\",\"@id\":\"https:\/\/educativosmeninheira.com\/imprimibles\/producto\/fichas-paises\/#breadcrumb\",\"itemListElement\":[{\"@type\":\"ListItem\",\"position\":1,\"name\":\"Home\",\"item\":\"https:\/\/educativosmeninheira.com\/imprimibles\/\"},{\"@type\":\"ListItem\",\"position\":2,\"name\":\"Tienda\",\"item\":\"https:\/\/educativosmeninheira.com\/imprimibles\/tienda\/\"},{\"@type\":\"ListItem\",\"position\":3,\"name\":\"FICHAS de PA\u00cdSES\"}]},{\"@type\":\"WebSite\",\"@id\":\"https:\/\/educativosmeninheira.com\/imprimibles\/#website\",\"url\":\"https:\/\/educativosmeninheira.com\/imprimibles\/\",\"name\":\"Educativos\",\"description\":\"\",\"publisher\":{\"@id\":\"https:\/\/educativosmeninheira.com\/imprimibles\/#organization\"},\"potentialAction\":[{\"@type\":\"SearchAction\",\"target\":{\"@type\":\"EntryPoint\",\"urlTemplate\":\"https:\/\/educativosmeninheira.com\/imprimibles\/?s={search_term_string}\"},\"query-input\":\"required name=search_term_string\"}],\"inLanguage\":\"es\"},{\"@type\":\"Organization\",\"@id\":\"https:\/\/educativosmeninheira.com\/imprimibles\/#organization\",\"name\":\"Educativos\",\"url\":\"https:\/\/educativosmeninheira.com\/imprimibles\/\",\"logo\":{\"@type\":\"ImageObject\",\"inLanguage\":\"es\",\"@id\":\"https:\/\/educativosmeninheira.com\/imprimibles\/#\/schema\/logo\/image\/\",\"url\":\"https:\/\/educativosmeninheira.com\/imprimibles\/wp-content\/uploads\/2024\/03\/LOGO-Educativos-meninheira.png\",\"contentUrl\":\"https:\/\/educativosmeninheira.com\/imprimibles\/wp-content\/uploads\/2024\/03\/LOGO-Educativos-meninheira.png\",\"width\":2194,\"height\":2145,\"caption\":\"Educativos\"},\"image\":{\"@id\":\"https:\/\/educativosmeninheira.com\/imprimibles\/#\/schema\/logo\/image\/\"}}]}<\/script>\n<!-- \/ Yoast SEO plugin. -->","yoast_head_json":{"title":"FICHAS de PA\u00cdSES - Educativos","robots":{"index":"index","follow":"follow","max-snippet":"max-snippet:-1","max-image-preview":"max-image-preview:large","max-video-preview":"max-video-preview:-1"},"canonical":"https:\/\/educativosmeninheira.com\/imprimibles\/producto\/fichas-paises\/","og_locale":"es_ES","og_type":"article","og_title":"FICHAS de PA\u00cdSES - Educativos","og_description":"Plantillas para elaborar un dossier para tus viajes imaginarios. &#8230;&#8230;&#8230;&#8230;&#8230;&#8230;&#8230;. Para el Curr\u00edculum de Geograf\u00eda \u00abUn viaje imaginario\u00bb En este archivo PDF encontrar\u00e1s las fichas para plasmar la informaci\u00f3n que\u00a0 vayas averiguando sobre los\u00a0distintos\u00a0pa\u00edses\u00a0a los que viajamos (imaginariamente). Al realizar el informe se trabaja no s\u00f3lo geograf\u00eda, sino tambi\u00e9n la comprensi\u00f3n lectora, la b\u00fasqueda de [&hellip;]","og_url":"https:\/\/educativosmeninheira.com\/imprimibles\/producto\/fichas-paises\/","og_site_name":"Educativos","article_modified_time":"2022-09-27T11:21:05+00:00","og_image":[{"width":1080,"height":1080,"url":"https:\/\/educativosmeninheira.com\/imprimibles\/wp-content\/uploads\/2020\/11\/FICHAS-informe-pais_portada-1.jpg","type":"image\/jpeg"}],"twitter_card":"summary_large_image","twitter_misc":{"Tiempo de lectura":"2 minutos"},"schema":{"@context":"https:\/\/schema.org","@graph":[{"@type":"WebPage","@id":"https:\/\/educativosmeninheira.com\/imprimibles\/producto\/fichas-paises\/","url":"https:\/\/educativosmeninheira.com\/imprimibles\/producto\/fichas-paises\/","name":"FICHAS de PA\u00cdSES - Educativos","isPartOf":{"@id":"https:\/\/educativosmeninheira.com\/imprimibles\/#website"},"primaryImageOfPage":{"@id":"https:\/\/educativosmeninheira.com\/imprimibles\/producto\/fichas-paises\/#primaryimage"},"image":{"@id":"https:\/\/educativosmeninheira.com\/imprimibles\/producto\/fichas-paises\/#primaryimage"},"thumbnailUrl":"https:\/\/educativosmeninheira.com\/imprimibles\/wp-content\/uploads\/2020\/11\/FICHAS-informe-pais_portada-1.jpg","datePublished":"2020-11-23T12:04:26+00:00","dateModified":"2022-09-27T11:21:05+00:00","breadcrumb":{"@id":"https:\/\/educativosmeninheira.com\/imprimibles\/producto\/fichas-paises\/#breadcrumb"},"inLanguage":"es","potentialAction":[{"@type":"ReadAction","target":["https:\/\/educativosmeninheira.com\/imprimibles\/producto\/fichas-paises\/"]}]},{"@type":"ImageObject","inLanguage":"es","@id":"https:\/\/educativosmeninheira.com\/imprimibles\/producto\/fichas-paises\/#primaryimage","url":"https:\/\/educativosmeninheira.com\/imprimibles\/wp-content\/uploads\/2020\/11\/FICHAS-informe-pais_portada-1.jpg","contentUrl":"https:\/\/educativosmeninheira.com\/imprimibles\/wp-content\/uploads\/2020\/11\/FICHAS-informe-pais_portada-1.jpg","width":1080,"height":1080},{"@type":"BreadcrumbList","@id":"https:\/\/educativosmeninheira.com\/imprimibles\/producto\/fichas-paises\/#breadcrumb","itemListElement":[{"@type":"ListItem","position":1,"name":"Home","item":"https:\/\/educativosmeninheira.com\/imprimibles\/"},{"@type":"ListItem","position":2,"name":"Tienda","item":"https:\/\/educativosmeninheira.com\/imprimibles\/tienda\/"},{"@type":"ListItem","position":3,"name":"FICHAS de PA\u00cdSES"}]},{"@type":"WebSite","@id":"https:\/\/educativosmeninheira.com\/imprimibles\/#website","url":"https:\/\/educativosmeninheira.com\/imprimibles\/","name":"Educativos","description":"","publisher":{"@id":"https:\/\/educativosmeninheira.com\/imprimibles\/#organization"},"potentialAction":[{"@type":"SearchAction","target":{"@type":"EntryPoint","urlTemplate":"https:\/\/educativosmeninheira.com\/imprimibles\/?s={search_term_string}"},"query-input":"required name=search_term_string"}],"inLanguage":"es"},{"@type":"Organization","@id":"https:\/\/educativosmeninheira.com\/imprimibles\/#organization","name":"Educativos","url":"https:\/\/educativosmeninheira.com\/imprimibles\/","logo":{"@type":"ImageObject","inLanguage":"es","@id":"https:\/\/educativosmeninheira.com\/imprimibles\/#\/schema\/logo\/image\/","url":"https:\/\/educativosmeninheira.com\/imprimibles\/wp-content\/uploads\/2024\/03\/LOGO-Educativos-meninheira.png","contentUrl":"https:\/\/educativosmeninheira.com\/imprimibles\/wp-content\/uploads\/2024\/03\/LOGO-Educativos-meninheira.png","width":2194,"height":2145,"caption":"Educativos"},"image":{"@id":"https:\/\/educativosmeninheira.com\/imprimibles\/#\/schema\/logo\/image\/"}}]}},"_links":{"self":[{"href":"https:\/\/educativosmeninheira.com\/imprimibles\/wp-json\/wp\/v2\/product\/193","targetHints":{"allow":["GET"]}}],"collection":[{"href":"https:\/\/educativosmeninheira.com\/imprimibles\/wp-json\/wp\/v2\/product"}],"about":[{"href":"https:\/\/educativosmeninheira.com\/imprimibles\/wp-json\/wp\/v2\/types\/product"}],"replies":[{"embeddable":true,"href":"https:\/\/educativosmeninheira.com\/imprimibles\/wp-json\/wp\/v2\/comments?post=193"}],"wp:featuredmedia":[{"embeddable":true,"href":"https:\/\/educativosmeninheira.com\/imprimibles\/wp-json\/wp\/v2\/media\/199"}],"wp:attachment":[{"href":"https:\/\/educativosmeninheira.com\/imprimibles\/wp-json\/wp\/v2\/media?parent=193"}],"wp:term":[{"taxonomy":"product_cat","embeddable":true,"href":"https:\/\/educativosmeninheira.com\/imprimibles\/wp-json\/wp\/v2\/product_cat?post=193"},{"taxonomy":"product_tag","embeddable":true,"href":"https:\/\/educativosmeninheira.com\/imprimibles\/wp-json\/wp\/v2\/product_tag?post=193"}],"curies":[{"name":"wp","href":"https:\/\/api.w.org\/{rel}","templated":true}]}}