{"id":345,"date":"2021-02-18T12:51:46","date_gmt":"2021-02-18T12:51:46","guid":{"rendered":"https:\/\/educativosmeninheira.com\/imprimibles\/?post_type=product&#038;p=345"},"modified":"2024-12-22T18:55:26","modified_gmt":"2024-12-22T18:55:26","slug":"diario-do-confinamento","status":"publish","type":"product","link":"https:\/\/educativosmeninheira.com\/imprimibles\/producto\/diario-do-confinamento\/","title":{"rendered":"DIARIO DO CONFINAMENTO"},"content":{"rendered":"<p style=\"text-align: center;\">Archivo en PDF con el que podr\u00e1s montar un cuaderno<br \/>\npara dejar un recuerdo para el futuro sobre lo vivido durante el confinamiento.<\/p>\n<p style=\"text-align: right;\"><strong>&#8230;&#8230;&#8230;&#8230;&#8230;&#8230;&#8230;&#8230;. VERSI\u00d3N EN GALEGO!<\/strong><\/p>\n<p>Es un excelente recurso para que los ni\u00f1os practiquen lectoescritura, composici\u00f3n,&#8230; les ayudar\u00e1 a ordenar y estructurar lo vivido y lo recordado. Convirti\u00e9ndoles adem\u00e1s en peque\u00f1os historiadores<br \/>\n&#8211; El archivo est\u00e1 preparado para imprimir en A4, aunque el cuaderno resultante es en formato A5<br \/>\n&#8211; El archivo carece de color para que su impresi\u00f3n sea m\u00e1s econ\u00f3mica. Recomiendo utilizar f\u00f3lios de colores y\/o colorear al gusto.<\/p>\n<p style=\"text-align: center;\"><strong>\u2665 \u2665 \u2665 \u2665 \u2665 \u2665 \u2665 \u2665 \u2665 \u2665 \u2665 \u2665 \u2665 \u2665 \u2665 \u2665 \u2665 \u2665 \u2665 \u2665 \u2665 \u2665 \u2665 \u2665 \u2665 \u2665 \u2665 \u2665<\/strong><br \/>\n<strong>En el archivo encontrar\u00e1s:<\/strong><br \/>\n\u2665<strong> 30 p\u00e1ginas distintas<\/strong> para construir tu diario. T\u00fa decides cuales imprimir y si necesitas repetir alguna hoja.<\/p>\n<p>.<\/p>\n<p style=\"text-align: center;\">Podes VER M\u00c1iS FOTOS do mesmo artigo nos links das outras linguas<\/p>\n<div class=\"gmail_default\" style=\"text-align: right;\">\n<div class=\"gmail_default\" style=\"text-align: center;\"><strong>.<\/strong><\/div>\n<h3 class=\"gmail_default\" style=\"text-align: left;\"><strong>\u273f <\/strong><strong>\u273f\u00a0<\/strong><strong>\u273f\u00a0<\/strong><strong>IMPORTANTE<\/strong><\/h3>\n<div class=\"gmail_default\" style=\"text-align: right;\"><strong>1. Isto \u00e9 un producto dixital<\/strong>, non se envia ning\u00fan produto f\u00edsico,<\/div>\n<div class=\"gmail_default\" style=\"text-align: right;\">unha vez completada a compra. Vaise proporcionar un link para descarregar o artigo mercado.<br \/>\n<strong>2. As cores podem muda<\/strong>r lixeiramente da pantalla \u00e1 impresi\u00f3n.<br \/>\n<strong>3. Fai o favor de nom partillar o PDF<\/strong>,<br \/>\nse algu\u00e9n te pide os arquivos, enviallo \u00e1 p\u00e1xina, Os produtos sao econ\u00f3micos.<\/div>\n<div class=\"gmail_default\" style=\"text-align: right;\"><strong>4.<\/strong> Poder\u00e1s descarregar o artigo cantas veces queiras.<\/div>\n<div class=\"gmail_default\" style=\"text-align: right;\">.<br \/>\n\u2665 \u00a1GRAZAS \u2665<br \/>\nEste traballo permite-me contribuir \u00e1 econom\u00eda dom\u00e9stica, axudando \u00e1 mi\u00f1a familia facendo o que gosto e partillando o tempo com eles.<\/div>\n<h2 class=\"gmail_default\" style=\"text-align: left;\"><strong>\u273f Nos somos <\/strong>ECONOM\u00cdA LOCAL&#8230; dixital.<\/h2>\n<\/div>\n","protected":false},"excerpt":{"rendered":"<p>Archivo en PDF con el que podr\u00e1s montar un cuaderno para dejar un recuerdo para el futuro sobre lo vivido durante el confinamiento. &#8230;&#8230;&#8230;&#8230;&#8230;&#8230;&#8230;&#8230;. VERSI\u00d3N EN GALEGO! Es un excelente recurso para que los ni\u00f1os practiquen lectoescritura, composici\u00f3n,&#8230; les ayudar\u00e1 a ordenar y estructurar lo vivido y lo recordado. Convirti\u00e9ndoles adem\u00e1s en peque\u00f1os historiadores &#8211; [&hellip;]<\/p>\n","protected":false},"featured_media":378,"comment_status":"open","ping_status":"closed","template":"","meta":{"site-sidebar-layout":"default","site-content-layout":"default","ast-site-content-layout":"default","site-content-style":"default","site-sidebar-style":"default","ast-global-header-display":"","ast-banner-title-visibility":"","ast-main-header-display":"","ast-hfb-above-header-display":"","ast-hfb-below-header-display":"","ast-hfb-mobile-header-display":"","site-post-title":"","ast-breadcrumbs-content":"","ast-featured-img":"","footer-sml-layout":"","theme-transparent-header-meta":"default","adv-header-id-meta":"","stick-header-meta":"","header-above-stick-meta":"","header-main-stick-meta":"","header-below-stick-meta":"","astra-migrate-meta-layouts":"set","ast-page-background-enabled":"default","ast-page-background-meta":{"desktop":{"background-color":"var(--ast-global-color-4)","background-image":"","background-repeat":"repeat","background-position":"center center","background-size":"auto","background-attachment":"scroll","background-type":"","background-media":"","overlay-type":"","overlay-color":"","overlay-gradient":""},"tablet":{"background-color":"","background-image":"","background-repeat":"repeat","background-position":"center center","background-size":"auto","background-attachment":"scroll","background-type":"","background-media":"","overlay-type":"","overlay-color":"","overlay-gradient":""},"mobile":{"background-color":"","background-image":"","background-repeat":"repeat","background-position":"center center","background-size":"auto","background-attachment":"scroll","background-type":"","background-media":"","overlay-type":"","overlay-color":"","overlay-gradient":""}},"ast-content-background-meta":{"desktop":{"background-color":"var(--ast-global-color-5)","background-image":"","background-repeat":"repeat","background-position":"center center","background-size":"auto","background-attachment":"scroll","background-type":"","background-media":"","overlay-type":"","overlay-color":"","overlay-gradient":""},"tablet":{"background-color":"var(--ast-global-color-5)","background-image":"","background-repeat":"repeat","background-position":"center center","background-size":"auto","background-attachment":"scroll","background-type":"","background-media":"","overlay-type":"","overlay-color":"","overlay-gradient":""},"mobile":{"background-color":"var(--ast-global-color-5)","background-image":"","background-repeat":"repeat","background-position":"center center","background-size":"auto","background-attachment":"scroll","background-type":"","background-media":"","overlay-type":"","overlay-color":"","overlay-gradient":""}}},"product_cat":[15,29,28],"product_tag":[31,30,32],"class_list":{"0":"post-345","1":"product","2":"type-product","3":"status-publish","4":"has-post-thumbnail","6":"product_cat-sin-categorizar","7":"product_cat-cuadernos","8":"product_cat-galego","9":"product_tag-coronavirus","10":"product_tag-diario","11":"product_tag-historia","12":"desktop-align-left","13":"tablet-align-left","14":"mobile-align-left","16":"first","17":"instock","18":"downloadable","19":"virtual","20":"taxable","21":"purchasable","22":"product-type-simple"},"yoast_head":"<!-- This site is optimized with the Yoast SEO plugin v22.4 - https:\/\/yoast.com\/wordpress\/plugins\/seo\/ -->\n<title>DIARIO DO CONFINAMENTO - Educativos<\/title>\n<meta name=\"description\" content=\"Diario do confinamento pelo coronavirus para nenos\" \/>\n<meta name=\"robots\" content=\"index, follow, max-snippet:-1, max-image-preview:large, max-video-preview:-1\" \/>\n<link rel=\"canonical\" href=\"https:\/\/educativosmeninheira.com\/imprimibles\/producto\/diario-do-confinamento\/\" \/>\n<meta property=\"og:locale\" content=\"es_ES\" \/>\n<meta property=\"og:type\" content=\"article\" \/>\n<meta property=\"og:title\" content=\"DIARIO DO CONFINAMENTO - Educativos\" \/>\n<meta property=\"og:description\" content=\"Diario do confinamento pelo coronavirus para nenos\" \/>\n<meta property=\"og:url\" content=\"https:\/\/educativosmeninheira.com\/imprimibles\/producto\/diario-do-confinamento\/\" \/>\n<meta property=\"og:site_name\" content=\"Educativos\" \/>\n<meta property=\"article:modified_time\" content=\"2024-12-22T18:55:26+00:00\" \/>\n<meta property=\"og:image\" content=\"https:\/\/educativosmeninheira.com\/imprimibles\/wp-content\/uploads\/2021\/02\/DIARIO_CONFINAMENTO-0.jpg\" \/>\n\t<meta property=\"og:image:width\" content=\"1080\" \/>\n\t<meta property=\"og:image:height\" content=\"1080\" \/>\n\t<meta property=\"og:image:type\" content=\"image\/jpeg\" \/>\n<meta name=\"twitter:card\" content=\"summary_large_image\" \/>\n<meta name=\"twitter:label1\" content=\"Tiempo de lectura\" \/>\n\t<meta name=\"twitter:data1\" content=\"2 minutos\" \/>\n<script type=\"application\/ld+json\" class=\"yoast-schema-graph\">{\"@context\":\"https:\/\/schema.org\",\"@graph\":[{\"@type\":\"WebPage\",\"@id\":\"https:\/\/educativosmeninheira.com\/imprimibles\/producto\/diario-do-confinamento\/\",\"url\":\"https:\/\/educativosmeninheira.com\/imprimibles\/producto\/diario-do-confinamento\/\",\"name\":\"DIARIO DO CONFINAMENTO - Educativos\",\"isPartOf\":{\"@id\":\"https:\/\/educativosmeninheira.com\/imprimibles\/#website\"},\"primaryImageOfPage\":{\"@id\":\"https:\/\/educativosmeninheira.com\/imprimibles\/producto\/diario-do-confinamento\/#primaryimage\"},\"image\":{\"@id\":\"https:\/\/educativosmeninheira.com\/imprimibles\/producto\/diario-do-confinamento\/#primaryimage\"},\"thumbnailUrl\":\"https:\/\/educativosmeninheira.com\/imprimibles\/wp-content\/uploads\/2021\/02\/DIARIO_CONFINAMENTO-0.jpg\",\"datePublished\":\"2021-02-18T12:51:46+00:00\",\"dateModified\":\"2024-12-22T18:55:26+00:00\",\"description\":\"Diario do confinamento pelo coronavirus para nenos\",\"breadcrumb\":{\"@id\":\"https:\/\/educativosmeninheira.com\/imprimibles\/producto\/diario-do-confinamento\/#breadcrumb\"},\"inLanguage\":\"es\",\"potentialAction\":[{\"@type\":\"ReadAction\",\"target\":[\"https:\/\/educativosmeninheira.com\/imprimibles\/producto\/diario-do-confinamento\/\"]}]},{\"@type\":\"ImageObject\",\"inLanguage\":\"es\",\"@id\":\"https:\/\/educativosmeninheira.com\/imprimibles\/producto\/diario-do-confinamento\/#primaryimage\",\"url\":\"https:\/\/educativosmeninheira.com\/imprimibles\/wp-content\/uploads\/2021\/02\/DIARIO_CONFINAMENTO-0.jpg\",\"contentUrl\":\"https:\/\/educativosmeninheira.com\/imprimibles\/wp-content\/uploads\/2021\/02\/DIARIO_CONFINAMENTO-0.jpg\",\"width\":1080,\"height\":1080},{\"@type\":\"BreadcrumbList\",\"@id\":\"https:\/\/educativosmeninheira.com\/imprimibles\/producto\/diario-do-confinamento\/#breadcrumb\",\"itemListElement\":[{\"@type\":\"ListItem\",\"position\":1,\"name\":\"Home\",\"item\":\"https:\/\/educativosmeninheira.com\/imprimibles\/\"},{\"@type\":\"ListItem\",\"position\":2,\"name\":\"Tienda\",\"item\":\"https:\/\/educativosmeninheira.com\/imprimibles\/tienda\/\"},{\"@type\":\"ListItem\",\"position\":3,\"name\":\"DIARIO DO CONFINAMENTO\"}]},{\"@type\":\"WebSite\",\"@id\":\"https:\/\/educativosmeninheira.com\/imprimibles\/#website\",\"url\":\"https:\/\/educativosmeninheira.com\/imprimibles\/\",\"name\":\"Educativos\",\"description\":\"\",\"publisher\":{\"@id\":\"https:\/\/educativosmeninheira.com\/imprimibles\/#organization\"},\"potentialAction\":[{\"@type\":\"SearchAction\",\"target\":{\"@type\":\"EntryPoint\",\"urlTemplate\":\"https:\/\/educativosmeninheira.com\/imprimibles\/?s={search_term_string}\"},\"query-input\":\"required name=search_term_string\"}],\"inLanguage\":\"es\"},{\"@type\":\"Organization\",\"@id\":\"https:\/\/educativosmeninheira.com\/imprimibles\/#organization\",\"name\":\"Educativos\",\"url\":\"https:\/\/educativosmeninheira.com\/imprimibles\/\",\"logo\":{\"@type\":\"ImageObject\",\"inLanguage\":\"es\",\"@id\":\"https:\/\/educativosmeninheira.com\/imprimibles\/#\/schema\/logo\/image\/\",\"url\":\"https:\/\/educativosmeninheira.com\/imprimibles\/wp-content\/uploads\/2024\/03\/LOGO-Educativos-meninheira.png\",\"contentUrl\":\"https:\/\/educativosmeninheira.com\/imprimibles\/wp-content\/uploads\/2024\/03\/LOGO-Educativos-meninheira.png\",\"width\":2194,\"height\":2145,\"caption\":\"Educativos\"},\"image\":{\"@id\":\"https:\/\/educativosmeninheira.com\/imprimibles\/#\/schema\/logo\/image\/\"}}]}<\/script>\n<!-- \/ Yoast SEO plugin. -->","yoast_head_json":{"title":"DIARIO DO CONFINAMENTO - Educativos","description":"Diario do confinamento pelo coronavirus para nenos","robots":{"index":"index","follow":"follow","max-snippet":"max-snippet:-1","max-image-preview":"max-image-preview:large","max-video-preview":"max-video-preview:-1"},"canonical":"https:\/\/educativosmeninheira.com\/imprimibles\/producto\/diario-do-confinamento\/","og_locale":"es_ES","og_type":"article","og_title":"DIARIO DO CONFINAMENTO - Educativos","og_description":"Diario do confinamento pelo coronavirus para nenos","og_url":"https:\/\/educativosmeninheira.com\/imprimibles\/producto\/diario-do-confinamento\/","og_site_name":"Educativos","article_modified_time":"2024-12-22T18:55:26+00:00","og_image":[{"width":1080,"height":1080,"url":"https:\/\/educativosmeninheira.com\/imprimibles\/wp-content\/uploads\/2021\/02\/DIARIO_CONFINAMENTO-0.jpg","type":"image\/jpeg"}],"twitter_card":"summary_large_image","twitter_misc":{"Tiempo de lectura":"2 minutos"},"schema":{"@context":"https:\/\/schema.org","@graph":[{"@type":"WebPage","@id":"https:\/\/educativosmeninheira.com\/imprimibles\/producto\/diario-do-confinamento\/","url":"https:\/\/educativosmeninheira.com\/imprimibles\/producto\/diario-do-confinamento\/","name":"DIARIO DO CONFINAMENTO - Educativos","isPartOf":{"@id":"https:\/\/educativosmeninheira.com\/imprimibles\/#website"},"primaryImageOfPage":{"@id":"https:\/\/educativosmeninheira.com\/imprimibles\/producto\/diario-do-confinamento\/#primaryimage"},"image":{"@id":"https:\/\/educativosmeninheira.com\/imprimibles\/producto\/diario-do-confinamento\/#primaryimage"},"thumbnailUrl":"https:\/\/educativosmeninheira.com\/imprimibles\/wp-content\/uploads\/2021\/02\/DIARIO_CONFINAMENTO-0.jpg","datePublished":"2021-02-18T12:51:46+00:00","dateModified":"2024-12-22T18:55:26+00:00","description":"Diario do confinamento pelo coronavirus para nenos","breadcrumb":{"@id":"https:\/\/educativosmeninheira.com\/imprimibles\/producto\/diario-do-confinamento\/#breadcrumb"},"inLanguage":"es","potentialAction":[{"@type":"ReadAction","target":["https:\/\/educativosmeninheira.com\/imprimibles\/producto\/diario-do-confinamento\/"]}]},{"@type":"ImageObject","inLanguage":"es","@id":"https:\/\/educativosmeninheira.com\/imprimibles\/producto\/diario-do-confinamento\/#primaryimage","url":"https:\/\/educativosmeninheira.com\/imprimibles\/wp-content\/uploads\/2021\/02\/DIARIO_CONFINAMENTO-0.jpg","contentUrl":"https:\/\/educativosmeninheira.com\/imprimibles\/wp-content\/uploads\/2021\/02\/DIARIO_CONFINAMENTO-0.jpg","width":1080,"height":1080},{"@type":"BreadcrumbList","@id":"https:\/\/educativosmeninheira.com\/imprimibles\/producto\/diario-do-confinamento\/#breadcrumb","itemListElement":[{"@type":"ListItem","position":1,"name":"Home","item":"https:\/\/educativosmeninheira.com\/imprimibles\/"},{"@type":"ListItem","position":2,"name":"Tienda","item":"https:\/\/educativosmeninheira.com\/imprimibles\/tienda\/"},{"@type":"ListItem","position":3,"name":"DIARIO DO CONFINAMENTO"}]},{"@type":"WebSite","@id":"https:\/\/educativosmeninheira.com\/imprimibles\/#website","url":"https:\/\/educativosmeninheira.com\/imprimibles\/","name":"Educativos","description":"","publisher":{"@id":"https:\/\/educativosmeninheira.com\/imprimibles\/#organization"},"potentialAction":[{"@type":"SearchAction","target":{"@type":"EntryPoint","urlTemplate":"https:\/\/educativosmeninheira.com\/imprimibles\/?s={search_term_string}"},"query-input":"required name=search_term_string"}],"inLanguage":"es"},{"@type":"Organization","@id":"https:\/\/educativosmeninheira.com\/imprimibles\/#organization","name":"Educativos","url":"https:\/\/educativosmeninheira.com\/imprimibles\/","logo":{"@type":"ImageObject","inLanguage":"es","@id":"https:\/\/educativosmeninheira.com\/imprimibles\/#\/schema\/logo\/image\/","url":"https:\/\/educativosmeninheira.com\/imprimibles\/wp-content\/uploads\/2024\/03\/LOGO-Educativos-meninheira.png","contentUrl":"https:\/\/educativosmeninheira.com\/imprimibles\/wp-content\/uploads\/2024\/03\/LOGO-Educativos-meninheira.png","width":2194,"height":2145,"caption":"Educativos"},"image":{"@id":"https:\/\/educativosmeninheira.com\/imprimibles\/#\/schema\/logo\/image\/"}}]}},"_links":{"self":[{"href":"https:\/\/educativosmeninheira.com\/imprimibles\/wp-json\/wp\/v2\/product\/345","targetHints":{"allow":["GET"]}}],"collection":[{"href":"https:\/\/educativosmeninheira.com\/imprimibles\/wp-json\/wp\/v2\/product"}],"about":[{"href":"https:\/\/educativosmeninheira.com\/imprimibles\/wp-json\/wp\/v2\/types\/product"}],"replies":[{"embeddable":true,"href":"https:\/\/educativosmeninheira.com\/imprimibles\/wp-json\/wp\/v2\/comments?post=345"}],"wp:featuredmedia":[{"embeddable":true,"href":"https:\/\/educativosmeninheira.com\/imprimibles\/wp-json\/wp\/v2\/media\/378"}],"wp:attachment":[{"href":"https:\/\/educativosmeninheira.com\/imprimibles\/wp-json\/wp\/v2\/media?parent=345"}],"wp:term":[{"taxonomy":"product_cat","embeddable":true,"href":"https:\/\/educativosmeninheira.com\/imprimibles\/wp-json\/wp\/v2\/product_cat?post=345"},{"taxonomy":"product_tag","embeddable":true,"href":"https:\/\/educativosmeninheira.com\/imprimibles\/wp-json\/wp\/v2\/product_tag?post=345"}],"curies":[{"name":"wp","href":"https:\/\/api.w.org\/{rel}","templated":true}]}}