{"id":355,"date":"2021-02-18T18:57:56","date_gmt":"2021-02-18T18:57:56","guid":{"rendered":"https:\/\/educativosmeninheira.com\/imprimibles\/?post_type=product&#038;p=355"},"modified":"2024-12-26T11:23:49","modified_gmt":"2024-12-26T11:23:49","slug":"lapbook-antigua-roma","status":"publish","type":"product","link":"https:\/\/educativosmeninheira.com\/imprimibles\/producto\/lapbook-antigua-roma\/","title":{"rendered":"Lapbook sobre la Antigua Roma"},"content":{"rendered":"<p style=\"text-align: right;\">\u00a9\u00a02020<\/p>\n<p>Este PDF contiene las <strong>plantillas para elaborar un lapbook<\/strong>\u00a0 y cada \u00abtema\u00bb se acompa\u00f1a con un una <strong>peque\u00f1a explicaci\u00f3n<\/strong> que puede utilizarse de gu\u00eda por los padres o por el alumno, aunque de ninguna manera este imprimible pretende ser una unidad did\u00e1ctica (lesson plan).<\/p>\n<blockquote>\n<h2 style=\"text-align: center;\"><strong>Enfocado para que puedas aprender de manera divertida<br \/>\nun mont\u00f3n de cosas sobre esta maravillosa \u00e9poca.<\/strong><\/h2>\n<\/blockquote>\n<p><strong>El contenido est\u00e1 estructurado en semanas<\/strong>, pero solo es una gu\u00eda para ayudarte a organizar el estudio, t\u00fa decides si lo propuesto para una semana te ocupa un mes \ud83d\ude09 Semana<strong> 1<\/strong>: localizaci\u00f3n, geograf\u00eda f\u00edsica. \u00a0Semana <strong>2<\/strong>: origen de Roma. Semana<strong> 3<\/strong>: periodos hist\u00f3ricos. Semana <strong>4<\/strong>: sociedad romana. Semana <strong>5<\/strong>: religi\u00f3n romana. Semana <strong>6<\/strong>: arte en la roma antigua. Semana 7: ca\u00edda del imperio romano.<\/p>\n<p>Adem\u00e1s encontrar\u00e1s varias p\u00e1ginas de <strong>material adicional<\/strong> para la lengua romana, el <strong>lat\u00edn<\/strong>, con plantillas para \u00abpalabras nuevas\u00bb y para la <strong>numeraci\u00f3n romana<\/strong>, utilizando monedas como ayuda.<\/p>\n<figure style=\"width: 583px\" class=\"wp-caption aligncenter\"><a href=\"https:\/\/www.educativosmeninheira.com\/formacion\/antiguaroma\/index.html\"><img fetchpriority=\"high\" decoding=\"async\" class=\"\" src=\"https:\/\/www.educativosmeninheira.com\/formacion\/antiguaroma\/img\/HEADER_INDEX_Roma%20Antigua.jpg\" alt=\"\" width=\"583\" height=\"346\" \/><\/a><figcaption class=\"wp-caption-text\">Click en la imagen para ampliar informaci\u00f3n.<\/figcaption><\/figure>\n<p><strong>Este lapbook sobre la Antigua Roma est\u00e1 DIRIGIDO A TODAS LAS EDADES! <\/strong>pues como todos mis lapbooks, puede ser utilizado para un amplio rango de edades, pues puedes ir proporcion\u00e1ndole las plantillas m\u00e1s adecuadas para su nivel cognitivo.<\/p>\n<p><strong>Todas las p\u00e1ginas de este PDF est\u00e1n preparadas para que las puedas imprimir en casa<\/strong>, pues adem\u00e1s de ser \u00ab<em>print friendly<\/em>\u00ab, se imprimen en formato A4.<\/p>\n<p><strong>&#8230;&#8230;&#8230;&#8230;&#8230;&#8230;&#8230;&#8230;&#8230;&#8230;&#8230;&#8230;&#8230;&#8230;&#8230;&#8230;. Podeis ver un v\u00eddeo con el producto montado en <a href=\"https:\/\/youtu.be\/WbDzusb6AyY\" target=\"_blank\" rel=\"noopener\">MI CANAL DE YOUTUBE<\/a><\/strong><\/p>\n<figure id=\"attachment_1633\" aria-describedby=\"caption-attachment-1633\" style=\"width: 1024px\" class=\"wp-caption aligncenter\"><img decoding=\"async\" class=\"wp-image-1633 size-large\" src=\"https:\/\/educativosmeninheira.com\/imprimibles\/wp-content\/uploads\/2021\/02\/CAVE-CANEM-1024x630.jpg\" alt=\"Kimchi. Podenco portugu\u00e9s de capa negra\" width=\"1024\" height=\"630\" srcset=\"https:\/\/educativosmeninheira.com\/imprimibles\/wp-content\/uploads\/2021\/02\/CAVE-CANEM-1024x630.jpg 1024w, https:\/\/educativosmeninheira.com\/imprimibles\/wp-content\/uploads\/2021\/02\/CAVE-CANEM-300x185.jpg 300w, https:\/\/educativosmeninheira.com\/imprimibles\/wp-content\/uploads\/2021\/02\/CAVE-CANEM-768x472.jpg 768w, https:\/\/educativosmeninheira.com\/imprimibles\/wp-content\/uploads\/2021\/02\/CAVE-CANEM-1536x945.jpg 1536w, https:\/\/educativosmeninheira.com\/imprimibles\/wp-content\/uploads\/2021\/02\/CAVE-CANEM-2048x1260.jpg 2048w, https:\/\/educativosmeninheira.com\/imprimibles\/wp-content\/uploads\/2021\/02\/CAVE-CANEM-600x369.jpg 600w\" sizes=\"(max-width: 1024px) 100vw, 1024px\" \/><figcaption id=\"caption-attachment-1633\" class=\"wp-caption-text\"><em><strong>Kimchi<\/strong><\/em>, integrante peludo de nuestra familia, es un podenco portug\u00e9s de capa negra y siempre participa<\/figcaption><\/figure>\n<p>&nbsp;<\/p>\n<h3 class=\"gmail_default\" style=\"text-align: center;\"><strong>__________________________________________________________________<\/strong><\/h3>\n<h3 class=\"gmail_default\"><strong>\u273f <\/strong><strong>\u273f\u00a0<\/strong><strong>\u273f\u00a0<\/strong><strong>IMPORTANTE<\/strong><\/h3>\n<div class=\"gmail_default\" style=\"text-align: right;\"><strong>1. Esto es un producto digital, <\/strong>no se envia ning\u00fan produto f\u00edsico,<\/div>\n<div class=\"gmail_default\" style=\"text-align: right;\">una vez completada la compra, se proporciona un link para descargar el art\u00edculo comprado.<br \/>\n<strong>2. Los colores pueden cambiar<\/strong> ligeramente de la pantalla a la impresi\u00f3n.<br \/>\n<strong>3. Por favor, no compartas el PDF <\/strong>si alguien te pide los archivos,<br \/>\nenv\u00edale link a la p\u00e1gina, los productos tienen un precio econ\u00f3mico.<\/div>\n<div class=\"gmail_default\" style=\"text-align: right;\">\n<p><strong>4.<\/strong> Podr\u00e1s <strong>descargar el art\u00edculo<\/strong> las veces que quieras en &gt;mi cuenta &gt;orders<\/p>\n<\/div>\n<div class=\"gmail_default\" style=\"text-align: right;\">.<br \/>\n\u2665 \u00a1GRACIAS \u2665<br \/>\nEstos art\u00edculos contribuyen a la econom\u00eda dom\u00e9stica.<\/div>\n<h2 class=\"gmail_default\"><strong>\u273f Somos <\/strong>ECONOM\u00cdA LOCAL\u2026 pero digital.<\/h2>\n","protected":false},"excerpt":{"rendered":"<p>\u00a9\u00a02020 Este PDF contiene las plantillas para elaborar un lapbook\u00a0 y cada \u00abtema\u00bb se acompa\u00f1a con un una peque\u00f1a explicaci\u00f3n que puede utilizarse de gu\u00eda por los padres o por el alumno, aunque de ninguna manera este imprimible pretende ser una unidad did\u00e1ctica (lesson plan). Enfocado para que puedas aprender de manera divertida un mont\u00f3n [&hellip;]<\/p>\n","protected":false},"featured_media":376,"comment_status":"open","ping_status":"closed","template":"","meta":{"site-sidebar-layout":"default","site-content-layout":"default","ast-site-content-layout":"default","site-content-style":"default","site-sidebar-style":"default","ast-global-header-display":"","ast-banner-title-visibility":"","ast-main-header-display":"","ast-hfb-above-header-display":"","ast-hfb-below-header-display":"","ast-hfb-mobile-header-display":"","site-post-title":"","ast-breadcrumbs-content":"","ast-featured-img":"","footer-sml-layout":"","theme-transparent-header-meta":"default","adv-header-id-meta":"","stick-header-meta":"","header-above-stick-meta":"","header-main-stick-meta":"","header-below-stick-meta":"","astra-migrate-meta-layouts":"set","ast-page-background-enabled":"default","ast-page-background-meta":{"desktop":{"background-color":"var(--ast-global-color-4)","background-image":"","background-repeat":"repeat","background-position":"center center","background-size":"auto","background-attachment":"scroll","background-type":"","background-media":"","overlay-type":"","overlay-color":"","overlay-gradient":""},"tablet":{"background-color":"","background-image":"","background-repeat":"repeat","background-position":"center center","background-size":"auto","background-attachment":"scroll","background-type":"","background-media":"","overlay-type":"","overlay-color":"","overlay-gradient":""},"mobile":{"background-color":"","background-image":"","background-repeat":"repeat","background-position":"center center","background-size":"auto","background-attachment":"scroll","background-type":"","background-media":"","overlay-type":"","overlay-color":"","overlay-gradient":""}},"ast-content-background-meta":{"desktop":{"background-color":"var(--ast-global-color-5)","background-image":"","background-repeat":"repeat","background-position":"center center","background-size":"auto","background-attachment":"scroll","background-type":"","background-media":"","overlay-type":"","overlay-color":"","overlay-gradient":""},"tablet":{"background-color":"var(--ast-global-color-5)","background-image":"","background-repeat":"repeat","background-position":"center center","background-size":"auto","background-attachment":"scroll","background-type":"","background-media":"","overlay-type":"","overlay-color":"","overlay-gradient":""},"mobile":{"background-color":"var(--ast-global-color-5)","background-image":"","background-repeat":"repeat","background-position":"center center","background-size":"auto","background-attachment":"scroll","background-type":"","background-media":"","overlay-type":"","overlay-color":"","overlay-gradient":""}}},"product_cat":[15,21,17],"product_tag":[],"class_list":{"0":"post-355","1":"product","2":"type-product","3":"status-publish","4":"has-post-thumbnail","6":"product_cat-sin-categorizar","7":"product_cat-curriculum-de-historia","8":"product_cat-lapbook","9":"desktop-align-left","10":"tablet-align-left","11":"mobile-align-left","13":"first","14":"instock","15":"downloadable","16":"virtual","17":"taxable","18":"purchasable","19":"product-type-simple"},"yoast_head":"<!-- This site is optimized with the Yoast SEO plugin v22.4 - https:\/\/yoast.com\/wordpress\/plugins\/seo\/ -->\n<title>Lapbook sobre la Antigua Roma - Educativos<\/title>\n<meta name=\"description\" content=\"lapbook sobre la antigua roma en espa\u00f1ol\" \/>\n<meta name=\"robots\" content=\"index, follow, max-snippet:-1, max-image-preview:large, max-video-preview:-1\" \/>\n<link rel=\"canonical\" href=\"https:\/\/educativosmeninheira.com\/imprimibles\/producto\/lapbook-antigua-roma\/\" \/>\n<meta property=\"og:locale\" content=\"es_ES\" \/>\n<meta property=\"og:type\" content=\"article\" \/>\n<meta property=\"og:title\" content=\"Lapbook sobre la Antigua Roma - Educativos\" \/>\n<meta property=\"og:description\" content=\"lapbook sobre la antigua roma en espa\u00f1ol\" \/>\n<meta property=\"og:url\" content=\"https:\/\/educativosmeninheira.com\/imprimibles\/producto\/lapbook-antigua-roma\/\" \/>\n<meta property=\"og:site_name\" content=\"Educativos\" \/>\n<meta property=\"article:modified_time\" content=\"2024-12-26T11:23:49+00:00\" \/>\n<meta property=\"og:image\" content=\"https:\/\/educativosmeninheira.com\/imprimibles\/wp-content\/uploads\/2021\/02\/LAPBOOK-ANTIGUA-ROMA-0.jpg\" \/>\n\t<meta property=\"og:image:width\" content=\"1080\" \/>\n\t<meta property=\"og:image:height\" content=\"1080\" \/>\n\t<meta property=\"og:image:type\" content=\"image\/jpeg\" \/>\n<meta name=\"twitter:card\" content=\"summary_large_image\" \/>\n<meta name=\"twitter:label1\" content=\"Tiempo de lectura\" \/>\n\t<meta name=\"twitter:data1\" content=\"3 minutos\" \/>\n<script type=\"application\/ld+json\" class=\"yoast-schema-graph\">{\"@context\":\"https:\/\/schema.org\",\"@graph\":[{\"@type\":\"WebPage\",\"@id\":\"https:\/\/educativosmeninheira.com\/imprimibles\/producto\/lapbook-antigua-roma\/\",\"url\":\"https:\/\/educativosmeninheira.com\/imprimibles\/producto\/lapbook-antigua-roma\/\",\"name\":\"Lapbook sobre la Antigua Roma - Educativos\",\"isPartOf\":{\"@id\":\"https:\/\/educativosmeninheira.com\/imprimibles\/#website\"},\"primaryImageOfPage\":{\"@id\":\"https:\/\/educativosmeninheira.com\/imprimibles\/producto\/lapbook-antigua-roma\/#primaryimage\"},\"image\":{\"@id\":\"https:\/\/educativosmeninheira.com\/imprimibles\/producto\/lapbook-antigua-roma\/#primaryimage\"},\"thumbnailUrl\":\"https:\/\/educativosmeninheira.com\/imprimibles\/wp-content\/uploads\/2021\/02\/LAPBOOK-ANTIGUA-ROMA-0.jpg\",\"datePublished\":\"2021-02-18T18:57:56+00:00\",\"dateModified\":\"2024-12-26T11:23:49+00:00\",\"description\":\"lapbook sobre la antigua roma en espa\u00f1ol\",\"breadcrumb\":{\"@id\":\"https:\/\/educativosmeninheira.com\/imprimibles\/producto\/lapbook-antigua-roma\/#breadcrumb\"},\"inLanguage\":\"es\",\"potentialAction\":[{\"@type\":\"ReadAction\",\"target\":[\"https:\/\/educativosmeninheira.com\/imprimibles\/producto\/lapbook-antigua-roma\/\"]}]},{\"@type\":\"ImageObject\",\"inLanguage\":\"es\",\"@id\":\"https:\/\/educativosmeninheira.com\/imprimibles\/producto\/lapbook-antigua-roma\/#primaryimage\",\"url\":\"https:\/\/educativosmeninheira.com\/imprimibles\/wp-content\/uploads\/2021\/02\/LAPBOOK-ANTIGUA-ROMA-0.jpg\",\"contentUrl\":\"https:\/\/educativosmeninheira.com\/imprimibles\/wp-content\/uploads\/2021\/02\/LAPBOOK-ANTIGUA-ROMA-0.jpg\",\"width\":1080,\"height\":1080},{\"@type\":\"BreadcrumbList\",\"@id\":\"https:\/\/educativosmeninheira.com\/imprimibles\/producto\/lapbook-antigua-roma\/#breadcrumb\",\"itemListElement\":[{\"@type\":\"ListItem\",\"position\":1,\"name\":\"Home\",\"item\":\"https:\/\/educativosmeninheira.com\/imprimibles\/\"},{\"@type\":\"ListItem\",\"position\":2,\"name\":\"Tienda\",\"item\":\"https:\/\/educativosmeninheira.com\/imprimibles\/tienda\/\"},{\"@type\":\"ListItem\",\"position\":3,\"name\":\"Lapbook sobre la Antigua Roma\"}]},{\"@type\":\"WebSite\",\"@id\":\"https:\/\/educativosmeninheira.com\/imprimibles\/#website\",\"url\":\"https:\/\/educativosmeninheira.com\/imprimibles\/\",\"name\":\"Educativos\",\"description\":\"\",\"publisher\":{\"@id\":\"https:\/\/educativosmeninheira.com\/imprimibles\/#organization\"},\"potentialAction\":[{\"@type\":\"SearchAction\",\"target\":{\"@type\":\"EntryPoint\",\"urlTemplate\":\"https:\/\/educativosmeninheira.com\/imprimibles\/?s={search_term_string}\"},\"query-input\":\"required name=search_term_string\"}],\"inLanguage\":\"es\"},{\"@type\":\"Organization\",\"@id\":\"https:\/\/educativosmeninheira.com\/imprimibles\/#organization\",\"name\":\"Educativos\",\"url\":\"https:\/\/educativosmeninheira.com\/imprimibles\/\",\"logo\":{\"@type\":\"ImageObject\",\"inLanguage\":\"es\",\"@id\":\"https:\/\/educativosmeninheira.com\/imprimibles\/#\/schema\/logo\/image\/\",\"url\":\"https:\/\/educativosmeninheira.com\/imprimibles\/wp-content\/uploads\/2024\/03\/LOGO-Educativos-meninheira.png\",\"contentUrl\":\"https:\/\/educativosmeninheira.com\/imprimibles\/wp-content\/uploads\/2024\/03\/LOGO-Educativos-meninheira.png\",\"width\":2194,\"height\":2145,\"caption\":\"Educativos\"},\"image\":{\"@id\":\"https:\/\/educativosmeninheira.com\/imprimibles\/#\/schema\/logo\/image\/\"}}]}<\/script>\n<!-- \/ Yoast SEO plugin. -->","yoast_head_json":{"title":"Lapbook sobre la Antigua Roma - Educativos","description":"lapbook sobre la antigua roma en espa\u00f1ol","robots":{"index":"index","follow":"follow","max-snippet":"max-snippet:-1","max-image-preview":"max-image-preview:large","max-video-preview":"max-video-preview:-1"},"canonical":"https:\/\/educativosmeninheira.com\/imprimibles\/producto\/lapbook-antigua-roma\/","og_locale":"es_ES","og_type":"article","og_title":"Lapbook sobre la Antigua Roma - Educativos","og_description":"lapbook sobre la antigua roma en espa\u00f1ol","og_url":"https:\/\/educativosmeninheira.com\/imprimibles\/producto\/lapbook-antigua-roma\/","og_site_name":"Educativos","article_modified_time":"2024-12-26T11:23:49+00:00","og_image":[{"width":1080,"height":1080,"url":"https:\/\/educativosmeninheira.com\/imprimibles\/wp-content\/uploads\/2021\/02\/LAPBOOK-ANTIGUA-ROMA-0.jpg","type":"image\/jpeg"}],"twitter_card":"summary_large_image","twitter_misc":{"Tiempo de lectura":"3 minutos"},"schema":{"@context":"https:\/\/schema.org","@graph":[{"@type":"WebPage","@id":"https:\/\/educativosmeninheira.com\/imprimibles\/producto\/lapbook-antigua-roma\/","url":"https:\/\/educativosmeninheira.com\/imprimibles\/producto\/lapbook-antigua-roma\/","name":"Lapbook sobre la Antigua Roma - Educativos","isPartOf":{"@id":"https:\/\/educativosmeninheira.com\/imprimibles\/#website"},"primaryImageOfPage":{"@id":"https:\/\/educativosmeninheira.com\/imprimibles\/producto\/lapbook-antigua-roma\/#primaryimage"},"image":{"@id":"https:\/\/educativosmeninheira.com\/imprimibles\/producto\/lapbook-antigua-roma\/#primaryimage"},"thumbnailUrl":"https:\/\/educativosmeninheira.com\/imprimibles\/wp-content\/uploads\/2021\/02\/LAPBOOK-ANTIGUA-ROMA-0.jpg","datePublished":"2021-02-18T18:57:56+00:00","dateModified":"2024-12-26T11:23:49+00:00","description":"lapbook sobre la antigua roma en espa\u00f1ol","breadcrumb":{"@id":"https:\/\/educativosmeninheira.com\/imprimibles\/producto\/lapbook-antigua-roma\/#breadcrumb"},"inLanguage":"es","potentialAction":[{"@type":"ReadAction","target":["https:\/\/educativosmeninheira.com\/imprimibles\/producto\/lapbook-antigua-roma\/"]}]},{"@type":"ImageObject","inLanguage":"es","@id":"https:\/\/educativosmeninheira.com\/imprimibles\/producto\/lapbook-antigua-roma\/#primaryimage","url":"https:\/\/educativosmeninheira.com\/imprimibles\/wp-content\/uploads\/2021\/02\/LAPBOOK-ANTIGUA-ROMA-0.jpg","contentUrl":"https:\/\/educativosmeninheira.com\/imprimibles\/wp-content\/uploads\/2021\/02\/LAPBOOK-ANTIGUA-ROMA-0.jpg","width":1080,"height":1080},{"@type":"BreadcrumbList","@id":"https:\/\/educativosmeninheira.com\/imprimibles\/producto\/lapbook-antigua-roma\/#breadcrumb","itemListElement":[{"@type":"ListItem","position":1,"name":"Home","item":"https:\/\/educativosmeninheira.com\/imprimibles\/"},{"@type":"ListItem","position":2,"name":"Tienda","item":"https:\/\/educativosmeninheira.com\/imprimibles\/tienda\/"},{"@type":"ListItem","position":3,"name":"Lapbook sobre la Antigua Roma"}]},{"@type":"WebSite","@id":"https:\/\/educativosmeninheira.com\/imprimibles\/#website","url":"https:\/\/educativosmeninheira.com\/imprimibles\/","name":"Educativos","description":"","publisher":{"@id":"https:\/\/educativosmeninheira.com\/imprimibles\/#organization"},"potentialAction":[{"@type":"SearchAction","target":{"@type":"EntryPoint","urlTemplate":"https:\/\/educativosmeninheira.com\/imprimibles\/?s={search_term_string}"},"query-input":"required name=search_term_string"}],"inLanguage":"es"},{"@type":"Organization","@id":"https:\/\/educativosmeninheira.com\/imprimibles\/#organization","name":"Educativos","url":"https:\/\/educativosmeninheira.com\/imprimibles\/","logo":{"@type":"ImageObject","inLanguage":"es","@id":"https:\/\/educativosmeninheira.com\/imprimibles\/#\/schema\/logo\/image\/","url":"https:\/\/educativosmeninheira.com\/imprimibles\/wp-content\/uploads\/2024\/03\/LOGO-Educativos-meninheira.png","contentUrl":"https:\/\/educativosmeninheira.com\/imprimibles\/wp-content\/uploads\/2024\/03\/LOGO-Educativos-meninheira.png","width":2194,"height":2145,"caption":"Educativos"},"image":{"@id":"https:\/\/educativosmeninheira.com\/imprimibles\/#\/schema\/logo\/image\/"}}]}},"_links":{"self":[{"href":"https:\/\/educativosmeninheira.com\/imprimibles\/wp-json\/wp\/v2\/product\/355","targetHints":{"allow":["GET"]}}],"collection":[{"href":"https:\/\/educativosmeninheira.com\/imprimibles\/wp-json\/wp\/v2\/product"}],"about":[{"href":"https:\/\/educativosmeninheira.com\/imprimibles\/wp-json\/wp\/v2\/types\/product"}],"replies":[{"embeddable":true,"href":"https:\/\/educativosmeninheira.com\/imprimibles\/wp-json\/wp\/v2\/comments?post=355"}],"wp:featuredmedia":[{"embeddable":true,"href":"https:\/\/educativosmeninheira.com\/imprimibles\/wp-json\/wp\/v2\/media\/376"}],"wp:attachment":[{"href":"https:\/\/educativosmeninheira.com\/imprimibles\/wp-json\/wp\/v2\/media?parent=355"}],"wp:term":[{"taxonomy":"product_cat","embeddable":true,"href":"https:\/\/educativosmeninheira.com\/imprimibles\/wp-json\/wp\/v2\/product_cat?post=355"},{"taxonomy":"product_tag","embeddable":true,"href":"https:\/\/educativosmeninheira.com\/imprimibles\/wp-json\/wp\/v2\/product_tag?post=355"}],"curies":[{"name":"wp","href":"https:\/\/api.w.org\/{rel}","templated":true}]}}