{"id":382,"date":"2021-02-19T11:18:48","date_gmt":"2021-02-19T11:18:48","guid":{"rendered":"https:\/\/educativosmeninheira.com\/imprimibles\/?post_type=product&#038;p=382"},"modified":"2025-01-03T10:38:11","modified_gmt":"2025-01-03T10:38:11","slug":"agenda-organizadora-hogar","status":"publish","type":"product","link":"https:\/\/educativosmeninheira.com\/imprimibles\/producto\/agenda-organizadora-hogar\/","title":{"rendered":"AGENDA ORGANIZADORA PARA EL HOGAR"},"content":{"rendered":"<p>Con esta agenda vamos a mantener la organizaci\u00f3n hogare\u00f1a al d\u00eda, utilizando las diferentes plantillas para realizar un seguimiento de las tareas dom\u00e9sticas. Estas plantillas organizativas est\u00e1n realizadas con un formato atractivo y f\u00e1cil de usar, sea cual sea tu estilo de limpieza y de organizaci\u00f3n, y combinados entre s\u00ed te proporcionar\u00e1n una estupenda herramienta para gestionar tu hogar, manteniendo adem\u00e1s toda la informaci\u00f3n valiosa centralizada en un s\u00f3lo lugar. Adem\u00e1s el documento est\u00e1 dise\u00f1ado para ser utilizado las veces que se desee, a\u00f1o tras a\u00f1o, sin fecha de caducidad.<\/p>\n<p>Est\u00e1n preparados para imprimir en formato A4<\/p>\n<p>Puedes ver m\u00e1s im\u00e1genes en la p\u00e1gina de FB<\/p>\n<p><strong>\u2665\u2665\u2665\u2665\u2665\u2665\u2665\u2665\u2665\u2665\u2665\u2665\u2665\u2665\u2665\u2665\u2665\u2665\u2665\u2665\u2665\u2665\u2665\u2665\u2665 El contenido es el siguiente:<\/strong><br \/>\n<strong>\u2665 Portada<\/strong> de la agenda de organizaci\u00f3n del hogar, para imprimir a todo color y que nos quede una preciosa encuadernaci\u00f3n.<\/p>\n<p><strong>\u2665 Contraportada<\/strong>, con espacio para poner el a\u00f1o en curso, un recuadro con nuestro contacto por si se extrav\u00eda la agenda y otro recuadro para tener los tel\u00e9fonos de emergencia localizados al momento.<\/p>\n<p><strong>\u2665 Calendarios:<br \/>\n<\/strong>&#8212;&#8212;&#8212;- Calendario perpetuo (2 modelos distintos) y\u00a0 Calendario mes a mes<br \/>\n&#8212;&#8212;&#8212;-Plantilla mes a mes para anotar los cumplea\u00f1os y otros d\u00edas importantes para la familia y Plantilla mes a mes vac\u00eda.<\/p>\n<p><strong>\u2665 Plantillas diversas para organizarse<br \/>\n<\/strong>\u2665\u2665 \u2665 \u2665 En la cocina:<br \/>\n&#8212;&#8212;&#8212;- Men\u00fa semanal.<br \/>\n&#8212;&#8212;&#8212;-Rutinas semanales en la cocina: limpieza y despensa.<br \/>\n&#8212;&#8212;&#8212;- Inventario despensa (dos versiones: una vac\u00eda y otra con productos) e Inventario congelador.<br \/>\n&#8212;&#8212;&#8212;- Ideas para comidas, meriendas y cenas (con plantillas para verano e invierno)<br \/>\n&#8212;&#8212;&#8212;- Dorsal de la plantilla de \u201cIdeas para&#8230;\u201d<br \/>\n&#8212;&#8212;&#8212;-\u00a0 Calendario de temporada con plantilla para cada estaci\u00f3n, para qu\u00e9 tengas anotado qu\u00e9 comer en cada estaci\u00f3n. Fuente: Gu\u00eda Miguel\u00edn (http:\/\/www.guiamiguelin.com\/util\/temporada.html).<br \/>\n&#8212;&#8212;&#8212;-\u00a0 Mercados, fuentes locales de alimentos de temporada.<br \/>\n&#8212;&#8212;&#8212;-\u00a0 Plantilla para organizar la preparaci\u00f3n de una fiesta en casa (anverso y reverso).<br \/>\n&#8212;&#8212;&#8212;-\u00a0 Plantillas para recetas (anverso y reverso).<\/p>\n<p>\u2665\u2665 \u2665 \u2665 En la casa en general:<br \/>\n&#8212;&#8212;&#8212;-\u00a0 Plantilla de rutinas diarias con 5 espacios. Una para la ma\u00f1ana, otra para la tarde y otra para la noche.<br \/>\n&#8212;&#8212;&#8212;-\u00a0Plantilla de rutinas diarias, la ma\u00f1ana: despertando, cocina y tiempo para t\u00ed.<br \/>\n&#8212;&#8212;&#8212;-\u00a0 Plantilla de rutinas diarias, la tarde: casa, familia y cocina.<br \/>\n&#8212;&#8212;&#8212;-\u00a0Plantilla de rutinas diarias, la noche: limpieza general, preparando el d\u00eda siguiente y tiempo para t\u00ed.<br \/>\n&#8212;&#8212;&#8212;-\u00a0Plantilla de resoluciones personales.<br \/>\n&#8212;&#8212;&#8212;- Metas familiares de a\u00f1o nuevo.<br \/>\n&#8212;&#8212;&#8212;-\u00a0Proyectos personales, so\u00f1ados o en marcha.<br \/>\n&#8212;&#8212;&#8212;-\u00a0 Notas para la ni\u00f1era.<br \/>\n&#8212;&#8212;&#8212;-\u00a0 Apuntes de la mascota.<br \/>\n&#8212;&#8212;&#8212;-\u00a0 Asignaci\u00f3n de tareas.<\/p>\n<p><strong>\u2665 Listas y m\u00e1s listas<\/strong><br \/>\n&#8212;&#8212;&#8212;-\u00a0 Notas para la lista de la compra. Dos versiones, color y blanco\/negro.<br \/>\n&#8212;&#8212;&#8212;-\u00a0 Lista de cosas para hacer&#8230; alg\u00fan d\u00eda.<br \/>\n&#8212;&#8212;&#8212;-\u00a0 Lista de deseos, cositas que quiero tener&#8230; alg\u00fan d\u00eda.<br \/>\n&#8212;&#8212;&#8212;-\u00a0 Lista de deseos de los ni\u00f1os.<br \/>\n&#8212;&#8212;&#8212;-\u00a0 Lista de ideas para regalos.<br \/>\n&#8212;&#8212;&#8212;-\u00a0 Planeando el fin de semana, ideas para divertirse.<br \/>\n&#8212;&#8212;&#8212;-\u00a0 Lista de libros que deseo leer.<br \/>\n&#8212;&#8212;&#8212;-\u00a0 Lista de comprobaci\u00f3n, tareas de limpieza.<br \/>\n&#8212;&#8212;&#8212;-\u00a0 Lista de comprobaci\u00f3n, tareas diarias.<br \/>\n&#8212;&#8212;&#8212;-\u00a0 Lista de comprobaci\u00f3n, nos vamos de viaje. Versi\u00f3n vac\u00eda.<br \/>\n&#8212;&#8212;&#8212;-\u00a0 Lista de comprobaci\u00f3n, nos vamos de viaje. Versi\u00f3n con propuestas.<br \/>\n&#8212;&#8212;&#8212;-\u00a0 Lista de comprobaci\u00f3n, nos vamos de acampada. Versi\u00f3n vac\u00eda.<br \/>\n&#8212;&#8212;&#8212;-\u00a0 Lista de comprobaci\u00f3n, nos vamos de acampada. Versi\u00f3n con propuestas.<br \/>\n&#8212;&#8212;&#8212;-\u00a0 Listado de contrase\u00f1as web.<\/p>\n<p><strong>\u2665 Contactos<\/strong><br \/>\n&#8212;&#8212;&#8212;-\u00a0 Contactos importantes para esta familia (3 plantillas).<br \/>\n&#8212;&#8212;&#8212;-\u00a0 Tallas y medidas de esta familia.<br \/>\n&#8212;&#8212;&#8212;-\u00a0 Historial m\u00e9dico-familiar (8 plantillas ).<br \/>\n&#8212;&#8212;&#8212;-\u00a0 Agenda de tel\u00e9fonos (anverso y reverso).<\/p>\n<p><strong>\u2665 Varios<\/strong><br \/>\n&#8212;&#8212;&#8212;-\u00a0 Plantilla para el mantenimiento del coche.<br \/>\n&#8212;&#8212;&#8212;-\u00a0 Mantenimiento del hogar.<\/p>\n<p><strong>\u2665 Papeler\u00eda<\/strong><br \/>\n&#8212;&#8212;&#8212;-\u00a0 Papel de cartas a juego con la agenda en 4 colores apropiados para cada estaci\u00f3n.<br \/>\n&#8212;&#8212;&#8212;-\u00a0 Tarjetas de adorno, para utilizar para regalos, para poner en las magdalenas,&#8230;<\/p>\n<p style=\"text-align: center;\"><strong>En total, m\u00e1s de 100 p\u00e1ginas para organizarte.<\/strong><\/p>\n<h3 class=\"gmail_default\"><strong>\u273f\u00a0<\/strong><strong>\u273f\u00a0<\/strong><strong>\u273f\u00a0<\/strong><strong>IMPORTANTE<\/strong><\/h3>\n<div class=\"gmail_default\" style=\"text-align: right;\"><strong>1. Esto es un producto digital, <\/strong>no se envia ning\u00fan produto f\u00edsico,<\/div>\n<div class=\"gmail_default\" style=\"text-align: right;\">una vez completada la compra. se proporciona un link para descargar el art\u00edculo comprado.<br \/>\n<strong>2. Los colores pueden cambiar<\/strong> ligeiramente de la pantalla a la impresi\u00f3n.<br \/>\n<strong>3. Por favor, no compartas el PDF<\/strong>,<br \/>\nsi alguien te pide los archivos env\u00edalo a la p\u00e1gina, los productos son econ\u00f3micos.<\/div>\n<div class=\"gmail_default\" style=\"text-align: right;\"><strong>4.<\/strong> Podr\u00e1s descargar el art\u00edculo cuantas veces quieras.<\/div>\n<div>\u2665\ufe0f \u00a1Gracias! \u2665\ufe0f<\/div>\n<div class=\"gmail_default\" style=\"text-align: right;\"><\/div>\n<h2 class=\"gmail_default\"><strong>\u273f Somos <\/strong>ECONOM\u00cdA LOCAL\u2026 digital.<\/h2>\n","protected":false},"excerpt":{"rendered":"<p>Con esta agenda vamos a mantener la organizaci\u00f3n hogare\u00f1a al d\u00eda, utilizando las diferentes plantillas para realizar un seguimiento de las tareas dom\u00e9sticas. Estas plantillas organizativas est\u00e1n realizadas con un formato atractivo y f\u00e1cil de usar, sea cual sea tu estilo de limpieza y de organizaci\u00f3n, y combinados entre s\u00ed te proporcionar\u00e1n una estupenda herramienta [&hellip;]<\/p>\n","protected":false},"featured_media":959,"comment_status":"open","ping_status":"closed","template":"","meta":{"site-sidebar-layout":"default","site-content-layout":"default","ast-site-content-layout":"default","site-content-style":"default","site-sidebar-style":"default","ast-global-header-display":"","ast-banner-title-visibility":"","ast-main-header-display":"","ast-hfb-above-header-display":"","ast-hfb-below-header-display":"","ast-hfb-mobile-header-display":"","site-post-title":"","ast-breadcrumbs-content":"","ast-featured-img":"","footer-sml-layout":"","theme-transparent-header-meta":"default","adv-header-id-meta":"","stick-header-meta":"","header-above-stick-meta":"","header-main-stick-meta":"","header-below-stick-meta":"","astra-migrate-meta-layouts":"set","ast-page-background-enabled":"default","ast-page-background-meta":{"desktop":{"background-color":"var(--ast-global-color-4)","background-image":"","background-repeat":"repeat","background-position":"center center","background-size":"auto","background-attachment":"scroll","background-type":"","background-media":"","overlay-type":"","overlay-color":"","overlay-gradient":""},"tablet":{"background-color":"","background-image":"","background-repeat":"repeat","background-position":"center center","background-size":"auto","background-attachment":"scroll","background-type":"","background-media":"","overlay-type":"","overlay-color":"","overlay-gradient":""},"mobile":{"background-color":"","background-image":"","background-repeat":"repeat","background-position":"center center","background-size":"auto","background-attachment":"scroll","background-type":"","background-media":"","overlay-type":"","overlay-color":"","overlay-gradient":""}},"ast-content-background-meta":{"desktop":{"background-color":"var(--ast-global-color-5)","background-image":"","background-repeat":"repeat","background-position":"center center","background-size":"auto","background-attachment":"scroll","background-type":"","background-media":"","overlay-type":"","overlay-color":"","overlay-gradient":""},"tablet":{"background-color":"var(--ast-global-color-5)","background-image":"","background-repeat":"repeat","background-position":"center center","background-size":"auto","background-attachment":"scroll","background-type":"","background-media":"","overlay-type":"","overlay-color":"","overlay-gradient":""},"mobile":{"background-color":"var(--ast-global-color-5)","background-image":"","background-repeat":"repeat","background-position":"center center","background-size":"auto","background-attachment":"scroll","background-type":"","background-media":"","overlay-type":"","overlay-color":"","overlay-gradient":""}}},"product_cat":[15,36,40],"product_tag":[48],"class_list":{"0":"post-382","1":"product","2":"type-product","3":"status-publish","4":"has-post-thumbnail","6":"product_cat-sin-categorizar","7":"product_cat-agenda","8":"product_cat-organizacion","9":"product_tag-organizacion","10":"desktop-align-left","11":"tablet-align-left","12":"mobile-align-left","14":"first","15":"instock","16":"downloadable","17":"virtual","18":"taxable","19":"purchasable","20":"product-type-simple"},"yoast_head":"<!-- This site is optimized with the Yoast SEO plugin v22.4 - https:\/\/yoast.com\/wordpress\/plugins\/seo\/ -->\n<title>AGENDA ORGANIZADORA PARA EL HOGAR - Educativos<\/title>\n<meta name=\"robots\" content=\"index, follow, max-snippet:-1, max-image-preview:large, max-video-preview:-1\" \/>\n<link rel=\"canonical\" href=\"https:\/\/educativosmeninheira.com\/imprimibles\/producto\/agenda-organizadora-hogar\/\" \/>\n<meta property=\"og:locale\" content=\"es_ES\" \/>\n<meta property=\"og:type\" content=\"article\" \/>\n<meta property=\"og:title\" content=\"AGENDA ORGANIZADORA PARA EL HOGAR - Educativos\" \/>\n<meta property=\"og:description\" content=\"Con esta agenda vamos a mantener la organizaci\u00f3n hogare\u00f1a al d\u00eda, utilizando las diferentes plantillas para realizar un seguimiento de las tareas dom\u00e9sticas. Estas plantillas organizativas est\u00e1n realizadas con un formato atractivo y f\u00e1cil de usar, sea cual sea tu estilo de limpieza y de organizaci\u00f3n, y combinados entre s\u00ed te proporcionar\u00e1n una estupenda herramienta [&hellip;]\" \/>\n<meta property=\"og:url\" content=\"https:\/\/educativosmeninheira.com\/imprimibles\/producto\/agenda-organizadora-hogar\/\" \/>\n<meta property=\"og:site_name\" content=\"Educativos\" \/>\n<meta property=\"article:modified_time\" content=\"2025-01-03T10:38:11+00:00\" \/>\n<meta property=\"og:image\" content=\"https:\/\/educativosmeninheira.com\/imprimibles\/wp-content\/uploads\/2021\/02\/AGENDA-ORGANIZACION-HOGAR-0.jpg\" \/>\n\t<meta property=\"og:image:width\" content=\"1080\" \/>\n\t<meta property=\"og:image:height\" content=\"1080\" \/>\n\t<meta property=\"og:image:type\" content=\"image\/jpeg\" \/>\n<meta name=\"twitter:card\" content=\"summary_large_image\" \/>\n<meta name=\"twitter:label1\" content=\"Tiempo de lectura\" \/>\n\t<meta name=\"twitter:data1\" content=\"4 minutos\" \/>\n<script type=\"application\/ld+json\" class=\"yoast-schema-graph\">{\"@context\":\"https:\/\/schema.org\",\"@graph\":[{\"@type\":\"WebPage\",\"@id\":\"https:\/\/educativosmeninheira.com\/imprimibles\/producto\/agenda-organizadora-hogar\/\",\"url\":\"https:\/\/educativosmeninheira.com\/imprimibles\/producto\/agenda-organizadora-hogar\/\",\"name\":\"AGENDA ORGANIZADORA PARA EL HOGAR - Educativos\",\"isPartOf\":{\"@id\":\"https:\/\/educativosmeninheira.com\/imprimibles\/#website\"},\"primaryImageOfPage\":{\"@id\":\"https:\/\/educativosmeninheira.com\/imprimibles\/producto\/agenda-organizadora-hogar\/#primaryimage\"},\"image\":{\"@id\":\"https:\/\/educativosmeninheira.com\/imprimibles\/producto\/agenda-organizadora-hogar\/#primaryimage\"},\"thumbnailUrl\":\"https:\/\/educativosmeninheira.com\/imprimibles\/wp-content\/uploads\/2021\/02\/AGENDA-ORGANIZACION-HOGAR-0.jpg\",\"datePublished\":\"2021-02-19T11:18:48+00:00\",\"dateModified\":\"2025-01-03T10:38:11+00:00\",\"breadcrumb\":{\"@id\":\"https:\/\/educativosmeninheira.com\/imprimibles\/producto\/agenda-organizadora-hogar\/#breadcrumb\"},\"inLanguage\":\"es\",\"potentialAction\":[{\"@type\":\"ReadAction\",\"target\":[\"https:\/\/educativosmeninheira.com\/imprimibles\/producto\/agenda-organizadora-hogar\/\"]}]},{\"@type\":\"ImageObject\",\"inLanguage\":\"es\",\"@id\":\"https:\/\/educativosmeninheira.com\/imprimibles\/producto\/agenda-organizadora-hogar\/#primaryimage\",\"url\":\"https:\/\/educativosmeninheira.com\/imprimibles\/wp-content\/uploads\/2021\/02\/AGENDA-ORGANIZACION-HOGAR-0.jpg\",\"contentUrl\":\"https:\/\/educativosmeninheira.com\/imprimibles\/wp-content\/uploads\/2021\/02\/AGENDA-ORGANIZACION-HOGAR-0.jpg\",\"width\":1080,\"height\":1080},{\"@type\":\"BreadcrumbList\",\"@id\":\"https:\/\/educativosmeninheira.com\/imprimibles\/producto\/agenda-organizadora-hogar\/#breadcrumb\",\"itemListElement\":[{\"@type\":\"ListItem\",\"position\":1,\"name\":\"Home\",\"item\":\"https:\/\/educativosmeninheira.com\/imprimibles\/\"},{\"@type\":\"ListItem\",\"position\":2,\"name\":\"Tienda\",\"item\":\"https:\/\/educativosmeninheira.com\/imprimibles\/tienda\/\"},{\"@type\":\"ListItem\",\"position\":3,\"name\":\"AGENDA ORGANIZADORA PARA EL HOGAR\"}]},{\"@type\":\"WebSite\",\"@id\":\"https:\/\/educativosmeninheira.com\/imprimibles\/#website\",\"url\":\"https:\/\/educativosmeninheira.com\/imprimibles\/\",\"name\":\"Educativos\",\"description\":\"\",\"publisher\":{\"@id\":\"https:\/\/educativosmeninheira.com\/imprimibles\/#organization\"},\"potentialAction\":[{\"@type\":\"SearchAction\",\"target\":{\"@type\":\"EntryPoint\",\"urlTemplate\":\"https:\/\/educativosmeninheira.com\/imprimibles\/?s={search_term_string}\"},\"query-input\":\"required name=search_term_string\"}],\"inLanguage\":\"es\"},{\"@type\":\"Organization\",\"@id\":\"https:\/\/educativosmeninheira.com\/imprimibles\/#organization\",\"name\":\"Educativos\",\"url\":\"https:\/\/educativosmeninheira.com\/imprimibles\/\",\"logo\":{\"@type\":\"ImageObject\",\"inLanguage\":\"es\",\"@id\":\"https:\/\/educativosmeninheira.com\/imprimibles\/#\/schema\/logo\/image\/\",\"url\":\"https:\/\/educativosmeninheira.com\/imprimibles\/wp-content\/uploads\/2024\/03\/LOGO-Educativos-meninheira.png\",\"contentUrl\":\"https:\/\/educativosmeninheira.com\/imprimibles\/wp-content\/uploads\/2024\/03\/LOGO-Educativos-meninheira.png\",\"width\":2194,\"height\":2145,\"caption\":\"Educativos\"},\"image\":{\"@id\":\"https:\/\/educativosmeninheira.com\/imprimibles\/#\/schema\/logo\/image\/\"}}]}<\/script>\n<!-- \/ Yoast SEO plugin. -->","yoast_head_json":{"title":"AGENDA ORGANIZADORA PARA EL HOGAR - Educativos","robots":{"index":"index","follow":"follow","max-snippet":"max-snippet:-1","max-image-preview":"max-image-preview:large","max-video-preview":"max-video-preview:-1"},"canonical":"https:\/\/educativosmeninheira.com\/imprimibles\/producto\/agenda-organizadora-hogar\/","og_locale":"es_ES","og_type":"article","og_title":"AGENDA ORGANIZADORA PARA EL HOGAR - Educativos","og_description":"Con esta agenda vamos a mantener la organizaci\u00f3n hogare\u00f1a al d\u00eda, utilizando las diferentes plantillas para realizar un seguimiento de las tareas dom\u00e9sticas. Estas plantillas organizativas est\u00e1n realizadas con un formato atractivo y f\u00e1cil de usar, sea cual sea tu estilo de limpieza y de organizaci\u00f3n, y combinados entre s\u00ed te proporcionar\u00e1n una estupenda herramienta [&hellip;]","og_url":"https:\/\/educativosmeninheira.com\/imprimibles\/producto\/agenda-organizadora-hogar\/","og_site_name":"Educativos","article_modified_time":"2025-01-03T10:38:11+00:00","og_image":[{"width":1080,"height":1080,"url":"https:\/\/educativosmeninheira.com\/imprimibles\/wp-content\/uploads\/2021\/02\/AGENDA-ORGANIZACION-HOGAR-0.jpg","type":"image\/jpeg"}],"twitter_card":"summary_large_image","twitter_misc":{"Tiempo de lectura":"4 minutos"},"schema":{"@context":"https:\/\/schema.org","@graph":[{"@type":"WebPage","@id":"https:\/\/educativosmeninheira.com\/imprimibles\/producto\/agenda-organizadora-hogar\/","url":"https:\/\/educativosmeninheira.com\/imprimibles\/producto\/agenda-organizadora-hogar\/","name":"AGENDA ORGANIZADORA PARA EL HOGAR - Educativos","isPartOf":{"@id":"https:\/\/educativosmeninheira.com\/imprimibles\/#website"},"primaryImageOfPage":{"@id":"https:\/\/educativosmeninheira.com\/imprimibles\/producto\/agenda-organizadora-hogar\/#primaryimage"},"image":{"@id":"https:\/\/educativosmeninheira.com\/imprimibles\/producto\/agenda-organizadora-hogar\/#primaryimage"},"thumbnailUrl":"https:\/\/educativosmeninheira.com\/imprimibles\/wp-content\/uploads\/2021\/02\/AGENDA-ORGANIZACION-HOGAR-0.jpg","datePublished":"2021-02-19T11:18:48+00:00","dateModified":"2025-01-03T10:38:11+00:00","breadcrumb":{"@id":"https:\/\/educativosmeninheira.com\/imprimibles\/producto\/agenda-organizadora-hogar\/#breadcrumb"},"inLanguage":"es","potentialAction":[{"@type":"ReadAction","target":["https:\/\/educativosmeninheira.com\/imprimibles\/producto\/agenda-organizadora-hogar\/"]}]},{"@type":"ImageObject","inLanguage":"es","@id":"https:\/\/educativosmeninheira.com\/imprimibles\/producto\/agenda-organizadora-hogar\/#primaryimage","url":"https:\/\/educativosmeninheira.com\/imprimibles\/wp-content\/uploads\/2021\/02\/AGENDA-ORGANIZACION-HOGAR-0.jpg","contentUrl":"https:\/\/educativosmeninheira.com\/imprimibles\/wp-content\/uploads\/2021\/02\/AGENDA-ORGANIZACION-HOGAR-0.jpg","width":1080,"height":1080},{"@type":"BreadcrumbList","@id":"https:\/\/educativosmeninheira.com\/imprimibles\/producto\/agenda-organizadora-hogar\/#breadcrumb","itemListElement":[{"@type":"ListItem","position":1,"name":"Home","item":"https:\/\/educativosmeninheira.com\/imprimibles\/"},{"@type":"ListItem","position":2,"name":"Tienda","item":"https:\/\/educativosmeninheira.com\/imprimibles\/tienda\/"},{"@type":"ListItem","position":3,"name":"AGENDA ORGANIZADORA PARA EL HOGAR"}]},{"@type":"WebSite","@id":"https:\/\/educativosmeninheira.com\/imprimibles\/#website","url":"https:\/\/educativosmeninheira.com\/imprimibles\/","name":"Educativos","description":"","publisher":{"@id":"https:\/\/educativosmeninheira.com\/imprimibles\/#organization"},"potentialAction":[{"@type":"SearchAction","target":{"@type":"EntryPoint","urlTemplate":"https:\/\/educativosmeninheira.com\/imprimibles\/?s={search_term_string}"},"query-input":"required name=search_term_string"}],"inLanguage":"es"},{"@type":"Organization","@id":"https:\/\/educativosmeninheira.com\/imprimibles\/#organization","name":"Educativos","url":"https:\/\/educativosmeninheira.com\/imprimibles\/","logo":{"@type":"ImageObject","inLanguage":"es","@id":"https:\/\/educativosmeninheira.com\/imprimibles\/#\/schema\/logo\/image\/","url":"https:\/\/educativosmeninheira.com\/imprimibles\/wp-content\/uploads\/2024\/03\/LOGO-Educativos-meninheira.png","contentUrl":"https:\/\/educativosmeninheira.com\/imprimibles\/wp-content\/uploads\/2024\/03\/LOGO-Educativos-meninheira.png","width":2194,"height":2145,"caption":"Educativos"},"image":{"@id":"https:\/\/educativosmeninheira.com\/imprimibles\/#\/schema\/logo\/image\/"}}]}},"_links":{"self":[{"href":"https:\/\/educativosmeninheira.com\/imprimibles\/wp-json\/wp\/v2\/product\/382","targetHints":{"allow":["GET"]}}],"collection":[{"href":"https:\/\/educativosmeninheira.com\/imprimibles\/wp-json\/wp\/v2\/product"}],"about":[{"href":"https:\/\/educativosmeninheira.com\/imprimibles\/wp-json\/wp\/v2\/types\/product"}],"replies":[{"embeddable":true,"href":"https:\/\/educativosmeninheira.com\/imprimibles\/wp-json\/wp\/v2\/comments?post=382"}],"wp:featuredmedia":[{"embeddable":true,"href":"https:\/\/educativosmeninheira.com\/imprimibles\/wp-json\/wp\/v2\/media\/959"}],"wp:attachment":[{"href":"https:\/\/educativosmeninheira.com\/imprimibles\/wp-json\/wp\/v2\/media?parent=382"}],"wp:term":[{"taxonomy":"product_cat","embeddable":true,"href":"https:\/\/educativosmeninheira.com\/imprimibles\/wp-json\/wp\/v2\/product_cat?post=382"},{"taxonomy":"product_tag","embeddable":true,"href":"https:\/\/educativosmeninheira.com\/imprimibles\/wp-json\/wp\/v2\/product_tag?post=382"}],"curies":[{"name":"wp","href":"https:\/\/api.w.org\/{rel}","templated":true}]}}