{"id":383,"date":"2021-02-19T11:22:03","date_gmt":"2021-02-19T11:22:03","guid":{"rendered":"https:\/\/educativosmeninheira.com\/imprimibles\/?post_type=product&#038;p=383"},"modified":"2021-06-30T18:15:11","modified_gmt":"2021-06-30T18:15:11","slug":"agenda_organizacion_homeschooler","status":"publish","type":"product","link":"https:\/\/educativosmeninheira.com\/imprimibles\/producto\/agenda_organizacion_homeschooler\/","title":{"rendered":"AGENDA DE ORGANIZACI\u00d3N HOMESCHOOLER"},"content":{"rendered":"<p>Con esta agenda conseguir\u00e1s tener organizado tu homeschool, podr\u00e1s hacer n seguimiento de los planes de estudio, viajes de estudio, las actividades en los grupos de apoyo, &#8230; y mucho m\u00e1s.<\/p>\n<p>Cuando escolarizas en familia disponer de tiempo es importante y por este motivo la gesti\u00f3n del mismo debe ser una de nuestras prioridades. Una agenda puede ser de gran ayuda para mantenernos organizados pues nos permitir\u00e1 hacer un seguimiento de los planes de estudio, las actividades en los grupos de apoyo, los viajes de estudios, etc. ayud\u00e1ndonos a mantenernos organizados, nos ayudar\u00e1 a cumplir nuestros planes y metas.<\/p>\n<p>Algunas familias que educan en casa comienzan su a\u00f1o escolar con el a\u00f1o f\u00edsico de enero a diciembre, otras con el a\u00f1o acad\u00e9mico. Nuestra AGENDA HOMESCHOOLER puede ser usada en cualquier momento, adapt\u00e1ndose a su familia tanto si su actividad acad\u00e9mica se desarrolla durante el curso lectivo oficial, el a\u00f1o f\u00edsico o en cualquier otra \u00e9poca del a\u00f1o.<\/p>\n<p>\u2665 \u2665 \u2665 \u2665 \u2665 \u2665 \u2665 \u2665 \u2665 \u2665 \u2665 \u2665 \u2665 \u2665 \u2665 \u2665 \u2665 \u2665 \u2665 \u2665 \u2665 \u2665 \u2665 \u2665 \u2665 \u2665 \u2665 \u2665<br \/>\n\u00cdNDICE DE CONTENIDOS DEL ARCHIVO:<br \/>\n\u2665 \u2665 \u2665 \u2665 \u2665 \u2665 \u2665 \u2665 \u2665 \u2665 \u2665 \u2665 \u2665 \u2665 \u2665 \u2665 \u2665 \u2665 \u2665 \u2665 \u2665 \u2665 \u2665 \u2665 \u2665 \u2665 \u2665 \u2665<\/p>\n<p>A- PORTADAS:<br \/>\na.1. Dos modelos: uno para incorporar una imagen y otro sin esa posibilidad.<\/p>\n<p>B- CALENDARIOS:<br \/>\nb.1. Calendario perpetuo (2 modelos distintos).<br \/>\nb.2. Calendario mes a mes.<br \/>\nb.3. Plantilla \u201cd\u00edas pedag\u00f3gicamente aprovechables\u201d mes a mes.<br \/>\nb.4. Plantilla \u201cd\u00edas\u201d vac\u00eda.<\/p>\n<p>B- PLANTILLAS PARA ORGANIZARSE:<br \/>\nb.1. Organizaci\u00f3n diaria. Programa de escolarizaci\u00f3n en familia.<br \/>\nb.2. Objetivos mensuales. Programa de escolarizaci\u00f3n en familia.<br \/>\nb.3. Objetivos anuales. Hogar y familia.<br \/>\nb.4. Organizaci\u00f3n diaria.<br \/>\nb.5. Organizaci\u00f3n diaria. Ejemplo.<br \/>\nb.6. Organizaci\u00f3n semanal. Horario. Vertical<br \/>\nb.7. Organizaci\u00f3n semanal. Horario. Horizontal<br \/>\nb.8. Organizaci\u00f3n mensual.<br \/>\nb.9. Organizaci\u00f3n curricular. Listado de recursos<br \/>\nb.10. Actividades extraescolares<br \/>\nb.11. Ideas y pensamientos<br \/>\nb.12. Asignaci\u00f3n de tareas.<br \/>\nb.13. Gu\u00eda de seguimiento mensual de eventos educativos.<br \/>\nb.14. Planificaci\u00f3n de unidades did\u00e1cticas.<br \/>\nb.8. Organizaci\u00f3n biblioteca<\/p>\n<p>C- LISTAS Y M\u00c1S LISTAS:<br \/>\nc.1. Listado de material educativo de apoyo (2 modelos: con y sin asignaturas).<br \/>\nc.2. Lista de material escolar. (\u00bfEs necesario comprar algo?).<br \/>\nc.3. Lista de libros para&#8230; (preparando los libros por materias).<\/p>\n<p>D- EDUCAJAS:<br \/>\nd.1. Plantilla diaria (varios modelos de manera que se pueda aprovechar para: 12, 8, 6 o 4 cajas).<br \/>\nd.2. Plantilla semanal.<br \/>\nd.3. Plantilla mensual.<\/p>\n<p>E- ORGANIZANDO LOS CONTACTOS:<br \/>\ne.1. Agenda de contacto: amigos homeschoolers.<br \/>\ne.2. Grupos de apoyo: descripci\u00f3n y contacto<\/p>\n<p>F- DOCUMENTOS PARA EL ESTUDIANTE<br \/>\nf.1. Mi d\u00eda hoy.<br \/>\nf.2. Informe de viaje o evento educativo.<br \/>\nf.3. Informe de lectura.<\/p>\n<p>G- DOCUMENTOS DE REGISTRO:<br \/>\ng.1. Plan de estudios, descripci\u00f3n del programa.<br \/>\ng.2. Informe de evaluaci\u00f3n del proceso de aprendizaje.<br \/>\ng.3. Control de lectura anual.<br \/>\ng.4. Registro audiovisual anual.<br \/>\ng.5. Registro de asistencia. D\u00edas lectivos.<br \/>\ng.6. Registro de eventos o viajes educativos.<\/p>\n<p>En total, m\u00e1s de 100 p\u00e1ginas para organizarte.<\/p>\n<div>.<\/div>\n<div>\n<div class=\"gmail_default\">\u273f IMPORTANTE \u273f<br \/>\n1. Esto es un producto digital, NO SER\u00c1 ENVIADO NING\u00daN PRODUCTO F\u00cdSICO, una vez efect\u00faes la compra, SE TE PROPORCIONAR\u00c1 UN LINK PARA DESCARGAR EL ART\u00cdCULO.<br \/>\n2. Los colores pueden variar ligeramente de la pantalla a la impresi\u00f3n.<br \/>\n3. Por favor, no compartas mi trabajo, si alguien te pide los archivos env\u00edalo a la p\u00e1gina.<\/div>\n<div class=\"gmail_default\">.<\/div>\n<div class=\"gmail_default\">\u2665 \u00a1Gracias! \u2665<br \/>\nTodo esto me permite contribuir con unos poquitos ingresos que ayudan a mi familia, haciendo lo que me gusta y compartiendo mi tiempo con ellos.<\/div>\n<\/div>\n","protected":false},"excerpt":{"rendered":"<p>Con esta agenda conseguir\u00e1s tener organizado tu homeschool, podr\u00e1s hacer n seguimiento de los planes de estudio, viajes de estudio, las actividades en los grupos de apoyo, &#8230; y mucho m\u00e1s. Cuando escolarizas en familia disponer de tiempo es importante y por este motivo la gesti\u00f3n del mismo debe ser una de nuestras prioridades. Una [&hellip;]<\/p>\n","protected":false},"featured_media":550,"comment_status":"open","ping_status":"closed","template":"","meta":{"site-sidebar-layout":"default","site-content-layout":"default","ast-site-content-layout":"","site-content-style":"default","site-sidebar-style":"default","ast-global-header-display":"","ast-banner-title-visibility":"","ast-main-header-display":"","ast-hfb-above-header-display":"","ast-hfb-below-header-display":"","ast-hfb-mobile-header-display":"","site-post-title":"","ast-breadcrumbs-content":"","ast-featured-img":"","footer-sml-layout":"","theme-transparent-header-meta":"default","adv-header-id-meta":"","stick-header-meta":"","header-above-stick-meta":"","header-main-stick-meta":"","header-below-stick-meta":"","astra-migrate-meta-layouts":"default","ast-page-background-enabled":"default","ast-page-background-meta":{"desktop":{"background-color":"var(--ast-global-color-4)","background-image":"","background-repeat":"repeat","background-position":"center center","background-size":"auto","background-attachment":"scroll","background-type":"","background-media":"","overlay-type":"","overlay-color":"","overlay-gradient":""},"tablet":{"background-color":"","background-image":"","background-repeat":"repeat","background-position":"center center","background-size":"auto","background-attachment":"scroll","background-type":"","background-media":"","overlay-type":"","overlay-color":"","overlay-gradient":""},"mobile":{"background-color":"","background-image":"","background-repeat":"repeat","background-position":"center center","background-size":"auto","background-attachment":"scroll","background-type":"","background-media":"","overlay-type":"","overlay-color":"","overlay-gradient":""}},"ast-content-background-meta":{"desktop":{"background-color":"var(--ast-global-color-5)","background-image":"","background-repeat":"repeat","background-position":"center center","background-size":"auto","background-attachment":"scroll","background-type":"","background-media":"","overlay-type":"","overlay-color":"","overlay-gradient":""},"tablet":{"background-color":"var(--ast-global-color-5)","background-image":"","background-repeat":"repeat","background-position":"center center","background-size":"auto","background-attachment":"scroll","background-type":"","background-media":"","overlay-type":"","overlay-color":"","overlay-gradient":""},"mobile":{"background-color":"var(--ast-global-color-5)","background-image":"","background-repeat":"repeat","background-position":"center center","background-size":"auto","background-attachment":"scroll","background-type":"","background-media":"","overlay-type":"","overlay-color":"","overlay-gradient":""}}},"product_cat":[15,36,40],"product_tag":[],"class_list":{"0":"post-383","1":"product","2":"type-product","3":"status-publish","4":"has-post-thumbnail","6":"product_cat-sin-categorizar","7":"product_cat-agenda","8":"product_cat-organizacion","9":"desktop-align-left","10":"tablet-align-left","11":"mobile-align-left","13":"first","14":"instock","15":"downloadable","16":"virtual","17":"taxable","18":"purchasable","19":"product-type-simple"},"yoast_head":"<!-- This site is optimized with the Yoast SEO plugin v22.4 - https:\/\/yoast.com\/wordpress\/plugins\/seo\/ -->\n<title>AGENDA DE ORGANIZACI\u00d3N HOMESCHOOLER - Educativos<\/title>\n<meta name=\"robots\" content=\"index, follow, max-snippet:-1, max-image-preview:large, max-video-preview:-1\" \/>\n<link rel=\"canonical\" href=\"https:\/\/educativosmeninheira.com\/imprimibles\/producto\/agenda_organizacion_homeschooler\/\" \/>\n<meta property=\"og:locale\" content=\"es_ES\" \/>\n<meta property=\"og:type\" content=\"article\" \/>\n<meta property=\"og:title\" content=\"AGENDA DE ORGANIZACI\u00d3N HOMESCHOOLER - Educativos\" \/>\n<meta property=\"og:description\" content=\"Con esta agenda conseguir\u00e1s tener organizado tu homeschool, podr\u00e1s hacer n seguimiento de los planes de estudio, viajes de estudio, las actividades en los grupos de apoyo, &#8230; y mucho m\u00e1s. Cuando escolarizas en familia disponer de tiempo es importante y por este motivo la gesti\u00f3n del mismo debe ser una de nuestras prioridades. Una [&hellip;]\" \/>\n<meta property=\"og:url\" content=\"https:\/\/educativosmeninheira.com\/imprimibles\/producto\/agenda_organizacion_homeschooler\/\" \/>\n<meta property=\"og:site_name\" content=\"Educativos\" \/>\n<meta property=\"article:modified_time\" content=\"2021-06-30T18:15:11+00:00\" \/>\n<meta property=\"og:image\" content=\"https:\/\/educativosmeninheira.com\/imprimibles\/wp-content\/uploads\/2021\/02\/AGENDA-HOMESCHOOLER-0.jpg\" \/>\n\t<meta property=\"og:image:width\" content=\"1080\" \/>\n\t<meta property=\"og:image:height\" content=\"1080\" \/>\n\t<meta property=\"og:image:type\" content=\"image\/jpeg\" \/>\n<meta name=\"twitter:card\" content=\"summary_large_image\" \/>\n<meta name=\"twitter:label1\" content=\"Tiempo de lectura\" \/>\n\t<meta name=\"twitter:data1\" content=\"3 minutos\" \/>\n<script type=\"application\/ld+json\" class=\"yoast-schema-graph\">{\"@context\":\"https:\/\/schema.org\",\"@graph\":[{\"@type\":\"WebPage\",\"@id\":\"https:\/\/educativosmeninheira.com\/imprimibles\/producto\/agenda_organizacion_homeschooler\/\",\"url\":\"https:\/\/educativosmeninheira.com\/imprimibles\/producto\/agenda_organizacion_homeschooler\/\",\"name\":\"AGENDA DE ORGANIZACI\u00d3N HOMESCHOOLER - Educativos\",\"isPartOf\":{\"@id\":\"https:\/\/educativosmeninheira.com\/imprimibles\/#website\"},\"primaryImageOfPage\":{\"@id\":\"https:\/\/educativosmeninheira.com\/imprimibles\/producto\/agenda_organizacion_homeschooler\/#primaryimage\"},\"image\":{\"@id\":\"https:\/\/educativosmeninheira.com\/imprimibles\/producto\/agenda_organizacion_homeschooler\/#primaryimage\"},\"thumbnailUrl\":\"https:\/\/educativosmeninheira.com\/imprimibles\/wp-content\/uploads\/2021\/02\/AGENDA-HOMESCHOOLER-0.jpg\",\"datePublished\":\"2021-02-19T11:22:03+00:00\",\"dateModified\":\"2021-06-30T18:15:11+00:00\",\"breadcrumb\":{\"@id\":\"https:\/\/educativosmeninheira.com\/imprimibles\/producto\/agenda_organizacion_homeschooler\/#breadcrumb\"},\"inLanguage\":\"es\",\"potentialAction\":[{\"@type\":\"ReadAction\",\"target\":[\"https:\/\/educativosmeninheira.com\/imprimibles\/producto\/agenda_organizacion_homeschooler\/\"]}]},{\"@type\":\"ImageObject\",\"inLanguage\":\"es\",\"@id\":\"https:\/\/educativosmeninheira.com\/imprimibles\/producto\/agenda_organizacion_homeschooler\/#primaryimage\",\"url\":\"https:\/\/educativosmeninheira.com\/imprimibles\/wp-content\/uploads\/2021\/02\/AGENDA-HOMESCHOOLER-0.jpg\",\"contentUrl\":\"https:\/\/educativosmeninheira.com\/imprimibles\/wp-content\/uploads\/2021\/02\/AGENDA-HOMESCHOOLER-0.jpg\",\"width\":1080,\"height\":1080},{\"@type\":\"BreadcrumbList\",\"@id\":\"https:\/\/educativosmeninheira.com\/imprimibles\/producto\/agenda_organizacion_homeschooler\/#breadcrumb\",\"itemListElement\":[{\"@type\":\"ListItem\",\"position\":1,\"name\":\"Home\",\"item\":\"https:\/\/educativosmeninheira.com\/imprimibles\/\"},{\"@type\":\"ListItem\",\"position\":2,\"name\":\"Tienda\",\"item\":\"https:\/\/educativosmeninheira.com\/imprimibles\/tienda\/\"},{\"@type\":\"ListItem\",\"position\":3,\"name\":\"AGENDA DE ORGANIZACI\u00d3N HOMESCHOOLER\"}]},{\"@type\":\"WebSite\",\"@id\":\"https:\/\/educativosmeninheira.com\/imprimibles\/#website\",\"url\":\"https:\/\/educativosmeninheira.com\/imprimibles\/\",\"name\":\"Educativos\",\"description\":\"\",\"publisher\":{\"@id\":\"https:\/\/educativosmeninheira.com\/imprimibles\/#organization\"},\"potentialAction\":[{\"@type\":\"SearchAction\",\"target\":{\"@type\":\"EntryPoint\",\"urlTemplate\":\"https:\/\/educativosmeninheira.com\/imprimibles\/?s={search_term_string}\"},\"query-input\":\"required name=search_term_string\"}],\"inLanguage\":\"es\"},{\"@type\":\"Organization\",\"@id\":\"https:\/\/educativosmeninheira.com\/imprimibles\/#organization\",\"name\":\"Educativos\",\"url\":\"https:\/\/educativosmeninheira.com\/imprimibles\/\",\"logo\":{\"@type\":\"ImageObject\",\"inLanguage\":\"es\",\"@id\":\"https:\/\/educativosmeninheira.com\/imprimibles\/#\/schema\/logo\/image\/\",\"url\":\"https:\/\/educativosmeninheira.com\/imprimibles\/wp-content\/uploads\/2024\/03\/LOGO-Educativos-meninheira.png\",\"contentUrl\":\"https:\/\/educativosmeninheira.com\/imprimibles\/wp-content\/uploads\/2024\/03\/LOGO-Educativos-meninheira.png\",\"width\":2194,\"height\":2145,\"caption\":\"Educativos\"},\"image\":{\"@id\":\"https:\/\/educativosmeninheira.com\/imprimibles\/#\/schema\/logo\/image\/\"}}]}<\/script>\n<!-- \/ Yoast SEO plugin. -->","yoast_head_json":{"title":"AGENDA DE ORGANIZACI\u00d3N HOMESCHOOLER - Educativos","robots":{"index":"index","follow":"follow","max-snippet":"max-snippet:-1","max-image-preview":"max-image-preview:large","max-video-preview":"max-video-preview:-1"},"canonical":"https:\/\/educativosmeninheira.com\/imprimibles\/producto\/agenda_organizacion_homeschooler\/","og_locale":"es_ES","og_type":"article","og_title":"AGENDA DE ORGANIZACI\u00d3N HOMESCHOOLER - Educativos","og_description":"Con esta agenda conseguir\u00e1s tener organizado tu homeschool, podr\u00e1s hacer n seguimiento de los planes de estudio, viajes de estudio, las actividades en los grupos de apoyo, &#8230; y mucho m\u00e1s. Cuando escolarizas en familia disponer de tiempo es importante y por este motivo la gesti\u00f3n del mismo debe ser una de nuestras prioridades. Una [&hellip;]","og_url":"https:\/\/educativosmeninheira.com\/imprimibles\/producto\/agenda_organizacion_homeschooler\/","og_site_name":"Educativos","article_modified_time":"2021-06-30T18:15:11+00:00","og_image":[{"width":1080,"height":1080,"url":"https:\/\/educativosmeninheira.com\/imprimibles\/wp-content\/uploads\/2021\/02\/AGENDA-HOMESCHOOLER-0.jpg","type":"image\/jpeg"}],"twitter_card":"summary_large_image","twitter_misc":{"Tiempo de lectura":"3 minutos"},"schema":{"@context":"https:\/\/schema.org","@graph":[{"@type":"WebPage","@id":"https:\/\/educativosmeninheira.com\/imprimibles\/producto\/agenda_organizacion_homeschooler\/","url":"https:\/\/educativosmeninheira.com\/imprimibles\/producto\/agenda_organizacion_homeschooler\/","name":"AGENDA DE ORGANIZACI\u00d3N HOMESCHOOLER - Educativos","isPartOf":{"@id":"https:\/\/educativosmeninheira.com\/imprimibles\/#website"},"primaryImageOfPage":{"@id":"https:\/\/educativosmeninheira.com\/imprimibles\/producto\/agenda_organizacion_homeschooler\/#primaryimage"},"image":{"@id":"https:\/\/educativosmeninheira.com\/imprimibles\/producto\/agenda_organizacion_homeschooler\/#primaryimage"},"thumbnailUrl":"https:\/\/educativosmeninheira.com\/imprimibles\/wp-content\/uploads\/2021\/02\/AGENDA-HOMESCHOOLER-0.jpg","datePublished":"2021-02-19T11:22:03+00:00","dateModified":"2021-06-30T18:15:11+00:00","breadcrumb":{"@id":"https:\/\/educativosmeninheira.com\/imprimibles\/producto\/agenda_organizacion_homeschooler\/#breadcrumb"},"inLanguage":"es","potentialAction":[{"@type":"ReadAction","target":["https:\/\/educativosmeninheira.com\/imprimibles\/producto\/agenda_organizacion_homeschooler\/"]}]},{"@type":"ImageObject","inLanguage":"es","@id":"https:\/\/educativosmeninheira.com\/imprimibles\/producto\/agenda_organizacion_homeschooler\/#primaryimage","url":"https:\/\/educativosmeninheira.com\/imprimibles\/wp-content\/uploads\/2021\/02\/AGENDA-HOMESCHOOLER-0.jpg","contentUrl":"https:\/\/educativosmeninheira.com\/imprimibles\/wp-content\/uploads\/2021\/02\/AGENDA-HOMESCHOOLER-0.jpg","width":1080,"height":1080},{"@type":"BreadcrumbList","@id":"https:\/\/educativosmeninheira.com\/imprimibles\/producto\/agenda_organizacion_homeschooler\/#breadcrumb","itemListElement":[{"@type":"ListItem","position":1,"name":"Home","item":"https:\/\/educativosmeninheira.com\/imprimibles\/"},{"@type":"ListItem","position":2,"name":"Tienda","item":"https:\/\/educativosmeninheira.com\/imprimibles\/tienda\/"},{"@type":"ListItem","position":3,"name":"AGENDA DE ORGANIZACI\u00d3N HOMESCHOOLER"}]},{"@type":"WebSite","@id":"https:\/\/educativosmeninheira.com\/imprimibles\/#website","url":"https:\/\/educativosmeninheira.com\/imprimibles\/","name":"Educativos","description":"","publisher":{"@id":"https:\/\/educativosmeninheira.com\/imprimibles\/#organization"},"potentialAction":[{"@type":"SearchAction","target":{"@type":"EntryPoint","urlTemplate":"https:\/\/educativosmeninheira.com\/imprimibles\/?s={search_term_string}"},"query-input":"required name=search_term_string"}],"inLanguage":"es"},{"@type":"Organization","@id":"https:\/\/educativosmeninheira.com\/imprimibles\/#organization","name":"Educativos","url":"https:\/\/educativosmeninheira.com\/imprimibles\/","logo":{"@type":"ImageObject","inLanguage":"es","@id":"https:\/\/educativosmeninheira.com\/imprimibles\/#\/schema\/logo\/image\/","url":"https:\/\/educativosmeninheira.com\/imprimibles\/wp-content\/uploads\/2024\/03\/LOGO-Educativos-meninheira.png","contentUrl":"https:\/\/educativosmeninheira.com\/imprimibles\/wp-content\/uploads\/2024\/03\/LOGO-Educativos-meninheira.png","width":2194,"height":2145,"caption":"Educativos"},"image":{"@id":"https:\/\/educativosmeninheira.com\/imprimibles\/#\/schema\/logo\/image\/"}}]}},"_links":{"self":[{"href":"https:\/\/educativosmeninheira.com\/imprimibles\/wp-json\/wp\/v2\/product\/383","targetHints":{"allow":["GET"]}}],"collection":[{"href":"https:\/\/educativosmeninheira.com\/imprimibles\/wp-json\/wp\/v2\/product"}],"about":[{"href":"https:\/\/educativosmeninheira.com\/imprimibles\/wp-json\/wp\/v2\/types\/product"}],"replies":[{"embeddable":true,"href":"https:\/\/educativosmeninheira.com\/imprimibles\/wp-json\/wp\/v2\/comments?post=383"}],"wp:featuredmedia":[{"embeddable":true,"href":"https:\/\/educativosmeninheira.com\/imprimibles\/wp-json\/wp\/v2\/media\/550"}],"wp:attachment":[{"href":"https:\/\/educativosmeninheira.com\/imprimibles\/wp-json\/wp\/v2\/media?parent=383"}],"wp:term":[{"taxonomy":"product_cat","embeddable":true,"href":"https:\/\/educativosmeninheira.com\/imprimibles\/wp-json\/wp\/v2\/product_cat?post=383"},{"taxonomy":"product_tag","embeddable":true,"href":"https:\/\/educativosmeninheira.com\/imprimibles\/wp-json\/wp\/v2\/product_tag?post=383"}],"curies":[{"name":"wp","href":"https:\/\/api.w.org\/{rel}","templated":true}]}}