{"id":385,"date":"2021-02-19T11:23:37","date_gmt":"2021-02-19T11:23:37","guid":{"rendered":"https:\/\/educativosmeninheira.com\/imprimibles\/?post_type=product&#038;p=385"},"modified":"2025-02-14T10:16:20","modified_gmt":"2025-02-14T10:16:20","slug":"cuaderno-de-campo","status":"publish","type":"product","link":"https:\/\/educativosmeninheira.com\/imprimibles\/producto\/cuaderno-de-campo\/","title":{"rendered":"CUADERNO DE CAMPO PARA NI\u00d1OS"},"content":{"rendered":"<p style=\"text-align: left;\"><strong>El \u00abCUADERNO DE CAMPO PARA NI\u00d1OS\u00bb es una herramienta imprescindible para el Estudio de la naturaleza in situ<\/strong>, tal y como han hecho siempre todos los grandes naturalistas, observando, viviendo inmersos en ella,.. Ayuda a tu peque a que se convierta en un observador de la belleza, a que aprenda y se convierta en uno de esos grandes naturalistas.<\/p>\n<p style=\"text-align: left;\">Los cuadernos de campo, adem\u00e1s adem\u00e1s de fomentar la observaci\u00f3n, la creatividad, &#8230; tambi\u00e9n ayuda a desarrollar la expresi\u00f3n escrita.<\/p>\n<p style=\"text-align: left;\">Te explico m\u00e1s en el v\u00eddeo y te ense\u00f1o c\u00f3mo es por dentro.<br \/>\n<iframe style=\"background-image: url('https:\/\/i.ytimg.com\/vi\/oAK1x3fMcz8\/hqdefault.jpg');\" src=\"https:\/\/youtube.com\/embed\/oAK1x3fMcz8?si=WSJQT6_xopF-Xpxl\" width=\"480\" height=\"270\" frameborder=\"0\"><\/iframe><\/p>\n<p style=\"text-align: left;\">Tambi\u00e9n elabor\u00e9 un peque\u00f1o listado de algunas \u00ab<a href=\"https:\/\/blog-meninheira.blogspot.com\/2019\/04\/razones-para-utilizar-cuadernos-de.html\"><strong>Razones para utilizar cuadernos de campo con los ni\u00f1os<\/strong><\/a>\u00bb y por si todav\u00eda dudas, te dejo otro video que hice con unos de los cuadernos de campo de los peques de casa, para que veais el resultado de su uso.<\/p>\n<p style=\"text-align: left;\"><iframe src=\"https:\/\/youtube.com\/embed\/MBWiIUmfzrQ?si=Vxnr0Y53jqiJmLNw\" width=\"480\" height=\"270\" frameborder=\"0\"><\/iframe><\/p>\n<p style=\"text-align: center;\">\u2665 \u2665 \u2665 \u2665 \u2665 \u2665 \u2665 \u2665 \u2665 \u2665 \u2665 \u2665 \u2665 \u2665 \u2665 \u2665 \u2665 \u2665 \u2665 \u2665 \u2665 \u2665 \u2665 \u2665 \u2665 \u2665 \u2665 \u2665<br \/>\n\u00cdNDICE DE CONTENIDOS DEL ARCHIVO:<\/p>\n<p><strong>1. Anexo \u00abQu\u00e9 es un cuaderno de Campo\u00bb:<\/strong><br \/>\nSiete p\u00e1ginas de informaci\u00f3n y sugerencias de actividades para sacarle el m\u00e1ximo provecho al cuaderno.<br \/>\nC\u00f3mo utilizar el cuaderno de campo. Qu\u00e9 poner en el cuaderno. Qu\u00e9 materiales necesito. Algunas cosas en las que fijarse I (en mam\u00edferos, aves, insectos,&#8230;)<br \/>\nAlgunas cosas en las que fijarse II (en primavera, verano,&#8230;)<\/p>\n<p><strong>2. Portadas y contraportadas:<\/strong><br \/>\nDos modelos distintos de portada y contraportada para encuadernar tu cuaderno.<\/p>\n<p><strong>3. \u00abEste cuaderno pertenece a&#8230;<\/strong><br \/>\nCon dos modelos diferentes para personalizar el interior del cuaderno.<\/p>\n<p><strong>4. Plantilla de actividades a realizar durante la salida:<\/strong><br \/>\nIncluye dos modelos diferentes, uno completamente vac\u00edo para ser rellenado por el estudiante en virtud de las caracter\u00edsticas de la salida, y otro con algunas sugerencias para hacer.<\/p>\n<p><strong>5. Plantilla para realizar la ficha de la salida:<\/strong><br \/>\nD\u00f3nde recoger las primeras observaciones que contextualicen la salida.<\/p>\n<p><strong>6. Plantilla de descripci\u00f3n del lugar:<\/strong><br \/>\nD\u00f3nde recoger la informaci\u00f3n a nivel biol\u00f3gico, geol\u00f3gico, etc. todo utilizando un vocabulario asequible y f\u00e1cil de entender pero que haga ver al ni\u00f1o la importancia del trabajo que est\u00e1 realizando.<\/p>\n<p><strong>7. Plantilla para ilustrar la salida:<\/strong><br \/>\nBien sea por medio de un dibujo, una fotograf\u00eda, realizando un collage con el material encontrado, etc.<\/p>\n<p><strong>8. Plantillas de las estaciones:<\/strong> Cuatro modelos distintos para a\u00f1adir al principio de la salida seg\u00fan la estaci\u00f3n en la que se realice y que servir\u00e1n para dibujar o tomar anotaciones de las caracter\u00edsticas que encontramos en el paisaje caracter\u00edsticas de dicha estaci\u00f3n.<\/p>\n<p><strong>9. Plantilla \u00abmi frasco de invertebrados\u00bb:<\/strong><br \/>\nDonde a\u00f1adir la informaci\u00f3n de los ejemplares que vamos encontrando (y que recomendamos volver a dejar en libertad), con espacio para hacer un dibujo o a\u00f1adir una fotograf\u00eda.<\/p>\n<p><strong>10. Plantilla de Anotaciones de cada ejemplar:<\/strong><br \/>\nD\u00f3nde apuntar la clasificaci\u00f3n taxon\u00f3mica, de qu\u00e9 se alimenta el ejemplar, etc.<\/p>\n<p><strong>11. Plantilla de invertebrados:<\/strong><br \/>\nCon un espacio lo suficientemente grande para a\u00f1adir m\u00e1s informaci\u00f3n escrita o visual (dibujos, fotograf\u00edas, etc.).<\/p>\n<p><strong>12. Plantilla \u00abprensa de flores y hojas\u00bb:<\/strong><br \/>\nDonde a\u00f1adir la informaci\u00f3n de la fauna que vamos encontrando (y que una vez m\u00e1s recomendamos respetar y no arrancar), con espacio para hacer un dibujo, pegar alguna muestra de hojas o flores,&#8230;<\/p>\n<p><strong>13. Plantilla de Anotaciones de cada ejemplar:<\/strong><br \/>\nD\u00f3nde apuntar la clasificaci\u00f3n taxon\u00f3mica, tipo de h\u00e1bitat en el que crece, etc.<\/p>\n<p><strong>14. Plantilla del reino vegetal:<\/strong><br \/>\nCon un espacio lo suficientemente grande para a\u00f1adir utilizar para el prensado y secado de muestras, hacer dibujos, pegar fotograf\u00edas, etc.<\/p>\n<p><strong>15. Plantillas para semillas:<\/strong><br \/>\nPara pegar o dibujar en cada una de las etiquetas, las semillas encontradas.<\/p>\n<p><strong>16. Plantilla para realizar el calco de cortezas:<\/strong><br \/>\nDos hojas con informaci\u00f3n teorica y con el espacio adecuado para realizar el calco.<\/p>\n<p><strong>17. Plantilla para rocas:<\/strong><br \/>\nD\u00f3nde a\u00f1adir informaci\u00f3n de las rocas encontradas en la salida, con espacio d\u00f3nde el ni\u00f1o tiene que ir completando la informaci\u00f3n como si se tratara de un aprendiz de ge\u00f3logo.<\/p>\n<p><strong>18. Plantilla para observaciones microsc\u00f3picas:<\/strong><br \/>\nPara utilizar tras la observaci\u00f3n con la lupa o con el microsc\u00f3pio.<\/p>\n<p><strong>19. Etiquetas para las muestras:<\/strong><br \/>\nPlantillas para etiquetar las diferentes muestras que vamos encontrando.<br \/>\nVarios modelos: frutos, hojas, flores, invertebrados, rocas, plumas y dos vac\u00edas para que el ni\u00f1o las personalice al gusto.<\/p>\n<p><strong>20. Plantillas de lectoescritura:<\/strong><br \/>\nPara utilizar como diario.<br \/>\nCuatro modelos distintos de hoja con pauta Montessori. Cuatro modelos distintos de hoja con pauta simple.<\/p>\n<p style=\"text-align: center;\">\u2665\u2665\u2665\u2665\u2665\u2665\u2665\u2665\u2665<br \/>\n<strong>Contiene un ANEXO DE REGALO<br \/>\n<\/strong>para elaborar un \u00abCuaderno de campo para criaturas m\u00e1gicas\u00bb<br \/>\nque contiene una portada y dos hojas para rellenar.<br \/>\n\u2665\u2665\u2665\u2665\u2665\u2665\u2665\u2665\u2665<\/p>\n<div class=\"gmail_default\">\n<h3 class=\"gmail_default\"><strong>\u273f\u00a0<\/strong><strong>\u273f\u00a0<\/strong><strong>\u273f\u00a0<\/strong><strong>IMPORTANTE<\/strong><\/h3>\n<div class=\"gmail_default\" style=\"text-align: right;\"><strong>1. Esto es un producto digital<\/strong>, no se envia ning\u00fan produto f\u00edsico,<\/div>\n<div class=\"gmail_default\" style=\"text-align: right;\">una vez completada la compra, se proporciona un link para descargar el art\u00edculo comprado,<br \/>\nsiempre podr\u00e1s acceder a tus compras en tu perfil<br \/>\n<strong>2. Los colores pueden cambiar<\/strong> ligeramente de la pantalla a la impresi\u00f3n.<br \/>\n<strong>3. Por favor, no compartas el PDF<\/strong>,<br \/>\nsi alguien te pide los archivos, envialo a la p\u00e1gina. Los productos son econ\u00f3micos.<\/div>\n<div class=\"gmail_default\" style=\"text-align: right;\">.<br \/>\n\u2665 \u00a1GRAciAS \u2665<br \/>\nEste trabajo contribuye a la econom\u00eda dom\u00e9stica.<\/div>\n<h2 class=\"gmail_default\"><strong>\u273f Somos <\/strong>ECONOM\u00cdA LOCAL\u2026 digital.<\/h2>\n<\/div>\n","protected":false},"excerpt":{"rendered":"<p>El \u00abCUADERNO DE CAMPO PARA NI\u00d1OS\u00bb es una herramienta imprescindible para el Estudio de la naturaleza in situ, tal y como han hecho siempre todos los grandes naturalistas, observando, viviendo inmersos en ella,.. Ayuda a tu peque a que se convierta en un observador de la belleza, a que aprenda y se convierta en uno [&hellip;]<\/p>\n","protected":false},"featured_media":692,"comment_status":"open","ping_status":"closed","template":"","meta":{"site-sidebar-layout":"default","site-content-layout":"default","ast-site-content-layout":"default","site-content-style":"default","site-sidebar-style":"default","ast-global-header-display":"","ast-banner-title-visibility":"","ast-main-header-display":"","ast-hfb-above-header-display":"","ast-hfb-below-header-display":"","ast-hfb-mobile-header-display":"","site-post-title":"","ast-breadcrumbs-content":"","ast-featured-img":"","footer-sml-layout":"","theme-transparent-header-meta":"default","adv-header-id-meta":"","stick-header-meta":"","header-above-stick-meta":"","header-main-stick-meta":"","header-below-stick-meta":"","astra-migrate-meta-layouts":"set","ast-page-background-enabled":"default","ast-page-background-meta":{"desktop":{"background-color":"var(--ast-global-color-4)","background-image":"","background-repeat":"repeat","background-position":"center center","background-size":"auto","background-attachment":"scroll","background-type":"","background-media":"","overlay-type":"","overlay-color":"","overlay-gradient":""},"tablet":{"background-color":"","background-image":"","background-repeat":"repeat","background-position":"center center","background-size":"auto","background-attachment":"scroll","background-type":"","background-media":"","overlay-type":"","overlay-color":"","overlay-gradient":""},"mobile":{"background-color":"","background-image":"","background-repeat":"repeat","background-position":"center center","background-size":"auto","background-attachment":"scroll","background-type":"","background-media":"","overlay-type":"","overlay-color":"","overlay-gradient":""}},"ast-content-background-meta":{"desktop":{"background-color":"var(--ast-global-color-5)","background-image":"","background-repeat":"repeat","background-position":"center center","background-size":"auto","background-attachment":"scroll","background-type":"","background-media":"","overlay-type":"","overlay-color":"","overlay-gradient":""},"tablet":{"background-color":"var(--ast-global-color-5)","background-image":"","background-repeat":"repeat","background-position":"center center","background-size":"auto","background-attachment":"scroll","background-type":"","background-media":"","overlay-type":"","overlay-color":"","overlay-gradient":""},"mobile":{"background-color":"var(--ast-global-color-5)","background-image":"","background-repeat":"repeat","background-position":"center center","background-size":"auto","background-attachment":"scroll","background-type":"","background-media":"","overlay-type":"","overlay-color":"","overlay-gradient":""}}},"product_cat":[15,18,29],"product_tag":[],"class_list":{"0":"post-385","1":"product","2":"type-product","3":"status-publish","4":"has-post-thumbnail","6":"product_cat-sin-categorizar","7":"product_cat-curriculum-de-biologia","8":"product_cat-cuadernos","9":"desktop-align-left","10":"tablet-align-left","11":"mobile-align-left","13":"first","14":"instock","15":"downloadable","16":"virtual","17":"taxable","18":"purchasable","19":"product-type-simple"},"yoast_head":"<!-- This site is optimized with the Yoast SEO plugin v22.4 - https:\/\/yoast.com\/wordpress\/plugins\/seo\/ -->\n<title>CUADERNO DE CAMPO PARA NI\u00d1OS - Educativos<\/title>\n<meta name=\"robots\" content=\"index, follow, max-snippet:-1, max-image-preview:large, max-video-preview:-1\" \/>\n<link rel=\"canonical\" href=\"https:\/\/educativosmeninheira.com\/imprimibles\/producto\/cuaderno-de-campo\/\" \/>\n<meta property=\"og:locale\" content=\"es_ES\" \/>\n<meta property=\"og:type\" content=\"article\" \/>\n<meta property=\"og:title\" content=\"CUADERNO DE CAMPO PARA NI\u00d1OS - Educativos\" \/>\n<meta property=\"og:description\" content=\"El \u00abCUADERNO DE CAMPO PARA NI\u00d1OS\u00bb es una herramienta imprescindible para el Estudio de la naturaleza in situ, tal y como han hecho siempre todos los grandes naturalistas, observando, viviendo inmersos en ella,.. Ayuda a tu peque a que se convierta en un observador de la belleza, a que aprenda y se convierta en uno [&hellip;]\" \/>\n<meta property=\"og:url\" content=\"https:\/\/educativosmeninheira.com\/imprimibles\/producto\/cuaderno-de-campo\/\" \/>\n<meta property=\"og:site_name\" content=\"Educativos\" \/>\n<meta property=\"article:modified_time\" content=\"2025-02-14T10:16:20+00:00\" \/>\n<meta property=\"og:image\" content=\"https:\/\/educativosmeninheira.com\/imprimibles\/wp-content\/uploads\/2021\/02\/CUADERNO_DE_CAMPO-1.jpg\" \/>\n\t<meta property=\"og:image:width\" content=\"1080\" \/>\n\t<meta property=\"og:image:height\" content=\"1080\" \/>\n\t<meta property=\"og:image:type\" content=\"image\/jpeg\" \/>\n<meta name=\"twitter:card\" content=\"summary_large_image\" \/>\n<meta name=\"twitter:label1\" content=\"Tiempo de lectura\" \/>\n\t<meta name=\"twitter:data1\" content=\"5 minutos\" \/>\n<script type=\"application\/ld+json\" class=\"yoast-schema-graph\">{\"@context\":\"https:\/\/schema.org\",\"@graph\":[{\"@type\":\"WebPage\",\"@id\":\"https:\/\/educativosmeninheira.com\/imprimibles\/producto\/cuaderno-de-campo\/\",\"url\":\"https:\/\/educativosmeninheira.com\/imprimibles\/producto\/cuaderno-de-campo\/\",\"name\":\"CUADERNO DE CAMPO PARA NI\u00d1OS - Educativos\",\"isPartOf\":{\"@id\":\"https:\/\/educativosmeninheira.com\/imprimibles\/#website\"},\"primaryImageOfPage\":{\"@id\":\"https:\/\/educativosmeninheira.com\/imprimibles\/producto\/cuaderno-de-campo\/#primaryimage\"},\"image\":{\"@id\":\"https:\/\/educativosmeninheira.com\/imprimibles\/producto\/cuaderno-de-campo\/#primaryimage\"},\"thumbnailUrl\":\"https:\/\/educativosmeninheira.com\/imprimibles\/wp-content\/uploads\/2021\/02\/CUADERNO_DE_CAMPO-1.jpg\",\"datePublished\":\"2021-02-19T11:23:37+00:00\",\"dateModified\":\"2025-02-14T10:16:20+00:00\",\"breadcrumb\":{\"@id\":\"https:\/\/educativosmeninheira.com\/imprimibles\/producto\/cuaderno-de-campo\/#breadcrumb\"},\"inLanguage\":\"es\",\"potentialAction\":[{\"@type\":\"ReadAction\",\"target\":[\"https:\/\/educativosmeninheira.com\/imprimibles\/producto\/cuaderno-de-campo\/\"]}]},{\"@type\":\"ImageObject\",\"inLanguage\":\"es\",\"@id\":\"https:\/\/educativosmeninheira.com\/imprimibles\/producto\/cuaderno-de-campo\/#primaryimage\",\"url\":\"https:\/\/educativosmeninheira.com\/imprimibles\/wp-content\/uploads\/2021\/02\/CUADERNO_DE_CAMPO-1.jpg\",\"contentUrl\":\"https:\/\/educativosmeninheira.com\/imprimibles\/wp-content\/uploads\/2021\/02\/CUADERNO_DE_CAMPO-1.jpg\",\"width\":1080,\"height\":1080},{\"@type\":\"BreadcrumbList\",\"@id\":\"https:\/\/educativosmeninheira.com\/imprimibles\/producto\/cuaderno-de-campo\/#breadcrumb\",\"itemListElement\":[{\"@type\":\"ListItem\",\"position\":1,\"name\":\"Home\",\"item\":\"https:\/\/educativosmeninheira.com\/imprimibles\/\"},{\"@type\":\"ListItem\",\"position\":2,\"name\":\"Tienda\",\"item\":\"https:\/\/educativosmeninheira.com\/imprimibles\/tienda\/\"},{\"@type\":\"ListItem\",\"position\":3,\"name\":\"CUADERNO DE CAMPO PARA NI\u00d1OS\"}]},{\"@type\":\"WebSite\",\"@id\":\"https:\/\/educativosmeninheira.com\/imprimibles\/#website\",\"url\":\"https:\/\/educativosmeninheira.com\/imprimibles\/\",\"name\":\"Educativos\",\"description\":\"\",\"publisher\":{\"@id\":\"https:\/\/educativosmeninheira.com\/imprimibles\/#organization\"},\"potentialAction\":[{\"@type\":\"SearchAction\",\"target\":{\"@type\":\"EntryPoint\",\"urlTemplate\":\"https:\/\/educativosmeninheira.com\/imprimibles\/?s={search_term_string}\"},\"query-input\":\"required name=search_term_string\"}],\"inLanguage\":\"es\"},{\"@type\":\"Organization\",\"@id\":\"https:\/\/educativosmeninheira.com\/imprimibles\/#organization\",\"name\":\"Educativos\",\"url\":\"https:\/\/educativosmeninheira.com\/imprimibles\/\",\"logo\":{\"@type\":\"ImageObject\",\"inLanguage\":\"es\",\"@id\":\"https:\/\/educativosmeninheira.com\/imprimibles\/#\/schema\/logo\/image\/\",\"url\":\"https:\/\/educativosmeninheira.com\/imprimibles\/wp-content\/uploads\/2024\/03\/LOGO-Educativos-meninheira.png\",\"contentUrl\":\"https:\/\/educativosmeninheira.com\/imprimibles\/wp-content\/uploads\/2024\/03\/LOGO-Educativos-meninheira.png\",\"width\":2194,\"height\":2145,\"caption\":\"Educativos\"},\"image\":{\"@id\":\"https:\/\/educativosmeninheira.com\/imprimibles\/#\/schema\/logo\/image\/\"}}]}<\/script>\n<!-- \/ Yoast SEO plugin. -->","yoast_head_json":{"title":"CUADERNO DE CAMPO PARA NI\u00d1OS - Educativos","robots":{"index":"index","follow":"follow","max-snippet":"max-snippet:-1","max-image-preview":"max-image-preview:large","max-video-preview":"max-video-preview:-1"},"canonical":"https:\/\/educativosmeninheira.com\/imprimibles\/producto\/cuaderno-de-campo\/","og_locale":"es_ES","og_type":"article","og_title":"CUADERNO DE CAMPO PARA NI\u00d1OS - Educativos","og_description":"El \u00abCUADERNO DE CAMPO PARA NI\u00d1OS\u00bb es una herramienta imprescindible para el Estudio de la naturaleza in situ, tal y como han hecho siempre todos los grandes naturalistas, observando, viviendo inmersos en ella,.. Ayuda a tu peque a que se convierta en un observador de la belleza, a que aprenda y se convierta en uno [&hellip;]","og_url":"https:\/\/educativosmeninheira.com\/imprimibles\/producto\/cuaderno-de-campo\/","og_site_name":"Educativos","article_modified_time":"2025-02-14T10:16:20+00:00","og_image":[{"width":1080,"height":1080,"url":"https:\/\/educativosmeninheira.com\/imprimibles\/wp-content\/uploads\/2021\/02\/CUADERNO_DE_CAMPO-1.jpg","type":"image\/jpeg"}],"twitter_card":"summary_large_image","twitter_misc":{"Tiempo de lectura":"5 minutos"},"schema":{"@context":"https:\/\/schema.org","@graph":[{"@type":"WebPage","@id":"https:\/\/educativosmeninheira.com\/imprimibles\/producto\/cuaderno-de-campo\/","url":"https:\/\/educativosmeninheira.com\/imprimibles\/producto\/cuaderno-de-campo\/","name":"CUADERNO DE CAMPO PARA NI\u00d1OS - Educativos","isPartOf":{"@id":"https:\/\/educativosmeninheira.com\/imprimibles\/#website"},"primaryImageOfPage":{"@id":"https:\/\/educativosmeninheira.com\/imprimibles\/producto\/cuaderno-de-campo\/#primaryimage"},"image":{"@id":"https:\/\/educativosmeninheira.com\/imprimibles\/producto\/cuaderno-de-campo\/#primaryimage"},"thumbnailUrl":"https:\/\/educativosmeninheira.com\/imprimibles\/wp-content\/uploads\/2021\/02\/CUADERNO_DE_CAMPO-1.jpg","datePublished":"2021-02-19T11:23:37+00:00","dateModified":"2025-02-14T10:16:20+00:00","breadcrumb":{"@id":"https:\/\/educativosmeninheira.com\/imprimibles\/producto\/cuaderno-de-campo\/#breadcrumb"},"inLanguage":"es","potentialAction":[{"@type":"ReadAction","target":["https:\/\/educativosmeninheira.com\/imprimibles\/producto\/cuaderno-de-campo\/"]}]},{"@type":"ImageObject","inLanguage":"es","@id":"https:\/\/educativosmeninheira.com\/imprimibles\/producto\/cuaderno-de-campo\/#primaryimage","url":"https:\/\/educativosmeninheira.com\/imprimibles\/wp-content\/uploads\/2021\/02\/CUADERNO_DE_CAMPO-1.jpg","contentUrl":"https:\/\/educativosmeninheira.com\/imprimibles\/wp-content\/uploads\/2021\/02\/CUADERNO_DE_CAMPO-1.jpg","width":1080,"height":1080},{"@type":"BreadcrumbList","@id":"https:\/\/educativosmeninheira.com\/imprimibles\/producto\/cuaderno-de-campo\/#breadcrumb","itemListElement":[{"@type":"ListItem","position":1,"name":"Home","item":"https:\/\/educativosmeninheira.com\/imprimibles\/"},{"@type":"ListItem","position":2,"name":"Tienda","item":"https:\/\/educativosmeninheira.com\/imprimibles\/tienda\/"},{"@type":"ListItem","position":3,"name":"CUADERNO DE CAMPO PARA NI\u00d1OS"}]},{"@type":"WebSite","@id":"https:\/\/educativosmeninheira.com\/imprimibles\/#website","url":"https:\/\/educativosmeninheira.com\/imprimibles\/","name":"Educativos","description":"","publisher":{"@id":"https:\/\/educativosmeninheira.com\/imprimibles\/#organization"},"potentialAction":[{"@type":"SearchAction","target":{"@type":"EntryPoint","urlTemplate":"https:\/\/educativosmeninheira.com\/imprimibles\/?s={search_term_string}"},"query-input":"required name=search_term_string"}],"inLanguage":"es"},{"@type":"Organization","@id":"https:\/\/educativosmeninheira.com\/imprimibles\/#organization","name":"Educativos","url":"https:\/\/educativosmeninheira.com\/imprimibles\/","logo":{"@type":"ImageObject","inLanguage":"es","@id":"https:\/\/educativosmeninheira.com\/imprimibles\/#\/schema\/logo\/image\/","url":"https:\/\/educativosmeninheira.com\/imprimibles\/wp-content\/uploads\/2024\/03\/LOGO-Educativos-meninheira.png","contentUrl":"https:\/\/educativosmeninheira.com\/imprimibles\/wp-content\/uploads\/2024\/03\/LOGO-Educativos-meninheira.png","width":2194,"height":2145,"caption":"Educativos"},"image":{"@id":"https:\/\/educativosmeninheira.com\/imprimibles\/#\/schema\/logo\/image\/"}}]}},"_links":{"self":[{"href":"https:\/\/educativosmeninheira.com\/imprimibles\/wp-json\/wp\/v2\/product\/385","targetHints":{"allow":["GET"]}}],"collection":[{"href":"https:\/\/educativosmeninheira.com\/imprimibles\/wp-json\/wp\/v2\/product"}],"about":[{"href":"https:\/\/educativosmeninheira.com\/imprimibles\/wp-json\/wp\/v2\/types\/product"}],"replies":[{"embeddable":true,"href":"https:\/\/educativosmeninheira.com\/imprimibles\/wp-json\/wp\/v2\/comments?post=385"}],"wp:featuredmedia":[{"embeddable":true,"href":"https:\/\/educativosmeninheira.com\/imprimibles\/wp-json\/wp\/v2\/media\/692"}],"wp:attachment":[{"href":"https:\/\/educativosmeninheira.com\/imprimibles\/wp-json\/wp\/v2\/media?parent=385"}],"wp:term":[{"taxonomy":"product_cat","embeddable":true,"href":"https:\/\/educativosmeninheira.com\/imprimibles\/wp-json\/wp\/v2\/product_cat?post=385"},{"taxonomy":"product_tag","embeddable":true,"href":"https:\/\/educativosmeninheira.com\/imprimibles\/wp-json\/wp\/v2\/product_tag?post=385"}],"curies":[{"name":"wp","href":"https:\/\/api.w.org\/{rel}","templated":true}]}}