{"id":390,"date":"2021-01-03T11:28:45","date_gmt":"2021-01-03T11:28:45","guid":{"rendered":"https:\/\/educativosmeninheira.com\/imprimibles\/?post_type=product&#038;p=390"},"modified":"2025-01-25T12:25:30","modified_gmt":"2025-01-25T12:25:30","slug":"unidad-didactica-geologia","status":"publish","type":"product","link":"https:\/\/educativosmeninheira.com\/imprimibles\/producto\/unidad-didactica-geologia\/","title":{"rendered":"UNIDAD DID\u00c1CTICA DE GEOLOG\u00cdA"},"content":{"rendered":"<h4 style=\"text-align: right;\"><strong>PDF educativo para estudiar la geolog\u00eda de manera m\u00e1s amena.<\/strong><\/h4>\n<p>&nbsp;<\/p>\n<p style=\"text-align: center;\">Este imprimible est\u00e1 <strong>estructurado como una Unidad did\u00e1ctica<\/strong> o Unidad de estudios (Lesson Plan)<br \/>\npara seguir a lo largo de 7 d\u00edas o sesiones, aunque se recomienda adecuarlo al propio ritmo o intereses del ni\u00f1o.<br \/>\nAl inicio de cada d\u00eda hay un \u00edndice en d\u00f3nde se estructura el plan de estudios para ese d\u00eda, se incluyen las explicaciones te\u00f3ricas, unas propuestas de experimentos o actividades sobre el tema, las plantillas para elaborar el lapbook de lo que hemos visto, etc.<\/p>\n<p style=\"text-align: center;\"><strong>Se puede utilizar tanto para alumnos de primaria como de secundaria<\/strong>,<br \/>\nt\u00fa ser\u00e1s quien adec\u00fae a su nivel de estudios o a su inter\u00e9s los conocimientos y actividades presentadas en el imprim\u00edble.<\/p>\n<p>&nbsp;<\/p>\n<p style=\"text-align: center;\"><strong>CONTENIDOS DEL ARCHIVO: un brev\u00edsimo resumen<\/strong><br \/>\n\u2665 Tarjetas estilo Montessori variadas<br \/>\n\u2665 Plantillas para elaborar un lapbook. Cada lecci\u00f3n se completa con tres plantillas para el lapbook,<br \/>\n\u2665 Certificado de Aprendiz de ge\u00f3logo\/a.<br \/>\n\u2665 Enlaces a recursos.<br \/>\nEn total,<strong> m\u00e1s de 100 p\u00e1ginas<\/strong> para aprender geolog\u00eda de manera m\u00e1s amena.<\/p>\n<h3 style=\"text-align: center;\"><span style=\"color: #ff6600;\">\u2665\u00a0<\/span><span style=\"color: #ff6600;\">\u2665 \u2665 \u2665 \u2665 <a style=\"color: #ff6600;\" href=\"https:\/\/educativosmeninheira.com\/imprimibles\/geologia-trasna-meninheira\/\">click PARA M\u00c1S INFORMACI\u00d3N <\/a><\/span><span style=\"color: #ff6600;\">\u2665 \u2665 \u2665 \u2665 <\/span><span style=\"color: #ff6600;\">\u2665<\/span><\/h3>\n<p>&nbsp;<\/p>\n<h3><\/h3>\n<h3 class=\"gmail_default\"><strong>\u273f\u00a0<\/strong><strong>\u273f\u00a0<\/strong><strong>\u273f\u00a0<\/strong><strong>IMPORTANTE<\/strong><\/h3>\n<div class=\"gmail_default\" style=\"text-align: right;\"><strong>1. Esto es un producto digital, <\/strong>no se envia ning\u00fan produto f\u00edsico,<\/div>\n<div class=\"gmail_default\" style=\"text-align: right;\">una vez completada la compra, se proporciona un link para descargar el art\u00edculo comprado.<br \/>\n<strong>2. Los colores pueden variar ligeramente <\/strong>de la pantalla a la impresi\u00f3n.<br \/>\n<strong>3. Por favor, no compartas el PDF,\u00a0<\/strong><br \/>\nsi alguien te pide los archivos env\u00edalo a la p\u00e1gina.Los productos son econ\u00f3micos.<\/div>\n<div class=\"gmail_default\" style=\"text-align: right;\"><strong>4.<\/strong> Podr\u00e1s descargar el art\u00edculo cu\u00e1ntas veces quieras.<\/div>\n<div class=\"gmail_default\" style=\"text-align: right;\">.<br \/>\n\u2665\ufe0f \u00a1Gracias! \u2665\ufe0f<br \/>\nEste trabajo nos permite contribuir a la econom\u00eda dom\u00e9stica con ingresos pasivos.<\/div>\n<h2 class=\"gmail_default\"><strong>\u273f Nos somos\u00a0<\/strong>ECONOM\u00cdA LOCAL\u2026 dixital.<\/h2>\n<h3 style=\"text-align: center;\"><span style=\"color: #ff6600;\">\u00a0<\/span><\/h3>\n<p style=\"text-align: center;\">Si prefieres tenerlo ya todo listo,<br \/>\npuedes adquirir la versi\u00f3n actualizada de esta unidad <strong>\u00a0en forma de CUADERNO<a href=\"https:\/\/amzn.to\/4cJ8ggx\"> en este link<\/a><\/strong><\/p>\n<p><a href=\"https:\/\/amzn.to\/4cJ8ggx\"><img fetchpriority=\"high\" decoding=\"async\" class=\"alignnone wp-image-1597 aligncenter\" src=\"https:\/\/educativosmeninheira.com\/imprimibles\/wp-content\/uploads\/2021\/01\/PROMO_geologia-3-300x300.jpg\" alt=\"\" width=\"229\" height=\"229\" srcset=\"https:\/\/educativosmeninheira.com\/imprimibles\/wp-content\/uploads\/2021\/01\/PROMO_geologia-3-300x300.jpg 300w, https:\/\/educativosmeninheira.com\/imprimibles\/wp-content\/uploads\/2021\/01\/PROMO_geologia-3-1024x1024.jpg 1024w, https:\/\/educativosmeninheira.com\/imprimibles\/wp-content\/uploads\/2021\/01\/PROMO_geologia-3-150x150.jpg 150w, https:\/\/educativosmeninheira.com\/imprimibles\/wp-content\/uploads\/2021\/01\/PROMO_geologia-3-768x768.jpg 768w, https:\/\/educativosmeninheira.com\/imprimibles\/wp-content\/uploads\/2021\/01\/PROMO_geologia-3-600x600.jpg 600w, https:\/\/educativosmeninheira.com\/imprimibles\/wp-content\/uploads\/2021\/01\/PROMO_geologia-3-100x100.jpg 100w, https:\/\/educativosmeninheira.com\/imprimibles\/wp-content\/uploads\/2021\/01\/PROMO_geologia-3.jpg 1200w\" sizes=\"(max-width: 229px) 100vw, 229px\" \/> <img decoding=\"async\" class=\"alignnone wp-image-1598 aligncenter\" src=\"https:\/\/educativosmeninheira.com\/imprimibles\/wp-content\/uploads\/2021\/01\/PROMO_geologia-4-300x300.jpg\" alt=\"\" width=\"235\" height=\"235\" srcset=\"https:\/\/educativosmeninheira.com\/imprimibles\/wp-content\/uploads\/2021\/01\/PROMO_geologia-4-300x300.jpg 300w, https:\/\/educativosmeninheira.com\/imprimibles\/wp-content\/uploads\/2021\/01\/PROMO_geologia-4-1024x1024.jpg 1024w, https:\/\/educativosmeninheira.com\/imprimibles\/wp-content\/uploads\/2021\/01\/PROMO_geologia-4-150x150.jpg 150w, https:\/\/educativosmeninheira.com\/imprimibles\/wp-content\/uploads\/2021\/01\/PROMO_geologia-4-768x768.jpg 768w, https:\/\/educativosmeninheira.com\/imprimibles\/wp-content\/uploads\/2021\/01\/PROMO_geologia-4-600x600.jpg 600w, https:\/\/educativosmeninheira.com\/imprimibles\/wp-content\/uploads\/2021\/01\/PROMO_geologia-4-100x100.jpg 100w, https:\/\/educativosmeninheira.com\/imprimibles\/wp-content\/uploads\/2021\/01\/PROMO_geologia-4.jpg 1200w\" sizes=\"(max-width: 235px) 100vw, 235px\" \/> <img decoding=\"async\" class=\"alignnone wp-image-1599 aligncenter\" src=\"https:\/\/educativosmeninheira.com\/imprimibles\/wp-content\/uploads\/2021\/01\/PROMO_geologia-1-300x300.jpg\" alt=\"\" width=\"238\" height=\"238\" srcset=\"https:\/\/educativosmeninheira.com\/imprimibles\/wp-content\/uploads\/2021\/01\/PROMO_geologia-1-300x300.jpg 300w, https:\/\/educativosmeninheira.com\/imprimibles\/wp-content\/uploads\/2021\/01\/PROMO_geologia-1-1024x1024.jpg 1024w, https:\/\/educativosmeninheira.com\/imprimibles\/wp-content\/uploads\/2021\/01\/PROMO_geologia-1-150x150.jpg 150w, https:\/\/educativosmeninheira.com\/imprimibles\/wp-content\/uploads\/2021\/01\/PROMO_geologia-1-768x768.jpg 768w, https:\/\/educativosmeninheira.com\/imprimibles\/wp-content\/uploads\/2021\/01\/PROMO_geologia-1-1536x1536.jpg 1536w, https:\/\/educativosmeninheira.com\/imprimibles\/wp-content\/uploads\/2021\/01\/PROMO_geologia-1-2048x2048.jpg 2048w, https:\/\/educativosmeninheira.com\/imprimibles\/wp-content\/uploads\/2021\/01\/PROMO_geologia-1-600x600.jpg 600w, https:\/\/educativosmeninheira.com\/imprimibles\/wp-content\/uploads\/2021\/01\/PROMO_geologia-1-100x100.jpg 100w\" sizes=\"(max-width: 238px) 100vw, 238px\" \/><\/a><\/p>\n","protected":false},"excerpt":{"rendered":"<p>PDF educativo para estudiar la geolog\u00eda de manera m\u00e1s amena. &nbsp; Este imprimible est\u00e1 estructurado como una Unidad did\u00e1ctica o Unidad de estudios (Lesson Plan) para seguir a lo largo de 7 d\u00edas o sesiones, aunque se recomienda adecuarlo al propio ritmo o intereses del ni\u00f1o. Al inicio de cada d\u00eda hay un \u00edndice en [&hellip;]<\/p>\n","protected":false},"featured_media":965,"comment_status":"open","ping_status":"closed","template":"","meta":{"site-sidebar-layout":"default","site-content-layout":"default","ast-site-content-layout":"default","site-content-style":"default","site-sidebar-style":"default","ast-global-header-display":"","ast-banner-title-visibility":"","ast-main-header-display":"","ast-hfb-above-header-display":"","ast-hfb-below-header-display":"","ast-hfb-mobile-header-display":"","site-post-title":"","ast-breadcrumbs-content":"","ast-featured-img":"","footer-sml-layout":"","theme-transparent-header-meta":"default","adv-header-id-meta":"","stick-header-meta":"","header-above-stick-meta":"","header-main-stick-meta":"","header-below-stick-meta":"","astra-migrate-meta-layouts":"set","ast-page-background-enabled":"default","ast-page-background-meta":{"desktop":{"background-color":"var(--ast-global-color-4)","background-image":"","background-repeat":"repeat","background-position":"center center","background-size":"auto","background-attachment":"scroll","background-type":"","background-media":"","overlay-type":"","overlay-color":"","overlay-gradient":""},"tablet":{"background-color":"","background-image":"","background-repeat":"repeat","background-position":"center center","background-size":"auto","background-attachment":"scroll","background-type":"","background-media":"","overlay-type":"","overlay-color":"","overlay-gradient":""},"mobile":{"background-color":"","background-image":"","background-repeat":"repeat","background-position":"center center","background-size":"auto","background-attachment":"scroll","background-type":"","background-media":"","overlay-type":"","overlay-color":"","overlay-gradient":""}},"ast-content-background-meta":{"desktop":{"background-color":"var(--ast-global-color-5)","background-image":"","background-repeat":"repeat","background-position":"center center","background-size":"auto","background-attachment":"scroll","background-type":"","background-media":"","overlay-type":"","overlay-color":"","overlay-gradient":""},"tablet":{"background-color":"var(--ast-global-color-5)","background-image":"","background-repeat":"repeat","background-position":"center center","background-size":"auto","background-attachment":"scroll","background-type":"","background-media":"","overlay-type":"","overlay-color":"","overlay-gradient":""},"mobile":{"background-color":"var(--ast-global-color-5)","background-image":"","background-repeat":"repeat","background-position":"center center","background-size":"auto","background-attachment":"scroll","background-type":"","background-media":"","overlay-type":"","overlay-color":"","overlay-gradient":""}}},"product_cat":[15,18,17],"product_tag":[],"class_list":{"0":"post-390","1":"product","2":"type-product","3":"status-publish","4":"has-post-thumbnail","6":"product_cat-sin-categorizar","7":"product_cat-curriculum-de-biologia","8":"product_cat-lapbook","9":"desktop-align-left","10":"tablet-align-left","11":"mobile-align-left","13":"first","14":"instock","15":"downloadable","16":"virtual","17":"taxable","18":"purchasable","19":"product-type-simple"},"yoast_head":"<!-- This site is optimized with the Yoast SEO plugin v22.4 - https:\/\/yoast.com\/wordpress\/plugins\/seo\/ -->\n<title>UNIDAD DID\u00c1CTICA DE GEOLOG\u00cdA - Educativos<\/title>\n<meta name=\"robots\" content=\"index, follow, max-snippet:-1, max-image-preview:large, max-video-preview:-1\" \/>\n<link rel=\"canonical\" href=\"https:\/\/educativosmeninheira.com\/imprimibles\/producto\/unidad-didactica-geologia\/\" \/>\n<meta property=\"og:locale\" content=\"es_ES\" \/>\n<meta property=\"og:type\" content=\"article\" \/>\n<meta property=\"og:title\" content=\"UNIDAD DID\u00c1CTICA DE GEOLOG\u00cdA - Educativos\" \/>\n<meta property=\"og:description\" content=\"PDF educativo para estudiar la geolog\u00eda de manera m\u00e1s amena. &nbsp; Este imprimible est\u00e1 estructurado como una Unidad did\u00e1ctica o Unidad de estudios (Lesson Plan) para seguir a lo largo de 7 d\u00edas o sesiones, aunque se recomienda adecuarlo al propio ritmo o intereses del ni\u00f1o. Al inicio de cada d\u00eda hay un \u00edndice en [&hellip;]\" \/>\n<meta property=\"og:url\" content=\"https:\/\/educativosmeninheira.com\/imprimibles\/producto\/unidad-didactica-geologia\/\" \/>\n<meta property=\"og:site_name\" content=\"Educativos\" \/>\n<meta property=\"article:modified_time\" content=\"2025-01-25T12:25:30+00:00\" \/>\n<meta property=\"og:image\" content=\"https:\/\/educativosmeninheira.com\/imprimibles\/wp-content\/uploads\/2021\/02\/UNIDAD-DIDACTICA-GEOLOGIA-0.jpg\" \/>\n\t<meta property=\"og:image:width\" content=\"1080\" \/>\n\t<meta property=\"og:image:height\" content=\"1080\" \/>\n\t<meta property=\"og:image:type\" content=\"image\/jpeg\" \/>\n<meta name=\"twitter:card\" content=\"summary_large_image\" \/>\n<meta name=\"twitter:label1\" content=\"Tiempo de lectura\" \/>\n\t<meta name=\"twitter:data1\" content=\"3 minutos\" \/>\n<script type=\"application\/ld+json\" class=\"yoast-schema-graph\">{\"@context\":\"https:\/\/schema.org\",\"@graph\":[{\"@type\":\"WebPage\",\"@id\":\"https:\/\/educativosmeninheira.com\/imprimibles\/producto\/unidad-didactica-geologia\/\",\"url\":\"https:\/\/educativosmeninheira.com\/imprimibles\/producto\/unidad-didactica-geologia\/\",\"name\":\"UNIDAD DID\u00c1CTICA DE GEOLOG\u00cdA - Educativos\",\"isPartOf\":{\"@id\":\"https:\/\/educativosmeninheira.com\/imprimibles\/#website\"},\"primaryImageOfPage\":{\"@id\":\"https:\/\/educativosmeninheira.com\/imprimibles\/producto\/unidad-didactica-geologia\/#primaryimage\"},\"image\":{\"@id\":\"https:\/\/educativosmeninheira.com\/imprimibles\/producto\/unidad-didactica-geologia\/#primaryimage\"},\"thumbnailUrl\":\"https:\/\/educativosmeninheira.com\/imprimibles\/wp-content\/uploads\/2021\/02\/UNIDAD-DIDACTICA-GEOLOGIA-0.jpg\",\"datePublished\":\"2021-01-03T11:28:45+00:00\",\"dateModified\":\"2025-01-25T12:25:30+00:00\",\"breadcrumb\":{\"@id\":\"https:\/\/educativosmeninheira.com\/imprimibles\/producto\/unidad-didactica-geologia\/#breadcrumb\"},\"inLanguage\":\"es\",\"potentialAction\":[{\"@type\":\"ReadAction\",\"target\":[\"https:\/\/educativosmeninheira.com\/imprimibles\/producto\/unidad-didactica-geologia\/\"]}]},{\"@type\":\"ImageObject\",\"inLanguage\":\"es\",\"@id\":\"https:\/\/educativosmeninheira.com\/imprimibles\/producto\/unidad-didactica-geologia\/#primaryimage\",\"url\":\"https:\/\/educativosmeninheira.com\/imprimibles\/wp-content\/uploads\/2021\/02\/UNIDAD-DIDACTICA-GEOLOGIA-0.jpg\",\"contentUrl\":\"https:\/\/educativosmeninheira.com\/imprimibles\/wp-content\/uploads\/2021\/02\/UNIDAD-DIDACTICA-GEOLOGIA-0.jpg\",\"width\":1080,\"height\":1080},{\"@type\":\"BreadcrumbList\",\"@id\":\"https:\/\/educativosmeninheira.com\/imprimibles\/producto\/unidad-didactica-geologia\/#breadcrumb\",\"itemListElement\":[{\"@type\":\"ListItem\",\"position\":1,\"name\":\"Home\",\"item\":\"https:\/\/educativosmeninheira.com\/imprimibles\/\"},{\"@type\":\"ListItem\",\"position\":2,\"name\":\"Tienda\",\"item\":\"https:\/\/educativosmeninheira.com\/imprimibles\/tienda\/\"},{\"@type\":\"ListItem\",\"position\":3,\"name\":\"UNIDAD DID\u00c1CTICA DE GEOLOG\u00cdA\"}]},{\"@type\":\"WebSite\",\"@id\":\"https:\/\/educativosmeninheira.com\/imprimibles\/#website\",\"url\":\"https:\/\/educativosmeninheira.com\/imprimibles\/\",\"name\":\"Educativos\",\"description\":\"\",\"publisher\":{\"@id\":\"https:\/\/educativosmeninheira.com\/imprimibles\/#organization\"},\"potentialAction\":[{\"@type\":\"SearchAction\",\"target\":{\"@type\":\"EntryPoint\",\"urlTemplate\":\"https:\/\/educativosmeninheira.com\/imprimibles\/?s={search_term_string}\"},\"query-input\":\"required name=search_term_string\"}],\"inLanguage\":\"es\"},{\"@type\":\"Organization\",\"@id\":\"https:\/\/educativosmeninheira.com\/imprimibles\/#organization\",\"name\":\"Educativos\",\"url\":\"https:\/\/educativosmeninheira.com\/imprimibles\/\",\"logo\":{\"@type\":\"ImageObject\",\"inLanguage\":\"es\",\"@id\":\"https:\/\/educativosmeninheira.com\/imprimibles\/#\/schema\/logo\/image\/\",\"url\":\"https:\/\/educativosmeninheira.com\/imprimibles\/wp-content\/uploads\/2024\/03\/LOGO-Educativos-meninheira.png\",\"contentUrl\":\"https:\/\/educativosmeninheira.com\/imprimibles\/wp-content\/uploads\/2024\/03\/LOGO-Educativos-meninheira.png\",\"width\":2194,\"height\":2145,\"caption\":\"Educativos\"},\"image\":{\"@id\":\"https:\/\/educativosmeninheira.com\/imprimibles\/#\/schema\/logo\/image\/\"}}]}<\/script>\n<!-- \/ Yoast SEO plugin. -->","yoast_head_json":{"title":"UNIDAD DID\u00c1CTICA DE GEOLOG\u00cdA - Educativos","robots":{"index":"index","follow":"follow","max-snippet":"max-snippet:-1","max-image-preview":"max-image-preview:large","max-video-preview":"max-video-preview:-1"},"canonical":"https:\/\/educativosmeninheira.com\/imprimibles\/producto\/unidad-didactica-geologia\/","og_locale":"es_ES","og_type":"article","og_title":"UNIDAD DID\u00c1CTICA DE GEOLOG\u00cdA - Educativos","og_description":"PDF educativo para estudiar la geolog\u00eda de manera m\u00e1s amena. &nbsp; Este imprimible est\u00e1 estructurado como una Unidad did\u00e1ctica o Unidad de estudios (Lesson Plan) para seguir a lo largo de 7 d\u00edas o sesiones, aunque se recomienda adecuarlo al propio ritmo o intereses del ni\u00f1o. Al inicio de cada d\u00eda hay un \u00edndice en [&hellip;]","og_url":"https:\/\/educativosmeninheira.com\/imprimibles\/producto\/unidad-didactica-geologia\/","og_site_name":"Educativos","article_modified_time":"2025-01-25T12:25:30+00:00","og_image":[{"width":1080,"height":1080,"url":"https:\/\/educativosmeninheira.com\/imprimibles\/wp-content\/uploads\/2021\/02\/UNIDAD-DIDACTICA-GEOLOGIA-0.jpg","type":"image\/jpeg"}],"twitter_card":"summary_large_image","twitter_misc":{"Tiempo de lectura":"3 minutos"},"schema":{"@context":"https:\/\/schema.org","@graph":[{"@type":"WebPage","@id":"https:\/\/educativosmeninheira.com\/imprimibles\/producto\/unidad-didactica-geologia\/","url":"https:\/\/educativosmeninheira.com\/imprimibles\/producto\/unidad-didactica-geologia\/","name":"UNIDAD DID\u00c1CTICA DE GEOLOG\u00cdA - Educativos","isPartOf":{"@id":"https:\/\/educativosmeninheira.com\/imprimibles\/#website"},"primaryImageOfPage":{"@id":"https:\/\/educativosmeninheira.com\/imprimibles\/producto\/unidad-didactica-geologia\/#primaryimage"},"image":{"@id":"https:\/\/educativosmeninheira.com\/imprimibles\/producto\/unidad-didactica-geologia\/#primaryimage"},"thumbnailUrl":"https:\/\/educativosmeninheira.com\/imprimibles\/wp-content\/uploads\/2021\/02\/UNIDAD-DIDACTICA-GEOLOGIA-0.jpg","datePublished":"2021-01-03T11:28:45+00:00","dateModified":"2025-01-25T12:25:30+00:00","breadcrumb":{"@id":"https:\/\/educativosmeninheira.com\/imprimibles\/producto\/unidad-didactica-geologia\/#breadcrumb"},"inLanguage":"es","potentialAction":[{"@type":"ReadAction","target":["https:\/\/educativosmeninheira.com\/imprimibles\/producto\/unidad-didactica-geologia\/"]}]},{"@type":"ImageObject","inLanguage":"es","@id":"https:\/\/educativosmeninheira.com\/imprimibles\/producto\/unidad-didactica-geologia\/#primaryimage","url":"https:\/\/educativosmeninheira.com\/imprimibles\/wp-content\/uploads\/2021\/02\/UNIDAD-DIDACTICA-GEOLOGIA-0.jpg","contentUrl":"https:\/\/educativosmeninheira.com\/imprimibles\/wp-content\/uploads\/2021\/02\/UNIDAD-DIDACTICA-GEOLOGIA-0.jpg","width":1080,"height":1080},{"@type":"BreadcrumbList","@id":"https:\/\/educativosmeninheira.com\/imprimibles\/producto\/unidad-didactica-geologia\/#breadcrumb","itemListElement":[{"@type":"ListItem","position":1,"name":"Home","item":"https:\/\/educativosmeninheira.com\/imprimibles\/"},{"@type":"ListItem","position":2,"name":"Tienda","item":"https:\/\/educativosmeninheira.com\/imprimibles\/tienda\/"},{"@type":"ListItem","position":3,"name":"UNIDAD DID\u00c1CTICA DE GEOLOG\u00cdA"}]},{"@type":"WebSite","@id":"https:\/\/educativosmeninheira.com\/imprimibles\/#website","url":"https:\/\/educativosmeninheira.com\/imprimibles\/","name":"Educativos","description":"","publisher":{"@id":"https:\/\/educativosmeninheira.com\/imprimibles\/#organization"},"potentialAction":[{"@type":"SearchAction","target":{"@type":"EntryPoint","urlTemplate":"https:\/\/educativosmeninheira.com\/imprimibles\/?s={search_term_string}"},"query-input":"required name=search_term_string"}],"inLanguage":"es"},{"@type":"Organization","@id":"https:\/\/educativosmeninheira.com\/imprimibles\/#organization","name":"Educativos","url":"https:\/\/educativosmeninheira.com\/imprimibles\/","logo":{"@type":"ImageObject","inLanguage":"es","@id":"https:\/\/educativosmeninheira.com\/imprimibles\/#\/schema\/logo\/image\/","url":"https:\/\/educativosmeninheira.com\/imprimibles\/wp-content\/uploads\/2024\/03\/LOGO-Educativos-meninheira.png","contentUrl":"https:\/\/educativosmeninheira.com\/imprimibles\/wp-content\/uploads\/2024\/03\/LOGO-Educativos-meninheira.png","width":2194,"height":2145,"caption":"Educativos"},"image":{"@id":"https:\/\/educativosmeninheira.com\/imprimibles\/#\/schema\/logo\/image\/"}}]}},"_links":{"self":[{"href":"https:\/\/educativosmeninheira.com\/imprimibles\/wp-json\/wp\/v2\/product\/390","targetHints":{"allow":["GET"]}}],"collection":[{"href":"https:\/\/educativosmeninheira.com\/imprimibles\/wp-json\/wp\/v2\/product"}],"about":[{"href":"https:\/\/educativosmeninheira.com\/imprimibles\/wp-json\/wp\/v2\/types\/product"}],"replies":[{"embeddable":true,"href":"https:\/\/educativosmeninheira.com\/imprimibles\/wp-json\/wp\/v2\/comments?post=390"}],"wp:featuredmedia":[{"embeddable":true,"href":"https:\/\/educativosmeninheira.com\/imprimibles\/wp-json\/wp\/v2\/media\/965"}],"wp:attachment":[{"href":"https:\/\/educativosmeninheira.com\/imprimibles\/wp-json\/wp\/v2\/media?parent=390"}],"wp:term":[{"taxonomy":"product_cat","embeddable":true,"href":"https:\/\/educativosmeninheira.com\/imprimibles\/wp-json\/wp\/v2\/product_cat?post=390"},{"taxonomy":"product_tag","embeddable":true,"href":"https:\/\/educativosmeninheira.com\/imprimibles\/wp-json\/wp\/v2\/product_tag?post=390"}],"curies":[{"name":"wp","href":"https:\/\/api.w.org\/{rel}","templated":true}]}}