{"id":394,"date":"2021-02-19T11:39:44","date_gmt":"2021-02-19T11:39:44","guid":{"rendered":"https:\/\/educativosmeninheira.com\/imprimibles\/?post_type=product&#038;p=394"},"modified":"2023-10-05T10:45:54","modified_gmt":"2023-10-05T10:45:54","slug":"cuaderno-de-navidad-para-ninos","status":"publish","type":"product","link":"https:\/\/educativosmeninheira.com\/imprimibles\/producto\/cuaderno-de-navidad-para-ninos\/","title":{"rendered":"CUADERNO DE NAVIDAD PARA NI\u00d1OS"},"content":{"rendered":"<p style=\"text-align: center;\">El cuaderno de Navidad para ni\u00f1os representa no s\u00f3lo una fant\u00e1stica herramienta para practicar la lectoescritura, la composici\u00f3n, etc. de una forma diferente, divertida, si no que adem\u00e1s convierte estas fechas en un recuerdo maravilloso al que volver con el pasar de los a\u00f1os.<\/p>\n<p>\u2665 \u2665 \u2665 \u2665 \u2665 \u2665 \u2665 \u2665 \u2665 \u2665 \u2665 \u2665 \u2665 \u2665 \u2665 \u2665 \u2665 \u2665 \u2665 \u2665 \u2665 \u2665 \u2665 \u2665 \u2665 \u2665 \u2665 \u2665<br \/>\n\u00cdNDICE DE CONTENIDOS DEL ARCHIVO:<br \/>\n\u2665 \u2665 \u2665 \u2665 \u2665 \u2665 \u2665 \u2665 \u2665 \u2665 \u2665 \u2665 \u2665 \u2665 \u2665 \u2665 \u2665 \u2665 \u2665 \u2665 \u2665 \u2665 \u2665 \u2665 \u2665 \u2665 \u2665 \u2665<\/p>\n<p>\u2665 Ideas para llenar el cuaderno con m\u00e1s materiales ajenos al imprimible.<br \/>\n\u2665 Sugerencias de manualidades para hacer estos d\u00edas.<br \/>\n\u2665 Calendario de adviento para hacer en papel.<\/p>\n<p>\u2665 Las hojas del cuaderno son las siguientes:<br \/>\n1- Diario de vacaciones<br \/>\n2- Impresos de listas<br \/>\n3- Historia de las postales de Navidad<br \/>\n4- Historia de la flor de Pascua<br \/>\n5- Agenda de direcciones para apuntar a quien enviar las postales navide\u00f1as<br \/>\n6-Historia del \u00e1rbol de Navidad<br \/>\n7- Simbolog\u00eda de la decoraci\u00f3n m\u00e1s t\u00edpica del abeto navide\u00f1o<br \/>\n8- Listado de los adornos del \u00e1rbol<br \/>\n9- Recetas de Navidad originarias de&#8230;<br \/>\n10- Recetas de familia<br \/>\n11- Historias familiares de Navidad<br \/>\n12- Nuestras tradiciones familiares<br \/>\n13-Lista de cosas para hacer<br \/>\n14-Lo que m\u00e1s me gusta de la Navidad<br \/>\n15-Libros para leer en Navidad<br \/>\n16- Pel\u00edculas para ver en Navidad<br \/>\n17- Plantillas de p\u00e1ginas<br \/>\n18- Esta Navidad la he pasado con&#8230;<br \/>\n19- Firmas y dedicatorias<br \/>\n20- Calendario-Agenda<br \/>\n21- Dibujos para recortar y pega:<br \/>\n22 &#8211; Actividades Manuales: Plantilla para elaborar tarjetas<br \/>\n23- Actividades Manuales: Plantilla para hacer unas bolas de adorno<br \/>\n24- Actividades Manuales: Plantilla para realizar un abeto de Navidad<br \/>\n25- Actividades Manuales: Plantilla para realizar un angelito navide\u00f1o<br \/>\n26- Actividades Manuales: Plantilla para realizar un mu\u00f1eco de nieve<br \/>\n27- Actividades Manuales: Plantilla para realizar un hombrecito de gengibre<br \/>\n28- Actividades Manuales: Flor de pascua<br \/>\n29- Actividades Manuales: Calendario de adviento<\/p>\n<p>En total, m\u00e1s de 40 p\u00e1ginas distintas con informaci\u00f3n para elaborar tu cuaderno de Navidad que ir\u00e1 creciendo a\u00f1o tras a\u00f1o convirti\u00e9ndose en un bonito recuerdo familiar.<br \/>\n.<br \/>\nPuedes VER M\u00c1S FOTOS en el mismo art\u00edculo en otros idiomas.<\/p>\n<p>\u273f IMPORTANTE \u273f<br \/>\n1. Esto es un producto digital, NO SER\u00c1 ENVIADO NING\u00daN PRODUCTO F\u00cdSICO, una vez efect\u00faes la compra, SE TE PROPORCIONAR\u00c1 UN LINK PARA DESCARGAR EL ART\u00cdCULO.<br \/>\n2. Los colores pueden variar ligeramente de la pantalla a la impresi\u00f3n.<br \/>\n3. Por favor, no compartas mi trabajo, si alguien te pide los archivos env\u00edalo a la p\u00e1gina.<\/p>\n<p>.<br \/>\n\u2665\ufe0f \u00a1Gracias! \u2665\ufe0f<br \/>\nTodo esto me permite contribuir con unos poquitos ingresos que ayudan a mi familia, haciendo lo que me gusta y compartiendo mi tiempo con ellos.<\/p>\n","protected":false},"excerpt":{"rendered":"<p>El cuaderno de Navidad para ni\u00f1os representa no s\u00f3lo una fant\u00e1stica herramienta para practicar la lectoescritura, la composici\u00f3n, etc. de una forma diferente, divertida, si no que adem\u00e1s convierte estas fechas en un recuerdo maravilloso al que volver con el pasar de los a\u00f1os. \u2665 \u2665 \u2665 \u2665 \u2665 \u2665 \u2665 \u2665 \u2665 \u2665 \u2665 [&hellip;]<\/p>\n","protected":false},"featured_media":992,"comment_status":"open","ping_status":"closed","template":"","meta":{"site-sidebar-layout":"default","site-content-layout":"default","ast-site-content-layout":"","site-content-style":"default","site-sidebar-style":"default","ast-global-header-display":"","ast-banner-title-visibility":"","ast-main-header-display":"","ast-hfb-above-header-display":"","ast-hfb-below-header-display":"","ast-hfb-mobile-header-display":"","site-post-title":"","ast-breadcrumbs-content":"","ast-featured-img":"","footer-sml-layout":"","theme-transparent-header-meta":"default","adv-header-id-meta":"","stick-header-meta":"","header-above-stick-meta":"","header-main-stick-meta":"","header-below-stick-meta":"","astra-migrate-meta-layouts":"default","ast-page-background-enabled":"default","ast-page-background-meta":{"desktop":{"background-color":"var(--ast-global-color-4)","background-image":"","background-repeat":"repeat","background-position":"center center","background-size":"auto","background-attachment":"scroll","background-type":"","background-media":"","overlay-type":"","overlay-color":"","overlay-gradient":""},"tablet":{"background-color":"","background-image":"","background-repeat":"repeat","background-position":"center center","background-size":"auto","background-attachment":"scroll","background-type":"","background-media":"","overlay-type":"","overlay-color":"","overlay-gradient":""},"mobile":{"background-color":"","background-image":"","background-repeat":"repeat","background-position":"center center","background-size":"auto","background-attachment":"scroll","background-type":"","background-media":"","overlay-type":"","overlay-color":"","overlay-gradient":""}},"ast-content-background-meta":{"desktop":{"background-color":"var(--ast-global-color-5)","background-image":"","background-repeat":"repeat","background-position":"center center","background-size":"auto","background-attachment":"scroll","background-type":"","background-media":"","overlay-type":"","overlay-color":"","overlay-gradient":""},"tablet":{"background-color":"var(--ast-global-color-5)","background-image":"","background-repeat":"repeat","background-position":"center center","background-size":"auto","background-attachment":"scroll","background-type":"","background-media":"","overlay-type":"","overlay-color":"","overlay-gradient":""},"mobile":{"background-color":"var(--ast-global-color-5)","background-image":"","background-repeat":"repeat","background-position":"center center","background-size":"auto","background-attachment":"scroll","background-type":"","background-media":"","overlay-type":"","overlay-color":"","overlay-gradient":""}}},"product_cat":[15,29,38],"product_tag":[],"class_list":{"0":"post-394","1":"product","2":"type-product","3":"status-publish","4":"has-post-thumbnail","6":"product_cat-sin-categorizar","7":"product_cat-cuadernos","8":"product_cat-navidad","9":"desktop-align-left","10":"tablet-align-left","11":"mobile-align-left","13":"first","14":"instock","15":"downloadable","16":"virtual","17":"taxable","18":"purchasable","19":"product-type-simple"},"yoast_head":"<!-- This site is optimized with the Yoast SEO plugin v22.4 - https:\/\/yoast.com\/wordpress\/plugins\/seo\/ -->\n<title>CUADERNO DE NAVIDAD PARA NI\u00d1OS - Educativos<\/title>\n<meta name=\"robots\" content=\"index, follow, max-snippet:-1, max-image-preview:large, max-video-preview:-1\" \/>\n<link rel=\"canonical\" href=\"https:\/\/educativosmeninheira.com\/imprimibles\/producto\/cuaderno-de-navidad-para-ninos\/\" \/>\n<meta property=\"og:locale\" content=\"es_ES\" \/>\n<meta property=\"og:type\" content=\"article\" \/>\n<meta property=\"og:title\" content=\"CUADERNO DE NAVIDAD PARA NI\u00d1OS - Educativos\" \/>\n<meta property=\"og:description\" content=\"El cuaderno de Navidad para ni\u00f1os representa no s\u00f3lo una fant\u00e1stica herramienta para practicar la lectoescritura, la composici\u00f3n, etc. de una forma diferente, divertida, si no que adem\u00e1s convierte estas fechas en un recuerdo maravilloso al que volver con el pasar de los a\u00f1os. \u2665 \u2665 \u2665 \u2665 \u2665 \u2665 \u2665 \u2665 \u2665 \u2665 \u2665 [&hellip;]\" \/>\n<meta property=\"og:url\" content=\"https:\/\/educativosmeninheira.com\/imprimibles\/producto\/cuaderno-de-navidad-para-ninos\/\" \/>\n<meta property=\"og:site_name\" content=\"Educativos\" \/>\n<meta property=\"article:modified_time\" content=\"2023-10-05T10:45:54+00:00\" \/>\n<meta property=\"og:image\" content=\"https:\/\/educativosmeninheira.com\/imprimibles\/wp-content\/uploads\/2021\/02\/CUADERNO-DE-NAVIDAD-0.jpg\" \/>\n\t<meta property=\"og:image:width\" content=\"1080\" \/>\n\t<meta property=\"og:image:height\" content=\"1080\" \/>\n\t<meta property=\"og:image:type\" content=\"image\/jpeg\" \/>\n<meta name=\"twitter:card\" content=\"summary_large_image\" \/>\n<meta name=\"twitter:label1\" content=\"Tiempo de lectura\" \/>\n\t<meta name=\"twitter:data1\" content=\"2 minutos\" \/>\n<script type=\"application\/ld+json\" class=\"yoast-schema-graph\">{\"@context\":\"https:\/\/schema.org\",\"@graph\":[{\"@type\":\"WebPage\",\"@id\":\"https:\/\/educativosmeninheira.com\/imprimibles\/producto\/cuaderno-de-navidad-para-ninos\/\",\"url\":\"https:\/\/educativosmeninheira.com\/imprimibles\/producto\/cuaderno-de-navidad-para-ninos\/\",\"name\":\"CUADERNO DE NAVIDAD PARA NI\u00d1OS - Educativos\",\"isPartOf\":{\"@id\":\"https:\/\/educativosmeninheira.com\/imprimibles\/#website\"},\"primaryImageOfPage\":{\"@id\":\"https:\/\/educativosmeninheira.com\/imprimibles\/producto\/cuaderno-de-navidad-para-ninos\/#primaryimage\"},\"image\":{\"@id\":\"https:\/\/educativosmeninheira.com\/imprimibles\/producto\/cuaderno-de-navidad-para-ninos\/#primaryimage\"},\"thumbnailUrl\":\"https:\/\/educativosmeninheira.com\/imprimibles\/wp-content\/uploads\/2021\/02\/CUADERNO-DE-NAVIDAD-0.jpg\",\"datePublished\":\"2021-02-19T11:39:44+00:00\",\"dateModified\":\"2023-10-05T10:45:54+00:00\",\"breadcrumb\":{\"@id\":\"https:\/\/educativosmeninheira.com\/imprimibles\/producto\/cuaderno-de-navidad-para-ninos\/#breadcrumb\"},\"inLanguage\":\"es\",\"potentialAction\":[{\"@type\":\"ReadAction\",\"target\":[\"https:\/\/educativosmeninheira.com\/imprimibles\/producto\/cuaderno-de-navidad-para-ninos\/\"]}]},{\"@type\":\"ImageObject\",\"inLanguage\":\"es\",\"@id\":\"https:\/\/educativosmeninheira.com\/imprimibles\/producto\/cuaderno-de-navidad-para-ninos\/#primaryimage\",\"url\":\"https:\/\/educativosmeninheira.com\/imprimibles\/wp-content\/uploads\/2021\/02\/CUADERNO-DE-NAVIDAD-0.jpg\",\"contentUrl\":\"https:\/\/educativosmeninheira.com\/imprimibles\/wp-content\/uploads\/2021\/02\/CUADERNO-DE-NAVIDAD-0.jpg\",\"width\":1080,\"height\":1080},{\"@type\":\"BreadcrumbList\",\"@id\":\"https:\/\/educativosmeninheira.com\/imprimibles\/producto\/cuaderno-de-navidad-para-ninos\/#breadcrumb\",\"itemListElement\":[{\"@type\":\"ListItem\",\"position\":1,\"name\":\"Home\",\"item\":\"https:\/\/educativosmeninheira.com\/imprimibles\/\"},{\"@type\":\"ListItem\",\"position\":2,\"name\":\"Tienda\",\"item\":\"https:\/\/educativosmeninheira.com\/imprimibles\/tienda\/\"},{\"@type\":\"ListItem\",\"position\":3,\"name\":\"CUADERNO DE NAVIDAD PARA NI\u00d1OS\"}]},{\"@type\":\"WebSite\",\"@id\":\"https:\/\/educativosmeninheira.com\/imprimibles\/#website\",\"url\":\"https:\/\/educativosmeninheira.com\/imprimibles\/\",\"name\":\"Educativos\",\"description\":\"\",\"publisher\":{\"@id\":\"https:\/\/educativosmeninheira.com\/imprimibles\/#organization\"},\"potentialAction\":[{\"@type\":\"SearchAction\",\"target\":{\"@type\":\"EntryPoint\",\"urlTemplate\":\"https:\/\/educativosmeninheira.com\/imprimibles\/?s={search_term_string}\"},\"query-input\":\"required name=search_term_string\"}],\"inLanguage\":\"es\"},{\"@type\":\"Organization\",\"@id\":\"https:\/\/educativosmeninheira.com\/imprimibles\/#organization\",\"name\":\"Educativos\",\"url\":\"https:\/\/educativosmeninheira.com\/imprimibles\/\",\"logo\":{\"@type\":\"ImageObject\",\"inLanguage\":\"es\",\"@id\":\"https:\/\/educativosmeninheira.com\/imprimibles\/#\/schema\/logo\/image\/\",\"url\":\"https:\/\/educativosmeninheira.com\/imprimibles\/wp-content\/uploads\/2024\/03\/LOGO-Educativos-meninheira.png\",\"contentUrl\":\"https:\/\/educativosmeninheira.com\/imprimibles\/wp-content\/uploads\/2024\/03\/LOGO-Educativos-meninheira.png\",\"width\":2194,\"height\":2145,\"caption\":\"Educativos\"},\"image\":{\"@id\":\"https:\/\/educativosmeninheira.com\/imprimibles\/#\/schema\/logo\/image\/\"}}]}<\/script>\n<!-- \/ Yoast SEO plugin. -->","yoast_head_json":{"title":"CUADERNO DE NAVIDAD PARA NI\u00d1OS - Educativos","robots":{"index":"index","follow":"follow","max-snippet":"max-snippet:-1","max-image-preview":"max-image-preview:large","max-video-preview":"max-video-preview:-1"},"canonical":"https:\/\/educativosmeninheira.com\/imprimibles\/producto\/cuaderno-de-navidad-para-ninos\/","og_locale":"es_ES","og_type":"article","og_title":"CUADERNO DE NAVIDAD PARA NI\u00d1OS - Educativos","og_description":"El cuaderno de Navidad para ni\u00f1os representa no s\u00f3lo una fant\u00e1stica herramienta para practicar la lectoescritura, la composici\u00f3n, etc. de una forma diferente, divertida, si no que adem\u00e1s convierte estas fechas en un recuerdo maravilloso al que volver con el pasar de los a\u00f1os. \u2665 \u2665 \u2665 \u2665 \u2665 \u2665 \u2665 \u2665 \u2665 \u2665 \u2665 [&hellip;]","og_url":"https:\/\/educativosmeninheira.com\/imprimibles\/producto\/cuaderno-de-navidad-para-ninos\/","og_site_name":"Educativos","article_modified_time":"2023-10-05T10:45:54+00:00","og_image":[{"width":1080,"height":1080,"url":"https:\/\/educativosmeninheira.com\/imprimibles\/wp-content\/uploads\/2021\/02\/CUADERNO-DE-NAVIDAD-0.jpg","type":"image\/jpeg"}],"twitter_card":"summary_large_image","twitter_misc":{"Tiempo de lectura":"2 minutos"},"schema":{"@context":"https:\/\/schema.org","@graph":[{"@type":"WebPage","@id":"https:\/\/educativosmeninheira.com\/imprimibles\/producto\/cuaderno-de-navidad-para-ninos\/","url":"https:\/\/educativosmeninheira.com\/imprimibles\/producto\/cuaderno-de-navidad-para-ninos\/","name":"CUADERNO DE NAVIDAD PARA NI\u00d1OS - Educativos","isPartOf":{"@id":"https:\/\/educativosmeninheira.com\/imprimibles\/#website"},"primaryImageOfPage":{"@id":"https:\/\/educativosmeninheira.com\/imprimibles\/producto\/cuaderno-de-navidad-para-ninos\/#primaryimage"},"image":{"@id":"https:\/\/educativosmeninheira.com\/imprimibles\/producto\/cuaderno-de-navidad-para-ninos\/#primaryimage"},"thumbnailUrl":"https:\/\/educativosmeninheira.com\/imprimibles\/wp-content\/uploads\/2021\/02\/CUADERNO-DE-NAVIDAD-0.jpg","datePublished":"2021-02-19T11:39:44+00:00","dateModified":"2023-10-05T10:45:54+00:00","breadcrumb":{"@id":"https:\/\/educativosmeninheira.com\/imprimibles\/producto\/cuaderno-de-navidad-para-ninos\/#breadcrumb"},"inLanguage":"es","potentialAction":[{"@type":"ReadAction","target":["https:\/\/educativosmeninheira.com\/imprimibles\/producto\/cuaderno-de-navidad-para-ninos\/"]}]},{"@type":"ImageObject","inLanguage":"es","@id":"https:\/\/educativosmeninheira.com\/imprimibles\/producto\/cuaderno-de-navidad-para-ninos\/#primaryimage","url":"https:\/\/educativosmeninheira.com\/imprimibles\/wp-content\/uploads\/2021\/02\/CUADERNO-DE-NAVIDAD-0.jpg","contentUrl":"https:\/\/educativosmeninheira.com\/imprimibles\/wp-content\/uploads\/2021\/02\/CUADERNO-DE-NAVIDAD-0.jpg","width":1080,"height":1080},{"@type":"BreadcrumbList","@id":"https:\/\/educativosmeninheira.com\/imprimibles\/producto\/cuaderno-de-navidad-para-ninos\/#breadcrumb","itemListElement":[{"@type":"ListItem","position":1,"name":"Home","item":"https:\/\/educativosmeninheira.com\/imprimibles\/"},{"@type":"ListItem","position":2,"name":"Tienda","item":"https:\/\/educativosmeninheira.com\/imprimibles\/tienda\/"},{"@type":"ListItem","position":3,"name":"CUADERNO DE NAVIDAD PARA NI\u00d1OS"}]},{"@type":"WebSite","@id":"https:\/\/educativosmeninheira.com\/imprimibles\/#website","url":"https:\/\/educativosmeninheira.com\/imprimibles\/","name":"Educativos","description":"","publisher":{"@id":"https:\/\/educativosmeninheira.com\/imprimibles\/#organization"},"potentialAction":[{"@type":"SearchAction","target":{"@type":"EntryPoint","urlTemplate":"https:\/\/educativosmeninheira.com\/imprimibles\/?s={search_term_string}"},"query-input":"required name=search_term_string"}],"inLanguage":"es"},{"@type":"Organization","@id":"https:\/\/educativosmeninheira.com\/imprimibles\/#organization","name":"Educativos","url":"https:\/\/educativosmeninheira.com\/imprimibles\/","logo":{"@type":"ImageObject","inLanguage":"es","@id":"https:\/\/educativosmeninheira.com\/imprimibles\/#\/schema\/logo\/image\/","url":"https:\/\/educativosmeninheira.com\/imprimibles\/wp-content\/uploads\/2024\/03\/LOGO-Educativos-meninheira.png","contentUrl":"https:\/\/educativosmeninheira.com\/imprimibles\/wp-content\/uploads\/2024\/03\/LOGO-Educativos-meninheira.png","width":2194,"height":2145,"caption":"Educativos"},"image":{"@id":"https:\/\/educativosmeninheira.com\/imprimibles\/#\/schema\/logo\/image\/"}}]}},"_links":{"self":[{"href":"https:\/\/educativosmeninheira.com\/imprimibles\/wp-json\/wp\/v2\/product\/394","targetHints":{"allow":["GET"]}}],"collection":[{"href":"https:\/\/educativosmeninheira.com\/imprimibles\/wp-json\/wp\/v2\/product"}],"about":[{"href":"https:\/\/educativosmeninheira.com\/imprimibles\/wp-json\/wp\/v2\/types\/product"}],"replies":[{"embeddable":true,"href":"https:\/\/educativosmeninheira.com\/imprimibles\/wp-json\/wp\/v2\/comments?post=394"}],"wp:featuredmedia":[{"embeddable":true,"href":"https:\/\/educativosmeninheira.com\/imprimibles\/wp-json\/wp\/v2\/media\/992"}],"wp:attachment":[{"href":"https:\/\/educativosmeninheira.com\/imprimibles\/wp-json\/wp\/v2\/media?parent=394"}],"wp:term":[{"taxonomy":"product_cat","embeddable":true,"href":"https:\/\/educativosmeninheira.com\/imprimibles\/wp-json\/wp\/v2\/product_cat?post=394"},{"taxonomy":"product_tag","embeddable":true,"href":"https:\/\/educativosmeninheira.com\/imprimibles\/wp-json\/wp\/v2\/product_tag?post=394"}],"curies":[{"name":"wp","href":"https:\/\/api.w.org\/{rel}","templated":true}]}}