{"id":398,"date":"2022-01-01T11:42:22","date_gmt":"2022-01-01T11:42:22","guid":{"rendered":"https:\/\/educativosmeninheira.com\/imprimibles\/?post_type=product&#038;p=398"},"modified":"2025-01-03T11:45:50","modified_gmt":"2025-01-03T11:45:50","slug":"lapbook-primates-galego","status":"publish","type":"product","link":"https:\/\/educativosmeninheira.com\/imprimibles\/producto\/lapbook-primates-galego\/","title":{"rendered":"Lapbook sobre os primates en galego"},"content":{"rendered":"<p style=\"text-align: center;\"><strong>Arquivo PDF coas plantillas para elaborar un LAPBOOK sobre os primates<br \/>\ne aprender de xeito divertido unha morea de cousas sobre estos mam\u00edferos.<\/strong><\/p>\n<p style=\"text-align: right;\"><strong>&#8230;&#8230;.. VERSI\u00d3N EN GALEGO<\/strong><\/p>\n<p>\u00cdNDICE DE CONTENIDOS DEL ARCHIVO:<br \/>\n\u2665 \u2665 \u2665 \u2665 \u2665 \u2665 \u2665 \u2665 \u2665 \u2665 \u2665 \u2665 \u2665 \u2665 \u2665 \u2665 \u2665 \u2665 \u2665 \u2665 \u2665 \u2665 \u2665 \u2665 \u2665 \u2665 \u2665 \u2665<\/p>\n<p>En el archivo encontrar\u00e1s:<\/p>\n<p>\u2665 Todas las plantillas para construir un Lapbook sobre los primates. Disponibles con la informaci\u00f3n completa, lista para imprimir, recortar y montar o vac\u00edas para que sea el propio alumno el que decida la informaci\u00f3n que quiere incluir en ellas.<\/p>\n<p>Aunque de ninguna manera este imprimible pretende ser una unidad did\u00e1ctica (lesson plan), con cada plantilla se adjunta una peque\u00f1\u00edta explicaci\u00f3n que puede utilizarse de gu\u00eda por los padres o por el alumno.<\/p>\n<p>Atendiendo a las sugerencias que me han ido haciendo las familias que compraron otros imprimibles, he restringido el uso de informaci\u00f3n a color en el imprimible y tambi\u00e9n he eliminado de la hoja a imprimir cualquier tipo de informaci\u00f3n adicional, para conseguir de esta forma un consumo de tinta m\u00e1s eficiente. Aunque visualmente el documento puede perder un poco de atractivo, creo que nuestro bolsillo gana mucho m\u00e1s y el resultado impreso es el mismo.<\/p>\n<p>En total,<strong> 70 p\u00e1ginas<\/strong> para elaborar tu lapbook y aprender sobre los primates de una manera m\u00e1s amena, creativa y divertida.<\/p>\n<p>&nbsp;<\/p>\n<p style=\"text-align: center;\">Podes VER M\u00c1iS FOTOS do mesmo artigo nos links das outras linguas<\/p>\n<div class=\"gmail_default\" style=\"text-align: right;\">\n<div class=\"gmail_default\" style=\"text-align: center;\"><strong>.<\/strong><\/div>\n<h3 class=\"gmail_default\" style=\"text-align: left;\"><strong>\u273f <\/strong><strong>\u273f\u00a0<\/strong><strong>\u273f\u00a0<\/strong><strong>IMPORTANTE<\/strong><\/h3>\n<div class=\"gmail_default\" style=\"text-align: right;\"><strong>1. Isto \u00e9 un producto dixital<\/strong>, non se envia ning\u00fan produto f\u00edsico,<\/div>\n<div class=\"gmail_default\" style=\"text-align: right;\">unha vez completada a compra. Vaise proporcionar un link para descarregar o artigo mercado.<br \/>\n<strong>2. As cores podem muda<\/strong>r lixeiramente da pantalla \u00e1 impresi\u00f3n.<br \/>\n<strong>3. Fai o favor de nom partillar o PDF<\/strong>,<br \/>\nse algu\u00e9n te pide os arquivos, enviallo \u00e1 p\u00e1xina, Os produtos sao econ\u00f3micos.<\/div>\n<div class=\"gmail_default\" style=\"text-align: right;\"><strong>4.<\/strong> Poder\u00e1s descarregar o artigo cantas veces queiras.<\/div>\n<div class=\"gmail_default\" style=\"text-align: right;\">.<br \/>\n\u2665 \u00a1GRAZAS \u2665<br \/>\nEste traballo permite-me contribuir \u00e1 econom\u00eda dom\u00e9stica, axudando \u00e1 mi\u00f1a familia facendo o que gosto e partillando o tempo com eles.<\/div>\n<h2 class=\"gmail_default\" style=\"text-align: left;\"><strong>\u273f Nos somos <\/strong>ECONOM\u00cdA LOCAL&#8230; dixital.<\/h2>\n<\/div>\n","protected":false},"excerpt":{"rendered":"<p>Arquivo PDF coas plantillas para elaborar un LAPBOOK sobre os primates e aprender de xeito divertido unha morea de cousas sobre estos mam\u00edferos. &#8230;&#8230;.. VERSI\u00d3N EN GALEGO \u00cdNDICE DE CONTENIDOS DEL ARCHIVO: \u2665 \u2665 \u2665 \u2665 \u2665 \u2665 \u2665 \u2665 \u2665 \u2665 \u2665 \u2665 \u2665 \u2665 \u2665 \u2665 \u2665 \u2665 \u2665 \u2665 \u2665 \u2665 \u2665 [&hellip;]<\/p>\n","protected":false},"featured_media":785,"comment_status":"open","ping_status":"closed","template":"","meta":{"site-sidebar-layout":"default","site-content-layout":"default","ast-site-content-layout":"default","site-content-style":"default","site-sidebar-style":"default","ast-global-header-display":"","ast-banner-title-visibility":"","ast-main-header-display":"","ast-hfb-above-header-display":"","ast-hfb-below-header-display":"","ast-hfb-mobile-header-display":"","site-post-title":"","ast-breadcrumbs-content":"","ast-featured-img":"","footer-sml-layout":"","theme-transparent-header-meta":"default","adv-header-id-meta":"","stick-header-meta":"","header-above-stick-meta":"","header-main-stick-meta":"","header-below-stick-meta":"","astra-migrate-meta-layouts":"set","ast-page-background-enabled":"default","ast-page-background-meta":{"desktop":{"background-color":"var(--ast-global-color-4)","background-image":"","background-repeat":"repeat","background-position":"center center","background-size":"auto","background-attachment":"scroll","background-type":"","background-media":"","overlay-type":"","overlay-color":"","overlay-gradient":""},"tablet":{"background-color":"","background-image":"","background-repeat":"repeat","background-position":"center center","background-size":"auto","background-attachment":"scroll","background-type":"","background-media":"","overlay-type":"","overlay-color":"","overlay-gradient":""},"mobile":{"background-color":"","background-image":"","background-repeat":"repeat","background-position":"center center","background-size":"auto","background-attachment":"scroll","background-type":"","background-media":"","overlay-type":"","overlay-color":"","overlay-gradient":""}},"ast-content-background-meta":{"desktop":{"background-color":"var(--ast-global-color-5)","background-image":"","background-repeat":"repeat","background-position":"center center","background-size":"auto","background-attachment":"scroll","background-type":"","background-media":"","overlay-type":"","overlay-color":"","overlay-gradient":""},"tablet":{"background-color":"var(--ast-global-color-5)","background-image":"","background-repeat":"repeat","background-position":"center center","background-size":"auto","background-attachment":"scroll","background-type":"","background-media":"","overlay-type":"","overlay-color":"","overlay-gradient":""},"mobile":{"background-color":"var(--ast-global-color-5)","background-image":"","background-repeat":"repeat","background-position":"center center","background-size":"auto","background-attachment":"scroll","background-type":"","background-media":"","overlay-type":"","overlay-color":"","overlay-gradient":""}}},"product_cat":[15,18,17,28],"product_tag":[],"class_list":{"0":"post-398","1":"product","2":"type-product","3":"status-publish","4":"has-post-thumbnail","6":"product_cat-sin-categorizar","7":"product_cat-curriculum-de-biologia","8":"product_cat-lapbook","9":"product_cat-galego","10":"desktop-align-left","11":"tablet-align-left","12":"mobile-align-left","14":"first","15":"instock","16":"downloadable","17":"virtual","18":"taxable","19":"purchasable","20":"product-type-simple"},"yoast_head":"<!-- This site is optimized with the Yoast SEO plugin v22.4 - https:\/\/yoast.com\/wordpress\/plugins\/seo\/ -->\n<title>Lapbook sobre os primates en galego - Educativos<\/title>\n<meta name=\"robots\" content=\"index, follow, max-snippet:-1, max-image-preview:large, max-video-preview:-1\" \/>\n<link rel=\"canonical\" href=\"https:\/\/educativosmeninheira.com\/imprimibles\/producto\/lapbook-primates-galego\/\" \/>\n<meta property=\"og:locale\" content=\"es_ES\" \/>\n<meta property=\"og:type\" content=\"article\" \/>\n<meta property=\"og:title\" content=\"Lapbook sobre os primates en galego - Educativos\" \/>\n<meta property=\"og:description\" content=\"Arquivo PDF coas plantillas para elaborar un LAPBOOK sobre os primates e aprender de xeito divertido unha morea de cousas sobre estos mam\u00edferos. &#8230;&#8230;.. VERSI\u00d3N EN GALEGO \u00cdNDICE DE CONTENIDOS DEL ARCHIVO: \u2665 \u2665 \u2665 \u2665 \u2665 \u2665 \u2665 \u2665 \u2665 \u2665 \u2665 \u2665 \u2665 \u2665 \u2665 \u2665 \u2665 \u2665 \u2665 \u2665 \u2665 \u2665 \u2665 [&hellip;]\" \/>\n<meta property=\"og:url\" content=\"https:\/\/educativosmeninheira.com\/imprimibles\/producto\/lapbook-primates-galego\/\" \/>\n<meta property=\"og:site_name\" content=\"Educativos\" \/>\n<meta property=\"article:modified_time\" content=\"2025-01-03T11:45:50+00:00\" \/>\n<meta property=\"og:image\" content=\"https:\/\/educativosmeninheira.com\/imprimibles\/wp-content\/uploads\/2021\/02\/LAPBOOK-PRIMATES-0-GZ.jpg\" \/>\n\t<meta property=\"og:image:width\" content=\"1080\" \/>\n\t<meta property=\"og:image:height\" content=\"1080\" \/>\n\t<meta property=\"og:image:type\" content=\"image\/jpeg\" \/>\n<meta name=\"twitter:card\" content=\"summary_large_image\" \/>\n<meta name=\"twitter:label1\" content=\"Tiempo de lectura\" \/>\n\t<meta name=\"twitter:data1\" content=\"2 minutos\" \/>\n<script type=\"application\/ld+json\" class=\"yoast-schema-graph\">{\"@context\":\"https:\/\/schema.org\",\"@graph\":[{\"@type\":\"WebPage\",\"@id\":\"https:\/\/educativosmeninheira.com\/imprimibles\/producto\/lapbook-primates-galego\/\",\"url\":\"https:\/\/educativosmeninheira.com\/imprimibles\/producto\/lapbook-primates-galego\/\",\"name\":\"Lapbook sobre os primates en galego - Educativos\",\"isPartOf\":{\"@id\":\"https:\/\/educativosmeninheira.com\/imprimibles\/#website\"},\"primaryImageOfPage\":{\"@id\":\"https:\/\/educativosmeninheira.com\/imprimibles\/producto\/lapbook-primates-galego\/#primaryimage\"},\"image\":{\"@id\":\"https:\/\/educativosmeninheira.com\/imprimibles\/producto\/lapbook-primates-galego\/#primaryimage\"},\"thumbnailUrl\":\"https:\/\/educativosmeninheira.com\/imprimibles\/wp-content\/uploads\/2021\/02\/LAPBOOK-PRIMATES-0-GZ.jpg\",\"datePublished\":\"2022-01-01T11:42:22+00:00\",\"dateModified\":\"2025-01-03T11:45:50+00:00\",\"breadcrumb\":{\"@id\":\"https:\/\/educativosmeninheira.com\/imprimibles\/producto\/lapbook-primates-galego\/#breadcrumb\"},\"inLanguage\":\"es\",\"potentialAction\":[{\"@type\":\"ReadAction\",\"target\":[\"https:\/\/educativosmeninheira.com\/imprimibles\/producto\/lapbook-primates-galego\/\"]}]},{\"@type\":\"ImageObject\",\"inLanguage\":\"es\",\"@id\":\"https:\/\/educativosmeninheira.com\/imprimibles\/producto\/lapbook-primates-galego\/#primaryimage\",\"url\":\"https:\/\/educativosmeninheira.com\/imprimibles\/wp-content\/uploads\/2021\/02\/LAPBOOK-PRIMATES-0-GZ.jpg\",\"contentUrl\":\"https:\/\/educativosmeninheira.com\/imprimibles\/wp-content\/uploads\/2021\/02\/LAPBOOK-PRIMATES-0-GZ.jpg\",\"width\":1080,\"height\":1080},{\"@type\":\"BreadcrumbList\",\"@id\":\"https:\/\/educativosmeninheira.com\/imprimibles\/producto\/lapbook-primates-galego\/#breadcrumb\",\"itemListElement\":[{\"@type\":\"ListItem\",\"position\":1,\"name\":\"Home\",\"item\":\"https:\/\/educativosmeninheira.com\/imprimibles\/\"},{\"@type\":\"ListItem\",\"position\":2,\"name\":\"Tienda\",\"item\":\"https:\/\/educativosmeninheira.com\/imprimibles\/tienda\/\"},{\"@type\":\"ListItem\",\"position\":3,\"name\":\"Lapbook sobre os primates en galego\"}]},{\"@type\":\"WebSite\",\"@id\":\"https:\/\/educativosmeninheira.com\/imprimibles\/#website\",\"url\":\"https:\/\/educativosmeninheira.com\/imprimibles\/\",\"name\":\"Educativos\",\"description\":\"\",\"publisher\":{\"@id\":\"https:\/\/educativosmeninheira.com\/imprimibles\/#organization\"},\"potentialAction\":[{\"@type\":\"SearchAction\",\"target\":{\"@type\":\"EntryPoint\",\"urlTemplate\":\"https:\/\/educativosmeninheira.com\/imprimibles\/?s={search_term_string}\"},\"query-input\":\"required name=search_term_string\"}],\"inLanguage\":\"es\"},{\"@type\":\"Organization\",\"@id\":\"https:\/\/educativosmeninheira.com\/imprimibles\/#organization\",\"name\":\"Educativos\",\"url\":\"https:\/\/educativosmeninheira.com\/imprimibles\/\",\"logo\":{\"@type\":\"ImageObject\",\"inLanguage\":\"es\",\"@id\":\"https:\/\/educativosmeninheira.com\/imprimibles\/#\/schema\/logo\/image\/\",\"url\":\"https:\/\/educativosmeninheira.com\/imprimibles\/wp-content\/uploads\/2024\/03\/LOGO-Educativos-meninheira.png\",\"contentUrl\":\"https:\/\/educativosmeninheira.com\/imprimibles\/wp-content\/uploads\/2024\/03\/LOGO-Educativos-meninheira.png\",\"width\":2194,\"height\":2145,\"caption\":\"Educativos\"},\"image\":{\"@id\":\"https:\/\/educativosmeninheira.com\/imprimibles\/#\/schema\/logo\/image\/\"}}]}<\/script>\n<!-- \/ Yoast SEO plugin. -->","yoast_head_json":{"title":"Lapbook sobre os primates en galego - Educativos","robots":{"index":"index","follow":"follow","max-snippet":"max-snippet:-1","max-image-preview":"max-image-preview:large","max-video-preview":"max-video-preview:-1"},"canonical":"https:\/\/educativosmeninheira.com\/imprimibles\/producto\/lapbook-primates-galego\/","og_locale":"es_ES","og_type":"article","og_title":"Lapbook sobre os primates en galego - Educativos","og_description":"Arquivo PDF coas plantillas para elaborar un LAPBOOK sobre os primates e aprender de xeito divertido unha morea de cousas sobre estos mam\u00edferos. &#8230;&#8230;.. VERSI\u00d3N EN GALEGO \u00cdNDICE DE CONTENIDOS DEL ARCHIVO: \u2665 \u2665 \u2665 \u2665 \u2665 \u2665 \u2665 \u2665 \u2665 \u2665 \u2665 \u2665 \u2665 \u2665 \u2665 \u2665 \u2665 \u2665 \u2665 \u2665 \u2665 \u2665 \u2665 [&hellip;]","og_url":"https:\/\/educativosmeninheira.com\/imprimibles\/producto\/lapbook-primates-galego\/","og_site_name":"Educativos","article_modified_time":"2025-01-03T11:45:50+00:00","og_image":[{"width":1080,"height":1080,"url":"https:\/\/educativosmeninheira.com\/imprimibles\/wp-content\/uploads\/2021\/02\/LAPBOOK-PRIMATES-0-GZ.jpg","type":"image\/jpeg"}],"twitter_card":"summary_large_image","twitter_misc":{"Tiempo de lectura":"2 minutos"},"schema":{"@context":"https:\/\/schema.org","@graph":[{"@type":"WebPage","@id":"https:\/\/educativosmeninheira.com\/imprimibles\/producto\/lapbook-primates-galego\/","url":"https:\/\/educativosmeninheira.com\/imprimibles\/producto\/lapbook-primates-galego\/","name":"Lapbook sobre os primates en galego - Educativos","isPartOf":{"@id":"https:\/\/educativosmeninheira.com\/imprimibles\/#website"},"primaryImageOfPage":{"@id":"https:\/\/educativosmeninheira.com\/imprimibles\/producto\/lapbook-primates-galego\/#primaryimage"},"image":{"@id":"https:\/\/educativosmeninheira.com\/imprimibles\/producto\/lapbook-primates-galego\/#primaryimage"},"thumbnailUrl":"https:\/\/educativosmeninheira.com\/imprimibles\/wp-content\/uploads\/2021\/02\/LAPBOOK-PRIMATES-0-GZ.jpg","datePublished":"2022-01-01T11:42:22+00:00","dateModified":"2025-01-03T11:45:50+00:00","breadcrumb":{"@id":"https:\/\/educativosmeninheira.com\/imprimibles\/producto\/lapbook-primates-galego\/#breadcrumb"},"inLanguage":"es","potentialAction":[{"@type":"ReadAction","target":["https:\/\/educativosmeninheira.com\/imprimibles\/producto\/lapbook-primates-galego\/"]}]},{"@type":"ImageObject","inLanguage":"es","@id":"https:\/\/educativosmeninheira.com\/imprimibles\/producto\/lapbook-primates-galego\/#primaryimage","url":"https:\/\/educativosmeninheira.com\/imprimibles\/wp-content\/uploads\/2021\/02\/LAPBOOK-PRIMATES-0-GZ.jpg","contentUrl":"https:\/\/educativosmeninheira.com\/imprimibles\/wp-content\/uploads\/2021\/02\/LAPBOOK-PRIMATES-0-GZ.jpg","width":1080,"height":1080},{"@type":"BreadcrumbList","@id":"https:\/\/educativosmeninheira.com\/imprimibles\/producto\/lapbook-primates-galego\/#breadcrumb","itemListElement":[{"@type":"ListItem","position":1,"name":"Home","item":"https:\/\/educativosmeninheira.com\/imprimibles\/"},{"@type":"ListItem","position":2,"name":"Tienda","item":"https:\/\/educativosmeninheira.com\/imprimibles\/tienda\/"},{"@type":"ListItem","position":3,"name":"Lapbook sobre os primates en galego"}]},{"@type":"WebSite","@id":"https:\/\/educativosmeninheira.com\/imprimibles\/#website","url":"https:\/\/educativosmeninheira.com\/imprimibles\/","name":"Educativos","description":"","publisher":{"@id":"https:\/\/educativosmeninheira.com\/imprimibles\/#organization"},"potentialAction":[{"@type":"SearchAction","target":{"@type":"EntryPoint","urlTemplate":"https:\/\/educativosmeninheira.com\/imprimibles\/?s={search_term_string}"},"query-input":"required name=search_term_string"}],"inLanguage":"es"},{"@type":"Organization","@id":"https:\/\/educativosmeninheira.com\/imprimibles\/#organization","name":"Educativos","url":"https:\/\/educativosmeninheira.com\/imprimibles\/","logo":{"@type":"ImageObject","inLanguage":"es","@id":"https:\/\/educativosmeninheira.com\/imprimibles\/#\/schema\/logo\/image\/","url":"https:\/\/educativosmeninheira.com\/imprimibles\/wp-content\/uploads\/2024\/03\/LOGO-Educativos-meninheira.png","contentUrl":"https:\/\/educativosmeninheira.com\/imprimibles\/wp-content\/uploads\/2024\/03\/LOGO-Educativos-meninheira.png","width":2194,"height":2145,"caption":"Educativos"},"image":{"@id":"https:\/\/educativosmeninheira.com\/imprimibles\/#\/schema\/logo\/image\/"}}]}},"_links":{"self":[{"href":"https:\/\/educativosmeninheira.com\/imprimibles\/wp-json\/wp\/v2\/product\/398","targetHints":{"allow":["GET"]}}],"collection":[{"href":"https:\/\/educativosmeninheira.com\/imprimibles\/wp-json\/wp\/v2\/product"}],"about":[{"href":"https:\/\/educativosmeninheira.com\/imprimibles\/wp-json\/wp\/v2\/types\/product"}],"replies":[{"embeddable":true,"href":"https:\/\/educativosmeninheira.com\/imprimibles\/wp-json\/wp\/v2\/comments?post=398"}],"wp:featuredmedia":[{"embeddable":true,"href":"https:\/\/educativosmeninheira.com\/imprimibles\/wp-json\/wp\/v2\/media\/785"}],"wp:attachment":[{"href":"https:\/\/educativosmeninheira.com\/imprimibles\/wp-json\/wp\/v2\/media?parent=398"}],"wp:term":[{"taxonomy":"product_cat","embeddable":true,"href":"https:\/\/educativosmeninheira.com\/imprimibles\/wp-json\/wp\/v2\/product_cat?post=398"},{"taxonomy":"product_tag","embeddable":true,"href":"https:\/\/educativosmeninheira.com\/imprimibles\/wp-json\/wp\/v2\/product_tag?post=398"}],"curies":[{"name":"wp","href":"https:\/\/api.w.org\/{rel}","templated":true}]}}