{"id":407,"date":"2023-02-19T13:10:53","date_gmt":"2023-02-19T13:10:53","guid":{"rendered":"https:\/\/educativosmeninheira.com\/imprimibles\/?post_type=product&#038;p=407"},"modified":"2025-02-14T10:28:00","modified_gmt":"2025-02-14T10:28:00","slug":"trabajar_biografias","status":"publish","type":"product","link":"https:\/\/educativosmeninheira.com\/imprimibles\/producto\/trabajar_biografias\/","title":{"rendered":"FICHAS PARA TRABAJAR LAS BIOGRAF\u00cdAS"},"content":{"rendered":"<p style=\"text-align: center;\"><strong>El aprendizaje a trav\u00e9s del estudio de las biograf\u00edas es multidisciplinar<\/strong>,<br \/>\npues a trav\u00e9s del estudio de una persona la ubicamos en una \u00e9poca hist\u00f3rica,<br \/>\nlocalizamos en el mapa los lugares relacionados con su vida, etc.<br \/>\nas\u00ed que <strong>es una manera estupenda y significativa de trabajar la HISTORIA<\/strong><br \/>\ny adem\u00e1s les mostramos referentes,<br \/>\nles hacemos conscientes de c\u00f3mo la vida se desarrolla de manera no lineal sino que hay multiples oportunidades de reinventarse, etc.<\/p>\n<p>&nbsp;<\/p>\n<p>Por todo ello el estudio de las biograf\u00edas era tan importante para la pedagoga <em>Charlotte Mason<\/em> pues estudiar la vida de personas que han sido relevantes en la historia o que lo son en la actualidad, es un recurso did\u00e1ctico excelente <strong>para trabajar transversalmente un varias de \u00e1reas curriculares<\/strong>; historia, lenguaje, caligraf\u00eda, geograf\u00eda&#8230;, adem\u00e1s si lo u tilizamos como base para que lleven a cabo el trabajo de investigaci\u00f3n necesario para cubrir las plantillas, trabajaremos adem\u00e1s la capacidad para buscar, resumir y filtrar informaci\u00f3n. Como veis proporciona una cantidad de aprendizaje transversal enorme y es otra forma de aprender muy interesante y amena.<\/p>\n<div dir=\"auto\"><strong>Es \u00fatil tanto para los homeschoolers, como para los schoolers<\/strong>, que lo pueden utilizar como actividad educativa para hacer como \u00abtrabajo de fondo\u00bb e independiente de la actividad escolar.<\/div>\n<h5 dir=\"auto\" style=\"text-align: center;\"><\/h5>\n<p>&nbsp;<\/p>\n<p style=\"text-align: center;\"><span class=\"html-span xexx8yu x4uap5 x18d9i69 xkhd6sd x1hl2dhg x16tdsg8 x1vvkbs x3nfvp2 x1j61x8r x1fcty0u xdj266r xat24cr xgzva0m xhhsvwb xxymvpz xlup9mm x1kky2od\"><img decoding=\"async\" class=\"xz74otr\" src=\"https:\/\/static.xx.fbcdn.net\/images\/emoji.php\/v9\/tac\/1\/16\/2665.png\" alt=\"\u2665\" width=\"16\" height=\"16\" \/><\/span> <span class=\"html-span xexx8yu x4uap5 x18d9i69 xkhd6sd x1hl2dhg x16tdsg8 x1vvkbs x3nfvp2 x1j61x8r x1fcty0u xdj266r xat24cr xgzva0m xhhsvwb xxymvpz xlup9mm x1kky2od\"><img decoding=\"async\" class=\"xz74otr\" src=\"https:\/\/static.xx.fbcdn.net\/images\/emoji.php\/v9\/tac\/1\/16\/2665.png\" alt=\"\u2665\" width=\"16\" height=\"16\" \/><\/span>\u00a0<strong> \u00cdNDICE DE CONTENIDOS DEL ARCHIVO<\/strong><span class=\"html-span xexx8yu x4uap5 x18d9i69 xkhd6sd x1hl2dhg x16tdsg8 x1vvkbs x3nfvp2 x1j61x8r x1fcty0u xdj266r xat24cr xgzva0m xhhsvwb xxymvpz xlup9mm x1kky2od\"><img decoding=\"async\" class=\"xz74otr\" src=\"https:\/\/static.xx.fbcdn.net\/images\/emoji.php\/v9\/tac\/1\/16\/2665.png\" alt=\"\u2665\" width=\"16\" height=\"16\" \/><\/span> <span class=\"html-span xexx8yu x4uap5 x18d9i69 xkhd6sd x1hl2dhg x16tdsg8 x1vvkbs x3nfvp2 x1j61x8r x1fcty0u xdj266r xat24cr xgzva0m xhhsvwb xxymvpz xlup9mm x1kky2od\"><img decoding=\"async\" class=\"xz74otr\" src=\"https:\/\/static.xx.fbcdn.net\/images\/emoji.php\/v9\/tac\/1\/16\/2665.png\" alt=\"\u2665\" width=\"16\" height=\"16\" \/><br \/>\n<\/span><\/p>\n<p dir=\"auto\" style=\"text-align: center;\">Este PDF educativo contiene<br \/>\nplantillas en formato A4 para trabajar la HISTORIA a trav\u00e9s de las BIOGRAF\u00cdAS.<\/p>\n<p style=\"text-align: center;\"><span class=\"html-span xexx8yu x4uap5 x18d9i69 xkhd6sd x1hl2dhg x16tdsg8 x1vvkbs x3nfvp2 x1j61x8r x1fcty0u xdj266r xat24cr xgzva0m xhhsvwb xxymvpz xlup9mm x1kky2od\"><img decoding=\"async\" class=\"xz74otr\" src=\"https:\/\/static.xx.fbcdn.net\/images\/emoji.php\/v9\/tac\/1\/16\/2665.png\" alt=\"\u2665\" width=\"16\" height=\"16\" \/><\/span> 6 modelos de plantillas para utilizar en trabajo de investigaci\u00f3n de biograf\u00edas y\u00a0<span class=\"html-span xexx8yu x4uap5 x18d9i69 xkhd6sd x1hl2dhg x16tdsg8 x1vvkbs x3nfvp2 x1j61x8r x1fcty0u xdj266r xat24cr xgzva0m xhhsvwb xxymvpz xlup9mm x1kky2od\"><img decoding=\"async\" class=\"xz74otr\" src=\"https:\/\/static.xx.fbcdn.net\/images\/emoji.php\/v9\/tac\/1\/16\/2665.png\" alt=\"\u2665\" width=\"16\" height=\"16\" \/><\/span> 1 modelo de plantilla para utilizar de portada<\/p>\n<p style=\"text-align: center;\">\u2665 \u2665 \u2665 \u2665 \u2665 \u2665 \u2665 \u2665 \u2665 \u2665 \u2665 \u2665 \u2665 \u2665 \u2665 \u2665 \u2665 \u2665 \u2665 \u2665 \u2665 \u2665 \u2665 \u2665 \u2665 \u2665 \u2665 \u2665<\/p>\n<p style=\"text-align: center;\"><span style=\"color: #0000ff;\"><strong>Y si prefieres no imprimir,<\/strong><\/span><br \/>\npuedes utilizar nuestros <em>workbooks<\/em> o cuadernos de trabajo sobre homeschoolers famosos<br \/>\nen d\u00f3nde <em>encontrar\u00e1s <span class=\"html-span xexx8yu x4uap5 x18d9i69 xkhd6sd x1hl2dhg x16tdsg8 x1vvkbs x3nfvp2 x1j61x8r x1fcty0u xdj266r xat24cr xgzva0m xhhsvwb xxymvpz xlup9mm x1kky2od\">25 personas famosas pertenecientes a diversos campos.<\/span><\/em><\/p>\n<p style=\"text-align: center;\"><span class=\"html-span xdj266r x11i5rnm xat24cr x1mh8g0r xexx8yu x4uap5 x18d9i69 xkhd6sd x1hl2dhg x16tdsg8 x1vvkbs\"><span class=\"xt0psk2\"><a href=\"https:\/\/amzn.to\/4cEWun4\">Cuaderno 1<\/a> y <a href=\"https:\/\/amzn.to\/46ZSoVq\">Cuaderno 2<\/a><\/span><\/span><\/p>\n<figure id=\"attachment_1720\" aria-describedby=\"caption-attachment-1720\" style=\"width: 399px\" class=\"wp-caption aligncenter\"><img fetchpriority=\"high\" decoding=\"async\" class=\"wp-image-1720\" src=\"https:\/\/educativosmeninheira.com\/imprimibles\/wp-content\/uploads\/2023\/02\/IMG_20181112_122908.jpg\" alt=\"\u00a0Cuaderno de trabajo, biograf\u00edas\" width=\"399\" height=\"399\" srcset=\"https:\/\/educativosmeninheira.com\/imprimibles\/wp-content\/uploads\/2023\/02\/IMG_20181112_122908.jpg 1200w, https:\/\/educativosmeninheira.com\/imprimibles\/wp-content\/uploads\/2023\/02\/IMG_20181112_122908-300x300.jpg 300w, https:\/\/educativosmeninheira.com\/imprimibles\/wp-content\/uploads\/2023\/02\/IMG_20181112_122908-1024x1024.jpg 1024w, https:\/\/educativosmeninheira.com\/imprimibles\/wp-content\/uploads\/2023\/02\/IMG_20181112_122908-150x150.jpg 150w, https:\/\/educativosmeninheira.com\/imprimibles\/wp-content\/uploads\/2023\/02\/IMG_20181112_122908-768x769.jpg 768w, https:\/\/educativosmeninheira.com\/imprimibles\/wp-content\/uploads\/2023\/02\/IMG_20181112_122908-600x601.jpg 600w, https:\/\/educativosmeninheira.com\/imprimibles\/wp-content\/uploads\/2023\/02\/IMG_20181112_122908-100x100.jpg 100w\" sizes=\"(max-width: 399px) 100vw, 399px\" \/><figcaption id=\"caption-attachment-1720\" class=\"wp-caption-text\">\u00a0Cuaderno de trabajo, biograf\u00edas<\/figcaption><\/figure>\n<p style=\"text-align: center;\"><em>\u00a0<\/em><\/p>\n<p>&nbsp;<\/p>\n<div class=\"gmail_default\" style=\"text-align: center;\">\n<div class=\"gmail_default\">\n<h3 class=\"gmail_default\" style=\"text-align: left;\"><strong>\u273f\u00a0<\/strong><strong>\u273f\u00a0<\/strong><strong>\u273f\u00a0<\/strong><strong>IMPORTANTE<\/strong><\/h3>\n<div class=\"gmail_default\" style=\"text-align: right;\"><strong>1. Esto es un producto digital<\/strong>, no se envia ning\u00fan produto f\u00edsico,<\/div>\n<div class=\"gmail_default\" style=\"text-align: right;\">una vez completada la compra, se proporciona un link para descargar el art\u00edculo comprado,<br \/>\nsiempre podr\u00e1s acceder a tus compras en tu perfil<br \/>\n<strong>2. Los colores pueden cambiar<\/strong> ligeramente de la pantalla a la impresi\u00f3n.<br \/>\n<strong>3. Por favor, no compartas el PDF<\/strong>,<br \/>\nsi alguien te pide los archivos, envialo a la p\u00e1gina. Los productos son econ\u00f3micos.<\/div>\n<div class=\"gmail_default\" style=\"text-align: right;\">.<br \/>\n\u2665 \u00a1GRAciAS \u2665<br \/>\nEste trabajo contribuye a la econom\u00eda dom\u00e9stica.<\/div>\n<h2 class=\"gmail_default\" style=\"text-align: left;\"><strong>\u273f Somos <\/strong>ECONOM\u00cdA LOCAL\u2026 digital.<\/h2>\n<\/div>\n<\/div>\n","protected":false},"excerpt":{"rendered":"<p>El aprendizaje a trav\u00e9s del estudio de las biograf\u00edas es multidisciplinar, pues a trav\u00e9s del estudio de una persona la ubicamos en una \u00e9poca hist\u00f3rica, localizamos en el mapa los lugares relacionados con su vida, etc. as\u00ed que es una manera estupenda y significativa de trabajar la HISTORIA y adem\u00e1s les mostramos referentes, les hacemos [&hellip;]<\/p>\n","protected":false},"featured_media":625,"comment_status":"open","ping_status":"closed","template":"","meta":{"site-sidebar-layout":"default","site-content-layout":"default","ast-site-content-layout":"default","site-content-style":"default","site-sidebar-style":"default","ast-global-header-display":"","ast-banner-title-visibility":"","ast-main-header-display":"","ast-hfb-above-header-display":"","ast-hfb-below-header-display":"","ast-hfb-mobile-header-display":"","site-post-title":"","ast-breadcrumbs-content":"","ast-featured-img":"","footer-sml-layout":"","theme-transparent-header-meta":"default","adv-header-id-meta":"","stick-header-meta":"","header-above-stick-meta":"","header-main-stick-meta":"","header-below-stick-meta":"","astra-migrate-meta-layouts":"set","ast-page-background-enabled":"default","ast-page-background-meta":{"desktop":{"background-color":"var(--ast-global-color-4)","background-image":"","background-repeat":"repeat","background-position":"center center","background-size":"auto","background-attachment":"scroll","background-type":"","background-media":"","overlay-type":"","overlay-color":"","overlay-gradient":""},"tablet":{"background-color":"","background-image":"","background-repeat":"repeat","background-position":"center center","background-size":"auto","background-attachment":"scroll","background-type":"","background-media":"","overlay-type":"","overlay-color":"","overlay-gradient":""},"mobile":{"background-color":"","background-image":"","background-repeat":"repeat","background-position":"center center","background-size":"auto","background-attachment":"scroll","background-type":"","background-media":"","overlay-type":"","overlay-color":"","overlay-gradient":""}},"ast-content-background-meta":{"desktop":{"background-color":"var(--ast-global-color-5)","background-image":"","background-repeat":"repeat","background-position":"center center","background-size":"auto","background-attachment":"scroll","background-type":"","background-media":"","overlay-type":"","overlay-color":"","overlay-gradient":""},"tablet":{"background-color":"var(--ast-global-color-5)","background-image":"","background-repeat":"repeat","background-position":"center center","background-size":"auto","background-attachment":"scroll","background-type":"","background-media":"","overlay-type":"","overlay-color":"","overlay-gradient":""},"mobile":{"background-color":"var(--ast-global-color-5)","background-image":"","background-repeat":"repeat","background-position":"center center","background-size":"auto","background-attachment":"scroll","background-type":"","background-media":"","overlay-type":"","overlay-color":"","overlay-gradient":""}}},"product_cat":[15,21,34],"product_tag":[],"class_list":{"0":"post-407","1":"product","2":"type-product","3":"status-publish","4":"has-post-thumbnail","6":"product_cat-sin-categorizar","7":"product_cat-curriculum-de-historia","8":"product_cat-curriculum-de-lengua-y-literatura","9":"desktop-align-left","10":"tablet-align-left","11":"mobile-align-left","13":"first","14":"instock","15":"downloadable","16":"virtual","17":"taxable","18":"purchasable","19":"product-type-simple"},"yoast_head":"<!-- This site is optimized with the Yoast SEO plugin v22.4 - https:\/\/yoast.com\/wordpress\/plugins\/seo\/ -->\n<title>FICHAS PARA TRABAJAR LAS BIOGRAF\u00cdAS - Educativos<\/title>\n<meta name=\"robots\" content=\"index, follow, max-snippet:-1, max-image-preview:large, max-video-preview:-1\" \/>\n<link rel=\"canonical\" href=\"https:\/\/educativosmeninheira.com\/imprimibles\/producto\/trabajar_biografias\/\" \/>\n<meta property=\"og:locale\" content=\"es_ES\" \/>\n<meta property=\"og:type\" content=\"article\" \/>\n<meta property=\"og:title\" content=\"FICHAS PARA TRABAJAR LAS BIOGRAF\u00cdAS - Educativos\" \/>\n<meta property=\"og:description\" content=\"El aprendizaje a trav\u00e9s del estudio de las biograf\u00edas es multidisciplinar, pues a trav\u00e9s del estudio de una persona la ubicamos en una \u00e9poca hist\u00f3rica, localizamos en el mapa los lugares relacionados con su vida, etc. as\u00ed que es una manera estupenda y significativa de trabajar la HISTORIA y adem\u00e1s les mostramos referentes, les hacemos [&hellip;]\" \/>\n<meta property=\"og:url\" content=\"https:\/\/educativosmeninheira.com\/imprimibles\/producto\/trabajar_biografias\/\" \/>\n<meta property=\"og:site_name\" content=\"Educativos\" \/>\n<meta property=\"article:modified_time\" content=\"2025-02-14T10:28:00+00:00\" \/>\n<meta property=\"og:image\" content=\"https:\/\/educativosmeninheira.com\/imprimibles\/wp-content\/uploads\/2021\/02\/BIOGRAFIAS-0.jpg\" \/>\n\t<meta property=\"og:image:width\" content=\"1080\" \/>\n\t<meta property=\"og:image:height\" content=\"1080\" \/>\n\t<meta property=\"og:image:type\" content=\"image\/jpeg\" \/>\n<meta name=\"twitter:card\" content=\"summary_large_image\" \/>\n<meta name=\"twitter:label1\" content=\"Tiempo de lectura\" \/>\n\t<meta name=\"twitter:data1\" content=\"4 minutos\" \/>\n<script type=\"application\/ld+json\" class=\"yoast-schema-graph\">{\"@context\":\"https:\/\/schema.org\",\"@graph\":[{\"@type\":\"WebPage\",\"@id\":\"https:\/\/educativosmeninheira.com\/imprimibles\/producto\/trabajar_biografias\/\",\"url\":\"https:\/\/educativosmeninheira.com\/imprimibles\/producto\/trabajar_biografias\/\",\"name\":\"FICHAS PARA TRABAJAR LAS BIOGRAF\u00cdAS - Educativos\",\"isPartOf\":{\"@id\":\"https:\/\/educativosmeninheira.com\/imprimibles\/#website\"},\"primaryImageOfPage\":{\"@id\":\"https:\/\/educativosmeninheira.com\/imprimibles\/producto\/trabajar_biografias\/#primaryimage\"},\"image\":{\"@id\":\"https:\/\/educativosmeninheira.com\/imprimibles\/producto\/trabajar_biografias\/#primaryimage\"},\"thumbnailUrl\":\"https:\/\/educativosmeninheira.com\/imprimibles\/wp-content\/uploads\/2021\/02\/BIOGRAFIAS-0.jpg\",\"datePublished\":\"2023-02-19T13:10:53+00:00\",\"dateModified\":\"2025-02-14T10:28:00+00:00\",\"breadcrumb\":{\"@id\":\"https:\/\/educativosmeninheira.com\/imprimibles\/producto\/trabajar_biografias\/#breadcrumb\"},\"inLanguage\":\"es\",\"potentialAction\":[{\"@type\":\"ReadAction\",\"target\":[\"https:\/\/educativosmeninheira.com\/imprimibles\/producto\/trabajar_biografias\/\"]}]},{\"@type\":\"ImageObject\",\"inLanguage\":\"es\",\"@id\":\"https:\/\/educativosmeninheira.com\/imprimibles\/producto\/trabajar_biografias\/#primaryimage\",\"url\":\"https:\/\/educativosmeninheira.com\/imprimibles\/wp-content\/uploads\/2021\/02\/BIOGRAFIAS-0.jpg\",\"contentUrl\":\"https:\/\/educativosmeninheira.com\/imprimibles\/wp-content\/uploads\/2021\/02\/BIOGRAFIAS-0.jpg\",\"width\":1080,\"height\":1080},{\"@type\":\"BreadcrumbList\",\"@id\":\"https:\/\/educativosmeninheira.com\/imprimibles\/producto\/trabajar_biografias\/#breadcrumb\",\"itemListElement\":[{\"@type\":\"ListItem\",\"position\":1,\"name\":\"Home\",\"item\":\"https:\/\/educativosmeninheira.com\/imprimibles\/\"},{\"@type\":\"ListItem\",\"position\":2,\"name\":\"Tienda\",\"item\":\"https:\/\/educativosmeninheira.com\/imprimibles\/tienda\/\"},{\"@type\":\"ListItem\",\"position\":3,\"name\":\"FICHAS PARA TRABAJAR LAS BIOGRAF\u00cdAS\"}]},{\"@type\":\"WebSite\",\"@id\":\"https:\/\/educativosmeninheira.com\/imprimibles\/#website\",\"url\":\"https:\/\/educativosmeninheira.com\/imprimibles\/\",\"name\":\"Educativos\",\"description\":\"\",\"publisher\":{\"@id\":\"https:\/\/educativosmeninheira.com\/imprimibles\/#organization\"},\"potentialAction\":[{\"@type\":\"SearchAction\",\"target\":{\"@type\":\"EntryPoint\",\"urlTemplate\":\"https:\/\/educativosmeninheira.com\/imprimibles\/?s={search_term_string}\"},\"query-input\":\"required name=search_term_string\"}],\"inLanguage\":\"es\"},{\"@type\":\"Organization\",\"@id\":\"https:\/\/educativosmeninheira.com\/imprimibles\/#organization\",\"name\":\"Educativos\",\"url\":\"https:\/\/educativosmeninheira.com\/imprimibles\/\",\"logo\":{\"@type\":\"ImageObject\",\"inLanguage\":\"es\",\"@id\":\"https:\/\/educativosmeninheira.com\/imprimibles\/#\/schema\/logo\/image\/\",\"url\":\"https:\/\/educativosmeninheira.com\/imprimibles\/wp-content\/uploads\/2024\/03\/LOGO-Educativos-meninheira.png\",\"contentUrl\":\"https:\/\/educativosmeninheira.com\/imprimibles\/wp-content\/uploads\/2024\/03\/LOGO-Educativos-meninheira.png\",\"width\":2194,\"height\":2145,\"caption\":\"Educativos\"},\"image\":{\"@id\":\"https:\/\/educativosmeninheira.com\/imprimibles\/#\/schema\/logo\/image\/\"}}]}<\/script>\n<!-- \/ Yoast SEO plugin. -->","yoast_head_json":{"title":"FICHAS PARA TRABAJAR LAS BIOGRAF\u00cdAS - Educativos","robots":{"index":"index","follow":"follow","max-snippet":"max-snippet:-1","max-image-preview":"max-image-preview:large","max-video-preview":"max-video-preview:-1"},"canonical":"https:\/\/educativosmeninheira.com\/imprimibles\/producto\/trabajar_biografias\/","og_locale":"es_ES","og_type":"article","og_title":"FICHAS PARA TRABAJAR LAS BIOGRAF\u00cdAS - Educativos","og_description":"El aprendizaje a trav\u00e9s del estudio de las biograf\u00edas es multidisciplinar, pues a trav\u00e9s del estudio de una persona la ubicamos en una \u00e9poca hist\u00f3rica, localizamos en el mapa los lugares relacionados con su vida, etc. as\u00ed que es una manera estupenda y significativa de trabajar la HISTORIA y adem\u00e1s les mostramos referentes, les hacemos [&hellip;]","og_url":"https:\/\/educativosmeninheira.com\/imprimibles\/producto\/trabajar_biografias\/","og_site_name":"Educativos","article_modified_time":"2025-02-14T10:28:00+00:00","og_image":[{"width":1080,"height":1080,"url":"https:\/\/educativosmeninheira.com\/imprimibles\/wp-content\/uploads\/2021\/02\/BIOGRAFIAS-0.jpg","type":"image\/jpeg"}],"twitter_card":"summary_large_image","twitter_misc":{"Tiempo de lectura":"4 minutos"},"schema":{"@context":"https:\/\/schema.org","@graph":[{"@type":"WebPage","@id":"https:\/\/educativosmeninheira.com\/imprimibles\/producto\/trabajar_biografias\/","url":"https:\/\/educativosmeninheira.com\/imprimibles\/producto\/trabajar_biografias\/","name":"FICHAS PARA TRABAJAR LAS BIOGRAF\u00cdAS - Educativos","isPartOf":{"@id":"https:\/\/educativosmeninheira.com\/imprimibles\/#website"},"primaryImageOfPage":{"@id":"https:\/\/educativosmeninheira.com\/imprimibles\/producto\/trabajar_biografias\/#primaryimage"},"image":{"@id":"https:\/\/educativosmeninheira.com\/imprimibles\/producto\/trabajar_biografias\/#primaryimage"},"thumbnailUrl":"https:\/\/educativosmeninheira.com\/imprimibles\/wp-content\/uploads\/2021\/02\/BIOGRAFIAS-0.jpg","datePublished":"2023-02-19T13:10:53+00:00","dateModified":"2025-02-14T10:28:00+00:00","breadcrumb":{"@id":"https:\/\/educativosmeninheira.com\/imprimibles\/producto\/trabajar_biografias\/#breadcrumb"},"inLanguage":"es","potentialAction":[{"@type":"ReadAction","target":["https:\/\/educativosmeninheira.com\/imprimibles\/producto\/trabajar_biografias\/"]}]},{"@type":"ImageObject","inLanguage":"es","@id":"https:\/\/educativosmeninheira.com\/imprimibles\/producto\/trabajar_biografias\/#primaryimage","url":"https:\/\/educativosmeninheira.com\/imprimibles\/wp-content\/uploads\/2021\/02\/BIOGRAFIAS-0.jpg","contentUrl":"https:\/\/educativosmeninheira.com\/imprimibles\/wp-content\/uploads\/2021\/02\/BIOGRAFIAS-0.jpg","width":1080,"height":1080},{"@type":"BreadcrumbList","@id":"https:\/\/educativosmeninheira.com\/imprimibles\/producto\/trabajar_biografias\/#breadcrumb","itemListElement":[{"@type":"ListItem","position":1,"name":"Home","item":"https:\/\/educativosmeninheira.com\/imprimibles\/"},{"@type":"ListItem","position":2,"name":"Tienda","item":"https:\/\/educativosmeninheira.com\/imprimibles\/tienda\/"},{"@type":"ListItem","position":3,"name":"FICHAS PARA TRABAJAR LAS BIOGRAF\u00cdAS"}]},{"@type":"WebSite","@id":"https:\/\/educativosmeninheira.com\/imprimibles\/#website","url":"https:\/\/educativosmeninheira.com\/imprimibles\/","name":"Educativos","description":"","publisher":{"@id":"https:\/\/educativosmeninheira.com\/imprimibles\/#organization"},"potentialAction":[{"@type":"SearchAction","target":{"@type":"EntryPoint","urlTemplate":"https:\/\/educativosmeninheira.com\/imprimibles\/?s={search_term_string}"},"query-input":"required name=search_term_string"}],"inLanguage":"es"},{"@type":"Organization","@id":"https:\/\/educativosmeninheira.com\/imprimibles\/#organization","name":"Educativos","url":"https:\/\/educativosmeninheira.com\/imprimibles\/","logo":{"@type":"ImageObject","inLanguage":"es","@id":"https:\/\/educativosmeninheira.com\/imprimibles\/#\/schema\/logo\/image\/","url":"https:\/\/educativosmeninheira.com\/imprimibles\/wp-content\/uploads\/2024\/03\/LOGO-Educativos-meninheira.png","contentUrl":"https:\/\/educativosmeninheira.com\/imprimibles\/wp-content\/uploads\/2024\/03\/LOGO-Educativos-meninheira.png","width":2194,"height":2145,"caption":"Educativos"},"image":{"@id":"https:\/\/educativosmeninheira.com\/imprimibles\/#\/schema\/logo\/image\/"}}]}},"_links":{"self":[{"href":"https:\/\/educativosmeninheira.com\/imprimibles\/wp-json\/wp\/v2\/product\/407","targetHints":{"allow":["GET"]}}],"collection":[{"href":"https:\/\/educativosmeninheira.com\/imprimibles\/wp-json\/wp\/v2\/product"}],"about":[{"href":"https:\/\/educativosmeninheira.com\/imprimibles\/wp-json\/wp\/v2\/types\/product"}],"replies":[{"embeddable":true,"href":"https:\/\/educativosmeninheira.com\/imprimibles\/wp-json\/wp\/v2\/comments?post=407"}],"wp:featuredmedia":[{"embeddable":true,"href":"https:\/\/educativosmeninheira.com\/imprimibles\/wp-json\/wp\/v2\/media\/625"}],"wp:attachment":[{"href":"https:\/\/educativosmeninheira.com\/imprimibles\/wp-json\/wp\/v2\/media?parent=407"}],"wp:term":[{"taxonomy":"product_cat","embeddable":true,"href":"https:\/\/educativosmeninheira.com\/imprimibles\/wp-json\/wp\/v2\/product_cat?post=407"},{"taxonomy":"product_tag","embeddable":true,"href":"https:\/\/educativosmeninheira.com\/imprimibles\/wp-json\/wp\/v2\/product_tag?post=407"}],"curies":[{"name":"wp","href":"https:\/\/api.w.org\/{rel}","templated":true}]}}