{"id":414,"date":"2021-02-19T13:15:37","date_gmt":"2021-02-19T13:15:37","guid":{"rendered":"https:\/\/educativosmeninheira.com\/imprimibles\/?post_type=product&#038;p=414"},"modified":"2021-06-18T17:44:01","modified_gmt":"2021-06-18T17:44:01","slug":"la-letra-de-la-semana","status":"publish","type":"product","link":"https:\/\/educativosmeninheira.com\/imprimibles\/producto\/la-letra-de-la-semana\/","title":{"rendered":"LA LETRA DE LA SEMANA"},"content":{"rendered":"<p>El plan de estudios de \u00abLA LETRA DE LA SEMANA\u00bb es un plan de estudios para preescolar de actividades educativas centradas en el reconocimiento de las letras del abecedario.<br \/>\nEl aprendizaje de las letras se aborda desde varios \u00e1ngulos, e incluye actividades de pre-escritura, para trabajar la motricidad fina.<br \/>\n.<br \/>\nBasado en lecciones cortas.<br \/>\nAunque el nombre del imprimible alude a ense\u00f1ar una letra a la semana, se recomienda adaptarlo a la evoluci\u00f3n del ni\u00f1o e ir presentando las actividades conforme el aprendizaje y las demandas del mismo.<\/p>\n<p style=\"text-align: center;\"><strong>Este plan de estudios est\u00e1 formado por un documento general<br \/>\ny 27 documentos, <\/strong>uno por cada letra, <strong><em>casi 1.000 p\u00e1ginas imprimibles<br \/>\n<\/em><\/strong>con actividades exclusivas para cada letra y otras para realizar con el abecedario.<\/p>\n<p>El imprimible est\u00e1 integramente en castellano, pero como est\u00e1 dirigido a ni\u00f1os NO LECTORES puede aprovecharse para otras lenguas con los anexos correspondientes.<br \/>\n.<br \/>\n\u2665 \u2665 \u2665 \u2665 \u2665 \u2665 \u2665 \u2665 \u2665 \u2665 \u2665 \u2665 \u2665 \u2665 \u2665 \u2665 \u2665 \u2665 \u2665 \u2665 \u2665 \u2665 \u2665 \u2665 \u2665 \u2665 \u2665 \u2665<br \/>\n&#8230;&#8230;&#8230;\u00cdNDICE DE CONTENIDOS DEL ARCHIVO&#8230;&#8230;&#8230;<\/p>\n<p>Los documentos de las letras de la A a la Z contienen:<\/p>\n<p>1. Carteles de las letras para decorar el espacio educativo o para utilizar en el suelo para un aprendizaje cin\u00e9tico de las letras.<br \/>\n2. Manualidad para realizar con la letra y la imagen de correspondencia.<br \/>\nLa correspondencia de las letras para castellano, es la siguiente:<br \/>\nA de abeja \/ B de bellota \/ C de casa \/ D de dedo \/ E de estrella \/ F de faro \/ G de globo \/ H de hamburguesa (vegetal!!) \/ I de indio \/ J de jarr\u00f3n \/ K de kiwi \/ L de l\u00e1piz \/ M de monta\u00f1a \/ N de nube \/ \u00d1 de \u00f1u \/ O de oso \/ P de pez \/ Q de queso \/ R de remo \/ S de serpiente \/ T de tel\u00e9fono \/ U de uva \/ V de vaso \/ W de windsurf \/ X de xilof\u00f3n \/ Y de yo-yo \/ Z de zanahoria<br \/>\n3. Grafomotricidad: p\u00e1ginas para formar un cuadernillo de grafomotricidad con las letras.<br \/>\nEl plan de estudios contiene la parte de las letras del Cuadernillo de Grafomotricidad.<br \/>\n4. Ficha de escritura para la presentaci\u00f3n de la letra.<br \/>\n5. Ficha de cortar y pegar.<br \/>\n6. Ejercicio de corte.<br \/>\n7. Ejercicio de composici\u00f3n de la letra. Trabajando atenci\u00f3n, destreza visual, &#8230;<br \/>\n8. Ficha de grafomotricidad y composici\u00f3n.<br \/>\n9. Secuenciaci\u00f3n por tama\u00f1o utilizando la letra.<\/p>\n<p>10. Ejercicio de \u00abcostura\u00bb con la letra. Seguimos trabajando la motricidad fina y la coordinaci\u00f3n ojo-mano.<br \/>\nFotograf\u00eda de Dulce Mar\u00eda Osorio Mart\u00ednez<br \/>\n11. Ficha, laberinto de la letra may\u00fascula. Para trabajar atenci\u00f3n, discriminaci\u00f3n,&#8230;<br \/>\n12. Actividad manual con la letra para trabajar con contadores (como en este caso botones de madera), pompones, tampones, \u00abgomets\u00bb&#8230;<br \/>\n13. P\u00e1gina de libro de la letra que corresponda. Primera introducci\u00f3n de la min\u00fascula, se pretende que el ni\u00f1o forme un peque\u00f1o librito con todas las letras.<br \/>\n14. Ficha con la letra may\u00fascula para reseguir, colorear, recortar, etc.<br \/>\n15. Ficha con la letra min\u00fascula para reseguir, colorear, recortar, etc.<br \/>\n16. Tarjetas varias para relacionar may\u00fasculas y min\u00fasculas, su se\u00f1a en Lengua de Signos Espa\u00f1ola, etc.<br \/>\n17. Ficha, laberinto de la letra may\u00fascula y min\u00fascula.<br \/>\n18. Ficha para discriminar may\u00fasculas y min\u00fasculas con un ejercicio de cortar y pegar.<br \/>\n19. Dado de la letra. Que incluye la may\u00fascula, la min\u00fascula y su se\u00f1a en LSE.<br \/>\n20. Ficha de grafomotricidad de la may\u00fascula y la min\u00fascula.<br \/>\n21. Manualidad para, ayudados por \u00abpalitos de helado\u00bb, formar unos polos con la letra y su se\u00f1a.<br \/>\n22. Puzle de la imagen de correspondencia de la letra que utiliza la secuencia de las vocales como gu\u00eda.<br \/>\n23. Ficha de grafomotricidad, con las letras may\u00fasculas y min\u00fasculas para reseguir y la imagen de correspondencia para colorear.<br \/>\n24. Ficha de composici\u00f3n de palabras, primera introducci\u00f3n en la composici\u00f3n de palabras.<br \/>\nSe puede animar al ni\u00f1o a escribir las letras o bien entregarle las letras de la imagen de correspondencia para que las pegue en la ficha (si quieres reutilizarla, imprime y plastifica y utiliza pedacitos de velcro para fijar las letras).<br \/>\n25. Tarjetas circulares de la letra, para trabajar la correspondencia de may\u00fasculas y min\u00fasculas.<br \/>\n.<br \/>\n******************* El documento general contiene:<br \/>\n.<br \/>\nPropuestas para trabajar las letras en el d\u00eda a d\u00eda.<br \/>\nSugerencia sobre el orden de introducci\u00f3n de las letras.<br \/>\nPlantillas para las formas componedoras.<br \/>\n\u00abEl libro de las letras\u00bb. Una actividad para trabajar con cada letra que se vaya presentando.<br \/>\n\u00abEl tren del abecedario\u00bb. Una propuesta decorativa para trabajar las letras y su orden en el abecedario.<br \/>\nPlantilla para relacionar la letra con su imagen, su palabra de correspondencia,&#8230; utilizando las tarjetas que vienen en los packs de cada letra.<br \/>\nBingo del abecedario. Para trabajar el reconocimiento de las letras de forma divertida.<br \/>\nTapas para el cuadernillo de grafomotricidad en varios idiomas.<\/p>\n<p>&#8212; o &#8212;<\/p>\n<p>Puedes encontrar m\u00e1s propuestas para trabajar el alfabeto en el Pinterest de Educativos meninheira.<br \/>\n.<br \/>\n\u273f IMPORTANTE \u273f<br \/>\n1. Esto es un producto digital, NO SER\u00c1 ENVIADO NING\u00daN PRODUCTO F\u00cdSICO, una vez efect\u00faes la compra, SE TE PROPORCIONAR\u00c1 UN LINK PARA DESCARGAR EL ART\u00cdCULO.<br \/>\n2. Los colores pueden variar ligeramente de la pantalla a la impresi\u00f3n.<br \/>\n3. Por favor, no compartas mi trabajo, si alguien te pide los archivos env\u00edalo a la p\u00e1gina.<br \/>\n.<br \/>\n\u2665\ufe0f \u00a1Gracias! \u2665\ufe0f<br \/>\nTodo esto me permite contribuir con unos poquitos ingresos que ayudan a mi familia, haciendo lo que me gusta y compartiendo mi tiempo con ellos.<\/p>\n","protected":false},"excerpt":{"rendered":"<p>El plan de estudios de \u00abLA LETRA DE LA SEMANA\u00bb es un plan de estudios para preescolar de actividades educativas centradas en el reconocimiento de las letras del abecedario. El aprendizaje de las letras se aborda desde varios \u00e1ngulos, e incluye actividades de pre-escritura, para trabajar la motricidad fina. . Basado en lecciones cortas. Aunque [&hellip;]<\/p>\n","protected":false},"featured_media":757,"comment_status":"open","ping_status":"closed","template":"","meta":{"site-sidebar-layout":"default","site-content-layout":"default","ast-site-content-layout":"","site-content-style":"default","site-sidebar-style":"default","ast-global-header-display":"","ast-banner-title-visibility":"","ast-main-header-display":"","ast-hfb-above-header-display":"","ast-hfb-below-header-display":"","ast-hfb-mobile-header-display":"","site-post-title":"","ast-breadcrumbs-content":"","ast-featured-img":"","footer-sml-layout":"","theme-transparent-header-meta":"default","adv-header-id-meta":"","stick-header-meta":"","header-above-stick-meta":"","header-main-stick-meta":"","header-below-stick-meta":"","astra-migrate-meta-layouts":"default","ast-page-background-enabled":"default","ast-page-background-meta":{"desktop":{"background-color":"var(--ast-global-color-4)","background-image":"","background-repeat":"repeat","background-position":"center center","background-size":"auto","background-attachment":"scroll","background-type":"","background-media":"","overlay-type":"","overlay-color":"","overlay-gradient":""},"tablet":{"background-color":"","background-image":"","background-repeat":"repeat","background-position":"center center","background-size":"auto","background-attachment":"scroll","background-type":"","background-media":"","overlay-type":"","overlay-color":"","overlay-gradient":""},"mobile":{"background-color":"","background-image":"","background-repeat":"repeat","background-position":"center center","background-size":"auto","background-attachment":"scroll","background-type":"","background-media":"","overlay-type":"","overlay-color":"","overlay-gradient":""}},"ast-content-background-meta":{"desktop":{"background-color":"var(--ast-global-color-5)","background-image":"","background-repeat":"repeat","background-position":"center center","background-size":"auto","background-attachment":"scroll","background-type":"","background-media":"","overlay-type":"","overlay-color":"","overlay-gradient":""},"tablet":{"background-color":"var(--ast-global-color-5)","background-image":"","background-repeat":"repeat","background-position":"center center","background-size":"auto","background-attachment":"scroll","background-type":"","background-media":"","overlay-type":"","overlay-color":"","overlay-gradient":""},"mobile":{"background-color":"var(--ast-global-color-5)","background-image":"","background-repeat":"repeat","background-position":"center center","background-size":"auto","background-attachment":"scroll","background-type":"","background-media":"","overlay-type":"","overlay-color":"","overlay-gradient":""}}},"product_cat":[15,25],"product_tag":[],"class_list":{"0":"post-414","1":"product","2":"type-product","3":"status-publish","4":"has-post-thumbnail","6":"product_cat-sin-categorizar","7":"product_cat-curriculum-de-educacion-infantil","8":"desktop-align-left","9":"tablet-align-left","10":"mobile-align-left","12":"first","13":"instock","14":"downloadable","15":"virtual","16":"taxable","17":"purchasable","18":"product-type-simple"},"yoast_head":"<!-- This site is optimized with the Yoast SEO plugin v22.4 - https:\/\/yoast.com\/wordpress\/plugins\/seo\/ -->\n<title>LA LETRA DE LA SEMANA - Educativos<\/title>\n<meta name=\"robots\" content=\"index, follow, max-snippet:-1, max-image-preview:large, max-video-preview:-1\" \/>\n<link rel=\"canonical\" href=\"https:\/\/educativosmeninheira.com\/imprimibles\/producto\/la-letra-de-la-semana\/\" \/>\n<meta property=\"og:locale\" content=\"es_ES\" \/>\n<meta property=\"og:type\" content=\"article\" \/>\n<meta property=\"og:title\" content=\"LA LETRA DE LA SEMANA - Educativos\" \/>\n<meta property=\"og:description\" content=\"El plan de estudios de \u00abLA LETRA DE LA SEMANA\u00bb es un plan de estudios para preescolar de actividades educativas centradas en el reconocimiento de las letras del abecedario. El aprendizaje de las letras se aborda desde varios \u00e1ngulos, e incluye actividades de pre-escritura, para trabajar la motricidad fina. . Basado en lecciones cortas. Aunque [&hellip;]\" \/>\n<meta property=\"og:url\" content=\"https:\/\/educativosmeninheira.com\/imprimibles\/producto\/la-letra-de-la-semana\/\" \/>\n<meta property=\"og:site_name\" content=\"Educativos\" \/>\n<meta property=\"article:modified_time\" content=\"2021-06-18T17:44:01+00:00\" \/>\n<meta property=\"og:image\" content=\"https:\/\/educativosmeninheira.com\/imprimibles\/wp-content\/uploads\/2021\/02\/LETRA_DE_LA_SEMANA-0.jpg\" \/>\n\t<meta property=\"og:image:width\" content=\"1080\" \/>\n\t<meta property=\"og:image:height\" content=\"1080\" \/>\n\t<meta property=\"og:image:type\" content=\"image\/jpeg\" \/>\n<meta name=\"twitter:card\" content=\"summary_large_image\" \/>\n<meta name=\"twitter:label1\" content=\"Tiempo de lectura\" \/>\n\t<meta name=\"twitter:data1\" content=\"4 minutos\" \/>\n<script type=\"application\/ld+json\" class=\"yoast-schema-graph\">{\"@context\":\"https:\/\/schema.org\",\"@graph\":[{\"@type\":\"WebPage\",\"@id\":\"https:\/\/educativosmeninheira.com\/imprimibles\/producto\/la-letra-de-la-semana\/\",\"url\":\"https:\/\/educativosmeninheira.com\/imprimibles\/producto\/la-letra-de-la-semana\/\",\"name\":\"LA LETRA DE LA SEMANA - Educativos\",\"isPartOf\":{\"@id\":\"https:\/\/educativosmeninheira.com\/imprimibles\/#website\"},\"primaryImageOfPage\":{\"@id\":\"https:\/\/educativosmeninheira.com\/imprimibles\/producto\/la-letra-de-la-semana\/#primaryimage\"},\"image\":{\"@id\":\"https:\/\/educativosmeninheira.com\/imprimibles\/producto\/la-letra-de-la-semana\/#primaryimage\"},\"thumbnailUrl\":\"https:\/\/educativosmeninheira.com\/imprimibles\/wp-content\/uploads\/2021\/02\/LETRA_DE_LA_SEMANA-0.jpg\",\"datePublished\":\"2021-02-19T13:15:37+00:00\",\"dateModified\":\"2021-06-18T17:44:01+00:00\",\"breadcrumb\":{\"@id\":\"https:\/\/educativosmeninheira.com\/imprimibles\/producto\/la-letra-de-la-semana\/#breadcrumb\"},\"inLanguage\":\"es\",\"potentialAction\":[{\"@type\":\"ReadAction\",\"target\":[\"https:\/\/educativosmeninheira.com\/imprimibles\/producto\/la-letra-de-la-semana\/\"]}]},{\"@type\":\"ImageObject\",\"inLanguage\":\"es\",\"@id\":\"https:\/\/educativosmeninheira.com\/imprimibles\/producto\/la-letra-de-la-semana\/#primaryimage\",\"url\":\"https:\/\/educativosmeninheira.com\/imprimibles\/wp-content\/uploads\/2021\/02\/LETRA_DE_LA_SEMANA-0.jpg\",\"contentUrl\":\"https:\/\/educativosmeninheira.com\/imprimibles\/wp-content\/uploads\/2021\/02\/LETRA_DE_LA_SEMANA-0.jpg\",\"width\":1080,\"height\":1080},{\"@type\":\"BreadcrumbList\",\"@id\":\"https:\/\/educativosmeninheira.com\/imprimibles\/producto\/la-letra-de-la-semana\/#breadcrumb\",\"itemListElement\":[{\"@type\":\"ListItem\",\"position\":1,\"name\":\"Home\",\"item\":\"https:\/\/educativosmeninheira.com\/imprimibles\/\"},{\"@type\":\"ListItem\",\"position\":2,\"name\":\"Tienda\",\"item\":\"https:\/\/educativosmeninheira.com\/imprimibles\/tienda\/\"},{\"@type\":\"ListItem\",\"position\":3,\"name\":\"LA LETRA DE LA SEMANA\"}]},{\"@type\":\"WebSite\",\"@id\":\"https:\/\/educativosmeninheira.com\/imprimibles\/#website\",\"url\":\"https:\/\/educativosmeninheira.com\/imprimibles\/\",\"name\":\"Educativos\",\"description\":\"\",\"publisher\":{\"@id\":\"https:\/\/educativosmeninheira.com\/imprimibles\/#organization\"},\"potentialAction\":[{\"@type\":\"SearchAction\",\"target\":{\"@type\":\"EntryPoint\",\"urlTemplate\":\"https:\/\/educativosmeninheira.com\/imprimibles\/?s={search_term_string}\"},\"query-input\":\"required name=search_term_string\"}],\"inLanguage\":\"es\"},{\"@type\":\"Organization\",\"@id\":\"https:\/\/educativosmeninheira.com\/imprimibles\/#organization\",\"name\":\"Educativos\",\"url\":\"https:\/\/educativosmeninheira.com\/imprimibles\/\",\"logo\":{\"@type\":\"ImageObject\",\"inLanguage\":\"es\",\"@id\":\"https:\/\/educativosmeninheira.com\/imprimibles\/#\/schema\/logo\/image\/\",\"url\":\"https:\/\/educativosmeninheira.com\/imprimibles\/wp-content\/uploads\/2024\/03\/LOGO-Educativos-meninheira.png\",\"contentUrl\":\"https:\/\/educativosmeninheira.com\/imprimibles\/wp-content\/uploads\/2024\/03\/LOGO-Educativos-meninheira.png\",\"width\":2194,\"height\":2145,\"caption\":\"Educativos\"},\"image\":{\"@id\":\"https:\/\/educativosmeninheira.com\/imprimibles\/#\/schema\/logo\/image\/\"}}]}<\/script>\n<!-- \/ Yoast SEO plugin. -->","yoast_head_json":{"title":"LA LETRA DE LA SEMANA - Educativos","robots":{"index":"index","follow":"follow","max-snippet":"max-snippet:-1","max-image-preview":"max-image-preview:large","max-video-preview":"max-video-preview:-1"},"canonical":"https:\/\/educativosmeninheira.com\/imprimibles\/producto\/la-letra-de-la-semana\/","og_locale":"es_ES","og_type":"article","og_title":"LA LETRA DE LA SEMANA - Educativos","og_description":"El plan de estudios de \u00abLA LETRA DE LA SEMANA\u00bb es un plan de estudios para preescolar de actividades educativas centradas en el reconocimiento de las letras del abecedario. El aprendizaje de las letras se aborda desde varios \u00e1ngulos, e incluye actividades de pre-escritura, para trabajar la motricidad fina. . Basado en lecciones cortas. Aunque [&hellip;]","og_url":"https:\/\/educativosmeninheira.com\/imprimibles\/producto\/la-letra-de-la-semana\/","og_site_name":"Educativos","article_modified_time":"2021-06-18T17:44:01+00:00","og_image":[{"width":1080,"height":1080,"url":"https:\/\/educativosmeninheira.com\/imprimibles\/wp-content\/uploads\/2021\/02\/LETRA_DE_LA_SEMANA-0.jpg","type":"image\/jpeg"}],"twitter_card":"summary_large_image","twitter_misc":{"Tiempo de lectura":"4 minutos"},"schema":{"@context":"https:\/\/schema.org","@graph":[{"@type":"WebPage","@id":"https:\/\/educativosmeninheira.com\/imprimibles\/producto\/la-letra-de-la-semana\/","url":"https:\/\/educativosmeninheira.com\/imprimibles\/producto\/la-letra-de-la-semana\/","name":"LA LETRA DE LA SEMANA - Educativos","isPartOf":{"@id":"https:\/\/educativosmeninheira.com\/imprimibles\/#website"},"primaryImageOfPage":{"@id":"https:\/\/educativosmeninheira.com\/imprimibles\/producto\/la-letra-de-la-semana\/#primaryimage"},"image":{"@id":"https:\/\/educativosmeninheira.com\/imprimibles\/producto\/la-letra-de-la-semana\/#primaryimage"},"thumbnailUrl":"https:\/\/educativosmeninheira.com\/imprimibles\/wp-content\/uploads\/2021\/02\/LETRA_DE_LA_SEMANA-0.jpg","datePublished":"2021-02-19T13:15:37+00:00","dateModified":"2021-06-18T17:44:01+00:00","breadcrumb":{"@id":"https:\/\/educativosmeninheira.com\/imprimibles\/producto\/la-letra-de-la-semana\/#breadcrumb"},"inLanguage":"es","potentialAction":[{"@type":"ReadAction","target":["https:\/\/educativosmeninheira.com\/imprimibles\/producto\/la-letra-de-la-semana\/"]}]},{"@type":"ImageObject","inLanguage":"es","@id":"https:\/\/educativosmeninheira.com\/imprimibles\/producto\/la-letra-de-la-semana\/#primaryimage","url":"https:\/\/educativosmeninheira.com\/imprimibles\/wp-content\/uploads\/2021\/02\/LETRA_DE_LA_SEMANA-0.jpg","contentUrl":"https:\/\/educativosmeninheira.com\/imprimibles\/wp-content\/uploads\/2021\/02\/LETRA_DE_LA_SEMANA-0.jpg","width":1080,"height":1080},{"@type":"BreadcrumbList","@id":"https:\/\/educativosmeninheira.com\/imprimibles\/producto\/la-letra-de-la-semana\/#breadcrumb","itemListElement":[{"@type":"ListItem","position":1,"name":"Home","item":"https:\/\/educativosmeninheira.com\/imprimibles\/"},{"@type":"ListItem","position":2,"name":"Tienda","item":"https:\/\/educativosmeninheira.com\/imprimibles\/tienda\/"},{"@type":"ListItem","position":3,"name":"LA LETRA DE LA SEMANA"}]},{"@type":"WebSite","@id":"https:\/\/educativosmeninheira.com\/imprimibles\/#website","url":"https:\/\/educativosmeninheira.com\/imprimibles\/","name":"Educativos","description":"","publisher":{"@id":"https:\/\/educativosmeninheira.com\/imprimibles\/#organization"},"potentialAction":[{"@type":"SearchAction","target":{"@type":"EntryPoint","urlTemplate":"https:\/\/educativosmeninheira.com\/imprimibles\/?s={search_term_string}"},"query-input":"required name=search_term_string"}],"inLanguage":"es"},{"@type":"Organization","@id":"https:\/\/educativosmeninheira.com\/imprimibles\/#organization","name":"Educativos","url":"https:\/\/educativosmeninheira.com\/imprimibles\/","logo":{"@type":"ImageObject","inLanguage":"es","@id":"https:\/\/educativosmeninheira.com\/imprimibles\/#\/schema\/logo\/image\/","url":"https:\/\/educativosmeninheira.com\/imprimibles\/wp-content\/uploads\/2024\/03\/LOGO-Educativos-meninheira.png","contentUrl":"https:\/\/educativosmeninheira.com\/imprimibles\/wp-content\/uploads\/2024\/03\/LOGO-Educativos-meninheira.png","width":2194,"height":2145,"caption":"Educativos"},"image":{"@id":"https:\/\/educativosmeninheira.com\/imprimibles\/#\/schema\/logo\/image\/"}}]}},"_links":{"self":[{"href":"https:\/\/educativosmeninheira.com\/imprimibles\/wp-json\/wp\/v2\/product\/414","targetHints":{"allow":["GET"]}}],"collection":[{"href":"https:\/\/educativosmeninheira.com\/imprimibles\/wp-json\/wp\/v2\/product"}],"about":[{"href":"https:\/\/educativosmeninheira.com\/imprimibles\/wp-json\/wp\/v2\/types\/product"}],"replies":[{"embeddable":true,"href":"https:\/\/educativosmeninheira.com\/imprimibles\/wp-json\/wp\/v2\/comments?post=414"}],"wp:featuredmedia":[{"embeddable":true,"href":"https:\/\/educativosmeninheira.com\/imprimibles\/wp-json\/wp\/v2\/media\/757"}],"wp:attachment":[{"href":"https:\/\/educativosmeninheira.com\/imprimibles\/wp-json\/wp\/v2\/media?parent=414"}],"wp:term":[{"taxonomy":"product_cat","embeddable":true,"href":"https:\/\/educativosmeninheira.com\/imprimibles\/wp-json\/wp\/v2\/product_cat?post=414"},{"taxonomy":"product_tag","embeddable":true,"href":"https:\/\/educativosmeninheira.com\/imprimibles\/wp-json\/wp\/v2\/product_tag?post=414"}],"curies":[{"name":"wp","href":"https:\/\/api.w.org\/{rel}","templated":true}]}}