{"id":418,"date":"2022-01-02T13:18:57","date_gmt":"2022-01-02T13:18:57","guid":{"rendered":"https:\/\/educativosmeninheira.com\/imprimibles\/?post_type=product&#038;p=418"},"modified":"2024-03-20T18:06:09","modified_gmt":"2024-03-20T18:06:09","slug":"iniciacion_numeros","status":"publish","type":"product","link":"https:\/\/educativosmeninheira.com\/imprimibles\/producto\/iniciacion_numeros\/","title":{"rendered":"N\u00daMEROS PARA JUGAR"},"content":{"rendered":"<p>Un microPDF imprimible que contiene los n\u00fameros del 0 al 9, para imprimir, recortar, colorear, decorar,&#8230; en definitiva para jugar y aprender de manera divertida los n\u00fameros.<br \/>\n.<br \/>\nEl archivo est\u00e1 preparado para imprimir en formato A4<\/p>\n<p>\u2665 \u2665 \u2665 \u2665 \u2665 \u2665 \u2665 \u2665 \u2665 \u2665 \u2665 \u2665 \u2665 \u2665 \u2665 \u2665 \u2665 \u2665 \u2665 \u2665 \u2665 \u2665 \u2665 \u2665 \u2665 \u2665 \u2665 \u2665<br \/>\n\u00cdNDICE DE CONTENIDOS DEL ARCHIVO:<br \/>\n\u2665 \u2665 \u2665 \u2665 \u2665 \u2665 \u2665 \u2665 \u2665 \u2665 \u2665 \u2665 \u2665 \u2665 \u2665 \u2665 \u2665 \u2665 \u2665 \u2665 \u2665 \u2665 \u2665 \u2665 \u2665 \u2665 \u2665 \u2665<\/p>\n<p>En el archivo encontrar\u00e1s:<\/p>\n<p>\u2665 Los n\u00fameros del 0 al 9 en tama\u00f1o folio.<\/p>\n<p>\u2665 Los n\u00fameros del 0 al 9 en tama\u00f1o peque\u00f1o.<\/p>\n<p>Todos los n\u00fameros est\u00e1n punteados por lo que pueden ser utilizados en la pr\u00e1ctica grafomotiz, tanto para rese\u00f1ar con un l\u00e1piz como para recortar (utilizando los dedos o las tijeras).<\/p>\n<p>Es ideal para iniciarse en las mates.<\/p>\n<div class=\"gmail_default\">.<\/div>\n<div>\n<div class=\"gmail_default\">\u273f IMPORTANTE \u273f<br \/>\n1. Esto es un producto digital, NO SER\u00c1 ENVIADO NING\u00daN PRODUCTO F\u00cdSICO, una vez efect\u00faes la compra, SE TE PROPORCIONAR\u00c1 UN LINK PARA DESCARGAR EL ART\u00cdCULO.<br \/>\n2. Los colores pueden variar ligeramente de la pantalla a la impresi\u00f3n.<br \/>\n3. Por favor, no compartas mi trabajo, si alguien te pide los archivos env\u00edalo a la p\u00e1gina.<\/div>\n<div class=\"gmail_default\">4. Podr\u00e1s descargar el art\u00edculo 2 veces, despu\u00e9s tendr\u00e1s que volver a comprarlo.<br \/>\n\u2665 \u00a1Gracias! \u2665<br \/>\nTodo esto me permite contribuir con unos poquitos ingresos que ayudan a mi familia, haciendo lo que me gusta y compartiendo mi tiempo con ellos.<\/div>\n<\/div>\n","protected":false},"excerpt":{"rendered":"<p>Un microPDF imprimible que contiene los n\u00fameros del 0 al 9, para imprimir, recortar, colorear, decorar,&#8230; en definitiva para jugar y aprender de manera divertida los n\u00fameros. . El archivo est\u00e1 preparado para imprimir en formato A4 \u2665 \u2665 \u2665 \u2665 \u2665 \u2665 \u2665 \u2665 \u2665 \u2665 \u2665 \u2665 \u2665 \u2665 \u2665 \u2665 \u2665 \u2665 [&hellip;]<\/p>\n","protected":false},"featured_media":611,"comment_status":"open","ping_status":"closed","template":"","meta":{"site-sidebar-layout":"default","site-content-layout":"default","ast-site-content-layout":"","site-content-style":"default","site-sidebar-style":"default","ast-global-header-display":"","ast-banner-title-visibility":"","ast-main-header-display":"","ast-hfb-above-header-display":"","ast-hfb-below-header-display":"","ast-hfb-mobile-header-display":"","site-post-title":"","ast-breadcrumbs-content":"","ast-featured-img":"","footer-sml-layout":"","theme-transparent-header-meta":"default","adv-header-id-meta":"","stick-header-meta":"","header-above-stick-meta":"","header-main-stick-meta":"","header-below-stick-meta":"","astra-migrate-meta-layouts":"default","ast-page-background-enabled":"default","ast-page-background-meta":{"desktop":{"background-color":"var(--ast-global-color-4)","background-image":"","background-repeat":"repeat","background-position":"center center","background-size":"auto","background-attachment":"scroll","background-type":"","background-media":"","overlay-type":"","overlay-color":"","overlay-gradient":""},"tablet":{"background-color":"","background-image":"","background-repeat":"repeat","background-position":"center center","background-size":"auto","background-attachment":"scroll","background-type":"","background-media":"","overlay-type":"","overlay-color":"","overlay-gradient":""},"mobile":{"background-color":"","background-image":"","background-repeat":"repeat","background-position":"center center","background-size":"auto","background-attachment":"scroll","background-type":"","background-media":"","overlay-type":"","overlay-color":"","overlay-gradient":""}},"ast-content-background-meta":{"desktop":{"background-color":"var(--ast-global-color-5)","background-image":"","background-repeat":"repeat","background-position":"center center","background-size":"auto","background-attachment":"scroll","background-type":"","background-media":"","overlay-type":"","overlay-color":"","overlay-gradient":""},"tablet":{"background-color":"var(--ast-global-color-5)","background-image":"","background-repeat":"repeat","background-position":"center center","background-size":"auto","background-attachment":"scroll","background-type":"","background-media":"","overlay-type":"","overlay-color":"","overlay-gradient":""},"mobile":{"background-color":"var(--ast-global-color-5)","background-image":"","background-repeat":"repeat","background-position":"center center","background-size":"auto","background-attachment":"scroll","background-type":"","background-media":"","overlay-type":"","overlay-color":"","overlay-gradient":""}}},"product_cat":[15,25,35],"product_tag":[],"class_list":{"0":"post-418","1":"product","2":"type-product","3":"status-publish","4":"has-post-thumbnail","6":"product_cat-sin-categorizar","7":"product_cat-curriculum-de-educacion-infantil","8":"product_cat-curriculum-de-matematicas","9":"desktop-align-left","10":"tablet-align-left","11":"mobile-align-left","13":"first","14":"instock","15":"downloadable","16":"virtual","17":"taxable","18":"purchasable","19":"product-type-simple"},"yoast_head":"<!-- This site is optimized with the Yoast SEO plugin v22.4 - https:\/\/yoast.com\/wordpress\/plugins\/seo\/ -->\n<title>N\u00daMEROS PARA JUGAR - Educativos<\/title>\n<meta name=\"robots\" content=\"index, follow, max-snippet:-1, max-image-preview:large, max-video-preview:-1\" \/>\n<link rel=\"canonical\" href=\"https:\/\/educativosmeninheira.com\/imprimibles\/producto\/iniciacion_numeros\/\" \/>\n<meta property=\"og:locale\" content=\"es_ES\" \/>\n<meta property=\"og:type\" content=\"article\" \/>\n<meta property=\"og:title\" content=\"N\u00daMEROS PARA JUGAR - Educativos\" \/>\n<meta property=\"og:description\" content=\"Un microPDF imprimible que contiene los n\u00fameros del 0 al 9, para imprimir, recortar, colorear, decorar,&#8230; en definitiva para jugar y aprender de manera divertida los n\u00fameros. . El archivo est\u00e1 preparado para imprimir en formato A4 \u2665 \u2665 \u2665 \u2665 \u2665 \u2665 \u2665 \u2665 \u2665 \u2665 \u2665 \u2665 \u2665 \u2665 \u2665 \u2665 \u2665 \u2665 [&hellip;]\" \/>\n<meta property=\"og:url\" content=\"https:\/\/educativosmeninheira.com\/imprimibles\/producto\/iniciacion_numeros\/\" \/>\n<meta property=\"og:site_name\" content=\"Educativos\" \/>\n<meta property=\"article:modified_time\" content=\"2024-03-20T18:06:09+00:00\" \/>\n<meta property=\"og:image\" content=\"https:\/\/educativosmeninheira.com\/imprimibles\/wp-content\/uploads\/2021\/02\/NUMEROS-PARA-JUGAR-0.jpg\" \/>\n\t<meta property=\"og:image:width\" content=\"1080\" \/>\n\t<meta property=\"og:image:height\" content=\"1080\" \/>\n\t<meta property=\"og:image:type\" content=\"image\/jpeg\" \/>\n<meta name=\"twitter:card\" content=\"summary_large_image\" \/>\n<meta name=\"twitter:label1\" content=\"Tiempo de lectura\" \/>\n\t<meta name=\"twitter:data1\" content=\"1 minuto\" \/>\n<script type=\"application\/ld+json\" class=\"yoast-schema-graph\">{\"@context\":\"https:\/\/schema.org\",\"@graph\":[{\"@type\":\"WebPage\",\"@id\":\"https:\/\/educativosmeninheira.com\/imprimibles\/producto\/iniciacion_numeros\/\",\"url\":\"https:\/\/educativosmeninheira.com\/imprimibles\/producto\/iniciacion_numeros\/\",\"name\":\"N\u00daMEROS PARA JUGAR - Educativos\",\"isPartOf\":{\"@id\":\"https:\/\/educativosmeninheira.com\/imprimibles\/#website\"},\"primaryImageOfPage\":{\"@id\":\"https:\/\/educativosmeninheira.com\/imprimibles\/producto\/iniciacion_numeros\/#primaryimage\"},\"image\":{\"@id\":\"https:\/\/educativosmeninheira.com\/imprimibles\/producto\/iniciacion_numeros\/#primaryimage\"},\"thumbnailUrl\":\"https:\/\/educativosmeninheira.com\/imprimibles\/wp-content\/uploads\/2021\/02\/NUMEROS-PARA-JUGAR-0.jpg\",\"datePublished\":\"2022-01-02T13:18:57+00:00\",\"dateModified\":\"2024-03-20T18:06:09+00:00\",\"breadcrumb\":{\"@id\":\"https:\/\/educativosmeninheira.com\/imprimibles\/producto\/iniciacion_numeros\/#breadcrumb\"},\"inLanguage\":\"es\",\"potentialAction\":[{\"@type\":\"ReadAction\",\"target\":[\"https:\/\/educativosmeninheira.com\/imprimibles\/producto\/iniciacion_numeros\/\"]}]},{\"@type\":\"ImageObject\",\"inLanguage\":\"es\",\"@id\":\"https:\/\/educativosmeninheira.com\/imprimibles\/producto\/iniciacion_numeros\/#primaryimage\",\"url\":\"https:\/\/educativosmeninheira.com\/imprimibles\/wp-content\/uploads\/2021\/02\/NUMEROS-PARA-JUGAR-0.jpg\",\"contentUrl\":\"https:\/\/educativosmeninheira.com\/imprimibles\/wp-content\/uploads\/2021\/02\/NUMEROS-PARA-JUGAR-0.jpg\",\"width\":1080,\"height\":1080},{\"@type\":\"BreadcrumbList\",\"@id\":\"https:\/\/educativosmeninheira.com\/imprimibles\/producto\/iniciacion_numeros\/#breadcrumb\",\"itemListElement\":[{\"@type\":\"ListItem\",\"position\":1,\"name\":\"Home\",\"item\":\"https:\/\/educativosmeninheira.com\/imprimibles\/\"},{\"@type\":\"ListItem\",\"position\":2,\"name\":\"Tienda\",\"item\":\"https:\/\/educativosmeninheira.com\/imprimibles\/tienda\/\"},{\"@type\":\"ListItem\",\"position\":3,\"name\":\"N\u00daMEROS PARA JUGAR\"}]},{\"@type\":\"WebSite\",\"@id\":\"https:\/\/educativosmeninheira.com\/imprimibles\/#website\",\"url\":\"https:\/\/educativosmeninheira.com\/imprimibles\/\",\"name\":\"Educativos\",\"description\":\"\",\"publisher\":{\"@id\":\"https:\/\/educativosmeninheira.com\/imprimibles\/#organization\"},\"potentialAction\":[{\"@type\":\"SearchAction\",\"target\":{\"@type\":\"EntryPoint\",\"urlTemplate\":\"https:\/\/educativosmeninheira.com\/imprimibles\/?s={search_term_string}\"},\"query-input\":\"required name=search_term_string\"}],\"inLanguage\":\"es\"},{\"@type\":\"Organization\",\"@id\":\"https:\/\/educativosmeninheira.com\/imprimibles\/#organization\",\"name\":\"Educativos\",\"url\":\"https:\/\/educativosmeninheira.com\/imprimibles\/\",\"logo\":{\"@type\":\"ImageObject\",\"inLanguage\":\"es\",\"@id\":\"https:\/\/educativosmeninheira.com\/imprimibles\/#\/schema\/logo\/image\/\",\"url\":\"https:\/\/educativosmeninheira.com\/imprimibles\/wp-content\/uploads\/2024\/03\/LOGO-Educativos-meninheira.png\",\"contentUrl\":\"https:\/\/educativosmeninheira.com\/imprimibles\/wp-content\/uploads\/2024\/03\/LOGO-Educativos-meninheira.png\",\"width\":2194,\"height\":2145,\"caption\":\"Educativos\"},\"image\":{\"@id\":\"https:\/\/educativosmeninheira.com\/imprimibles\/#\/schema\/logo\/image\/\"}}]}<\/script>\n<!-- \/ Yoast SEO plugin. -->","yoast_head_json":{"title":"N\u00daMEROS PARA JUGAR - Educativos","robots":{"index":"index","follow":"follow","max-snippet":"max-snippet:-1","max-image-preview":"max-image-preview:large","max-video-preview":"max-video-preview:-1"},"canonical":"https:\/\/educativosmeninheira.com\/imprimibles\/producto\/iniciacion_numeros\/","og_locale":"es_ES","og_type":"article","og_title":"N\u00daMEROS PARA JUGAR - Educativos","og_description":"Un microPDF imprimible que contiene los n\u00fameros del 0 al 9, para imprimir, recortar, colorear, decorar,&#8230; en definitiva para jugar y aprender de manera divertida los n\u00fameros. . El archivo est\u00e1 preparado para imprimir en formato A4 \u2665 \u2665 \u2665 \u2665 \u2665 \u2665 \u2665 \u2665 \u2665 \u2665 \u2665 \u2665 \u2665 \u2665 \u2665 \u2665 \u2665 \u2665 [&hellip;]","og_url":"https:\/\/educativosmeninheira.com\/imprimibles\/producto\/iniciacion_numeros\/","og_site_name":"Educativos","article_modified_time":"2024-03-20T18:06:09+00:00","og_image":[{"width":1080,"height":1080,"url":"https:\/\/educativosmeninheira.com\/imprimibles\/wp-content\/uploads\/2021\/02\/NUMEROS-PARA-JUGAR-0.jpg","type":"image\/jpeg"}],"twitter_card":"summary_large_image","twitter_misc":{"Tiempo de lectura":"1 minuto"},"schema":{"@context":"https:\/\/schema.org","@graph":[{"@type":"WebPage","@id":"https:\/\/educativosmeninheira.com\/imprimibles\/producto\/iniciacion_numeros\/","url":"https:\/\/educativosmeninheira.com\/imprimibles\/producto\/iniciacion_numeros\/","name":"N\u00daMEROS PARA JUGAR - Educativos","isPartOf":{"@id":"https:\/\/educativosmeninheira.com\/imprimibles\/#website"},"primaryImageOfPage":{"@id":"https:\/\/educativosmeninheira.com\/imprimibles\/producto\/iniciacion_numeros\/#primaryimage"},"image":{"@id":"https:\/\/educativosmeninheira.com\/imprimibles\/producto\/iniciacion_numeros\/#primaryimage"},"thumbnailUrl":"https:\/\/educativosmeninheira.com\/imprimibles\/wp-content\/uploads\/2021\/02\/NUMEROS-PARA-JUGAR-0.jpg","datePublished":"2022-01-02T13:18:57+00:00","dateModified":"2024-03-20T18:06:09+00:00","breadcrumb":{"@id":"https:\/\/educativosmeninheira.com\/imprimibles\/producto\/iniciacion_numeros\/#breadcrumb"},"inLanguage":"es","potentialAction":[{"@type":"ReadAction","target":["https:\/\/educativosmeninheira.com\/imprimibles\/producto\/iniciacion_numeros\/"]}]},{"@type":"ImageObject","inLanguage":"es","@id":"https:\/\/educativosmeninheira.com\/imprimibles\/producto\/iniciacion_numeros\/#primaryimage","url":"https:\/\/educativosmeninheira.com\/imprimibles\/wp-content\/uploads\/2021\/02\/NUMEROS-PARA-JUGAR-0.jpg","contentUrl":"https:\/\/educativosmeninheira.com\/imprimibles\/wp-content\/uploads\/2021\/02\/NUMEROS-PARA-JUGAR-0.jpg","width":1080,"height":1080},{"@type":"BreadcrumbList","@id":"https:\/\/educativosmeninheira.com\/imprimibles\/producto\/iniciacion_numeros\/#breadcrumb","itemListElement":[{"@type":"ListItem","position":1,"name":"Home","item":"https:\/\/educativosmeninheira.com\/imprimibles\/"},{"@type":"ListItem","position":2,"name":"Tienda","item":"https:\/\/educativosmeninheira.com\/imprimibles\/tienda\/"},{"@type":"ListItem","position":3,"name":"N\u00daMEROS PARA JUGAR"}]},{"@type":"WebSite","@id":"https:\/\/educativosmeninheira.com\/imprimibles\/#website","url":"https:\/\/educativosmeninheira.com\/imprimibles\/","name":"Educativos","description":"","publisher":{"@id":"https:\/\/educativosmeninheira.com\/imprimibles\/#organization"},"potentialAction":[{"@type":"SearchAction","target":{"@type":"EntryPoint","urlTemplate":"https:\/\/educativosmeninheira.com\/imprimibles\/?s={search_term_string}"},"query-input":"required name=search_term_string"}],"inLanguage":"es"},{"@type":"Organization","@id":"https:\/\/educativosmeninheira.com\/imprimibles\/#organization","name":"Educativos","url":"https:\/\/educativosmeninheira.com\/imprimibles\/","logo":{"@type":"ImageObject","inLanguage":"es","@id":"https:\/\/educativosmeninheira.com\/imprimibles\/#\/schema\/logo\/image\/","url":"https:\/\/educativosmeninheira.com\/imprimibles\/wp-content\/uploads\/2024\/03\/LOGO-Educativos-meninheira.png","contentUrl":"https:\/\/educativosmeninheira.com\/imprimibles\/wp-content\/uploads\/2024\/03\/LOGO-Educativos-meninheira.png","width":2194,"height":2145,"caption":"Educativos"},"image":{"@id":"https:\/\/educativosmeninheira.com\/imprimibles\/#\/schema\/logo\/image\/"}}]}},"_links":{"self":[{"href":"https:\/\/educativosmeninheira.com\/imprimibles\/wp-json\/wp\/v2\/product\/418","targetHints":{"allow":["GET"]}}],"collection":[{"href":"https:\/\/educativosmeninheira.com\/imprimibles\/wp-json\/wp\/v2\/product"}],"about":[{"href":"https:\/\/educativosmeninheira.com\/imprimibles\/wp-json\/wp\/v2\/types\/product"}],"replies":[{"embeddable":true,"href":"https:\/\/educativosmeninheira.com\/imprimibles\/wp-json\/wp\/v2\/comments?post=418"}],"wp:featuredmedia":[{"embeddable":true,"href":"https:\/\/educativosmeninheira.com\/imprimibles\/wp-json\/wp\/v2\/media\/611"}],"wp:attachment":[{"href":"https:\/\/educativosmeninheira.com\/imprimibles\/wp-json\/wp\/v2\/media?parent=418"}],"wp:term":[{"taxonomy":"product_cat","embeddable":true,"href":"https:\/\/educativosmeninheira.com\/imprimibles\/wp-json\/wp\/v2\/product_cat?post=418"},{"taxonomy":"product_tag","embeddable":true,"href":"https:\/\/educativosmeninheira.com\/imprimibles\/wp-json\/wp\/v2\/product_tag?post=418"}],"curies":[{"name":"wp","href":"https:\/\/api.w.org\/{rel}","templated":true}]}}