{"id":472,"date":"2021-03-01T22:26:40","date_gmt":"2021-03-01T22:26:40","guid":{"rendered":"https:\/\/educativosmeninheira.com\/imprimibles\/?post_type=product&#038;p=472"},"modified":"2024-01-08T15:25:11","modified_gmt":"2024-01-08T15:25:11","slug":"mi-lugar-en-el-mundo-2","status":"publish","type":"product","link":"https:\/\/educativosmeninheira.com\/imprimibles\/producto\/mi-lugar-en-el-mundo-2\/","title":{"rendered":"MI LUGAR EN EL MUNDO"},"content":{"rendered":"<p>Este imprimible persigue conocer nuestro lugar en el mundo elaborando un \u00abflip book\u00bb que uniremos con un \u00abencuadernador\u00bb de lat\u00f3n para que podamos girar cada hoja.<\/p>\n<p>Esta es una actividad manipulativa ideal para comprender el lugar de cada uno en el mapa.<\/p>\n<p>Los archivos ocupan casi 30 hojas con distintas opciones para que puedas adaptarlo a tus peculiaridades geogr\u00e1ficas o vitales. Incluyendo una portada.<\/p>\n<p>Como siempre, son archivos que requieren un gasto de tinta muy bajo. Recomiendo imprimir cada hoja en un folio de gramaje alto y de color diferente (salvo las hojas de los continentes, que se pueden imprimir en folios blancos) para hacer el resultado final m\u00e1s atracctivo.<br \/>\n.<br \/>\nEste imprimible ha sido actualizado en el a\u00f1o 2020.<\/p>\n<blockquote class=\"wp-embedded-content\" data-secret=\"6iPnRXmsiE\"><p><a href=\"https:\/\/educativosmeninheira.com\/imprimibles\/libros-recomendados-geografia\/\">Libros recomendados<\/a><\/p><\/blockquote>\n<p><iframe class=\"wp-embedded-content\" sandbox=\"allow-scripts\" security=\"restricted\" style=\"position: absolute; clip: rect(1px, 1px, 1px, 1px);\" title=\"\u00abLibros recomendados\u00bb \u2014 Educativos\" src=\"https:\/\/educativosmeninheira.com\/imprimibles\/libros-recomendados-geografia\/embed\/#?secret=Zv5nabd6d1#?secret=6iPnRXmsiE\" data-secret=\"6iPnRXmsiE\" width=\"500\" height=\"282\" frameborder=\"0\" marginwidth=\"0\" marginheight=\"0\" scrolling=\"no\"><\/iframe><\/p>\n<div class=\"gmail_default\">.<\/div>\n<div>\n<div class=\"gmail_default\">\u273f IMPORTANTE \u273f<br \/>\n1. Esto es un producto digital, NO SER\u00c1 ENVIADO NING\u00daN PRODUCTO F\u00cdSICO, una vez efect\u00faes la compra, SE TE PROPORCIONAR\u00c1 UN LINK PARA DESCARGAR EL ART\u00cdCULO.<br \/>\n2. Los colores pueden variar ligeramente de la pantalla a la impresi\u00f3n.<br \/>\n3. Por favor, no compartas mi trabajo, si alguien te pide los archivos env\u00edalo a la p\u00e1gina.<\/div>\n<div class=\"gmail_default\">4. Podr\u00e1s descargar el art\u00edculo 2 veces, despu\u00e9s tendr\u00e1s que volver a comprarlo.<br \/>\n\u2665 \u00a1Gracias! \u2665<br \/>\nTodo esto me permite contribuir con unos poquitos ingresos que ayudan a mi familia, haciendo lo que me gusta y compartiendo mi tiempo con ellos.<\/div>\n<\/div>\n","protected":false},"excerpt":{"rendered":"<p>Este imprimible persigue conocer nuestro lugar en el mundo elaborando un \u00abflip book\u00bb que uniremos con un \u00abencuadernador\u00bb de lat\u00f3n para que podamos girar cada hoja. Esta es una actividad manipulativa ideal para comprender el lugar de cada uno en el mapa. Los archivos ocupan casi 30 hojas con distintas opciones para que puedas adaptarlo [&hellip;]<\/p>\n","protected":false},"featured_media":473,"comment_status":"open","ping_status":"closed","template":"","meta":{"site-sidebar-layout":"default","site-content-layout":"default","ast-site-content-layout":"","site-content-style":"default","site-sidebar-style":"default","ast-global-header-display":"","ast-banner-title-visibility":"","ast-main-header-display":"","ast-hfb-above-header-display":"","ast-hfb-below-header-display":"","ast-hfb-mobile-header-display":"","site-post-title":"","ast-breadcrumbs-content":"","ast-featured-img":"","footer-sml-layout":"","theme-transparent-header-meta":"default","adv-header-id-meta":"","stick-header-meta":"","header-above-stick-meta":"","header-main-stick-meta":"","header-below-stick-meta":"","astra-migrate-meta-layouts":"default","ast-page-background-enabled":"default","ast-page-background-meta":{"desktop":{"background-color":"var(--ast-global-color-4)","background-image":"","background-repeat":"repeat","background-position":"center center","background-size":"auto","background-attachment":"scroll","background-type":"","background-media":"","overlay-type":"","overlay-color":"","overlay-gradient":""},"tablet":{"background-color":"","background-image":"","background-repeat":"repeat","background-position":"center center","background-size":"auto","background-attachment":"scroll","background-type":"","background-media":"","overlay-type":"","overlay-color":"","overlay-gradient":""},"mobile":{"background-color":"","background-image":"","background-repeat":"repeat","background-position":"center center","background-size":"auto","background-attachment":"scroll","background-type":"","background-media":"","overlay-type":"","overlay-color":"","overlay-gradient":""}},"ast-content-background-meta":{"desktop":{"background-color":"var(--ast-global-color-5)","background-image":"","background-repeat":"repeat","background-position":"center center","background-size":"auto","background-attachment":"scroll","background-type":"","background-media":"","overlay-type":"","overlay-color":"","overlay-gradient":""},"tablet":{"background-color":"var(--ast-global-color-5)","background-image":"","background-repeat":"repeat","background-position":"center center","background-size":"auto","background-attachment":"scroll","background-type":"","background-media":"","overlay-type":"","overlay-color":"","overlay-gradient":""},"mobile":{"background-color":"var(--ast-global-color-5)","background-image":"","background-repeat":"repeat","background-position":"center center","background-size":"auto","background-attachment":"scroll","background-type":"","background-media":"","overlay-type":"","overlay-color":"","overlay-gradient":""}}},"product_cat":[15,33],"product_tag":[],"class_list":{"0":"post-472","1":"product","2":"type-product","3":"status-publish","4":"has-post-thumbnail","6":"product_cat-sin-categorizar","7":"product_cat-curriculum-de-geografia","8":"desktop-align-left","9":"tablet-align-left","10":"mobile-align-left","12":"first","13":"instock","14":"downloadable","15":"virtual","16":"taxable","17":"purchasable","18":"product-type-simple"},"yoast_head":"<!-- This site is optimized with the Yoast SEO plugin v22.4 - https:\/\/yoast.com\/wordpress\/plugins\/seo\/ -->\n<title>MI LUGAR EN EL MUNDO - Educativos<\/title>\n<meta name=\"robots\" content=\"index, follow, max-snippet:-1, max-image-preview:large, max-video-preview:-1\" \/>\n<link rel=\"canonical\" href=\"https:\/\/educativosmeninheira.com\/imprimibles\/producto\/mi-lugar-en-el-mundo-2\/\" \/>\n<meta property=\"og:locale\" content=\"es_ES\" \/>\n<meta property=\"og:type\" content=\"article\" \/>\n<meta property=\"og:title\" content=\"MI LUGAR EN EL MUNDO - Educativos\" \/>\n<meta property=\"og:description\" content=\"Este imprimible persigue conocer nuestro lugar en el mundo elaborando un \u00abflip book\u00bb que uniremos con un \u00abencuadernador\u00bb de lat\u00f3n para que podamos girar cada hoja. Esta es una actividad manipulativa ideal para comprender el lugar de cada uno en el mapa. Los archivos ocupan casi 30 hojas con distintas opciones para que puedas adaptarlo [&hellip;]\" \/>\n<meta property=\"og:url\" content=\"https:\/\/educativosmeninheira.com\/imprimibles\/producto\/mi-lugar-en-el-mundo-2\/\" \/>\n<meta property=\"og:site_name\" content=\"Educativos\" \/>\n<meta property=\"article:modified_time\" content=\"2024-01-08T15:25:11+00:00\" \/>\n<meta property=\"og:image\" content=\"https:\/\/educativosmeninheira.com\/imprimibles\/wp-content\/uploads\/2021\/03\/MI-LUGAR-EN-EL-MUNDO-0.jpg\" \/>\n\t<meta property=\"og:image:width\" content=\"1080\" \/>\n\t<meta property=\"og:image:height\" content=\"1080\" \/>\n\t<meta property=\"og:image:type\" content=\"image\/jpeg\" \/>\n<meta name=\"twitter:card\" content=\"summary_large_image\" \/>\n<meta name=\"twitter:label1\" content=\"Tiempo de lectura\" \/>\n\t<meta name=\"twitter:data1\" content=\"2 minutos\" \/>\n<script type=\"application\/ld+json\" class=\"yoast-schema-graph\">{\"@context\":\"https:\/\/schema.org\",\"@graph\":[{\"@type\":\"WebPage\",\"@id\":\"https:\/\/educativosmeninheira.com\/imprimibles\/producto\/mi-lugar-en-el-mundo-2\/\",\"url\":\"https:\/\/educativosmeninheira.com\/imprimibles\/producto\/mi-lugar-en-el-mundo-2\/\",\"name\":\"MI LUGAR EN EL MUNDO - Educativos\",\"isPartOf\":{\"@id\":\"https:\/\/educativosmeninheira.com\/imprimibles\/#website\"},\"primaryImageOfPage\":{\"@id\":\"https:\/\/educativosmeninheira.com\/imprimibles\/producto\/mi-lugar-en-el-mundo-2\/#primaryimage\"},\"image\":{\"@id\":\"https:\/\/educativosmeninheira.com\/imprimibles\/producto\/mi-lugar-en-el-mundo-2\/#primaryimage\"},\"thumbnailUrl\":\"https:\/\/educativosmeninheira.com\/imprimibles\/wp-content\/uploads\/2021\/03\/MI-LUGAR-EN-EL-MUNDO-0.jpg\",\"datePublished\":\"2021-03-01T22:26:40+00:00\",\"dateModified\":\"2024-01-08T15:25:11+00:00\",\"breadcrumb\":{\"@id\":\"https:\/\/educativosmeninheira.com\/imprimibles\/producto\/mi-lugar-en-el-mundo-2\/#breadcrumb\"},\"inLanguage\":\"es\",\"potentialAction\":[{\"@type\":\"ReadAction\",\"target\":[\"https:\/\/educativosmeninheira.com\/imprimibles\/producto\/mi-lugar-en-el-mundo-2\/\"]}]},{\"@type\":\"ImageObject\",\"inLanguage\":\"es\",\"@id\":\"https:\/\/educativosmeninheira.com\/imprimibles\/producto\/mi-lugar-en-el-mundo-2\/#primaryimage\",\"url\":\"https:\/\/educativosmeninheira.com\/imprimibles\/wp-content\/uploads\/2021\/03\/MI-LUGAR-EN-EL-MUNDO-0.jpg\",\"contentUrl\":\"https:\/\/educativosmeninheira.com\/imprimibles\/wp-content\/uploads\/2021\/03\/MI-LUGAR-EN-EL-MUNDO-0.jpg\",\"width\":1080,\"height\":1080},{\"@type\":\"BreadcrumbList\",\"@id\":\"https:\/\/educativosmeninheira.com\/imprimibles\/producto\/mi-lugar-en-el-mundo-2\/#breadcrumb\",\"itemListElement\":[{\"@type\":\"ListItem\",\"position\":1,\"name\":\"Home\",\"item\":\"https:\/\/educativosmeninheira.com\/imprimibles\/\"},{\"@type\":\"ListItem\",\"position\":2,\"name\":\"Tienda\",\"item\":\"https:\/\/educativosmeninheira.com\/imprimibles\/tienda\/\"},{\"@type\":\"ListItem\",\"position\":3,\"name\":\"MI LUGAR EN EL MUNDO\"}]},{\"@type\":\"WebSite\",\"@id\":\"https:\/\/educativosmeninheira.com\/imprimibles\/#website\",\"url\":\"https:\/\/educativosmeninheira.com\/imprimibles\/\",\"name\":\"Educativos\",\"description\":\"\",\"publisher\":{\"@id\":\"https:\/\/educativosmeninheira.com\/imprimibles\/#organization\"},\"potentialAction\":[{\"@type\":\"SearchAction\",\"target\":{\"@type\":\"EntryPoint\",\"urlTemplate\":\"https:\/\/educativosmeninheira.com\/imprimibles\/?s={search_term_string}\"},\"query-input\":\"required name=search_term_string\"}],\"inLanguage\":\"es\"},{\"@type\":\"Organization\",\"@id\":\"https:\/\/educativosmeninheira.com\/imprimibles\/#organization\",\"name\":\"Educativos\",\"url\":\"https:\/\/educativosmeninheira.com\/imprimibles\/\",\"logo\":{\"@type\":\"ImageObject\",\"inLanguage\":\"es\",\"@id\":\"https:\/\/educativosmeninheira.com\/imprimibles\/#\/schema\/logo\/image\/\",\"url\":\"https:\/\/educativosmeninheira.com\/imprimibles\/wp-content\/uploads\/2024\/03\/LOGO-Educativos-meninheira.png\",\"contentUrl\":\"https:\/\/educativosmeninheira.com\/imprimibles\/wp-content\/uploads\/2024\/03\/LOGO-Educativos-meninheira.png\",\"width\":2194,\"height\":2145,\"caption\":\"Educativos\"},\"image\":{\"@id\":\"https:\/\/educativosmeninheira.com\/imprimibles\/#\/schema\/logo\/image\/\"}}]}<\/script>\n<!-- \/ Yoast SEO plugin. -->","yoast_head_json":{"title":"MI LUGAR EN EL MUNDO - Educativos","robots":{"index":"index","follow":"follow","max-snippet":"max-snippet:-1","max-image-preview":"max-image-preview:large","max-video-preview":"max-video-preview:-1"},"canonical":"https:\/\/educativosmeninheira.com\/imprimibles\/producto\/mi-lugar-en-el-mundo-2\/","og_locale":"es_ES","og_type":"article","og_title":"MI LUGAR EN EL MUNDO - Educativos","og_description":"Este imprimible persigue conocer nuestro lugar en el mundo elaborando un \u00abflip book\u00bb que uniremos con un \u00abencuadernador\u00bb de lat\u00f3n para que podamos girar cada hoja. Esta es una actividad manipulativa ideal para comprender el lugar de cada uno en el mapa. Los archivos ocupan casi 30 hojas con distintas opciones para que puedas adaptarlo [&hellip;]","og_url":"https:\/\/educativosmeninheira.com\/imprimibles\/producto\/mi-lugar-en-el-mundo-2\/","og_site_name":"Educativos","article_modified_time":"2024-01-08T15:25:11+00:00","og_image":[{"width":1080,"height":1080,"url":"https:\/\/educativosmeninheira.com\/imprimibles\/wp-content\/uploads\/2021\/03\/MI-LUGAR-EN-EL-MUNDO-0.jpg","type":"image\/jpeg"}],"twitter_card":"summary_large_image","twitter_misc":{"Tiempo de lectura":"2 minutos"},"schema":{"@context":"https:\/\/schema.org","@graph":[{"@type":"WebPage","@id":"https:\/\/educativosmeninheira.com\/imprimibles\/producto\/mi-lugar-en-el-mundo-2\/","url":"https:\/\/educativosmeninheira.com\/imprimibles\/producto\/mi-lugar-en-el-mundo-2\/","name":"MI LUGAR EN EL MUNDO - Educativos","isPartOf":{"@id":"https:\/\/educativosmeninheira.com\/imprimibles\/#website"},"primaryImageOfPage":{"@id":"https:\/\/educativosmeninheira.com\/imprimibles\/producto\/mi-lugar-en-el-mundo-2\/#primaryimage"},"image":{"@id":"https:\/\/educativosmeninheira.com\/imprimibles\/producto\/mi-lugar-en-el-mundo-2\/#primaryimage"},"thumbnailUrl":"https:\/\/educativosmeninheira.com\/imprimibles\/wp-content\/uploads\/2021\/03\/MI-LUGAR-EN-EL-MUNDO-0.jpg","datePublished":"2021-03-01T22:26:40+00:00","dateModified":"2024-01-08T15:25:11+00:00","breadcrumb":{"@id":"https:\/\/educativosmeninheira.com\/imprimibles\/producto\/mi-lugar-en-el-mundo-2\/#breadcrumb"},"inLanguage":"es","potentialAction":[{"@type":"ReadAction","target":["https:\/\/educativosmeninheira.com\/imprimibles\/producto\/mi-lugar-en-el-mundo-2\/"]}]},{"@type":"ImageObject","inLanguage":"es","@id":"https:\/\/educativosmeninheira.com\/imprimibles\/producto\/mi-lugar-en-el-mundo-2\/#primaryimage","url":"https:\/\/educativosmeninheira.com\/imprimibles\/wp-content\/uploads\/2021\/03\/MI-LUGAR-EN-EL-MUNDO-0.jpg","contentUrl":"https:\/\/educativosmeninheira.com\/imprimibles\/wp-content\/uploads\/2021\/03\/MI-LUGAR-EN-EL-MUNDO-0.jpg","width":1080,"height":1080},{"@type":"BreadcrumbList","@id":"https:\/\/educativosmeninheira.com\/imprimibles\/producto\/mi-lugar-en-el-mundo-2\/#breadcrumb","itemListElement":[{"@type":"ListItem","position":1,"name":"Home","item":"https:\/\/educativosmeninheira.com\/imprimibles\/"},{"@type":"ListItem","position":2,"name":"Tienda","item":"https:\/\/educativosmeninheira.com\/imprimibles\/tienda\/"},{"@type":"ListItem","position":3,"name":"MI LUGAR EN EL MUNDO"}]},{"@type":"WebSite","@id":"https:\/\/educativosmeninheira.com\/imprimibles\/#website","url":"https:\/\/educativosmeninheira.com\/imprimibles\/","name":"Educativos","description":"","publisher":{"@id":"https:\/\/educativosmeninheira.com\/imprimibles\/#organization"},"potentialAction":[{"@type":"SearchAction","target":{"@type":"EntryPoint","urlTemplate":"https:\/\/educativosmeninheira.com\/imprimibles\/?s={search_term_string}"},"query-input":"required name=search_term_string"}],"inLanguage":"es"},{"@type":"Organization","@id":"https:\/\/educativosmeninheira.com\/imprimibles\/#organization","name":"Educativos","url":"https:\/\/educativosmeninheira.com\/imprimibles\/","logo":{"@type":"ImageObject","inLanguage":"es","@id":"https:\/\/educativosmeninheira.com\/imprimibles\/#\/schema\/logo\/image\/","url":"https:\/\/educativosmeninheira.com\/imprimibles\/wp-content\/uploads\/2024\/03\/LOGO-Educativos-meninheira.png","contentUrl":"https:\/\/educativosmeninheira.com\/imprimibles\/wp-content\/uploads\/2024\/03\/LOGO-Educativos-meninheira.png","width":2194,"height":2145,"caption":"Educativos"},"image":{"@id":"https:\/\/educativosmeninheira.com\/imprimibles\/#\/schema\/logo\/image\/"}}]}},"_links":{"self":[{"href":"https:\/\/educativosmeninheira.com\/imprimibles\/wp-json\/wp\/v2\/product\/472","targetHints":{"allow":["GET"]}}],"collection":[{"href":"https:\/\/educativosmeninheira.com\/imprimibles\/wp-json\/wp\/v2\/product"}],"about":[{"href":"https:\/\/educativosmeninheira.com\/imprimibles\/wp-json\/wp\/v2\/types\/product"}],"replies":[{"embeddable":true,"href":"https:\/\/educativosmeninheira.com\/imprimibles\/wp-json\/wp\/v2\/comments?post=472"}],"wp:featuredmedia":[{"embeddable":true,"href":"https:\/\/educativosmeninheira.com\/imprimibles\/wp-json\/wp\/v2\/media\/473"}],"wp:attachment":[{"href":"https:\/\/educativosmeninheira.com\/imprimibles\/wp-json\/wp\/v2\/media?parent=472"}],"wp:term":[{"taxonomy":"product_cat","embeddable":true,"href":"https:\/\/educativosmeninheira.com\/imprimibles\/wp-json\/wp\/v2\/product_cat?post=472"},{"taxonomy":"product_tag","embeddable":true,"href":"https:\/\/educativosmeninheira.com\/imprimibles\/wp-json\/wp\/v2\/product_tag?post=472"}],"curies":[{"name":"wp","href":"https:\/\/api.w.org\/{rel}","templated":true}]}}