{"id":490,"date":"2020-03-02T11:25:51","date_gmt":"2020-03-02T11:25:51","guid":{"rendered":"https:\/\/educativosmeninheira.com\/imprimibles\/?post_type=product&#038;p=490"},"modified":"2024-03-18T10:48:30","modified_gmt":"2024-03-18T10:48:30","slug":"lapbook-capibaras","status":"publish","type":"product","link":"https:\/\/educativosmeninheira.com\/imprimibles\/producto\/lapbook-capibaras\/","title":{"rendered":"LAPBOOK SOBRE LAS CAPIBARAS"},"content":{"rendered":"<p>Plantillas para elaborar un lapbook sobre las capibaras -espa\u00f1ol-<br \/>\n.<br \/>\nArchivo PDF con las plantillas para elaborar un LAPBOOK sobre las capibaras y aprender de manera divertida un mont\u00f3n de cosas sobre estos roedores, los m\u00e1s grandes del mundo.<br \/>\nLas plantillas est\u00e1n disponibles con la informaci\u00f3n lista para imprimir, recortar y montar o vac\u00edas para que sea el propio alumno el que decida la informaci\u00f3n que quiere incluir en ellas.<\/p>\n<p>Ideal para complementar el estudio de la Selva Tropical.<\/p>\n<p>\u2665 \u2665 \u2665 \u2665 \u2665 \u2665 \u2665 \u2665 \u2665 \u2665 \u2665 \u2665 \u2665 \u2665 \u2665 \u2665<br \/>\n&#8211; \u00cdNDICE DE CONTENIDOS &#8211;<br \/>\n\u2665 \u2665 \u2665 \u2665 \u2665 \u2665 \u2665 \u2665 \u2665 \u2665 \u2665 \u2665 \u2665 \u2665 \u2665 \u2665<\/p>\n<p>En el archivo encontrar\u00e1s el siguiente \u00edndice de contenidos:<\/p>\n<p>\u2665 Portada lapbook<\/p>\n<p>\u2665 Curiosidades<br \/>\n1- Plantilla abanico con algunos datos curiosos sobre las capibaras.<br \/>\n2- Plantillas abanico vac\u00edas para ser completadas a gusto del alumno.<\/p>\n<p>\u2665 Clasificaci\u00f3n cient\u00edfica<br \/>\n1- Plantilla con la clasificaci\u00f3n dentro del Reino Animal, incluyendo los nombres cient\u00edficos de las dos subespecies.<br \/>\nDos versiones: con y sin los datos.<\/p>\n<p>\u2665 Distribuci\u00f3n<br \/>\n1- Plantilla: \u00bfD\u00f3nde viven las capibaras?<br \/>\n2- Plantilla para pegar con el mapa de distribuci\u00f3n.<br \/>\n3- 2 plantillas para formar solapas con datos sobre su distribuci\u00f3n geogr\u00e1fica, tanto f\u00edsica como pol\u00edtica.<br \/>\n4- Plantillas vac\u00edas para completar por el estudiante.<\/p>\n<p>\u2665 Alimentaci\u00f3n<br \/>\n1- Plantilla bolsillo: \u00bfQu\u00e9 comen las capibaras?<br \/>\n2- 2 plantillas a modo de etiquetas, para pegar o no, sobre la alimentaci\u00f3n.<br \/>\n3- Plantilla: recortable de hojas para escribir dentro los alimentos que ingiere.<br \/>\n4- Plantillas-etiquetas en blanco para usar libremente por el estudiante.<\/p>\n<p>\u2665 Depredadores y defensas utilizadas<br \/>\n1- Plantilla: Depredadores y defensas<br \/>\n2- 2 plantillas a modo de etiquetas para pegar en el interior de las solapas, con informaci\u00f3n sobre quienes son los depredadores naturales de las capibaras y sus t\u00e1cticas de defensa.<br \/>\n3- La misma colecci\u00f3n de plantillas, vac\u00edas para completar por el estudiante.<\/p>\n<p>\u2665 Anatom\u00eda<br \/>\n1. Plantilla para incluir en su interior informaci\u00f3n sobre las peculiaridades anat\u00f3micas de las capibaras.<br \/>\n2. 8 plantillas de solapa con informaci\u00f3n variada sobre anatom\u00eda y morfolog\u00eda: dibujo del cr\u00e1neo, dibujo de 1901 con apuntes anat\u00f3micos, esquema con las caracter\u00edsticas morfol\u00f3gicas de la capibara, etc.<br \/>\n3- Plantillas de solapa vac\u00edas para completar por el estudiante.<\/p>\n<p>\u2665 Comportamiento<br \/>\n1- Plantilla con informaci\u00f3n sobre vida social, crianza y comunicaci\u00f3n.<br \/>\n2- Plantillas para pegar o de solapa para completar la informaci\u00f3n.<br \/>\n3- Plantilla \u201cmadre\u201d vac\u00eda para completar por el estudiante.<\/p>\n<p>\u2665 Los nombres de la capibara<br \/>\n1- Plantilla sobre los distintos nombres que recibe el animal.<br \/>\n2- Plantilla para pegar sobre el origen del nombre y otras cuestiones relativas.<br \/>\n3- Plantillas vac\u00edas para completar por el estudiante.<\/p>\n<p>\u2665 Animales de la selva tropical<br \/>\n1-Plantilla con 6 tarjetas con los nombres de algunos de los principales depredadores de las capibaras.<\/p>\n<p>\u2665 Vocabulario nuevo<br \/>\n1- 2 plantillas de palabras nuevas.<\/p>\n<p>\u2665 Im\u00e1genes antiguas de capibaras.<br \/>\nSe proporcionan 4 im\u00e1genes en blanco y negro.<\/p>\n<p>En total, m\u00e1s de 30 p\u00e1ginas para elaborar tu lapbook y aprender sobre las capibaras de una manera m\u00e1s amena, creativa y divertida.<\/p>\n<div>.<\/div>\n<div>\n<div class=\"gmail_default\">\u273f IMPORTANTE \u273f<br \/>\n1. Esto es un producto digital, NO SER\u00c1 ENVIADO NING\u00daN PRODUCTO F\u00cdSICO, una vez efect\u00faes la compra, SE TE PROPORCIONAR\u00c1 UN LINK PARA DESCARGAR EL ART\u00cdCULO.<br \/>\n2. Los colores pueden variar ligeramente de la pantalla a la impresi\u00f3n.<br \/>\n3. Por favor, no compartas mi trabajo, si alguien te pide los archivos env\u00edalo a la p\u00e1gina.<\/div>\n<div class=\"gmail_default\">4. Podr\u00e1s descargar el art\u00edculo 2 veces, despu\u00e9s tendr\u00e1s que volver a comprarlo.<br \/>\n\u2665 \u00a1Gracias! \u2665<br \/>\nTodo esto me permite contribuir con unos poquitos ingresos que ayudan a mi familia, haciendo lo que me gusta y compartiendo mi tiempo con ellos.<\/div>\n<\/div>\n","protected":false},"excerpt":{"rendered":"<p>Plantillas para elaborar un lapbook sobre las capibaras -espa\u00f1ol- . Archivo PDF con las plantillas para elaborar un LAPBOOK sobre las capibaras y aprender de manera divertida un mont\u00f3n de cosas sobre estos roedores, los m\u00e1s grandes del mundo. Las plantillas est\u00e1n disponibles con la informaci\u00f3n lista para imprimir, recortar y montar o vac\u00edas para [&hellip;]<\/p>\n","protected":false},"featured_media":493,"comment_status":"open","ping_status":"closed","template":"","meta":{"site-sidebar-layout":"default","site-content-layout":"default","ast-site-content-layout":"","site-content-style":"default","site-sidebar-style":"default","ast-global-header-display":"","ast-banner-title-visibility":"","ast-main-header-display":"","ast-hfb-above-header-display":"","ast-hfb-below-header-display":"","ast-hfb-mobile-header-display":"","site-post-title":"","ast-breadcrumbs-content":"","ast-featured-img":"","footer-sml-layout":"","theme-transparent-header-meta":"default","adv-header-id-meta":"","stick-header-meta":"","header-above-stick-meta":"","header-main-stick-meta":"","header-below-stick-meta":"","astra-migrate-meta-layouts":"default","ast-page-background-enabled":"default","ast-page-background-meta":{"desktop":{"background-color":"var(--ast-global-color-4)","background-image":"","background-repeat":"repeat","background-position":"center center","background-size":"auto","background-attachment":"scroll","background-type":"","background-media":"","overlay-type":"","overlay-color":"","overlay-gradient":""},"tablet":{"background-color":"","background-image":"","background-repeat":"repeat","background-position":"center center","background-size":"auto","background-attachment":"scroll","background-type":"","background-media":"","overlay-type":"","overlay-color":"","overlay-gradient":""},"mobile":{"background-color":"","background-image":"","background-repeat":"repeat","background-position":"center center","background-size":"auto","background-attachment":"scroll","background-type":"","background-media":"","overlay-type":"","overlay-color":"","overlay-gradient":""}},"ast-content-background-meta":{"desktop":{"background-color":"var(--ast-global-color-5)","background-image":"","background-repeat":"repeat","background-position":"center center","background-size":"auto","background-attachment":"scroll","background-type":"","background-media":"","overlay-type":"","overlay-color":"","overlay-gradient":""},"tablet":{"background-color":"var(--ast-global-color-5)","background-image":"","background-repeat":"repeat","background-position":"center center","background-size":"auto","background-attachment":"scroll","background-type":"","background-media":"","overlay-type":"","overlay-color":"","overlay-gradient":""},"mobile":{"background-color":"var(--ast-global-color-5)","background-image":"","background-repeat":"repeat","background-position":"center center","background-size":"auto","background-attachment":"scroll","background-type":"","background-media":"","overlay-type":"","overlay-color":"","overlay-gradient":""}}},"product_cat":[15,18,17],"product_tag":[],"class_list":{"0":"post-490","1":"product","2":"type-product","3":"status-publish","4":"has-post-thumbnail","6":"product_cat-sin-categorizar","7":"product_cat-curriculum-de-biologia","8":"product_cat-lapbook","9":"desktop-align-left","10":"tablet-align-left","11":"mobile-align-left","13":"first","14":"instock","15":"downloadable","16":"virtual","17":"taxable","18":"purchasable","19":"product-type-simple"},"yoast_head":"<!-- This site is optimized with the Yoast SEO plugin v22.4 - https:\/\/yoast.com\/wordpress\/plugins\/seo\/ -->\n<title>LAPBOOK SOBRE LAS CAPIBARAS - Educativos<\/title>\n<meta name=\"robots\" content=\"index, follow, max-snippet:-1, max-image-preview:large, max-video-preview:-1\" \/>\n<link rel=\"canonical\" href=\"https:\/\/educativosmeninheira.com\/imprimibles\/producto\/lapbook-capibaras\/\" \/>\n<meta property=\"og:locale\" content=\"es_ES\" \/>\n<meta property=\"og:type\" content=\"article\" \/>\n<meta property=\"og:title\" content=\"LAPBOOK SOBRE LAS CAPIBARAS - Educativos\" \/>\n<meta property=\"og:description\" content=\"Plantillas para elaborar un lapbook sobre las capibaras -espa\u00f1ol- . Archivo PDF con las plantillas para elaborar un LAPBOOK sobre las capibaras y aprender de manera divertida un mont\u00f3n de cosas sobre estos roedores, los m\u00e1s grandes del mundo. Las plantillas est\u00e1n disponibles con la informaci\u00f3n lista para imprimir, recortar y montar o vac\u00edas para [&hellip;]\" \/>\n<meta property=\"og:url\" content=\"https:\/\/educativosmeninheira.com\/imprimibles\/producto\/lapbook-capibaras\/\" \/>\n<meta property=\"og:site_name\" content=\"Educativos\" \/>\n<meta property=\"article:modified_time\" content=\"2024-03-18T10:48:30+00:00\" \/>\n<meta property=\"og:image\" content=\"https:\/\/educativosmeninheira.com\/imprimibles\/wp-content\/uploads\/2021\/03\/LAPBOOK-CAPIBARAS.jpg\" \/>\n\t<meta property=\"og:image:width\" content=\"1080\" \/>\n\t<meta property=\"og:image:height\" content=\"1080\" \/>\n\t<meta property=\"og:image:type\" content=\"image\/jpeg\" \/>\n<meta name=\"twitter:card\" content=\"summary_large_image\" \/>\n<meta name=\"twitter:label1\" content=\"Tiempo de lectura\" \/>\n\t<meta name=\"twitter:data1\" content=\"3 minutos\" \/>\n<script type=\"application\/ld+json\" class=\"yoast-schema-graph\">{\"@context\":\"https:\/\/schema.org\",\"@graph\":[{\"@type\":\"WebPage\",\"@id\":\"https:\/\/educativosmeninheira.com\/imprimibles\/producto\/lapbook-capibaras\/\",\"url\":\"https:\/\/educativosmeninheira.com\/imprimibles\/producto\/lapbook-capibaras\/\",\"name\":\"LAPBOOK SOBRE LAS CAPIBARAS - Educativos\",\"isPartOf\":{\"@id\":\"https:\/\/educativosmeninheira.com\/imprimibles\/#website\"},\"primaryImageOfPage\":{\"@id\":\"https:\/\/educativosmeninheira.com\/imprimibles\/producto\/lapbook-capibaras\/#primaryimage\"},\"image\":{\"@id\":\"https:\/\/educativosmeninheira.com\/imprimibles\/producto\/lapbook-capibaras\/#primaryimage\"},\"thumbnailUrl\":\"https:\/\/educativosmeninheira.com\/imprimibles\/wp-content\/uploads\/2021\/03\/LAPBOOK-CAPIBARAS.jpg\",\"datePublished\":\"2020-03-02T11:25:51+00:00\",\"dateModified\":\"2024-03-18T10:48:30+00:00\",\"breadcrumb\":{\"@id\":\"https:\/\/educativosmeninheira.com\/imprimibles\/producto\/lapbook-capibaras\/#breadcrumb\"},\"inLanguage\":\"es\",\"potentialAction\":[{\"@type\":\"ReadAction\",\"target\":[\"https:\/\/educativosmeninheira.com\/imprimibles\/producto\/lapbook-capibaras\/\"]}]},{\"@type\":\"ImageObject\",\"inLanguage\":\"es\",\"@id\":\"https:\/\/educativosmeninheira.com\/imprimibles\/producto\/lapbook-capibaras\/#primaryimage\",\"url\":\"https:\/\/educativosmeninheira.com\/imprimibles\/wp-content\/uploads\/2021\/03\/LAPBOOK-CAPIBARAS.jpg\",\"contentUrl\":\"https:\/\/educativosmeninheira.com\/imprimibles\/wp-content\/uploads\/2021\/03\/LAPBOOK-CAPIBARAS.jpg\",\"width\":1080,\"height\":1080},{\"@type\":\"BreadcrumbList\",\"@id\":\"https:\/\/educativosmeninheira.com\/imprimibles\/producto\/lapbook-capibaras\/#breadcrumb\",\"itemListElement\":[{\"@type\":\"ListItem\",\"position\":1,\"name\":\"Home\",\"item\":\"https:\/\/educativosmeninheira.com\/imprimibles\/\"},{\"@type\":\"ListItem\",\"position\":2,\"name\":\"Tienda\",\"item\":\"https:\/\/educativosmeninheira.com\/imprimibles\/tienda\/\"},{\"@type\":\"ListItem\",\"position\":3,\"name\":\"LAPBOOK SOBRE LAS CAPIBARAS\"}]},{\"@type\":\"WebSite\",\"@id\":\"https:\/\/educativosmeninheira.com\/imprimibles\/#website\",\"url\":\"https:\/\/educativosmeninheira.com\/imprimibles\/\",\"name\":\"Educativos\",\"description\":\"\",\"publisher\":{\"@id\":\"https:\/\/educativosmeninheira.com\/imprimibles\/#organization\"},\"potentialAction\":[{\"@type\":\"SearchAction\",\"target\":{\"@type\":\"EntryPoint\",\"urlTemplate\":\"https:\/\/educativosmeninheira.com\/imprimibles\/?s={search_term_string}\"},\"query-input\":\"required name=search_term_string\"}],\"inLanguage\":\"es\"},{\"@type\":\"Organization\",\"@id\":\"https:\/\/educativosmeninheira.com\/imprimibles\/#organization\",\"name\":\"Educativos\",\"url\":\"https:\/\/educativosmeninheira.com\/imprimibles\/\",\"logo\":{\"@type\":\"ImageObject\",\"inLanguage\":\"es\",\"@id\":\"https:\/\/educativosmeninheira.com\/imprimibles\/#\/schema\/logo\/image\/\",\"url\":\"https:\/\/educativosmeninheira.com\/imprimibles\/wp-content\/uploads\/2024\/03\/LOGO-Educativos-meninheira.png\",\"contentUrl\":\"https:\/\/educativosmeninheira.com\/imprimibles\/wp-content\/uploads\/2024\/03\/LOGO-Educativos-meninheira.png\",\"width\":2194,\"height\":2145,\"caption\":\"Educativos\"},\"image\":{\"@id\":\"https:\/\/educativosmeninheira.com\/imprimibles\/#\/schema\/logo\/image\/\"}}]}<\/script>\n<!-- \/ Yoast SEO plugin. -->","yoast_head_json":{"title":"LAPBOOK SOBRE LAS CAPIBARAS - Educativos","robots":{"index":"index","follow":"follow","max-snippet":"max-snippet:-1","max-image-preview":"max-image-preview:large","max-video-preview":"max-video-preview:-1"},"canonical":"https:\/\/educativosmeninheira.com\/imprimibles\/producto\/lapbook-capibaras\/","og_locale":"es_ES","og_type":"article","og_title":"LAPBOOK SOBRE LAS CAPIBARAS - Educativos","og_description":"Plantillas para elaborar un lapbook sobre las capibaras -espa\u00f1ol- . Archivo PDF con las plantillas para elaborar un LAPBOOK sobre las capibaras y aprender de manera divertida un mont\u00f3n de cosas sobre estos roedores, los m\u00e1s grandes del mundo. Las plantillas est\u00e1n disponibles con la informaci\u00f3n lista para imprimir, recortar y montar o vac\u00edas para [&hellip;]","og_url":"https:\/\/educativosmeninheira.com\/imprimibles\/producto\/lapbook-capibaras\/","og_site_name":"Educativos","article_modified_time":"2024-03-18T10:48:30+00:00","og_image":[{"width":1080,"height":1080,"url":"https:\/\/educativosmeninheira.com\/imprimibles\/wp-content\/uploads\/2021\/03\/LAPBOOK-CAPIBARAS.jpg","type":"image\/jpeg"}],"twitter_card":"summary_large_image","twitter_misc":{"Tiempo de lectura":"3 minutos"},"schema":{"@context":"https:\/\/schema.org","@graph":[{"@type":"WebPage","@id":"https:\/\/educativosmeninheira.com\/imprimibles\/producto\/lapbook-capibaras\/","url":"https:\/\/educativosmeninheira.com\/imprimibles\/producto\/lapbook-capibaras\/","name":"LAPBOOK SOBRE LAS CAPIBARAS - Educativos","isPartOf":{"@id":"https:\/\/educativosmeninheira.com\/imprimibles\/#website"},"primaryImageOfPage":{"@id":"https:\/\/educativosmeninheira.com\/imprimibles\/producto\/lapbook-capibaras\/#primaryimage"},"image":{"@id":"https:\/\/educativosmeninheira.com\/imprimibles\/producto\/lapbook-capibaras\/#primaryimage"},"thumbnailUrl":"https:\/\/educativosmeninheira.com\/imprimibles\/wp-content\/uploads\/2021\/03\/LAPBOOK-CAPIBARAS.jpg","datePublished":"2020-03-02T11:25:51+00:00","dateModified":"2024-03-18T10:48:30+00:00","breadcrumb":{"@id":"https:\/\/educativosmeninheira.com\/imprimibles\/producto\/lapbook-capibaras\/#breadcrumb"},"inLanguage":"es","potentialAction":[{"@type":"ReadAction","target":["https:\/\/educativosmeninheira.com\/imprimibles\/producto\/lapbook-capibaras\/"]}]},{"@type":"ImageObject","inLanguage":"es","@id":"https:\/\/educativosmeninheira.com\/imprimibles\/producto\/lapbook-capibaras\/#primaryimage","url":"https:\/\/educativosmeninheira.com\/imprimibles\/wp-content\/uploads\/2021\/03\/LAPBOOK-CAPIBARAS.jpg","contentUrl":"https:\/\/educativosmeninheira.com\/imprimibles\/wp-content\/uploads\/2021\/03\/LAPBOOK-CAPIBARAS.jpg","width":1080,"height":1080},{"@type":"BreadcrumbList","@id":"https:\/\/educativosmeninheira.com\/imprimibles\/producto\/lapbook-capibaras\/#breadcrumb","itemListElement":[{"@type":"ListItem","position":1,"name":"Home","item":"https:\/\/educativosmeninheira.com\/imprimibles\/"},{"@type":"ListItem","position":2,"name":"Tienda","item":"https:\/\/educativosmeninheira.com\/imprimibles\/tienda\/"},{"@type":"ListItem","position":3,"name":"LAPBOOK SOBRE LAS CAPIBARAS"}]},{"@type":"WebSite","@id":"https:\/\/educativosmeninheira.com\/imprimibles\/#website","url":"https:\/\/educativosmeninheira.com\/imprimibles\/","name":"Educativos","description":"","publisher":{"@id":"https:\/\/educativosmeninheira.com\/imprimibles\/#organization"},"potentialAction":[{"@type":"SearchAction","target":{"@type":"EntryPoint","urlTemplate":"https:\/\/educativosmeninheira.com\/imprimibles\/?s={search_term_string}"},"query-input":"required name=search_term_string"}],"inLanguage":"es"},{"@type":"Organization","@id":"https:\/\/educativosmeninheira.com\/imprimibles\/#organization","name":"Educativos","url":"https:\/\/educativosmeninheira.com\/imprimibles\/","logo":{"@type":"ImageObject","inLanguage":"es","@id":"https:\/\/educativosmeninheira.com\/imprimibles\/#\/schema\/logo\/image\/","url":"https:\/\/educativosmeninheira.com\/imprimibles\/wp-content\/uploads\/2024\/03\/LOGO-Educativos-meninheira.png","contentUrl":"https:\/\/educativosmeninheira.com\/imprimibles\/wp-content\/uploads\/2024\/03\/LOGO-Educativos-meninheira.png","width":2194,"height":2145,"caption":"Educativos"},"image":{"@id":"https:\/\/educativosmeninheira.com\/imprimibles\/#\/schema\/logo\/image\/"}}]}},"_links":{"self":[{"href":"https:\/\/educativosmeninheira.com\/imprimibles\/wp-json\/wp\/v2\/product\/490","targetHints":{"allow":["GET"]}}],"collection":[{"href":"https:\/\/educativosmeninheira.com\/imprimibles\/wp-json\/wp\/v2\/product"}],"about":[{"href":"https:\/\/educativosmeninheira.com\/imprimibles\/wp-json\/wp\/v2\/types\/product"}],"replies":[{"embeddable":true,"href":"https:\/\/educativosmeninheira.com\/imprimibles\/wp-json\/wp\/v2\/comments?post=490"}],"wp:featuredmedia":[{"embeddable":true,"href":"https:\/\/educativosmeninheira.com\/imprimibles\/wp-json\/wp\/v2\/media\/493"}],"wp:attachment":[{"href":"https:\/\/educativosmeninheira.com\/imprimibles\/wp-json\/wp\/v2\/media?parent=490"}],"wp:term":[{"taxonomy":"product_cat","embeddable":true,"href":"https:\/\/educativosmeninheira.com\/imprimibles\/wp-json\/wp\/v2\/product_cat?post=490"},{"taxonomy":"product_tag","embeddable":true,"href":"https:\/\/educativosmeninheira.com\/imprimibles\/wp-json\/wp\/v2\/product_tag?post=490"}],"curies":[{"name":"wp","href":"https:\/\/api.w.org\/{rel}","templated":true}]}}