{"id":814,"date":"2022-06-24T16:52:12","date_gmt":"2022-06-24T16:52:12","guid":{"rendered":"https:\/\/educativosmeninheira.com\/imprimibles\/?post_type=product&#038;p=814"},"modified":"2025-01-03T11:16:33","modified_gmt":"2025-01-03T11:16:33","slug":"iniciacion-xeometria-gz","status":"publish","type":"product","link":"https:\/\/educativosmeninheira.com\/imprimibles\/producto\/iniciacion-xeometria-gz\/","title":{"rendered":"Iniciaci\u00f3n \u00e1 xeometr\u00eda en galego"},"content":{"rendered":"<p style=\"text-align: center;\"><strong>Este PDF educativo cont\u00e9n manipulativos e fichas para comezar a traballar a xeometr\u00eda,<br \/>\na grafomotricidade e outros conceitos matem\u00e1ticos<br \/>\n<\/strong><strong>como a clasificaci\u00f3n por tama\u00f1os, exercicios de secuenciaci\u00f3n, clasificaci\u00f3n por caracter\u00edsticas, etc.<\/strong><\/p>\n<p style=\"text-align: center;\"><strong>Todo dende unha perspectiva visual e manipulativa.<\/strong><\/p>\n<p>&nbsp;<\/p>\n<p style=\"text-align: center;\">\u2665 \u2665 \u2665 \u2665 \u2665 \u2665 \u2665 \u2665 \u2665 \u2665 \u2665 \u2665 \u2665 \u2665 \u2665 \u2665 \u2665 \u2665 \u2665 \u2665 \u2665 \u2665 \u2665 \u2665 \u2665 \u2665 \u2665 \u2665<br \/>\n\u00cdNDICE DE CONTENIDOS DEL ARCHIVO: encontrar\u00e1s:<\/p>\n<p>\u2665 Tarjetas estilo montessori con sus 10 primeras formas geom\u00e9tricas, con las que el ni\u00f1o podr\u00e1 relacionar la imagen con su graf\u00eda en may\u00fasculas, en min\u00fasculas y en letra ligada<\/p>\n<p>\u2665 M\u00e1s de 70 tarjetas con fotograf\u00edas de objetos reales con formas geom\u00e9tricas, para que el alumno las relacione con las tarjetas anteriores.<\/p>\n<p>\u2665 Imprimible con formas geom\u00e9tricas. Con ellas el alumno podr\u00e1 trabajar, entre otras cosas, la motricidad del corte. Pueden utilizarse como stickers (pegatinas), para lo que necesitar\u00e1s comprar el papel especial para tal prop\u00f3sito, utilizarlos para realizar juegos de memoria, para realizar agrupaciones por atributos, etc.<\/p>\n<p>\u2665 Fichas para colorear con im\u00e1genes con formas geom\u00e9tricas. Con ellas trabajaremos adem\u00e1s de la atenci\u00f3n, la grafomotricidad.<\/p>\n<p>\u2665 Imprimible para trabajar la secuenciaci\u00f3n por tama\u00f1os<\/p>\n<p>\u2665 Imprimibles de formas para realizar composiciones libres.<\/p>\n<p>\u2665 Imprimibles para trabajar la secuenciaci\u00f3n siguiendo un patr\u00f3n de formas geom\u00e9tricas. El alumno puede dibujar la imagen o bien utilizar las que se proporcionan con el imprimible.<\/p>\n<p>\u2665 Y muchas m\u00e1s actividades imprimibles.<\/p>\n<p>\u2665 Enlaces a recursos: En el pdf se incluyen unos enlaces con recursos para trabajar la geometr\u00eda con los m\u00e1s peque\u00f1os.<\/p>\n<p>En total, casi 50 p\u00e1ginas de actividades para empezar a trabajar la geometr\u00eda.<\/p>\n<div class=\"gmail_default\">\n<p style=\"text-align: center;\">Podes VER M\u00c1iS FOTOS do mesmo artigo nos links das outras linguas<\/p>\n<div class=\"gmail_default\" style=\"text-align: right;\">\n<div class=\"gmail_default\" style=\"text-align: center;\"><strong>.<\/strong><\/div>\n<h3 class=\"gmail_default\" style=\"text-align: left;\"><strong>\u273f <\/strong><strong>\u273f\u00a0<\/strong><strong>\u273f\u00a0<\/strong><strong>IMPORTANTE<\/strong><\/h3>\n<div class=\"gmail_default\" style=\"text-align: right;\"><strong>1. Isto \u00e9 un producto dixital<\/strong>, non se envia ning\u00fan produto f\u00edsico,<\/div>\n<div class=\"gmail_default\" style=\"text-align: right;\">unha vez completada a compra. Vaise proporcionar un link para descarregar o artigo mercado.<br \/>\n<strong>2. As cores podem muda<\/strong>r lixeiramente da pantalla \u00e1 impresi\u00f3n.<br \/>\n<strong>3. Fai o favor de nom partillar o PDF<\/strong>,<br \/>\nse algu\u00e9n te pide os arquivos, enviallo \u00e1 p\u00e1xina, Os produtos sao econ\u00f3micos.<\/div>\n<div class=\"gmail_default\" style=\"text-align: right;\"><strong>4.<\/strong> Poder\u00e1s descarregar o artigo cantas veces queiras.<\/div>\n<div class=\"gmail_default\" style=\"text-align: right;\">.<br \/>\n\u2665 \u00a1GRAZAS \u2665<br \/>\nEste traballo permite-me contribuir \u00e1 econom\u00eda dom\u00e9stica, axudando \u00e1 mi\u00f1a familia facendo o que gosto e partillando o tempo com eles.<\/div>\n<h2 class=\"gmail_default\" style=\"text-align: left;\"><strong>\u273f Nos somos <\/strong>ECONOM\u00cdA LOCAL&#8230; dixital.<\/h2>\n<\/div>\n<\/div>\n","protected":false},"excerpt":{"rendered":"<p>Este PDF educativo cont\u00e9n manipulativos e fichas para comezar a traballar a xeometr\u00eda, a grafomotricidade e outros conceitos matem\u00e1ticos como a clasificaci\u00f3n por tama\u00f1os, exercicios de secuenciaci\u00f3n, clasificaci\u00f3n por caracter\u00edsticas, etc. Todo dende unha perspectiva visual e manipulativa. &nbsp; \u2665 \u2665 \u2665 \u2665 \u2665 \u2665 \u2665 \u2665 \u2665 \u2665 \u2665 \u2665 \u2665 \u2665 \u2665 \u2665 [&hellip;]<\/p>\n","protected":false},"featured_media":817,"comment_status":"open","ping_status":"closed","template":"","meta":{"site-sidebar-layout":"default","site-content-layout":"default","ast-site-content-layout":"default","site-content-style":"default","site-sidebar-style":"default","ast-global-header-display":"","ast-banner-title-visibility":"","ast-main-header-display":"","ast-hfb-above-header-display":"","ast-hfb-below-header-display":"","ast-hfb-mobile-header-display":"","site-post-title":"","ast-breadcrumbs-content":"","ast-featured-img":"","footer-sml-layout":"","theme-transparent-header-meta":"default","adv-header-id-meta":"","stick-header-meta":"","header-above-stick-meta":"","header-main-stick-meta":"","header-below-stick-meta":"","astra-migrate-meta-layouts":"set","ast-page-background-enabled":"default","ast-page-background-meta":{"desktop":{"background-color":"var(--ast-global-color-4)","background-image":"","background-repeat":"repeat","background-position":"center center","background-size":"auto","background-attachment":"scroll","background-type":"","background-media":"","overlay-type":"","overlay-color":"","overlay-gradient":""},"tablet":{"background-color":"","background-image":"","background-repeat":"repeat","background-position":"center center","background-size":"auto","background-attachment":"scroll","background-type":"","background-media":"","overlay-type":"","overlay-color":"","overlay-gradient":""},"mobile":{"background-color":"","background-image":"","background-repeat":"repeat","background-position":"center center","background-size":"auto","background-attachment":"scroll","background-type":"","background-media":"","overlay-type":"","overlay-color":"","overlay-gradient":""}},"ast-content-background-meta":{"desktop":{"background-color":"var(--ast-global-color-5)","background-image":"","background-repeat":"repeat","background-position":"center center","background-size":"auto","background-attachment":"scroll","background-type":"","background-media":"","overlay-type":"","overlay-color":"","overlay-gradient":""},"tablet":{"background-color":"var(--ast-global-color-5)","background-image":"","background-repeat":"repeat","background-position":"center center","background-size":"auto","background-attachment":"scroll","background-type":"","background-media":"","overlay-type":"","overlay-color":"","overlay-gradient":""},"mobile":{"background-color":"var(--ast-global-color-5)","background-image":"","background-repeat":"repeat","background-position":"center center","background-size":"auto","background-attachment":"scroll","background-type":"","background-media":"","overlay-type":"","overlay-color":"","overlay-gradient":""}}},"product_cat":[15,35,28],"product_tag":[],"class_list":{"0":"post-814","1":"product","2":"type-product","3":"status-publish","4":"has-post-thumbnail","6":"product_cat-sin-categorizar","7":"product_cat-curriculum-de-matematicas","8":"product_cat-galego","9":"desktop-align-left","10":"tablet-align-left","11":"mobile-align-left","13":"first","14":"instock","15":"downloadable","16":"virtual","17":"taxable","18":"purchasable","19":"product-type-simple"},"yoast_head":"<!-- This site is optimized with the Yoast SEO plugin v22.4 - https:\/\/yoast.com\/wordpress\/plugins\/seo\/ -->\n<title>Iniciaci\u00f3n \u00e1 xeometr\u00eda en galego - Educativos<\/title>\n<meta name=\"robots\" content=\"index, follow, max-snippet:-1, max-image-preview:large, max-video-preview:-1\" \/>\n<link rel=\"canonical\" href=\"https:\/\/educativosmeninheira.com\/imprimibles\/producto\/iniciacion-xeometria-gz\/\" \/>\n<meta property=\"og:locale\" content=\"es_ES\" \/>\n<meta property=\"og:type\" content=\"article\" \/>\n<meta property=\"og:title\" content=\"Iniciaci\u00f3n \u00e1 xeometr\u00eda en galego - Educativos\" \/>\n<meta property=\"og:description\" content=\"Este PDF educativo cont\u00e9n manipulativos e fichas para comezar a traballar a xeometr\u00eda, a grafomotricidade e outros conceitos matem\u00e1ticos como a clasificaci\u00f3n por tama\u00f1os, exercicios de secuenciaci\u00f3n, clasificaci\u00f3n por caracter\u00edsticas, etc. Todo dende unha perspectiva visual e manipulativa. &nbsp; \u2665 \u2665 \u2665 \u2665 \u2665 \u2665 \u2665 \u2665 \u2665 \u2665 \u2665 \u2665 \u2665 \u2665 \u2665 \u2665 [&hellip;]\" \/>\n<meta property=\"og:url\" content=\"https:\/\/educativosmeninheira.com\/imprimibles\/producto\/iniciacion-xeometria-gz\/\" \/>\n<meta property=\"og:site_name\" content=\"Educativos\" \/>\n<meta property=\"article:modified_time\" content=\"2025-01-03T11:16:33+00:00\" \/>\n<meta property=\"og:image\" content=\"https:\/\/educativosmeninheira.com\/imprimibles\/wp-content\/uploads\/2021\/06\/INICIACION-GEOMETRIA-gz-0.jpg\" \/>\n\t<meta property=\"og:image:width\" content=\"1080\" \/>\n\t<meta property=\"og:image:height\" content=\"1080\" \/>\n\t<meta property=\"og:image:type\" content=\"image\/jpeg\" \/>\n<meta name=\"twitter:card\" content=\"summary_large_image\" \/>\n<meta name=\"twitter:label1\" content=\"Tiempo de lectura\" \/>\n\t<meta name=\"twitter:data1\" content=\"2 minutos\" \/>\n<script type=\"application\/ld+json\" class=\"yoast-schema-graph\">{\"@context\":\"https:\/\/schema.org\",\"@graph\":[{\"@type\":\"WebPage\",\"@id\":\"https:\/\/educativosmeninheira.com\/imprimibles\/producto\/iniciacion-xeometria-gz\/\",\"url\":\"https:\/\/educativosmeninheira.com\/imprimibles\/producto\/iniciacion-xeometria-gz\/\",\"name\":\"Iniciaci\u00f3n \u00e1 xeometr\u00eda en galego - Educativos\",\"isPartOf\":{\"@id\":\"https:\/\/educativosmeninheira.com\/imprimibles\/#website\"},\"primaryImageOfPage\":{\"@id\":\"https:\/\/educativosmeninheira.com\/imprimibles\/producto\/iniciacion-xeometria-gz\/#primaryimage\"},\"image\":{\"@id\":\"https:\/\/educativosmeninheira.com\/imprimibles\/producto\/iniciacion-xeometria-gz\/#primaryimage\"},\"thumbnailUrl\":\"https:\/\/educativosmeninheira.com\/imprimibles\/wp-content\/uploads\/2021\/06\/INICIACION-GEOMETRIA-gz-0.jpg\",\"datePublished\":\"2022-06-24T16:52:12+00:00\",\"dateModified\":\"2025-01-03T11:16:33+00:00\",\"breadcrumb\":{\"@id\":\"https:\/\/educativosmeninheira.com\/imprimibles\/producto\/iniciacion-xeometria-gz\/#breadcrumb\"},\"inLanguage\":\"es\",\"potentialAction\":[{\"@type\":\"ReadAction\",\"target\":[\"https:\/\/educativosmeninheira.com\/imprimibles\/producto\/iniciacion-xeometria-gz\/\"]}]},{\"@type\":\"ImageObject\",\"inLanguage\":\"es\",\"@id\":\"https:\/\/educativosmeninheira.com\/imprimibles\/producto\/iniciacion-xeometria-gz\/#primaryimage\",\"url\":\"https:\/\/educativosmeninheira.com\/imprimibles\/wp-content\/uploads\/2021\/06\/INICIACION-GEOMETRIA-gz-0.jpg\",\"contentUrl\":\"https:\/\/educativosmeninheira.com\/imprimibles\/wp-content\/uploads\/2021\/06\/INICIACION-GEOMETRIA-gz-0.jpg\",\"width\":1080,\"height\":1080},{\"@type\":\"BreadcrumbList\",\"@id\":\"https:\/\/educativosmeninheira.com\/imprimibles\/producto\/iniciacion-xeometria-gz\/#breadcrumb\",\"itemListElement\":[{\"@type\":\"ListItem\",\"position\":1,\"name\":\"Home\",\"item\":\"https:\/\/educativosmeninheira.com\/imprimibles\/\"},{\"@type\":\"ListItem\",\"position\":2,\"name\":\"Tienda\",\"item\":\"https:\/\/educativosmeninheira.com\/imprimibles\/tienda\/\"},{\"@type\":\"ListItem\",\"position\":3,\"name\":\"Iniciaci\u00f3n \u00e1 xeometr\u00eda en galego\"}]},{\"@type\":\"WebSite\",\"@id\":\"https:\/\/educativosmeninheira.com\/imprimibles\/#website\",\"url\":\"https:\/\/educativosmeninheira.com\/imprimibles\/\",\"name\":\"Educativos\",\"description\":\"\",\"publisher\":{\"@id\":\"https:\/\/educativosmeninheira.com\/imprimibles\/#organization\"},\"potentialAction\":[{\"@type\":\"SearchAction\",\"target\":{\"@type\":\"EntryPoint\",\"urlTemplate\":\"https:\/\/educativosmeninheira.com\/imprimibles\/?s={search_term_string}\"},\"query-input\":\"required name=search_term_string\"}],\"inLanguage\":\"es\"},{\"@type\":\"Organization\",\"@id\":\"https:\/\/educativosmeninheira.com\/imprimibles\/#organization\",\"name\":\"Educativos\",\"url\":\"https:\/\/educativosmeninheira.com\/imprimibles\/\",\"logo\":{\"@type\":\"ImageObject\",\"inLanguage\":\"es\",\"@id\":\"https:\/\/educativosmeninheira.com\/imprimibles\/#\/schema\/logo\/image\/\",\"url\":\"https:\/\/educativosmeninheira.com\/imprimibles\/wp-content\/uploads\/2024\/03\/LOGO-Educativos-meninheira.png\",\"contentUrl\":\"https:\/\/educativosmeninheira.com\/imprimibles\/wp-content\/uploads\/2024\/03\/LOGO-Educativos-meninheira.png\",\"width\":2194,\"height\":2145,\"caption\":\"Educativos\"},\"image\":{\"@id\":\"https:\/\/educativosmeninheira.com\/imprimibles\/#\/schema\/logo\/image\/\"}}]}<\/script>\n<!-- \/ Yoast SEO plugin. -->","yoast_head_json":{"title":"Iniciaci\u00f3n \u00e1 xeometr\u00eda en galego - Educativos","robots":{"index":"index","follow":"follow","max-snippet":"max-snippet:-1","max-image-preview":"max-image-preview:large","max-video-preview":"max-video-preview:-1"},"canonical":"https:\/\/educativosmeninheira.com\/imprimibles\/producto\/iniciacion-xeometria-gz\/","og_locale":"es_ES","og_type":"article","og_title":"Iniciaci\u00f3n \u00e1 xeometr\u00eda en galego - Educativos","og_description":"Este PDF educativo cont\u00e9n manipulativos e fichas para comezar a traballar a xeometr\u00eda, a grafomotricidade e outros conceitos matem\u00e1ticos como a clasificaci\u00f3n por tama\u00f1os, exercicios de secuenciaci\u00f3n, clasificaci\u00f3n por caracter\u00edsticas, etc. Todo dende unha perspectiva visual e manipulativa. &nbsp; \u2665 \u2665 \u2665 \u2665 \u2665 \u2665 \u2665 \u2665 \u2665 \u2665 \u2665 \u2665 \u2665 \u2665 \u2665 \u2665 [&hellip;]","og_url":"https:\/\/educativosmeninheira.com\/imprimibles\/producto\/iniciacion-xeometria-gz\/","og_site_name":"Educativos","article_modified_time":"2025-01-03T11:16:33+00:00","og_image":[{"width":1080,"height":1080,"url":"https:\/\/educativosmeninheira.com\/imprimibles\/wp-content\/uploads\/2021\/06\/INICIACION-GEOMETRIA-gz-0.jpg","type":"image\/jpeg"}],"twitter_card":"summary_large_image","twitter_misc":{"Tiempo de lectura":"2 minutos"},"schema":{"@context":"https:\/\/schema.org","@graph":[{"@type":"WebPage","@id":"https:\/\/educativosmeninheira.com\/imprimibles\/producto\/iniciacion-xeometria-gz\/","url":"https:\/\/educativosmeninheira.com\/imprimibles\/producto\/iniciacion-xeometria-gz\/","name":"Iniciaci\u00f3n \u00e1 xeometr\u00eda en galego - Educativos","isPartOf":{"@id":"https:\/\/educativosmeninheira.com\/imprimibles\/#website"},"primaryImageOfPage":{"@id":"https:\/\/educativosmeninheira.com\/imprimibles\/producto\/iniciacion-xeometria-gz\/#primaryimage"},"image":{"@id":"https:\/\/educativosmeninheira.com\/imprimibles\/producto\/iniciacion-xeometria-gz\/#primaryimage"},"thumbnailUrl":"https:\/\/educativosmeninheira.com\/imprimibles\/wp-content\/uploads\/2021\/06\/INICIACION-GEOMETRIA-gz-0.jpg","datePublished":"2022-06-24T16:52:12+00:00","dateModified":"2025-01-03T11:16:33+00:00","breadcrumb":{"@id":"https:\/\/educativosmeninheira.com\/imprimibles\/producto\/iniciacion-xeometria-gz\/#breadcrumb"},"inLanguage":"es","potentialAction":[{"@type":"ReadAction","target":["https:\/\/educativosmeninheira.com\/imprimibles\/producto\/iniciacion-xeometria-gz\/"]}]},{"@type":"ImageObject","inLanguage":"es","@id":"https:\/\/educativosmeninheira.com\/imprimibles\/producto\/iniciacion-xeometria-gz\/#primaryimage","url":"https:\/\/educativosmeninheira.com\/imprimibles\/wp-content\/uploads\/2021\/06\/INICIACION-GEOMETRIA-gz-0.jpg","contentUrl":"https:\/\/educativosmeninheira.com\/imprimibles\/wp-content\/uploads\/2021\/06\/INICIACION-GEOMETRIA-gz-0.jpg","width":1080,"height":1080},{"@type":"BreadcrumbList","@id":"https:\/\/educativosmeninheira.com\/imprimibles\/producto\/iniciacion-xeometria-gz\/#breadcrumb","itemListElement":[{"@type":"ListItem","position":1,"name":"Home","item":"https:\/\/educativosmeninheira.com\/imprimibles\/"},{"@type":"ListItem","position":2,"name":"Tienda","item":"https:\/\/educativosmeninheira.com\/imprimibles\/tienda\/"},{"@type":"ListItem","position":3,"name":"Iniciaci\u00f3n \u00e1 xeometr\u00eda en galego"}]},{"@type":"WebSite","@id":"https:\/\/educativosmeninheira.com\/imprimibles\/#website","url":"https:\/\/educativosmeninheira.com\/imprimibles\/","name":"Educativos","description":"","publisher":{"@id":"https:\/\/educativosmeninheira.com\/imprimibles\/#organization"},"potentialAction":[{"@type":"SearchAction","target":{"@type":"EntryPoint","urlTemplate":"https:\/\/educativosmeninheira.com\/imprimibles\/?s={search_term_string}"},"query-input":"required name=search_term_string"}],"inLanguage":"es"},{"@type":"Organization","@id":"https:\/\/educativosmeninheira.com\/imprimibles\/#organization","name":"Educativos","url":"https:\/\/educativosmeninheira.com\/imprimibles\/","logo":{"@type":"ImageObject","inLanguage":"es","@id":"https:\/\/educativosmeninheira.com\/imprimibles\/#\/schema\/logo\/image\/","url":"https:\/\/educativosmeninheira.com\/imprimibles\/wp-content\/uploads\/2024\/03\/LOGO-Educativos-meninheira.png","contentUrl":"https:\/\/educativosmeninheira.com\/imprimibles\/wp-content\/uploads\/2024\/03\/LOGO-Educativos-meninheira.png","width":2194,"height":2145,"caption":"Educativos"},"image":{"@id":"https:\/\/educativosmeninheira.com\/imprimibles\/#\/schema\/logo\/image\/"}}]}},"_links":{"self":[{"href":"https:\/\/educativosmeninheira.com\/imprimibles\/wp-json\/wp\/v2\/product\/814","targetHints":{"allow":["GET"]}}],"collection":[{"href":"https:\/\/educativosmeninheira.com\/imprimibles\/wp-json\/wp\/v2\/product"}],"about":[{"href":"https:\/\/educativosmeninheira.com\/imprimibles\/wp-json\/wp\/v2\/types\/product"}],"replies":[{"embeddable":true,"href":"https:\/\/educativosmeninheira.com\/imprimibles\/wp-json\/wp\/v2\/comments?post=814"}],"wp:featuredmedia":[{"embeddable":true,"href":"https:\/\/educativosmeninheira.com\/imprimibles\/wp-json\/wp\/v2\/media\/817"}],"wp:attachment":[{"href":"https:\/\/educativosmeninheira.com\/imprimibles\/wp-json\/wp\/v2\/media?parent=814"}],"wp:term":[{"taxonomy":"product_cat","embeddable":true,"href":"https:\/\/educativosmeninheira.com\/imprimibles\/wp-json\/wp\/v2\/product_cat?post=814"},{"taxonomy":"product_tag","embeddable":true,"href":"https:\/\/educativosmeninheira.com\/imprimibles\/wp-json\/wp\/v2\/product_tag?post=814"}],"curies":[{"name":"wp","href":"https:\/\/api.w.org\/{rel}","templated":true}]}}