{"id":869,"date":"2021-06-26T22:32:13","date_gmt":"2021-06-26T22:32:13","guid":{"rendered":"https:\/\/educativosmeninheira.com\/imprimibles\/?post_type=product&#038;p=869"},"modified":"2025-01-03T13:15:22","modified_gmt":"2025-01-03T13:15:22","slug":"4estaciones-catala","status":"publish","type":"product","link":"https:\/\/educativosmeninheira.com\/imprimibles\/producto\/4estaciones-catala\/","title":{"rendered":"IMPRIMIBLE EDUCATIVO DE LAS 4 ESTACIONES \u2013 CATAL\u00c0 \u2013"},"content":{"rendered":"<p style=\"text-align: center;\"><strong>Con este imprimible jugaremos con el tema de las estaciones al tiempo que trabajamos<\/strong><br \/>\n<strong> la motricidad fina (ejercicios de enhebrado, corte, grafomotricidad,\u2026), conceptos matem\u00e1ticos<\/strong><br \/>\n<strong> (clasificaci\u00f3n por tama\u00f1o, ejercicios de secuenciaci\u00f3n,\u2026), etc.<\/strong><\/p>\n<p><strong>\u2026\u2026\u2026\u2026\u2026\u2026\u2026\u2026 VERSI\u00d3N EN CATAL\u00c1N<\/strong><\/p>\n<p>&nbsp;<\/p>\n<p>\u2665 \u2665 \u2665 \u2665 \u2665 \u2665 \u2665 \u2665 \u2665 \u2665 \u2665 \u2665 \u2665 \u2665 \u2665 \u2665 \u2665 \u2665 \u2665 \u2665 \u2665 \u2665 \u2665 \u2665 \u2665 \u2665 \u2665 \u2665<br \/>\n\u00cdNDICE DE CONTENIDOS DEL ARCHIVO:<br \/>\n\u2665 \u2665 \u2665 \u2665 \u2665 \u2665 \u2665 \u2665 \u2665 \u2665 \u2665 \u2665 \u2665 \u2665 \u2665 \u2665 \u2665 \u2665 \u2665 \u2665 \u2665 \u2665 \u2665 \u2665 \u2665 \u2665 \u2665 \u2665<\/p>\n<p>En el archivo encontrar\u00e1s:<\/p>\n<p>\u2665 Un imprimible que te permitir\u00e1 construir un m\u00f3vil sobre las 4 estaciones.<br \/>\n\u2665 Tarjetas de costura alusivas al tema, con las que el ni\u00f1o trabajar\u00e1 la motricidad fina.<br \/>\n\u2665 Tarjetas estilo montessori, con las que el ni\u00f1o podr\u00e1 relacionar la imagen con su graf\u00eda, tanto en may\u00fasculas como en min\u00fasculas.<br \/>\n\u2665 Tarjetas estilo montessori en ingl\u00e9s, iguales a las anteriores.<br \/>\n\u2665 Imprimible con las im\u00e1genes alusivas a cada estaci\u00f3n que aparecen en el m\u00f3vil. Con ellas el alumno podr\u00e1 trabajar, entre otras cosas, la motricidad del corte.<br \/>\nPueden utilizarse como stickers (pegatinas), para lo que necesitar\u00e1s comprar el papel especial para tal prop\u00f3sito, utilizarlos como juego de memoria, etc.<br \/>\n\u2665 Peque\u00f1os carteles para adornar la zona de estudio en cada estaci\u00f3n, en ellos el alumno podr\u00e1 pegar las im\u00e1genes anteriores, otras de su elecci\u00f3n o dibujar libremente ci\u00f1\u00e9ndose al espacio, trabajando as\u00ed su grafomotricidad.<br \/>\n\u2665 Fichas para colorear con los dibujos que se repiten en la lecci\u00f3n. Con ellas trabajaremos tambi\u00e9n grafomotricidad.<br \/>\n\u2665 Imprimible para trabajar la secuenciaci\u00f3n por tama\u00f1os<br \/>\n\u2665 Imprimibles para trabajar la grafomotricidad<br \/>\n\u2665 Imprimibles para trabajar la secuenciaci\u00f3n siguiendo un patr\u00f3n<br \/>\n\u2665 Y muchas m\u00e1s actividades imprimibles<br \/>\n\u2665 Enlaces a recursos: En el pdf se incluyen unos enlaces en castellano con recursos para trabajar el tema de las estaciones.<\/p>\n<p>En total, m\u00e1s de 40 p\u00e1ginas de actividades para trabajar el tema de las estaciones.<\/p>\n<div>.<\/div>\n<div>\n<div class=\"gmail_default\">\u273f IMPORTANTE \u273f<br \/>\n1. Esto es un producto digital, NO SER\u00c1 ENVIADO NING\u00daN PRODUCTO F\u00cdSICO, una vez efect\u00faes la compra, SE TE PROPORCIONAR\u00c1 UN LINK PARA DESCARGAR EL ART\u00cdCULO.<br \/>\n2. Los colores pueden variar ligeramente de la pantalla a la impresi\u00f3n.<br \/>\n3. Por favor, no compartas mi trabajo, si alguien te pide los archivos env\u00edalo a la p\u00e1gina.<\/div>\n<div><\/div>\n<div class=\"gmail_default\">\u2665 \u00a1Gracias! \u2665<br \/>\nTodo esto me permite contribuir con unos poquitos ingresos que ayudan a mi familia, haciendo lo que me gusta y compartiendo mi tiempo con ellos.<\/div>\n<\/div>\n","protected":false},"excerpt":{"rendered":"<p>Con este imprimible jugaremos con el tema de las estaciones al tiempo que trabajamos la motricidad fina (ejercicios de enhebrado, corte, grafomotricidad,\u2026), conceptos matem\u00e1ticos (clasificaci\u00f3n por tama\u00f1o, ejercicios de secuenciaci\u00f3n,\u2026), etc. \u2026\u2026\u2026\u2026\u2026\u2026\u2026\u2026 VERSI\u00d3N EN CATAL\u00c1N &nbsp; \u2665 \u2665 \u2665 \u2665 \u2665 \u2665 \u2665 \u2665 \u2665 \u2665 \u2665 \u2665 \u2665 \u2665 \u2665 \u2665 \u2665 \u2665 \u2665 [&hellip;]<\/p>\n","protected":false},"featured_media":871,"comment_status":"open","ping_status":"closed","template":"","meta":{"site-sidebar-layout":"default","site-content-layout":"default","ast-site-content-layout":"","site-content-style":"default","site-sidebar-style":"default","ast-global-header-display":"","ast-banner-title-visibility":"","ast-main-header-display":"","ast-hfb-above-header-display":"","ast-hfb-below-header-display":"","ast-hfb-mobile-header-display":"","site-post-title":"","ast-breadcrumbs-content":"","ast-featured-img":"","footer-sml-layout":"","theme-transparent-header-meta":"default","adv-header-id-meta":"","stick-header-meta":"","header-above-stick-meta":"","header-main-stick-meta":"","header-below-stick-meta":"","astra-migrate-meta-layouts":"default","ast-page-background-enabled":"default","ast-page-background-meta":{"desktop":{"background-color":"var(--ast-global-color-4)","background-image":"","background-repeat":"repeat","background-position":"center center","background-size":"auto","background-attachment":"scroll","background-type":"","background-media":"","overlay-type":"","overlay-color":"","overlay-gradient":""},"tablet":{"background-color":"","background-image":"","background-repeat":"repeat","background-position":"center center","background-size":"auto","background-attachment":"scroll","background-type":"","background-media":"","overlay-type":"","overlay-color":"","overlay-gradient":""},"mobile":{"background-color":"","background-image":"","background-repeat":"repeat","background-position":"center center","background-size":"auto","background-attachment":"scroll","background-type":"","background-media":"","overlay-type":"","overlay-color":"","overlay-gradient":""}},"ast-content-background-meta":{"desktop":{"background-color":"var(--ast-global-color-5)","background-image":"","background-repeat":"repeat","background-position":"center center","background-size":"auto","background-attachment":"scroll","background-type":"","background-media":"","overlay-type":"","overlay-color":"","overlay-gradient":""},"tablet":{"background-color":"var(--ast-global-color-5)","background-image":"","background-repeat":"repeat","background-position":"center center","background-size":"auto","background-attachment":"scroll","background-type":"","background-media":"","overlay-type":"","overlay-color":"","overlay-gradient":""},"mobile":{"background-color":"var(--ast-global-color-5)","background-image":"","background-repeat":"repeat","background-position":"center center","background-size":"auto","background-attachment":"scroll","background-type":"","background-media":"","overlay-type":"","overlay-color":"","overlay-gradient":""}}},"product_cat":[15,43],"product_tag":[],"class_list":{"0":"post-869","1":"product","2":"type-product","3":"status-publish","4":"has-post-thumbnail","6":"product_cat-sin-categorizar","7":"product_cat-catalan","8":"desktop-align-left","9":"tablet-align-left","10":"mobile-align-left","12":"first","13":"instock","14":"downloadable","15":"virtual","16":"taxable","17":"purchasable","18":"product-type-simple"},"yoast_head":"<!-- This site is optimized with the Yoast SEO plugin v22.4 - https:\/\/yoast.com\/wordpress\/plugins\/seo\/ -->\n<title>IMPRIMIBLE EDUCATIVO DE LAS 4 ESTACIONES \u2013 CATAL\u00c0 \u2013 - Educativos<\/title>\n<meta name=\"robots\" content=\"index, follow, max-snippet:-1, max-image-preview:large, max-video-preview:-1\" \/>\n<link rel=\"canonical\" href=\"https:\/\/educativosmeninheira.com\/imprimibles\/producto\/4estaciones-catala\/\" \/>\n<meta property=\"og:locale\" content=\"es_ES\" \/>\n<meta property=\"og:type\" content=\"article\" \/>\n<meta property=\"og:title\" content=\"IMPRIMIBLE EDUCATIVO DE LAS 4 ESTACIONES \u2013 CATAL\u00c0 \u2013 - Educativos\" \/>\n<meta property=\"og:description\" content=\"Con este imprimible jugaremos con el tema de las estaciones al tiempo que trabajamos la motricidad fina (ejercicios de enhebrado, corte, grafomotricidad,\u2026), conceptos matem\u00e1ticos (clasificaci\u00f3n por tama\u00f1o, ejercicios de secuenciaci\u00f3n,\u2026), etc. \u2026\u2026\u2026\u2026\u2026\u2026\u2026\u2026 VERSI\u00d3N EN CATAL\u00c1N &nbsp; \u2665 \u2665 \u2665 \u2665 \u2665 \u2665 \u2665 \u2665 \u2665 \u2665 \u2665 \u2665 \u2665 \u2665 \u2665 \u2665 \u2665 \u2665 \u2665 [&hellip;]\" \/>\n<meta property=\"og:url\" content=\"https:\/\/educativosmeninheira.com\/imprimibles\/producto\/4estaciones-catala\/\" \/>\n<meta property=\"og:site_name\" content=\"Educativos\" \/>\n<meta property=\"article:modified_time\" content=\"2025-01-03T13:15:22+00:00\" \/>\n<meta property=\"og:image\" content=\"https:\/\/educativosmeninheira.com\/imprimibles\/wp-content\/uploads\/2021\/06\/4ESTACIONES-CAT-0.jpg\" \/>\n\t<meta property=\"og:image:width\" content=\"1080\" \/>\n\t<meta property=\"og:image:height\" content=\"1080\" \/>\n\t<meta property=\"og:image:type\" content=\"image\/jpeg\" \/>\n<meta name=\"twitter:card\" content=\"summary_large_image\" \/>\n<meta name=\"twitter:label1\" content=\"Tiempo de lectura\" \/>\n\t<meta name=\"twitter:data1\" content=\"2 minutos\" \/>\n<script type=\"application\/ld+json\" class=\"yoast-schema-graph\">{\"@context\":\"https:\/\/schema.org\",\"@graph\":[{\"@type\":\"WebPage\",\"@id\":\"https:\/\/educativosmeninheira.com\/imprimibles\/producto\/4estaciones-catala\/\",\"url\":\"https:\/\/educativosmeninheira.com\/imprimibles\/producto\/4estaciones-catala\/\",\"name\":\"IMPRIMIBLE EDUCATIVO DE LAS 4 ESTACIONES \u2013 CATAL\u00c0 \u2013 - Educativos\",\"isPartOf\":{\"@id\":\"https:\/\/educativosmeninheira.com\/imprimibles\/#website\"},\"primaryImageOfPage\":{\"@id\":\"https:\/\/educativosmeninheira.com\/imprimibles\/producto\/4estaciones-catala\/#primaryimage\"},\"image\":{\"@id\":\"https:\/\/educativosmeninheira.com\/imprimibles\/producto\/4estaciones-catala\/#primaryimage\"},\"thumbnailUrl\":\"https:\/\/educativosmeninheira.com\/imprimibles\/wp-content\/uploads\/2021\/06\/4ESTACIONES-CAT-0.jpg\",\"datePublished\":\"2021-06-26T22:32:13+00:00\",\"dateModified\":\"2025-01-03T13:15:22+00:00\",\"breadcrumb\":{\"@id\":\"https:\/\/educativosmeninheira.com\/imprimibles\/producto\/4estaciones-catala\/#breadcrumb\"},\"inLanguage\":\"es\",\"potentialAction\":[{\"@type\":\"ReadAction\",\"target\":[\"https:\/\/educativosmeninheira.com\/imprimibles\/producto\/4estaciones-catala\/\"]}]},{\"@type\":\"ImageObject\",\"inLanguage\":\"es\",\"@id\":\"https:\/\/educativosmeninheira.com\/imprimibles\/producto\/4estaciones-catala\/#primaryimage\",\"url\":\"https:\/\/educativosmeninheira.com\/imprimibles\/wp-content\/uploads\/2021\/06\/4ESTACIONES-CAT-0.jpg\",\"contentUrl\":\"https:\/\/educativosmeninheira.com\/imprimibles\/wp-content\/uploads\/2021\/06\/4ESTACIONES-CAT-0.jpg\",\"width\":1080,\"height\":1080},{\"@type\":\"BreadcrumbList\",\"@id\":\"https:\/\/educativosmeninheira.com\/imprimibles\/producto\/4estaciones-catala\/#breadcrumb\",\"itemListElement\":[{\"@type\":\"ListItem\",\"position\":1,\"name\":\"Home\",\"item\":\"https:\/\/educativosmeninheira.com\/imprimibles\/\"},{\"@type\":\"ListItem\",\"position\":2,\"name\":\"Tienda\",\"item\":\"https:\/\/educativosmeninheira.com\/imprimibles\/tienda\/\"},{\"@type\":\"ListItem\",\"position\":3,\"name\":\"IMPRIMIBLE EDUCATIVO DE LAS 4 ESTACIONES \u2013 CATAL\u00c0 \u2013\"}]},{\"@type\":\"WebSite\",\"@id\":\"https:\/\/educativosmeninheira.com\/imprimibles\/#website\",\"url\":\"https:\/\/educativosmeninheira.com\/imprimibles\/\",\"name\":\"Educativos\",\"description\":\"\",\"publisher\":{\"@id\":\"https:\/\/educativosmeninheira.com\/imprimibles\/#organization\"},\"potentialAction\":[{\"@type\":\"SearchAction\",\"target\":{\"@type\":\"EntryPoint\",\"urlTemplate\":\"https:\/\/educativosmeninheira.com\/imprimibles\/?s={search_term_string}\"},\"query-input\":\"required name=search_term_string\"}],\"inLanguage\":\"es\"},{\"@type\":\"Organization\",\"@id\":\"https:\/\/educativosmeninheira.com\/imprimibles\/#organization\",\"name\":\"Educativos\",\"url\":\"https:\/\/educativosmeninheira.com\/imprimibles\/\",\"logo\":{\"@type\":\"ImageObject\",\"inLanguage\":\"es\",\"@id\":\"https:\/\/educativosmeninheira.com\/imprimibles\/#\/schema\/logo\/image\/\",\"url\":\"https:\/\/educativosmeninheira.com\/imprimibles\/wp-content\/uploads\/2024\/03\/LOGO-Educativos-meninheira.png\",\"contentUrl\":\"https:\/\/educativosmeninheira.com\/imprimibles\/wp-content\/uploads\/2024\/03\/LOGO-Educativos-meninheira.png\",\"width\":2194,\"height\":2145,\"caption\":\"Educativos\"},\"image\":{\"@id\":\"https:\/\/educativosmeninheira.com\/imprimibles\/#\/schema\/logo\/image\/\"}}]}<\/script>\n<!-- \/ Yoast SEO plugin. -->","yoast_head_json":{"title":"IMPRIMIBLE EDUCATIVO DE LAS 4 ESTACIONES \u2013 CATAL\u00c0 \u2013 - Educativos","robots":{"index":"index","follow":"follow","max-snippet":"max-snippet:-1","max-image-preview":"max-image-preview:large","max-video-preview":"max-video-preview:-1"},"canonical":"https:\/\/educativosmeninheira.com\/imprimibles\/producto\/4estaciones-catala\/","og_locale":"es_ES","og_type":"article","og_title":"IMPRIMIBLE EDUCATIVO DE LAS 4 ESTACIONES \u2013 CATAL\u00c0 \u2013 - Educativos","og_description":"Con este imprimible jugaremos con el tema de las estaciones al tiempo que trabajamos la motricidad fina (ejercicios de enhebrado, corte, grafomotricidad,\u2026), conceptos matem\u00e1ticos (clasificaci\u00f3n por tama\u00f1o, ejercicios de secuenciaci\u00f3n,\u2026), etc. \u2026\u2026\u2026\u2026\u2026\u2026\u2026\u2026 VERSI\u00d3N EN CATAL\u00c1N &nbsp; \u2665 \u2665 \u2665 \u2665 \u2665 \u2665 \u2665 \u2665 \u2665 \u2665 \u2665 \u2665 \u2665 \u2665 \u2665 \u2665 \u2665 \u2665 \u2665 [&hellip;]","og_url":"https:\/\/educativosmeninheira.com\/imprimibles\/producto\/4estaciones-catala\/","og_site_name":"Educativos","article_modified_time":"2025-01-03T13:15:22+00:00","og_image":[{"width":1080,"height":1080,"url":"https:\/\/educativosmeninheira.com\/imprimibles\/wp-content\/uploads\/2021\/06\/4ESTACIONES-CAT-0.jpg","type":"image\/jpeg"}],"twitter_card":"summary_large_image","twitter_misc":{"Tiempo de lectura":"2 minutos"},"schema":{"@context":"https:\/\/schema.org","@graph":[{"@type":"WebPage","@id":"https:\/\/educativosmeninheira.com\/imprimibles\/producto\/4estaciones-catala\/","url":"https:\/\/educativosmeninheira.com\/imprimibles\/producto\/4estaciones-catala\/","name":"IMPRIMIBLE EDUCATIVO DE LAS 4 ESTACIONES \u2013 CATAL\u00c0 \u2013 - Educativos","isPartOf":{"@id":"https:\/\/educativosmeninheira.com\/imprimibles\/#website"},"primaryImageOfPage":{"@id":"https:\/\/educativosmeninheira.com\/imprimibles\/producto\/4estaciones-catala\/#primaryimage"},"image":{"@id":"https:\/\/educativosmeninheira.com\/imprimibles\/producto\/4estaciones-catala\/#primaryimage"},"thumbnailUrl":"https:\/\/educativosmeninheira.com\/imprimibles\/wp-content\/uploads\/2021\/06\/4ESTACIONES-CAT-0.jpg","datePublished":"2021-06-26T22:32:13+00:00","dateModified":"2025-01-03T13:15:22+00:00","breadcrumb":{"@id":"https:\/\/educativosmeninheira.com\/imprimibles\/producto\/4estaciones-catala\/#breadcrumb"},"inLanguage":"es","potentialAction":[{"@type":"ReadAction","target":["https:\/\/educativosmeninheira.com\/imprimibles\/producto\/4estaciones-catala\/"]}]},{"@type":"ImageObject","inLanguage":"es","@id":"https:\/\/educativosmeninheira.com\/imprimibles\/producto\/4estaciones-catala\/#primaryimage","url":"https:\/\/educativosmeninheira.com\/imprimibles\/wp-content\/uploads\/2021\/06\/4ESTACIONES-CAT-0.jpg","contentUrl":"https:\/\/educativosmeninheira.com\/imprimibles\/wp-content\/uploads\/2021\/06\/4ESTACIONES-CAT-0.jpg","width":1080,"height":1080},{"@type":"BreadcrumbList","@id":"https:\/\/educativosmeninheira.com\/imprimibles\/producto\/4estaciones-catala\/#breadcrumb","itemListElement":[{"@type":"ListItem","position":1,"name":"Home","item":"https:\/\/educativosmeninheira.com\/imprimibles\/"},{"@type":"ListItem","position":2,"name":"Tienda","item":"https:\/\/educativosmeninheira.com\/imprimibles\/tienda\/"},{"@type":"ListItem","position":3,"name":"IMPRIMIBLE EDUCATIVO DE LAS 4 ESTACIONES \u2013 CATAL\u00c0 \u2013"}]},{"@type":"WebSite","@id":"https:\/\/educativosmeninheira.com\/imprimibles\/#website","url":"https:\/\/educativosmeninheira.com\/imprimibles\/","name":"Educativos","description":"","publisher":{"@id":"https:\/\/educativosmeninheira.com\/imprimibles\/#organization"},"potentialAction":[{"@type":"SearchAction","target":{"@type":"EntryPoint","urlTemplate":"https:\/\/educativosmeninheira.com\/imprimibles\/?s={search_term_string}"},"query-input":"required name=search_term_string"}],"inLanguage":"es"},{"@type":"Organization","@id":"https:\/\/educativosmeninheira.com\/imprimibles\/#organization","name":"Educativos","url":"https:\/\/educativosmeninheira.com\/imprimibles\/","logo":{"@type":"ImageObject","inLanguage":"es","@id":"https:\/\/educativosmeninheira.com\/imprimibles\/#\/schema\/logo\/image\/","url":"https:\/\/educativosmeninheira.com\/imprimibles\/wp-content\/uploads\/2024\/03\/LOGO-Educativos-meninheira.png","contentUrl":"https:\/\/educativosmeninheira.com\/imprimibles\/wp-content\/uploads\/2024\/03\/LOGO-Educativos-meninheira.png","width":2194,"height":2145,"caption":"Educativos"},"image":{"@id":"https:\/\/educativosmeninheira.com\/imprimibles\/#\/schema\/logo\/image\/"}}]}},"_links":{"self":[{"href":"https:\/\/educativosmeninheira.com\/imprimibles\/wp-json\/wp\/v2\/product\/869","targetHints":{"allow":["GET"]}}],"collection":[{"href":"https:\/\/educativosmeninheira.com\/imprimibles\/wp-json\/wp\/v2\/product"}],"about":[{"href":"https:\/\/educativosmeninheira.com\/imprimibles\/wp-json\/wp\/v2\/types\/product"}],"replies":[{"embeddable":true,"href":"https:\/\/educativosmeninheira.com\/imprimibles\/wp-json\/wp\/v2\/comments?post=869"}],"wp:featuredmedia":[{"embeddable":true,"href":"https:\/\/educativosmeninheira.com\/imprimibles\/wp-json\/wp\/v2\/media\/871"}],"wp:attachment":[{"href":"https:\/\/educativosmeninheira.com\/imprimibles\/wp-json\/wp\/v2\/media?parent=869"}],"wp:term":[{"taxonomy":"product_cat","embeddable":true,"href":"https:\/\/educativosmeninheira.com\/imprimibles\/wp-json\/wp\/v2\/product_cat?post=869"},{"taxonomy":"product_tag","embeddable":true,"href":"https:\/\/educativosmeninheira.com\/imprimibles\/wp-json\/wp\/v2\/product_tag?post=869"}],"curies":[{"name":"wp","href":"https:\/\/api.w.org\/{rel}","templated":true}]}}