{"id":917,"date":"2021-02-01T14:11:12","date_gmt":"2021-02-01T14:11:12","guid":{"rendered":"https:\/\/educativosmeninheira.com\/imprimibles\/?post_type=product&#038;p=917"},"modified":"2024-03-20T12:05:19","modified_gmt":"2024-03-20T12:05:19","slug":"proserpina-para-ninos","status":"publish","type":"product","link":"https:\/\/educativosmeninheira.com\/imprimibles\/producto\/proserpina-para-ninos\/","title":{"rendered":"MITO DE PROSERPINA para los ni\u00f1os"},"content":{"rendered":"<p style=\"text-align: center;\"><strong>Adoro la mitolog\u00eda y adoro utilizar la estacionalidad como recurso educativo<\/strong>.<\/p>\n<p>Este es uno de mis mitos preferidos, me fascina adem\u00e1s como se mezclan distintos mitos de varias culturas y a\u00fan ahora, que mis peques son mayores, cada a\u00f1o les recuerdo que \u00abhoje come\u00e7a a primavera, j\u00e1 Ceres come\u00e7a a preparar a terra para a chegada de Proserpina\u00bb (\u00abhoy comienza la primavera, ya Ceres comienza a preparar la tierra para la llegada de Proserpina\u00bb) o \u00abhoje come\u00e7a o outono, Ceres come\u00e7a a por-se triste pela partida de Proserpina ao Hades\u00bb (hoy comienza el oto\u00f1o. Ceres comienza a ponerse triste por la partida de Proserpina al Hades\u00bb).<\/p>\n<p>El mito de Proserpina &#8211; Pers\u00e9fone deber\u00eda ser uno de los primeros que ense\u00f1arles a nuestros peques, porque es\u00a0una base estupenda para trabajar la mitolog\u00eda, la historia, la temporalidad a trav\u00e9s de las estaciones del a\u00f1o, &#8230; y d\u00e1 para muchas y buenas charlas y tiradas del hilo.<\/p>\n<p>Podeis bajaros este imprimible que os regalo e ir\u00e9 a\u00f1adiendo a este mismo post otras cosas que os ayudar\u00e1n a trabajar este mito, que podemos recordar en primavera y en oto\u00f1o todos los a\u00f1os, em ambos hemisferios \ud83d\ude42<\/p>\n<p>&nbsp;<\/p>\n<p style=\"text-align: center;\"><strong>&#8212;&#8212;&#8212;- RECURSOS PARA TRATAR EL TEMA &#8212;&#8212;&#8212;-<\/strong><\/p>\n<p style=\"text-align: right;\"><strong>Esta canci\u00f3n<\/strong> sobre el tema de Martha Wainwright es maravillosa &#8230;&#8230;&#8230;&#8230;&#8230;&#8230;&#8230;&#8230;&#8230;&#8230;&#8230;&#8230;&#8230;&#8230;&#8230;&#8230;&#8230;&#8230;&#8230;&#8230;&#8230;&#8230;&#8230;&#8230;<\/p>\n<p style=\"text-align: center;\"><iframe style=\"background-image: url('https:\/\/i.ytimg.com\/vi\/V4di1pbzveQ\/hqdefault.jpg');\" src=\"https:\/\/youtube.com\/embed\/V4di1pbzveQ\" width=\"480\" height=\"360\" frameborder=\"0\"><\/iframe><\/p>\n<p style=\"text-align: right;\">Hay muchos <strong>libros sobre el tema<\/strong>, estos son algunos de los que me gustan &#8230;&#8230;&#8230;&#8230;&#8230;&#8230;&#8230;&#8230;&#8230;&#8230;&#8230;&#8230;&#8230;&#8230;&#8230;&#8230;&#8230;&#8230;&#8230;&#8230;&#8230;&#8230;&#8230;&#8230;<\/p>\n<div class=\"kvgmc6g5 cxmmr5t8 oygrvhab hcukyx3x c1et5uql ii04i59q\">\n<div dir=\"auto\" style=\"text-align: center;\"><strong>Pers\u00e9fone:<\/strong><br \/>\nCombinando el mito que me gusta tanto con mi pasi\u00f3n por la novela gr\u00e1fica, no me pude resistir a hacerme con este libro de Lo\u00efc Locatelli-Kournwsky para mis peques y lo cierto es que no me ha decepcionado.<br \/>\nEs u<span style=\"font-size: 16px;\"><span style=\"font-size: 16px;\">na reinterpretaci\u00f3n fant\u00e1stica del mito, me ha encantado ir descubriendo en \u00e9l los detalles de la historia \u00aboriginal\u00bb, para muestra un bot\u00f3n: las granadas del Hades, son aqu\u00ed la fruta de la condena<br \/>\n<\/span><\/span><center><br \/>\n<iframe style=\"width: 120px; height: 240px;\" src=\"\/\/rcm-eu.amazon-adsystem.com\/e\/cm?lt1=_blank&amp;bc1=000000&amp;IS2=1&amp;bg1=FFFFFF&amp;fc1=000000&amp;lc1=0000FF&amp;t=dalleuncolin-21&amp;language=es_ES&amp;o=30&amp;p=8&amp;l=as4&amp;m=amazon&amp;f=ifr&amp;ref=as_ss_li_til&amp;asins=849471841X&amp;linkId=f9efa783d2f1a74df3437618ffe40d17\" frameborder=\"0\" marginwidth=\"0\" marginheight=\"0\" scrolling=\"no\"><\/iframe><\/center><\/p>\n<div dir=\"auto\"><\/div>\n<div dir=\"auto\"><\/div>\n<\/div>\n<div dir=\"auto\" style=\"text-align: right;\"><strong>Algunos otros libros para mitolog\u00eda<\/strong> &#8230;&#8230;&#8230;&#8230;&#8230;&#8230;&#8230;&#8230;&#8230;&#8230;&#8230;&#8230;&#8230;&#8230;&#8230;&#8230;&#8230;&#8230;&#8230;&#8230;&#8230;&#8230;&#8230;&#8230;<\/div>\n<div dir=\"auto\">Estos los recomend\u00e9 hace much\u00edsimo tiempo en mi blog familiar: <a href=\"http:\/\/dalheuncolinho.blogspot.com\/2013\/07\/libros-de-mitoloxia-para-nenos.html\" target=\"_blank\" rel=\"noopener\">libros-de-mitoloxia-para-nenos.html<\/a><\/div>\n<\/div>\n","protected":false},"excerpt":{"rendered":"<p>Adoro la mitolog\u00eda y adoro utilizar la estacionalidad como recurso educativo. Este es uno de mis mitos preferidos, me fascina adem\u00e1s como se mezclan distintos mitos de varias culturas y a\u00fan ahora, que mis peques son mayores, cada a\u00f1o les recuerdo que \u00abhoje come\u00e7a a primavera, j\u00e1 Ceres come\u00e7a a preparar a terra para a [&hellip;]<\/p>\n","protected":false},"featured_media":920,"comment_status":"open","ping_status":"closed","template":"","meta":{"site-sidebar-layout":"default","site-content-layout":"default","ast-site-content-layout":"","site-content-style":"default","site-sidebar-style":"default","ast-global-header-display":"","ast-banner-title-visibility":"","ast-main-header-display":"","ast-hfb-above-header-display":"","ast-hfb-below-header-display":"","ast-hfb-mobile-header-display":"","site-post-title":"","ast-breadcrumbs-content":"","ast-featured-img":"","footer-sml-layout":"","theme-transparent-header-meta":"default","adv-header-id-meta":"","stick-header-meta":"","header-above-stick-meta":"","header-main-stick-meta":"","header-below-stick-meta":"","astra-migrate-meta-layouts":"default","ast-page-background-enabled":"default","ast-page-background-meta":{"desktop":{"background-color":"var(--ast-global-color-4)","background-image":"","background-repeat":"repeat","background-position":"center center","background-size":"auto","background-attachment":"scroll","background-type":"","background-media":"","overlay-type":"","overlay-color":"","overlay-gradient":""},"tablet":{"background-color":"","background-image":"","background-repeat":"repeat","background-position":"center center","background-size":"auto","background-attachment":"scroll","background-type":"","background-media":"","overlay-type":"","overlay-color":"","overlay-gradient":""},"mobile":{"background-color":"","background-image":"","background-repeat":"repeat","background-position":"center center","background-size":"auto","background-attachment":"scroll","background-type":"","background-media":"","overlay-type":"","overlay-color":"","overlay-gradient":""}},"ast-content-background-meta":{"desktop":{"background-color":"var(--ast-global-color-5)","background-image":"","background-repeat":"repeat","background-position":"center center","background-size":"auto","background-attachment":"scroll","background-type":"","background-media":"","overlay-type":"","overlay-color":"","overlay-gradient":""},"tablet":{"background-color":"var(--ast-global-color-5)","background-image":"","background-repeat":"repeat","background-position":"center center","background-size":"auto","background-attachment":"scroll","background-type":"","background-media":"","overlay-type":"","overlay-color":"","overlay-gradient":""},"mobile":{"background-color":"var(--ast-global-color-5)","background-image":"","background-repeat":"repeat","background-position":"center center","background-size":"auto","background-attachment":"scroll","background-type":"","background-media":"","overlay-type":"","overlay-color":"","overlay-gradient":""}}},"product_cat":[15,21,42],"product_tag":[],"class_list":{"0":"post-917","1":"product","2":"type-product","3":"status-publish","4":"has-post-thumbnail","6":"product_cat-sin-categorizar","7":"product_cat-curriculum-de-historia","8":"product_cat-regalos","9":"desktop-align-left","10":"tablet-align-left","11":"mobile-align-left","13":"first","14":"instock","15":"downloadable","16":"virtual","17":"taxable","18":"purchasable","19":"product-type-simple"},"yoast_head":"<!-- This site is optimized with the Yoast SEO plugin v22.4 - https:\/\/yoast.com\/wordpress\/plugins\/seo\/ -->\n<title>MITO DE PROSERPINA para los ni\u00f1os - Educativos<\/title>\n<meta name=\"robots\" content=\"index, follow, max-snippet:-1, max-image-preview:large, max-video-preview:-1\" \/>\n<link rel=\"canonical\" href=\"https:\/\/educativosmeninheira.com\/imprimibles\/producto\/proserpina-para-ninos\/\" \/>\n<meta property=\"og:locale\" content=\"es_ES\" \/>\n<meta property=\"og:type\" content=\"article\" \/>\n<meta property=\"og:title\" content=\"MITO DE PROSERPINA para los ni\u00f1os - Educativos\" \/>\n<meta property=\"og:description\" content=\"Adoro la mitolog\u00eda y adoro utilizar la estacionalidad como recurso educativo. Este es uno de mis mitos preferidos, me fascina adem\u00e1s como se mezclan distintos mitos de varias culturas y a\u00fan ahora, que mis peques son mayores, cada a\u00f1o les recuerdo que \u00abhoje come\u00e7a a primavera, j\u00e1 Ceres come\u00e7a a preparar a terra para a [&hellip;]\" \/>\n<meta property=\"og:url\" content=\"https:\/\/educativosmeninheira.com\/imprimibles\/producto\/proserpina-para-ninos\/\" \/>\n<meta property=\"og:site_name\" content=\"Educativos\" \/>\n<meta property=\"article:modified_time\" content=\"2024-03-20T12:05:19+00:00\" \/>\n<meta property=\"og:image\" content=\"https:\/\/educativosmeninheira.com\/imprimibles\/wp-content\/uploads\/2021\/06\/PDF-El-mito-de-Proserpina.png\" \/>\n\t<meta property=\"og:image:width\" content=\"524\" \/>\n\t<meta property=\"og:image:height\" content=\"524\" \/>\n\t<meta property=\"og:image:type\" content=\"image\/png\" \/>\n<meta name=\"twitter:card\" content=\"summary_large_image\" \/>\n<meta name=\"twitter:label1\" content=\"Tiempo de lectura\" \/>\n\t<meta name=\"twitter:data1\" content=\"2 minutos\" \/>\n<script type=\"application\/ld+json\" class=\"yoast-schema-graph\">{\"@context\":\"https:\/\/schema.org\",\"@graph\":[{\"@type\":\"WebPage\",\"@id\":\"https:\/\/educativosmeninheira.com\/imprimibles\/producto\/proserpina-para-ninos\/\",\"url\":\"https:\/\/educativosmeninheira.com\/imprimibles\/producto\/proserpina-para-ninos\/\",\"name\":\"MITO DE PROSERPINA para los ni\u00f1os - Educativos\",\"isPartOf\":{\"@id\":\"https:\/\/educativosmeninheira.com\/imprimibles\/#website\"},\"primaryImageOfPage\":{\"@id\":\"https:\/\/educativosmeninheira.com\/imprimibles\/producto\/proserpina-para-ninos\/#primaryimage\"},\"image\":{\"@id\":\"https:\/\/educativosmeninheira.com\/imprimibles\/producto\/proserpina-para-ninos\/#primaryimage\"},\"thumbnailUrl\":\"https:\/\/educativosmeninheira.com\/imprimibles\/wp-content\/uploads\/2021\/06\/PDF-El-mito-de-Proserpina.png\",\"datePublished\":\"2021-02-01T14:11:12+00:00\",\"dateModified\":\"2024-03-20T12:05:19+00:00\",\"breadcrumb\":{\"@id\":\"https:\/\/educativosmeninheira.com\/imprimibles\/producto\/proserpina-para-ninos\/#breadcrumb\"},\"inLanguage\":\"es\",\"potentialAction\":[{\"@type\":\"ReadAction\",\"target\":[\"https:\/\/educativosmeninheira.com\/imprimibles\/producto\/proserpina-para-ninos\/\"]}]},{\"@type\":\"ImageObject\",\"inLanguage\":\"es\",\"@id\":\"https:\/\/educativosmeninheira.com\/imprimibles\/producto\/proserpina-para-ninos\/#primaryimage\",\"url\":\"https:\/\/educativosmeninheira.com\/imprimibles\/wp-content\/uploads\/2021\/06\/PDF-El-mito-de-Proserpina.png\",\"contentUrl\":\"https:\/\/educativosmeninheira.com\/imprimibles\/wp-content\/uploads\/2021\/06\/PDF-El-mito-de-Proserpina.png\",\"width\":524,\"height\":524},{\"@type\":\"BreadcrumbList\",\"@id\":\"https:\/\/educativosmeninheira.com\/imprimibles\/producto\/proserpina-para-ninos\/#breadcrumb\",\"itemListElement\":[{\"@type\":\"ListItem\",\"position\":1,\"name\":\"Home\",\"item\":\"https:\/\/educativosmeninheira.com\/imprimibles\/\"},{\"@type\":\"ListItem\",\"position\":2,\"name\":\"Tienda\",\"item\":\"https:\/\/educativosmeninheira.com\/imprimibles\/tienda\/\"},{\"@type\":\"ListItem\",\"position\":3,\"name\":\"MITO DE PROSERPINA para los ni\u00f1os\"}]},{\"@type\":\"WebSite\",\"@id\":\"https:\/\/educativosmeninheira.com\/imprimibles\/#website\",\"url\":\"https:\/\/educativosmeninheira.com\/imprimibles\/\",\"name\":\"Educativos\",\"description\":\"\",\"publisher\":{\"@id\":\"https:\/\/educativosmeninheira.com\/imprimibles\/#organization\"},\"potentialAction\":[{\"@type\":\"SearchAction\",\"target\":{\"@type\":\"EntryPoint\",\"urlTemplate\":\"https:\/\/educativosmeninheira.com\/imprimibles\/?s={search_term_string}\"},\"query-input\":\"required name=search_term_string\"}],\"inLanguage\":\"es\"},{\"@type\":\"Organization\",\"@id\":\"https:\/\/educativosmeninheira.com\/imprimibles\/#organization\",\"name\":\"Educativos\",\"url\":\"https:\/\/educativosmeninheira.com\/imprimibles\/\",\"logo\":{\"@type\":\"ImageObject\",\"inLanguage\":\"es\",\"@id\":\"https:\/\/educativosmeninheira.com\/imprimibles\/#\/schema\/logo\/image\/\",\"url\":\"https:\/\/educativosmeninheira.com\/imprimibles\/wp-content\/uploads\/2024\/03\/LOGO-Educativos-meninheira.png\",\"contentUrl\":\"https:\/\/educativosmeninheira.com\/imprimibles\/wp-content\/uploads\/2024\/03\/LOGO-Educativos-meninheira.png\",\"width\":2194,\"height\":2145,\"caption\":\"Educativos\"},\"image\":{\"@id\":\"https:\/\/educativosmeninheira.com\/imprimibles\/#\/schema\/logo\/image\/\"}}]}<\/script>\n<!-- \/ Yoast SEO plugin. -->","yoast_head_json":{"title":"MITO DE PROSERPINA para los ni\u00f1os - Educativos","robots":{"index":"index","follow":"follow","max-snippet":"max-snippet:-1","max-image-preview":"max-image-preview:large","max-video-preview":"max-video-preview:-1"},"canonical":"https:\/\/educativosmeninheira.com\/imprimibles\/producto\/proserpina-para-ninos\/","og_locale":"es_ES","og_type":"article","og_title":"MITO DE PROSERPINA para los ni\u00f1os - Educativos","og_description":"Adoro la mitolog\u00eda y adoro utilizar la estacionalidad como recurso educativo. Este es uno de mis mitos preferidos, me fascina adem\u00e1s como se mezclan distintos mitos de varias culturas y a\u00fan ahora, que mis peques son mayores, cada a\u00f1o les recuerdo que \u00abhoje come\u00e7a a primavera, j\u00e1 Ceres come\u00e7a a preparar a terra para a [&hellip;]","og_url":"https:\/\/educativosmeninheira.com\/imprimibles\/producto\/proserpina-para-ninos\/","og_site_name":"Educativos","article_modified_time":"2024-03-20T12:05:19+00:00","og_image":[{"width":524,"height":524,"url":"https:\/\/educativosmeninheira.com\/imprimibles\/wp-content\/uploads\/2021\/06\/PDF-El-mito-de-Proserpina.png","type":"image\/png"}],"twitter_card":"summary_large_image","twitter_misc":{"Tiempo de lectura":"2 minutos"},"schema":{"@context":"https:\/\/schema.org","@graph":[{"@type":"WebPage","@id":"https:\/\/educativosmeninheira.com\/imprimibles\/producto\/proserpina-para-ninos\/","url":"https:\/\/educativosmeninheira.com\/imprimibles\/producto\/proserpina-para-ninos\/","name":"MITO DE PROSERPINA para los ni\u00f1os - Educativos","isPartOf":{"@id":"https:\/\/educativosmeninheira.com\/imprimibles\/#website"},"primaryImageOfPage":{"@id":"https:\/\/educativosmeninheira.com\/imprimibles\/producto\/proserpina-para-ninos\/#primaryimage"},"image":{"@id":"https:\/\/educativosmeninheira.com\/imprimibles\/producto\/proserpina-para-ninos\/#primaryimage"},"thumbnailUrl":"https:\/\/educativosmeninheira.com\/imprimibles\/wp-content\/uploads\/2021\/06\/PDF-El-mito-de-Proserpina.png","datePublished":"2021-02-01T14:11:12+00:00","dateModified":"2024-03-20T12:05:19+00:00","breadcrumb":{"@id":"https:\/\/educativosmeninheira.com\/imprimibles\/producto\/proserpina-para-ninos\/#breadcrumb"},"inLanguage":"es","potentialAction":[{"@type":"ReadAction","target":["https:\/\/educativosmeninheira.com\/imprimibles\/producto\/proserpina-para-ninos\/"]}]},{"@type":"ImageObject","inLanguage":"es","@id":"https:\/\/educativosmeninheira.com\/imprimibles\/producto\/proserpina-para-ninos\/#primaryimage","url":"https:\/\/educativosmeninheira.com\/imprimibles\/wp-content\/uploads\/2021\/06\/PDF-El-mito-de-Proserpina.png","contentUrl":"https:\/\/educativosmeninheira.com\/imprimibles\/wp-content\/uploads\/2021\/06\/PDF-El-mito-de-Proserpina.png","width":524,"height":524},{"@type":"BreadcrumbList","@id":"https:\/\/educativosmeninheira.com\/imprimibles\/producto\/proserpina-para-ninos\/#breadcrumb","itemListElement":[{"@type":"ListItem","position":1,"name":"Home","item":"https:\/\/educativosmeninheira.com\/imprimibles\/"},{"@type":"ListItem","position":2,"name":"Tienda","item":"https:\/\/educativosmeninheira.com\/imprimibles\/tienda\/"},{"@type":"ListItem","position":3,"name":"MITO DE PROSERPINA para los ni\u00f1os"}]},{"@type":"WebSite","@id":"https:\/\/educativosmeninheira.com\/imprimibles\/#website","url":"https:\/\/educativosmeninheira.com\/imprimibles\/","name":"Educativos","description":"","publisher":{"@id":"https:\/\/educativosmeninheira.com\/imprimibles\/#organization"},"potentialAction":[{"@type":"SearchAction","target":{"@type":"EntryPoint","urlTemplate":"https:\/\/educativosmeninheira.com\/imprimibles\/?s={search_term_string}"},"query-input":"required name=search_term_string"}],"inLanguage":"es"},{"@type":"Organization","@id":"https:\/\/educativosmeninheira.com\/imprimibles\/#organization","name":"Educativos","url":"https:\/\/educativosmeninheira.com\/imprimibles\/","logo":{"@type":"ImageObject","inLanguage":"es","@id":"https:\/\/educativosmeninheira.com\/imprimibles\/#\/schema\/logo\/image\/","url":"https:\/\/educativosmeninheira.com\/imprimibles\/wp-content\/uploads\/2024\/03\/LOGO-Educativos-meninheira.png","contentUrl":"https:\/\/educativosmeninheira.com\/imprimibles\/wp-content\/uploads\/2024\/03\/LOGO-Educativos-meninheira.png","width":2194,"height":2145,"caption":"Educativos"},"image":{"@id":"https:\/\/educativosmeninheira.com\/imprimibles\/#\/schema\/logo\/image\/"}}]}},"_links":{"self":[{"href":"https:\/\/educativosmeninheira.com\/imprimibles\/wp-json\/wp\/v2\/product\/917","targetHints":{"allow":["GET"]}}],"collection":[{"href":"https:\/\/educativosmeninheira.com\/imprimibles\/wp-json\/wp\/v2\/product"}],"about":[{"href":"https:\/\/educativosmeninheira.com\/imprimibles\/wp-json\/wp\/v2\/types\/product"}],"replies":[{"embeddable":true,"href":"https:\/\/educativosmeninheira.com\/imprimibles\/wp-json\/wp\/v2\/comments?post=917"}],"wp:featuredmedia":[{"embeddable":true,"href":"https:\/\/educativosmeninheira.com\/imprimibles\/wp-json\/wp\/v2\/media\/920"}],"wp:attachment":[{"href":"https:\/\/educativosmeninheira.com\/imprimibles\/wp-json\/wp\/v2\/media?parent=917"}],"wp:term":[{"taxonomy":"product_cat","embeddable":true,"href":"https:\/\/educativosmeninheira.com\/imprimibles\/wp-json\/wp\/v2\/product_cat?post=917"},{"taxonomy":"product_tag","embeddable":true,"href":"https:\/\/educativosmeninheira.com\/imprimibles\/wp-json\/wp\/v2\/product_tag?post=917"}],"curies":[{"name":"wp","href":"https:\/\/api.w.org\/{rel}","templated":true}]}}