{"id":930,"date":"2021-06-30T18:31:29","date_gmt":"2021-06-30T18:31:29","guid":{"rendered":"https:\/\/educativosmeninheira.com\/imprimibles\/?post_type=product&#038;p=930"},"modified":"2021-06-30T18:31:30","modified_gmt":"2021-06-30T18:31:30","slug":"agenda-organizar-homeschool-pt","status":"publish","type":"product","link":"https:\/\/educativosmeninheira.com\/imprimibles\/producto\/agenda-organizar-homeschool-pt\/","title":{"rendered":"AGENDA PARA ORGANIZAR O HOMESCHOOL &#8211; PORTUGU\u00caS &#8211;"},"content":{"rendered":"<p style=\"text-align: center;\"><strong>Com esta agenda vamos tentar manter a organiza\u00e7\u00e3o do nosso ensino dom\u00e9stico em dia,<\/strong><br \/>\n<strong>utilizando os diferentes modelos para fazer um seguimento dos contidos e actividades escolares.<br \/>\n<\/strong><br \/>\n<strong>Estes modelos organizativos est\u00e3o feitos com um formato atrativo e f\u00e1cil de usar, seja qual for o teu estilo de educa\u00e7\u00e3o e de organiza\u00e7\u00e3o, e combinados entre si proporcionam uma estupenda ferramenta para gerir o homeschool, mantendo tamb\u00e9m toda a informa\u00e7\u00e3o valiosa centralizada em um s\u00f3 lugar.\u00a0<\/strong><\/p>\n<p>&nbsp;<\/p>\n<p>O documento est\u00e1 desenhado para ser usado quantas vezes se desejar, ano ap\u00f3s ano, sem prazo de validade.<\/p>\n<p>Est\u00e3o preparados para imprimir em formato A4<\/p>\n<p>.<\/p>\n<p>\u2665 \u2665 \u2665 \u2665 \u2665 \u2665 \u2665 \u2665 \u2665 \u2665 \u2665 \u2665 \u2665 \u2665 \u2665 \u2665 \u2665 \u2665 \u2665 \u2665 \u2665 \u2665 \u2665 \u2665 \u2665 \u2665 \u2665 \u2665<\/p>\n<p>\u00cdNDICE DE CONTE\u00daDOS DO ARQUIVO:<\/p>\n<p>\u2665 \u2665 \u2665 \u2665 \u2665 \u2665 \u2665 \u2665 \u2665 \u2665 \u2665 \u2665 \u2665 \u2665 \u2665 \u2665 \u2665 \u2665 \u2665 \u2665 \u2665 \u2665 \u2665 \u2665 \u2665 \u2665 \u2665 \u2665<\/p>\n<p>a- capas:<\/p>\n<p>a.1. Dois modelos: um para incorporar uma imagem e outro sem essa possibilidade.<\/p>\n<p>&nbsp;<\/p>\n<p>B-CALEND\u00c1RIOS:<\/p>\n<p>b.1. Calend\u00e1rio perp\u00e9tuo\u00a0 \u00a0(2 modelos diferentes)<\/p>\n<p>b.2. Calend\u00e1rio m\u00eas a m\u00eas<\/p>\n<p>b.3. Modelo \u201cDias pedagogicamente aproveit\u00e1veis\u201d m\u00eas a m\u00eas.<\/p>\n<p>b.4. Modelo \u201cDias\u201d vazio<\/p>\n<p>&nbsp;<\/p>\n<p>C- Modelos para organiza\u00e7\u00e3o<\/p>\n<p>c.1. Organiza\u00e7\u00e3o di\u00e1ria. Programa de escolariza\u00e7\u00e3o em fam\u00edlia.<\/p>\n<p>c.2. Objetivos mensais. Programa de escolariza\u00e7\u00e3o em fam\u00edlia.<\/p>\n<p>c.3. Objetivos anuais. Casa e fam\u00edlia.<\/p>\n<p>c.4. Organiza\u00e7\u00e3o di\u00e1ria.<\/p>\n<p>c.5. Organiza\u00e7\u00e3o di\u00e1ria. Exemplo.<\/p>\n<p>c.6. Organiza\u00e7\u00e3o semanal. Hor\u00e1rio. Vertical.<\/p>\n<p>c.7. Organiza\u00e7\u00e3o semanal. Hor\u00e1rio. Horizontal.<\/p>\n<p>c.8. Organiza\u00e7\u00e3o mensal.<\/p>\n<p>c.9. Organiza\u00e7\u00e3o curricular. Lista de recursos.<\/p>\n<p>c.10. Actividades extraescolares.<\/p>\n<p>c.11. Ideias e pensamentos.<\/p>\n<p>c.12. Atribui\u00e7\u00e3o de tarefas<\/p>\n<p>c.13. Guia de seguimento mensal de eventos educativos.<\/p>\n<p>c.14. Organiza\u00e7\u00e3o biblioteca<\/p>\n<p>&nbsp;<\/p>\n<p>D- Listas e mais listas<\/p>\n<p>d.1. Lista de material educativo de apoio. (2 modelos: com e sem disciplinas\u00a0 )<\/p>\n<p>d.2. Lista de material escolar (\u00c9 necess\u00e1rio comprar algo?)<\/p>\n<p>d.3. Lista de livros para \u2026 (preparando os livros por disciplinas )<\/p>\n<p>&nbsp;<\/p>\n<p>E- Educaixas:<\/p>\n<p>e.1. Modelo di\u00e1rio (varios modelos de maneira a se poder aproveitar para: 12, 8, 6 ou 4 caixas).<\/p>\n<p>e.2. Modelo semanal.<\/p>\n<p>e.3. Modelo mensal<\/p>\n<p>&nbsp;<\/p>\n<p>E- ORGANIZANDO OS CONTATOS<\/p>\n<p>e.1. Agenda de contatos: amigos homeschoolers<\/p>\n<p>e.2. Grupos de apoio: descri\u00e7\u00e3o e contato<\/p>\n<p>&nbsp;<\/p>\n<p>F- Documentos para o estudante:<\/p>\n<p>f.1. O meu dia de hoje<\/p>\n<p>f.2. Informa\u00e7\u00e3o de viagem ou evento educativo<\/p>\n<p>f.3. Informa\u00e7\u00e3o de leitura<\/p>\n<p>&nbsp;<\/p>\n<p>G- Documentos de registo<\/p>\n<p>1. Plano de estudos, descri\u00e7\u00e3o do programa<\/p>\n<p>2. Informa\u00e7\u00e3o de avalia\u00e7\u00e3o do processo de aprendizagem.<\/p>\n<p>3. Controle de leitura anual<\/p>\n<p>4. Registo audiovisual anual<\/p>\n<p>5. Registo de presen\u00e7as. Dias letivos<\/p>\n<p>6. Registo de eventos ou viagens educativas.<\/p>\n<p style=\"text-align: right;\">Em total, mais de 100 p\u00e1ginas para se organizar.<\/p>\n<p>&nbsp;<\/p>\n<p>\u273f IMPORTANTE \u273f<\/p>\n<p>1.Este \u00e9 um produto digital, N\u00c3O SER\u00c1 ENVIADO NENHUM PRODUTO F\u00cdSICO. Uma vez efetuada a compra, SER\u00c1 DADO UM LINK PARA FAZER O DOWNLOAD DO ARQUIVO.<\/p>\n<p>2. As cores podem variar ligeiramente da tela do computador para a impress\u00e3o.<\/p>\n<p>3. Por favor, n\u00e3o distribua o arquivo. Se algu\u00e9m pedir os arquivos, envie para a p\u00e1gina.<\/p>\n<p>&nbsp;<\/p>\n<p>\u2665 Obrigada! \u2665<\/p>\n<p>Este trabalho permite que eu contribua com a renda da minha fam\u00edlia\u00a0e assim fa\u00e7o o que eu gosto e estou mais tempo com eles.<\/p>\n","protected":false},"excerpt":{"rendered":"<p>Com esta agenda vamos tentar manter a organiza\u00e7\u00e3o do nosso ensino dom\u00e9stico em dia, utilizando os diferentes modelos para fazer um seguimento dos contidos e actividades escolares. Estes modelos organizativos est\u00e3o feitos com um formato atrativo e f\u00e1cil de usar, seja qual for o teu estilo de educa\u00e7\u00e3o e de organiza\u00e7\u00e3o, e combinados entre si [&hellip;]<\/p>\n","protected":false},"featured_media":929,"comment_status":"open","ping_status":"closed","template":"","meta":{"site-sidebar-layout":"default","site-content-layout":"default","ast-site-content-layout":"","site-content-style":"default","site-sidebar-style":"default","ast-global-header-display":"","ast-banner-title-visibility":"","ast-main-header-display":"","ast-hfb-above-header-display":"","ast-hfb-below-header-display":"","ast-hfb-mobile-header-display":"","site-post-title":"","ast-breadcrumbs-content":"","ast-featured-img":"","footer-sml-layout":"","theme-transparent-header-meta":"default","adv-header-id-meta":"","stick-header-meta":"","header-above-stick-meta":"","header-main-stick-meta":"","header-below-stick-meta":"","astra-migrate-meta-layouts":"default","ast-page-background-enabled":"default","ast-page-background-meta":{"desktop":{"background-color":"var(--ast-global-color-4)","background-image":"","background-repeat":"repeat","background-position":"center center","background-size":"auto","background-attachment":"scroll","background-type":"","background-media":"","overlay-type":"","overlay-color":"","overlay-gradient":""},"tablet":{"background-color":"","background-image":"","background-repeat":"repeat","background-position":"center center","background-size":"auto","background-attachment":"scroll","background-type":"","background-media":"","overlay-type":"","overlay-color":"","overlay-gradient":""},"mobile":{"background-color":"","background-image":"","background-repeat":"repeat","background-position":"center center","background-size":"auto","background-attachment":"scroll","background-type":"","background-media":"","overlay-type":"","overlay-color":"","overlay-gradient":""}},"ast-content-background-meta":{"desktop":{"background-color":"var(--ast-global-color-5)","background-image":"","background-repeat":"repeat","background-position":"center center","background-size":"auto","background-attachment":"scroll","background-type":"","background-media":"","overlay-type":"","overlay-color":"","overlay-gradient":""},"tablet":{"background-color":"var(--ast-global-color-5)","background-image":"","background-repeat":"repeat","background-position":"center center","background-size":"auto","background-attachment":"scroll","background-type":"","background-media":"","overlay-type":"","overlay-color":"","overlay-gradient":""},"mobile":{"background-color":"var(--ast-global-color-5)","background-image":"","background-repeat":"repeat","background-position":"center center","background-size":"auto","background-attachment":"scroll","background-type":"","background-media":"","overlay-type":"","overlay-color":"","overlay-gradient":""}}},"product_cat":[15,36,40,24],"product_tag":[],"class_list":{"0":"post-930","1":"product","2":"type-product","3":"status-publish","4":"has-post-thumbnail","6":"product_cat-sin-categorizar","7":"product_cat-agenda","8":"product_cat-organizacion","9":"product_cat-portugues","10":"desktop-align-left","11":"tablet-align-left","12":"mobile-align-left","14":"first","15":"instock","16":"downloadable","17":"virtual","18":"taxable","19":"purchasable","20":"product-type-simple"},"yoast_head":"<!-- This site is optimized with the Yoast SEO plugin v22.4 - https:\/\/yoast.com\/wordpress\/plugins\/seo\/ -->\n<title>AGENDA PARA ORGANIZAR O HOMESCHOOL - PORTUGU\u00caS - Educativos<\/title>\n<meta name=\"robots\" content=\"index, follow, max-snippet:-1, max-image-preview:large, max-video-preview:-1\" \/>\n<link rel=\"canonical\" href=\"https:\/\/educativosmeninheira.com\/imprimibles\/producto\/agenda-organizar-homeschool-pt\/\" \/>\n<meta property=\"og:locale\" content=\"es_ES\" \/>\n<meta property=\"og:type\" content=\"article\" \/>\n<meta property=\"og:title\" content=\"AGENDA PARA ORGANIZAR O HOMESCHOOL - PORTUGU\u00caS - Educativos\" \/>\n<meta property=\"og:description\" content=\"Com esta agenda vamos tentar manter a organiza\u00e7\u00e3o do nosso ensino dom\u00e9stico em dia, utilizando os diferentes modelos para fazer um seguimento dos contidos e actividades escolares. Estes modelos organizativos est\u00e3o feitos com um formato atrativo e f\u00e1cil de usar, seja qual for o teu estilo de educa\u00e7\u00e3o e de organiza\u00e7\u00e3o, e combinados entre si [&hellip;]\" \/>\n<meta property=\"og:url\" content=\"https:\/\/educativosmeninheira.com\/imprimibles\/producto\/agenda-organizar-homeschool-pt\/\" \/>\n<meta property=\"og:site_name\" content=\"Educativos\" \/>\n<meta property=\"article:modified_time\" content=\"2021-06-30T18:31:30+00:00\" \/>\n<meta property=\"og:image\" content=\"https:\/\/educativosmeninheira.com\/imprimibles\/wp-content\/uploads\/2021\/06\/AGENDA-HOMESCHOOLER-portugues-0.jpg\" \/>\n\t<meta property=\"og:image:width\" content=\"1080\" \/>\n\t<meta property=\"og:image:height\" content=\"1080\" \/>\n\t<meta property=\"og:image:type\" content=\"image\/jpeg\" \/>\n<meta name=\"twitter:card\" content=\"summary_large_image\" \/>\n<meta name=\"twitter:label1\" content=\"Tiempo de lectura\" \/>\n\t<meta name=\"twitter:data1\" content=\"3 minutos\" \/>\n<script type=\"application\/ld+json\" class=\"yoast-schema-graph\">{\"@context\":\"https:\/\/schema.org\",\"@graph\":[{\"@type\":\"WebPage\",\"@id\":\"https:\/\/educativosmeninheira.com\/imprimibles\/producto\/agenda-organizar-homeschool-pt\/\",\"url\":\"https:\/\/educativosmeninheira.com\/imprimibles\/producto\/agenda-organizar-homeschool-pt\/\",\"name\":\"AGENDA PARA ORGANIZAR O HOMESCHOOL - PORTUGU\u00caS - Educativos\",\"isPartOf\":{\"@id\":\"https:\/\/educativosmeninheira.com\/imprimibles\/#website\"},\"primaryImageOfPage\":{\"@id\":\"https:\/\/educativosmeninheira.com\/imprimibles\/producto\/agenda-organizar-homeschool-pt\/#primaryimage\"},\"image\":{\"@id\":\"https:\/\/educativosmeninheira.com\/imprimibles\/producto\/agenda-organizar-homeschool-pt\/#primaryimage\"},\"thumbnailUrl\":\"https:\/\/educativosmeninheira.com\/imprimibles\/wp-content\/uploads\/2021\/06\/AGENDA-HOMESCHOOLER-portugues-0.jpg\",\"datePublished\":\"2021-06-30T18:31:29+00:00\",\"dateModified\":\"2021-06-30T18:31:30+00:00\",\"breadcrumb\":{\"@id\":\"https:\/\/educativosmeninheira.com\/imprimibles\/producto\/agenda-organizar-homeschool-pt\/#breadcrumb\"},\"inLanguage\":\"es\",\"potentialAction\":[{\"@type\":\"ReadAction\",\"target\":[\"https:\/\/educativosmeninheira.com\/imprimibles\/producto\/agenda-organizar-homeschool-pt\/\"]}]},{\"@type\":\"ImageObject\",\"inLanguage\":\"es\",\"@id\":\"https:\/\/educativosmeninheira.com\/imprimibles\/producto\/agenda-organizar-homeschool-pt\/#primaryimage\",\"url\":\"https:\/\/educativosmeninheira.com\/imprimibles\/wp-content\/uploads\/2021\/06\/AGENDA-HOMESCHOOLER-portugues-0.jpg\",\"contentUrl\":\"https:\/\/educativosmeninheira.com\/imprimibles\/wp-content\/uploads\/2021\/06\/AGENDA-HOMESCHOOLER-portugues-0.jpg\",\"width\":1080,\"height\":1080},{\"@type\":\"BreadcrumbList\",\"@id\":\"https:\/\/educativosmeninheira.com\/imprimibles\/producto\/agenda-organizar-homeschool-pt\/#breadcrumb\",\"itemListElement\":[{\"@type\":\"ListItem\",\"position\":1,\"name\":\"Home\",\"item\":\"https:\/\/educativosmeninheira.com\/imprimibles\/\"},{\"@type\":\"ListItem\",\"position\":2,\"name\":\"Tienda\",\"item\":\"https:\/\/educativosmeninheira.com\/imprimibles\/tienda\/\"},{\"@type\":\"ListItem\",\"position\":3,\"name\":\"AGENDA PARA ORGANIZAR O HOMESCHOOL &#8211; PORTUGU\u00caS &#8211;\"}]},{\"@type\":\"WebSite\",\"@id\":\"https:\/\/educativosmeninheira.com\/imprimibles\/#website\",\"url\":\"https:\/\/educativosmeninheira.com\/imprimibles\/\",\"name\":\"Educativos\",\"description\":\"\",\"publisher\":{\"@id\":\"https:\/\/educativosmeninheira.com\/imprimibles\/#organization\"},\"potentialAction\":[{\"@type\":\"SearchAction\",\"target\":{\"@type\":\"EntryPoint\",\"urlTemplate\":\"https:\/\/educativosmeninheira.com\/imprimibles\/?s={search_term_string}\"},\"query-input\":\"required name=search_term_string\"}],\"inLanguage\":\"es\"},{\"@type\":\"Organization\",\"@id\":\"https:\/\/educativosmeninheira.com\/imprimibles\/#organization\",\"name\":\"Educativos\",\"url\":\"https:\/\/educativosmeninheira.com\/imprimibles\/\",\"logo\":{\"@type\":\"ImageObject\",\"inLanguage\":\"es\",\"@id\":\"https:\/\/educativosmeninheira.com\/imprimibles\/#\/schema\/logo\/image\/\",\"url\":\"https:\/\/educativosmeninheira.com\/imprimibles\/wp-content\/uploads\/2024\/03\/LOGO-Educativos-meninheira.png\",\"contentUrl\":\"https:\/\/educativosmeninheira.com\/imprimibles\/wp-content\/uploads\/2024\/03\/LOGO-Educativos-meninheira.png\",\"width\":2194,\"height\":2145,\"caption\":\"Educativos\"},\"image\":{\"@id\":\"https:\/\/educativosmeninheira.com\/imprimibles\/#\/schema\/logo\/image\/\"}}]}<\/script>\n<!-- \/ Yoast SEO plugin. -->","yoast_head_json":{"title":"AGENDA PARA ORGANIZAR O HOMESCHOOL - PORTUGU\u00caS - Educativos","robots":{"index":"index","follow":"follow","max-snippet":"max-snippet:-1","max-image-preview":"max-image-preview:large","max-video-preview":"max-video-preview:-1"},"canonical":"https:\/\/educativosmeninheira.com\/imprimibles\/producto\/agenda-organizar-homeschool-pt\/","og_locale":"es_ES","og_type":"article","og_title":"AGENDA PARA ORGANIZAR O HOMESCHOOL - PORTUGU\u00caS - Educativos","og_description":"Com esta agenda vamos tentar manter a organiza\u00e7\u00e3o do nosso ensino dom\u00e9stico em dia, utilizando os diferentes modelos para fazer um seguimento dos contidos e actividades escolares. Estes modelos organizativos est\u00e3o feitos com um formato atrativo e f\u00e1cil de usar, seja qual for o teu estilo de educa\u00e7\u00e3o e de organiza\u00e7\u00e3o, e combinados entre si [&hellip;]","og_url":"https:\/\/educativosmeninheira.com\/imprimibles\/producto\/agenda-organizar-homeschool-pt\/","og_site_name":"Educativos","article_modified_time":"2021-06-30T18:31:30+00:00","og_image":[{"width":1080,"height":1080,"url":"https:\/\/educativosmeninheira.com\/imprimibles\/wp-content\/uploads\/2021\/06\/AGENDA-HOMESCHOOLER-portugues-0.jpg","type":"image\/jpeg"}],"twitter_card":"summary_large_image","twitter_misc":{"Tiempo de lectura":"3 minutos"},"schema":{"@context":"https:\/\/schema.org","@graph":[{"@type":"WebPage","@id":"https:\/\/educativosmeninheira.com\/imprimibles\/producto\/agenda-organizar-homeschool-pt\/","url":"https:\/\/educativosmeninheira.com\/imprimibles\/producto\/agenda-organizar-homeschool-pt\/","name":"AGENDA PARA ORGANIZAR O HOMESCHOOL - PORTUGU\u00caS - Educativos","isPartOf":{"@id":"https:\/\/educativosmeninheira.com\/imprimibles\/#website"},"primaryImageOfPage":{"@id":"https:\/\/educativosmeninheira.com\/imprimibles\/producto\/agenda-organizar-homeschool-pt\/#primaryimage"},"image":{"@id":"https:\/\/educativosmeninheira.com\/imprimibles\/producto\/agenda-organizar-homeschool-pt\/#primaryimage"},"thumbnailUrl":"https:\/\/educativosmeninheira.com\/imprimibles\/wp-content\/uploads\/2021\/06\/AGENDA-HOMESCHOOLER-portugues-0.jpg","datePublished":"2021-06-30T18:31:29+00:00","dateModified":"2021-06-30T18:31:30+00:00","breadcrumb":{"@id":"https:\/\/educativosmeninheira.com\/imprimibles\/producto\/agenda-organizar-homeschool-pt\/#breadcrumb"},"inLanguage":"es","potentialAction":[{"@type":"ReadAction","target":["https:\/\/educativosmeninheira.com\/imprimibles\/producto\/agenda-organizar-homeschool-pt\/"]}]},{"@type":"ImageObject","inLanguage":"es","@id":"https:\/\/educativosmeninheira.com\/imprimibles\/producto\/agenda-organizar-homeschool-pt\/#primaryimage","url":"https:\/\/educativosmeninheira.com\/imprimibles\/wp-content\/uploads\/2021\/06\/AGENDA-HOMESCHOOLER-portugues-0.jpg","contentUrl":"https:\/\/educativosmeninheira.com\/imprimibles\/wp-content\/uploads\/2021\/06\/AGENDA-HOMESCHOOLER-portugues-0.jpg","width":1080,"height":1080},{"@type":"BreadcrumbList","@id":"https:\/\/educativosmeninheira.com\/imprimibles\/producto\/agenda-organizar-homeschool-pt\/#breadcrumb","itemListElement":[{"@type":"ListItem","position":1,"name":"Home","item":"https:\/\/educativosmeninheira.com\/imprimibles\/"},{"@type":"ListItem","position":2,"name":"Tienda","item":"https:\/\/educativosmeninheira.com\/imprimibles\/tienda\/"},{"@type":"ListItem","position":3,"name":"AGENDA PARA ORGANIZAR O HOMESCHOOL &#8211; PORTUGU\u00caS &#8211;"}]},{"@type":"WebSite","@id":"https:\/\/educativosmeninheira.com\/imprimibles\/#website","url":"https:\/\/educativosmeninheira.com\/imprimibles\/","name":"Educativos","description":"","publisher":{"@id":"https:\/\/educativosmeninheira.com\/imprimibles\/#organization"},"potentialAction":[{"@type":"SearchAction","target":{"@type":"EntryPoint","urlTemplate":"https:\/\/educativosmeninheira.com\/imprimibles\/?s={search_term_string}"},"query-input":"required name=search_term_string"}],"inLanguage":"es"},{"@type":"Organization","@id":"https:\/\/educativosmeninheira.com\/imprimibles\/#organization","name":"Educativos","url":"https:\/\/educativosmeninheira.com\/imprimibles\/","logo":{"@type":"ImageObject","inLanguage":"es","@id":"https:\/\/educativosmeninheira.com\/imprimibles\/#\/schema\/logo\/image\/","url":"https:\/\/educativosmeninheira.com\/imprimibles\/wp-content\/uploads\/2024\/03\/LOGO-Educativos-meninheira.png","contentUrl":"https:\/\/educativosmeninheira.com\/imprimibles\/wp-content\/uploads\/2024\/03\/LOGO-Educativos-meninheira.png","width":2194,"height":2145,"caption":"Educativos"},"image":{"@id":"https:\/\/educativosmeninheira.com\/imprimibles\/#\/schema\/logo\/image\/"}}]}},"_links":{"self":[{"href":"https:\/\/educativosmeninheira.com\/imprimibles\/wp-json\/wp\/v2\/product\/930","targetHints":{"allow":["GET"]}}],"collection":[{"href":"https:\/\/educativosmeninheira.com\/imprimibles\/wp-json\/wp\/v2\/product"}],"about":[{"href":"https:\/\/educativosmeninheira.com\/imprimibles\/wp-json\/wp\/v2\/types\/product"}],"replies":[{"embeddable":true,"href":"https:\/\/educativosmeninheira.com\/imprimibles\/wp-json\/wp\/v2\/comments?post=930"}],"wp:featuredmedia":[{"embeddable":true,"href":"https:\/\/educativosmeninheira.com\/imprimibles\/wp-json\/wp\/v2\/media\/929"}],"wp:attachment":[{"href":"https:\/\/educativosmeninheira.com\/imprimibles\/wp-json\/wp\/v2\/media?parent=930"}],"wp:term":[{"taxonomy":"product_cat","embeddable":true,"href":"https:\/\/educativosmeninheira.com\/imprimibles\/wp-json\/wp\/v2\/product_cat?post=930"},{"taxonomy":"product_tag","embeddable":true,"href":"https:\/\/educativosmeninheira.com\/imprimibles\/wp-json\/wp\/v2\/product_tag?post=930"}],"curies":[{"name":"wp","href":"https:\/\/api.w.org\/{rel}","templated":true}]}}