{"id":954,"date":"2021-06-30T19:53:50","date_gmt":"2021-06-30T19:53:50","guid":{"rendered":"https:\/\/educativosmeninheira.com\/imprimibles\/?post_type=product&#038;p=954"},"modified":"2021-06-30T19:58:41","modified_gmt":"2021-06-30T19:58:41","slug":"agenda-organizacao-domestica","status":"publish","type":"product","link":"https:\/\/educativosmeninheira.com\/imprimibles\/producto\/agenda-organizacao-domestica\/","title":{"rendered":"Agenda de organiza\u00e7\u00e3o dom\u00e9stica &#8211; PORTUGU\u00caS &#8211;"},"content":{"rendered":"<p style=\"text-align: center;\"><strong>Com esta agenda vamos tentar manter a organiza\u00e7\u00e3o dom\u00e9stica em dia, utilizando os diferentes modelos para fazer um seguimento das tarefas dom\u00e9sticas. Estes modelos organizativos est\u00e3o feitos com um formato atrativo e f\u00e1cil de usar, seja qual for o teu estilo de limpeza e de organiza\u00e7\u00e3o, e combinados entre si proporcionam uma estupenda ferramenta para gerir a casa, mantendo tamb\u00e9m toda a informa\u00e7\u00e3o valiosa centralizada em um s\u00f3 lugar.<\/strong><\/p>\n<p style=\"text-align: center;\">O documento est\u00e1 desenhado para ser usado quantas vezes se desejar, ano ap\u00f3s ano, sem prazo de validade.<\/p>\n<p style=\"text-align: center;\">Est\u00e3o preparados para imprimir em formato A4<\/p>\n<p style=\"text-align: left;\">\u2665 \u2665 \u2665 \u2665 \u2665 \u2665 \u2665 \u2665 \u2665 \u2665 \u2665 \u2665 \u2665 \u2665 \u2665 \u2665 \u2665 \u2665 \u2665 \u2665 \u2665 \u2665 \u2665 \u2665 \u2665 \u2665 \u2665 \u2665<br \/>\n\u00cdNDICE DE CONTE\u00daDOS DO ARQUIVO:<br \/>\n\u2665 \u2665 \u2665 \u2665 \u2665 \u2665 \u2665 \u2665 \u2665 \u2665 \u2665 \u2665 \u2665 \u2665 \u2665 \u2665 \u2665 \u2665 \u2665 \u2665 \u2665 \u2665 \u2665 \u2665 \u2665 \u2665 \u2665 \u2665<\/p>\n<p>1. Capa da agenda de organiza\u00e7\u00e3o dom\u00e9stica:<br \/>\nPara imprimir a cores e fazer uma boa encaderna\u00e7\u00e3o.<\/p>\n<p>2. Contracapa da agenda de organiza\u00e7\u00e3o dom\u00e9stica :<br \/>\nCom espa\u00e7o para colocar o ano em curso, um quadro para colocar os nossos contatos para o caso de se extraviar e outro quadro para os contatos telef\u00f3nicos de emerg\u00eancia.<\/p>\n<p>3. A- CALEND\u00c1RIOS:<br \/>\na.1. Calend\u00e1rio perp\u00e9tuo : dois modelos diferentes (a cor)<br \/>\na.2. Calend\u00e1rio m\u00eas a m\u00eas: a cor<br \/>\na.3. Modelo m\u00eas a m\u00eas para anotar os aniver\u00e1rios e outros dias importantes para a fam\u00edlia: a cor<br \/>\na.4. Modelo m\u00eas a m\u00eas vazio<\/p>\n<p>3. B- Modelos para organiza\u00e7\u00e3o:<\/p>\n<p>NA COZINHA:<br \/>\nb.1. Menu semanal<br \/>\nb.2. Rotinas semanais na cozinha: limpeza e despensa<br \/>\nb.3. Invent\u00e1rio despensa (duas vers\u00f5es: uma vazia e outra com produtos)<br \/>\nb.4. Invent\u00e1rio congelador<br \/>\nb.5. Ideias para almo\u00e7o: modelos para o ver\u00e3o e para o inverno<br \/>\nb.6. Ideias para lanches: modelos para o ver\u00e3o e para o inverno<br \/>\nb.7. Ideias para jantares: modelos para o ver\u00e3o e para o inverno<br \/>\nb.8. Dorsal do modelo de \u201cIdeias para&#8230;\u201d<br \/>\nb.9. Calend\u00e1rio temporada: o que comer em cada esta\u00e7\u00e3o. Modelo para cada esta\u00e7\u00e3o. Fonte: Gu\u00eda Miguel\u00edn (http:\/\/www.guiamiguelin.com\/util\/temporada.html).<br \/>\nb.10. Mercados e fontes locais de alimentos da \u00e9poca.<br \/>\nb.11. Modelo para organizar a prepara\u00e7\u00e3o de uma festa em casa (frente e verso).<br \/>\nb.12. Modelos para receitas(frente e verso).<\/p>\n<p>PARA TODA A CASA:<br \/>\nc.1. Modelo de rotinas di\u00e1rias com cinco espa\u00e7os, vazia.<br \/>\nUma para a manh\u00e3, outra para a tarde e outra para a noite.<br \/>\nc.2. Modelo de rotinas di\u00e1rias: a manh\u00e3: despertar, cozinha, tempo para ti.<br \/>\nc.3. Modelo de rotinas di\u00e1rias: a tarde: casa, fam\u00edlia e cozinha.<br \/>\nc.4. Modelo de rotinas di\u00e1rias: a noite: limpeza geral, preparar o dia seguinte e tempo para ti.<br \/>\nc.5. Modelo de resolu\u00e7\u00f5es pessoais.<br \/>\nc.6. Metas familiares de ano novo.<br \/>\nc.7. Projetos pessoais, em sonho ou em marcha.<br \/>\nc.8. Notas para a ama.<br \/>\nc.9. Anota\u00e7\u00f5es para a mascote.<br \/>\nc.10. Atribui\u00e7\u00e3o de tarefas.<\/p>\n<p>LISTAS E M\u00c1IS LISTAS:<br \/>\nd.1. Lista de compras. Duas vers\u00f5es, cor e preto e branco.<br \/>\nd.2. Lista de coisas para fazer\u2026 algum dia.<br \/>\nd.3. Lista de desejos, coisas que quero ter\u2026 algum dia.<br \/>\nd.4. Lista de desejos das crian\u00e7as.<br \/>\nd.5. Lista de ideias para presentes.<br \/>\nd.6. Planeando o fim de semana, ideias para nos divertirmos.<br \/>\nd.7. Lista de livros que quero ler.<br \/>\nd.8. Tabela de comprova\u00e7\u00e3o, tarefas de limpeza.<br \/>\nd.9. Tabela de comprova\u00e7\u00e3o, tarefas di\u00e1rias.<br \/>\nd.10. Tabela de comprova\u00e7\u00e3o, vamos viajar. Vers\u00e3o vazia.<br \/>\nd.11. Tabela de comprova\u00e7\u00e3o, vamos viajar. Vers\u00e3o com propostas.<br \/>\nd.12. Tabela de comprova\u00e7\u00e3o, vamos acampar. Vers\u00e3o vazia.<br \/>\nd.13. Tabela de comprova\u00e7\u00e3o, vamos acampar. Vers\u00e3o com propostas.<br \/>\nd.14. Lista de \u201cpalavras passe\u201d da internet.<\/p>\n<p>CONTATOS:<br \/>\ne.1. Contatos importantes para esta fam\u00edlia (tr\u00eas modelos).<br \/>\ne.2. Tamanhos e medidas desta fam\u00edlia.<br \/>\ne.3. Historial m\u00e9dico-familiar (oito modelos).<br \/>\ne.4. Agenda de telefones (frente e verso).<\/p>\n<p>V\u00c1RIOS:<br \/>\nf.1. Manuten\u00e7\u00e3o do carro.<br \/>\nf.2. Manuten\u00e7\u00e3o da casa.<\/p>\n<p>g.1. Papel para cartas a condizer com a agenda em quatro cores apropriadas para cada esta\u00e7\u00e3o.<br \/>\ng.2. Cart\u00f5es de enfeite, para utilizar em presentes, para colocar em madalenas, \u2026<\/p>\n<p>Em total, mais de 100 p\u00e1ginas para se organizar.<\/p>\n<p>&#8230;&#8230;&#8230;&#8230;&#8230;&#8230;&#8230;&#8230;&#8230;&#8230;&#8230;&#8230;&#8230;&#8230;&#8230;&#8230;&#8230;&#8230;&#8230;&#8230;&#8230;&#8230;&#8230;&#8230;&#8230;&#8230;&#8230;&#8230;&#8230;&#8230;&#8230;&#8230;&#8230;&#8230;&#8230;&#8230;<\/p>\n<p>\u273f IMPORTANTE \u273f<br \/>\n1.Este \u00e9 um produto digital, N\u00c3O SER\u00c1 ENVIADO NENHUM PRODUTO F\u00cdSICO. Uma vez efetuada a compra, SER\u00c1 DADO UM LINK PARA FAZER O DOWNLOAD DO ARQUIVO.<br \/>\n2. As cores podem variar ligeiramente da tela do computador para a impress\u00e3o.<br \/>\n3. Por favor, n\u00e3o distribua o arquivo. Se algu\u00e9m pedir os arquivos, envie para a p\u00e1gina.<\/p>\n<p>\u2665 Obrigada! \u2665<br \/>\nEste trabalho permite que eu contribua com a renda da minha fam\u00edlia<br \/>\ne assim fa\u00e7o o que eu gosto e estou mais tempo com eles.<\/p>\n","protected":false},"excerpt":{"rendered":"<p>Com esta agenda vamos tentar manter a organiza\u00e7\u00e3o dom\u00e9stica em dia, utilizando os diferentes modelos para fazer um seguimento das tarefas dom\u00e9sticas. Estes modelos organizativos est\u00e3o feitos com um formato atrativo e f\u00e1cil de usar, seja qual for o teu estilo de limpeza e de organiza\u00e7\u00e3o, e combinados entre si proporcionam uma estupenda ferramenta para [&hellip;]<\/p>\n","protected":false},"featured_media":958,"comment_status":"open","ping_status":"closed","template":"","meta":{"site-sidebar-layout":"default","site-content-layout":"default","ast-site-content-layout":"","site-content-style":"default","site-sidebar-style":"default","ast-global-header-display":"","ast-banner-title-visibility":"","ast-main-header-display":"","ast-hfb-above-header-display":"","ast-hfb-below-header-display":"","ast-hfb-mobile-header-display":"","site-post-title":"","ast-breadcrumbs-content":"","ast-featured-img":"","footer-sml-layout":"","theme-transparent-header-meta":"default","adv-header-id-meta":"","stick-header-meta":"","header-above-stick-meta":"","header-main-stick-meta":"","header-below-stick-meta":"","astra-migrate-meta-layouts":"default","ast-page-background-enabled":"default","ast-page-background-meta":{"desktop":{"background-color":"var(--ast-global-color-4)","background-image":"","background-repeat":"repeat","background-position":"center center","background-size":"auto","background-attachment":"scroll","background-type":"","background-media":"","overlay-type":"","overlay-color":"","overlay-gradient":""},"tablet":{"background-color":"","background-image":"","background-repeat":"repeat","background-position":"center center","background-size":"auto","background-attachment":"scroll","background-type":"","background-media":"","overlay-type":"","overlay-color":"","overlay-gradient":""},"mobile":{"background-color":"","background-image":"","background-repeat":"repeat","background-position":"center center","background-size":"auto","background-attachment":"scroll","background-type":"","background-media":"","overlay-type":"","overlay-color":"","overlay-gradient":""}},"ast-content-background-meta":{"desktop":{"background-color":"var(--ast-global-color-5)","background-image":"","background-repeat":"repeat","background-position":"center center","background-size":"auto","background-attachment":"scroll","background-type":"","background-media":"","overlay-type":"","overlay-color":"","overlay-gradient":""},"tablet":{"background-color":"var(--ast-global-color-5)","background-image":"","background-repeat":"repeat","background-position":"center center","background-size":"auto","background-attachment":"scroll","background-type":"","background-media":"","overlay-type":"","overlay-color":"","overlay-gradient":""},"mobile":{"background-color":"var(--ast-global-color-5)","background-image":"","background-repeat":"repeat","background-position":"center center","background-size":"auto","background-attachment":"scroll","background-type":"","background-media":"","overlay-type":"","overlay-color":"","overlay-gradient":""}}},"product_cat":[15,36,40,24],"product_tag":[],"class_list":{"0":"post-954","1":"product","2":"type-product","3":"status-publish","4":"has-post-thumbnail","6":"product_cat-sin-categorizar","7":"product_cat-agenda","8":"product_cat-organizacion","9":"product_cat-portugues","10":"desktop-align-left","11":"tablet-align-left","12":"mobile-align-left","14":"first","15":"instock","16":"downloadable","17":"virtual","18":"taxable","19":"purchasable","20":"product-type-simple"},"yoast_head":"<!-- This site is optimized with the Yoast SEO plugin v22.4 - https:\/\/yoast.com\/wordpress\/plugins\/seo\/ -->\n<title>Agenda de organiza\u00e7\u00e3o dom\u00e9stica - PORTUGU\u00caS - Educativos<\/title>\n<meta name=\"robots\" content=\"index, follow, max-snippet:-1, max-image-preview:large, max-video-preview:-1\" \/>\n<link rel=\"canonical\" href=\"https:\/\/educativosmeninheira.com\/imprimibles\/producto\/agenda-organizacao-domestica\/\" \/>\n<meta property=\"og:locale\" content=\"es_ES\" \/>\n<meta property=\"og:type\" content=\"article\" \/>\n<meta property=\"og:title\" content=\"Agenda de organiza\u00e7\u00e3o dom\u00e9stica - PORTUGU\u00caS - Educativos\" \/>\n<meta property=\"og:description\" content=\"Com esta agenda vamos tentar manter a organiza\u00e7\u00e3o dom\u00e9stica em dia, utilizando os diferentes modelos para fazer um seguimento das tarefas dom\u00e9sticas. Estes modelos organizativos est\u00e3o feitos com um formato atrativo e f\u00e1cil de usar, seja qual for o teu estilo de limpeza e de organiza\u00e7\u00e3o, e combinados entre si proporcionam uma estupenda ferramenta para [&hellip;]\" \/>\n<meta property=\"og:url\" content=\"https:\/\/educativosmeninheira.com\/imprimibles\/producto\/agenda-organizacao-domestica\/\" \/>\n<meta property=\"og:site_name\" content=\"Educativos\" \/>\n<meta property=\"article:modified_time\" content=\"2021-06-30T19:58:41+00:00\" \/>\n<meta property=\"og:image\" content=\"https:\/\/educativosmeninheira.com\/imprimibles\/wp-content\/uploads\/2021\/06\/AGENDA-ORGANIZACION-HOGAR-PORTUGUES-0.jpg\" \/>\n\t<meta property=\"og:image:width\" content=\"1080\" \/>\n\t<meta property=\"og:image:height\" content=\"1080\" \/>\n\t<meta property=\"og:image:type\" content=\"image\/jpeg\" \/>\n<meta name=\"twitter:card\" content=\"summary_large_image\" \/>\n<meta name=\"twitter:label1\" content=\"Tiempo de lectura\" \/>\n\t<meta name=\"twitter:data1\" content=\"4 minutos\" \/>\n<script type=\"application\/ld+json\" class=\"yoast-schema-graph\">{\"@context\":\"https:\/\/schema.org\",\"@graph\":[{\"@type\":\"WebPage\",\"@id\":\"https:\/\/educativosmeninheira.com\/imprimibles\/producto\/agenda-organizacao-domestica\/\",\"url\":\"https:\/\/educativosmeninheira.com\/imprimibles\/producto\/agenda-organizacao-domestica\/\",\"name\":\"Agenda de organiza\u00e7\u00e3o dom\u00e9stica - PORTUGU\u00caS - Educativos\",\"isPartOf\":{\"@id\":\"https:\/\/educativosmeninheira.com\/imprimibles\/#website\"},\"primaryImageOfPage\":{\"@id\":\"https:\/\/educativosmeninheira.com\/imprimibles\/producto\/agenda-organizacao-domestica\/#primaryimage\"},\"image\":{\"@id\":\"https:\/\/educativosmeninheira.com\/imprimibles\/producto\/agenda-organizacao-domestica\/#primaryimage\"},\"thumbnailUrl\":\"https:\/\/educativosmeninheira.com\/imprimibles\/wp-content\/uploads\/2021\/06\/AGENDA-ORGANIZACION-HOGAR-PORTUGUES-0.jpg\",\"datePublished\":\"2021-06-30T19:53:50+00:00\",\"dateModified\":\"2021-06-30T19:58:41+00:00\",\"breadcrumb\":{\"@id\":\"https:\/\/educativosmeninheira.com\/imprimibles\/producto\/agenda-organizacao-domestica\/#breadcrumb\"},\"inLanguage\":\"es\",\"potentialAction\":[{\"@type\":\"ReadAction\",\"target\":[\"https:\/\/educativosmeninheira.com\/imprimibles\/producto\/agenda-organizacao-domestica\/\"]}]},{\"@type\":\"ImageObject\",\"inLanguage\":\"es\",\"@id\":\"https:\/\/educativosmeninheira.com\/imprimibles\/producto\/agenda-organizacao-domestica\/#primaryimage\",\"url\":\"https:\/\/educativosmeninheira.com\/imprimibles\/wp-content\/uploads\/2021\/06\/AGENDA-ORGANIZACION-HOGAR-PORTUGUES-0.jpg\",\"contentUrl\":\"https:\/\/educativosmeninheira.com\/imprimibles\/wp-content\/uploads\/2021\/06\/AGENDA-ORGANIZACION-HOGAR-PORTUGUES-0.jpg\",\"width\":1080,\"height\":1080},{\"@type\":\"BreadcrumbList\",\"@id\":\"https:\/\/educativosmeninheira.com\/imprimibles\/producto\/agenda-organizacao-domestica\/#breadcrumb\",\"itemListElement\":[{\"@type\":\"ListItem\",\"position\":1,\"name\":\"Home\",\"item\":\"https:\/\/educativosmeninheira.com\/imprimibles\/\"},{\"@type\":\"ListItem\",\"position\":2,\"name\":\"Tienda\",\"item\":\"https:\/\/educativosmeninheira.com\/imprimibles\/tienda\/\"},{\"@type\":\"ListItem\",\"position\":3,\"name\":\"Agenda de organiza\u00e7\u00e3o dom\u00e9stica &#8211; PORTUGU\u00caS &#8211;\"}]},{\"@type\":\"WebSite\",\"@id\":\"https:\/\/educativosmeninheira.com\/imprimibles\/#website\",\"url\":\"https:\/\/educativosmeninheira.com\/imprimibles\/\",\"name\":\"Educativos\",\"description\":\"\",\"publisher\":{\"@id\":\"https:\/\/educativosmeninheira.com\/imprimibles\/#organization\"},\"potentialAction\":[{\"@type\":\"SearchAction\",\"target\":{\"@type\":\"EntryPoint\",\"urlTemplate\":\"https:\/\/educativosmeninheira.com\/imprimibles\/?s={search_term_string}\"},\"query-input\":\"required name=search_term_string\"}],\"inLanguage\":\"es\"},{\"@type\":\"Organization\",\"@id\":\"https:\/\/educativosmeninheira.com\/imprimibles\/#organization\",\"name\":\"Educativos\",\"url\":\"https:\/\/educativosmeninheira.com\/imprimibles\/\",\"logo\":{\"@type\":\"ImageObject\",\"inLanguage\":\"es\",\"@id\":\"https:\/\/educativosmeninheira.com\/imprimibles\/#\/schema\/logo\/image\/\",\"url\":\"https:\/\/educativosmeninheira.com\/imprimibles\/wp-content\/uploads\/2024\/03\/LOGO-Educativos-meninheira.png\",\"contentUrl\":\"https:\/\/educativosmeninheira.com\/imprimibles\/wp-content\/uploads\/2024\/03\/LOGO-Educativos-meninheira.png\",\"width\":2194,\"height\":2145,\"caption\":\"Educativos\"},\"image\":{\"@id\":\"https:\/\/educativosmeninheira.com\/imprimibles\/#\/schema\/logo\/image\/\"}}]}<\/script>\n<!-- \/ Yoast SEO plugin. -->","yoast_head_json":{"title":"Agenda de organiza\u00e7\u00e3o dom\u00e9stica - PORTUGU\u00caS - Educativos","robots":{"index":"index","follow":"follow","max-snippet":"max-snippet:-1","max-image-preview":"max-image-preview:large","max-video-preview":"max-video-preview:-1"},"canonical":"https:\/\/educativosmeninheira.com\/imprimibles\/producto\/agenda-organizacao-domestica\/","og_locale":"es_ES","og_type":"article","og_title":"Agenda de organiza\u00e7\u00e3o dom\u00e9stica - PORTUGU\u00caS - Educativos","og_description":"Com esta agenda vamos tentar manter a organiza\u00e7\u00e3o dom\u00e9stica em dia, utilizando os diferentes modelos para fazer um seguimento das tarefas dom\u00e9sticas. Estes modelos organizativos est\u00e3o feitos com um formato atrativo e f\u00e1cil de usar, seja qual for o teu estilo de limpeza e de organiza\u00e7\u00e3o, e combinados entre si proporcionam uma estupenda ferramenta para [&hellip;]","og_url":"https:\/\/educativosmeninheira.com\/imprimibles\/producto\/agenda-organizacao-domestica\/","og_site_name":"Educativos","article_modified_time":"2021-06-30T19:58:41+00:00","og_image":[{"width":1080,"height":1080,"url":"https:\/\/educativosmeninheira.com\/imprimibles\/wp-content\/uploads\/2021\/06\/AGENDA-ORGANIZACION-HOGAR-PORTUGUES-0.jpg","type":"image\/jpeg"}],"twitter_card":"summary_large_image","twitter_misc":{"Tiempo de lectura":"4 minutos"},"schema":{"@context":"https:\/\/schema.org","@graph":[{"@type":"WebPage","@id":"https:\/\/educativosmeninheira.com\/imprimibles\/producto\/agenda-organizacao-domestica\/","url":"https:\/\/educativosmeninheira.com\/imprimibles\/producto\/agenda-organizacao-domestica\/","name":"Agenda de organiza\u00e7\u00e3o dom\u00e9stica - PORTUGU\u00caS - Educativos","isPartOf":{"@id":"https:\/\/educativosmeninheira.com\/imprimibles\/#website"},"primaryImageOfPage":{"@id":"https:\/\/educativosmeninheira.com\/imprimibles\/producto\/agenda-organizacao-domestica\/#primaryimage"},"image":{"@id":"https:\/\/educativosmeninheira.com\/imprimibles\/producto\/agenda-organizacao-domestica\/#primaryimage"},"thumbnailUrl":"https:\/\/educativosmeninheira.com\/imprimibles\/wp-content\/uploads\/2021\/06\/AGENDA-ORGANIZACION-HOGAR-PORTUGUES-0.jpg","datePublished":"2021-06-30T19:53:50+00:00","dateModified":"2021-06-30T19:58:41+00:00","breadcrumb":{"@id":"https:\/\/educativosmeninheira.com\/imprimibles\/producto\/agenda-organizacao-domestica\/#breadcrumb"},"inLanguage":"es","potentialAction":[{"@type":"ReadAction","target":["https:\/\/educativosmeninheira.com\/imprimibles\/producto\/agenda-organizacao-domestica\/"]}]},{"@type":"ImageObject","inLanguage":"es","@id":"https:\/\/educativosmeninheira.com\/imprimibles\/producto\/agenda-organizacao-domestica\/#primaryimage","url":"https:\/\/educativosmeninheira.com\/imprimibles\/wp-content\/uploads\/2021\/06\/AGENDA-ORGANIZACION-HOGAR-PORTUGUES-0.jpg","contentUrl":"https:\/\/educativosmeninheira.com\/imprimibles\/wp-content\/uploads\/2021\/06\/AGENDA-ORGANIZACION-HOGAR-PORTUGUES-0.jpg","width":1080,"height":1080},{"@type":"BreadcrumbList","@id":"https:\/\/educativosmeninheira.com\/imprimibles\/producto\/agenda-organizacao-domestica\/#breadcrumb","itemListElement":[{"@type":"ListItem","position":1,"name":"Home","item":"https:\/\/educativosmeninheira.com\/imprimibles\/"},{"@type":"ListItem","position":2,"name":"Tienda","item":"https:\/\/educativosmeninheira.com\/imprimibles\/tienda\/"},{"@type":"ListItem","position":3,"name":"Agenda de organiza\u00e7\u00e3o dom\u00e9stica &#8211; PORTUGU\u00caS &#8211;"}]},{"@type":"WebSite","@id":"https:\/\/educativosmeninheira.com\/imprimibles\/#website","url":"https:\/\/educativosmeninheira.com\/imprimibles\/","name":"Educativos","description":"","publisher":{"@id":"https:\/\/educativosmeninheira.com\/imprimibles\/#organization"},"potentialAction":[{"@type":"SearchAction","target":{"@type":"EntryPoint","urlTemplate":"https:\/\/educativosmeninheira.com\/imprimibles\/?s={search_term_string}"},"query-input":"required name=search_term_string"}],"inLanguage":"es"},{"@type":"Organization","@id":"https:\/\/educativosmeninheira.com\/imprimibles\/#organization","name":"Educativos","url":"https:\/\/educativosmeninheira.com\/imprimibles\/","logo":{"@type":"ImageObject","inLanguage":"es","@id":"https:\/\/educativosmeninheira.com\/imprimibles\/#\/schema\/logo\/image\/","url":"https:\/\/educativosmeninheira.com\/imprimibles\/wp-content\/uploads\/2024\/03\/LOGO-Educativos-meninheira.png","contentUrl":"https:\/\/educativosmeninheira.com\/imprimibles\/wp-content\/uploads\/2024\/03\/LOGO-Educativos-meninheira.png","width":2194,"height":2145,"caption":"Educativos"},"image":{"@id":"https:\/\/educativosmeninheira.com\/imprimibles\/#\/schema\/logo\/image\/"}}]}},"_links":{"self":[{"href":"https:\/\/educativosmeninheira.com\/imprimibles\/wp-json\/wp\/v2\/product\/954","targetHints":{"allow":["GET"]}}],"collection":[{"href":"https:\/\/educativosmeninheira.com\/imprimibles\/wp-json\/wp\/v2\/product"}],"about":[{"href":"https:\/\/educativosmeninheira.com\/imprimibles\/wp-json\/wp\/v2\/types\/product"}],"replies":[{"embeddable":true,"href":"https:\/\/educativosmeninheira.com\/imprimibles\/wp-json\/wp\/v2\/comments?post=954"}],"wp:featuredmedia":[{"embeddable":true,"href":"https:\/\/educativosmeninheira.com\/imprimibles\/wp-json\/wp\/v2\/media\/958"}],"wp:attachment":[{"href":"https:\/\/educativosmeninheira.com\/imprimibles\/wp-json\/wp\/v2\/media?parent=954"}],"wp:term":[{"taxonomy":"product_cat","embeddable":true,"href":"https:\/\/educativosmeninheira.com\/imprimibles\/wp-json\/wp\/v2\/product_cat?post=954"},{"taxonomy":"product_tag","embeddable":true,"href":"https:\/\/educativosmeninheira.com\/imprimibles\/wp-json\/wp\/v2\/product_tag?post=954"}],"curies":[{"name":"wp","href":"https:\/\/api.w.org\/{rel}","templated":true}]}}