{"id":963,"date":"2020-02-01T21:10:42","date_gmt":"2020-02-01T21:10:42","guid":{"rendered":"https:\/\/educativosmeninheira.com\/imprimibles\/?post_type=product&#038;p=963"},"modified":"2024-03-18T10:47:13","modified_gmt":"2024-03-18T10:47:13","slug":"unidad-didactica-geologia-catalan","status":"publish","type":"product","link":"https:\/\/educativosmeninheira.com\/imprimibles\/producto\/unidad-didactica-geologia-catalan\/","title":{"rendered":"UNIDAD DID\u00c1CTICA DE GEOLOG\u00cdA &#8211; CATAL\u00c1N &#8211;"},"content":{"rendered":"<p style=\"text-align: center;\"><strong>PDF educativo para estudiar la geolog\u00eda de manera m\u00e1s amena.<\/strong><br \/>\nEste imprimible est\u00e1 estructurado como una Unidad de estudios (Lesson Plan) para seguir a lo largo de 7 d\u00edas, aunque evidentemente luego cada uno podr\u00e1 adecuarlo al propio ritmo o intereses del ni\u00f1o.<\/p>\n<p style=\"text-align: right;\"><strong>&#8230;&#8230;&#8230;&#8230;&#8230;&#8230;&#8230;&#8230;&#8230;&#8230;&#8230;.. VERSI\u00d3N EN CATAL\u00c1N<\/strong><\/p>\n<p style=\"text-align: center;\">Al inicio de cada d\u00eda dispones de un \u00edndice en d\u00f3nde se estructura el plan de estudios para ese d\u00eda, en \u00e9l se incluyen las explicaciones te\u00f3ricas, unas propuestas de experimentos o actividades sobre el tema, las plantillas para elaborar el lapbook de lo que hemos visto, etc.<\/p>\n<p style=\"text-align: center;\"><strong>Para alumnos tanto de primaria como de secundaria<\/strong>,<br \/>\nt\u00fa ser\u00e1s quien adec\u00fae a su nivel de estudios o a su inter\u00e9s los conocimientos y actividades presentadas enel imprim\u00edble.<\/p>\n<p style=\"text-align: center;\">Podeis ver este v\u00eddeo sobre la UNIDAD DID\u00c1CTICA de geolog\u00eda<\/p>\n<p style=\"text-align: center;\"><iframe src=\"https:\/\/youtube.com\/embed\/AhVnta2m3rc\" width=\"480\" height=\"270\" frameborder=\"0\"><\/iframe><\/p>\n<p style=\"text-align: center;\">y tambi\u00e9n podeis ver este otro v\u00eddeo sobre el LAPBOOK de geolog\u00eda:<\/p>\n<p style=\"text-align: center;\"><iframe src=\"https:\/\/youtube.com\/embed\/Dnb7pMqzO3o\" width=\"480\" height=\"270\" frameborder=\"0\"><\/iframe><\/p>\n<p>&nbsp;<\/p>\n<p style=\"text-align: left;\">\u2665 \u2665 \u2665 \u2665 \u2665 \u2665 \u2665 \u2665 \u2665 \u2665 \u2665 \u2665 \u2665 \u2665 \u2665 \u2665 \u2665 \u2665 \u2665 \u2665 \u2665 \u2665 \u2665 \u2665 \u2665 \u2665 \u2665 \u2665<br \/>\n\u00cdNDICE DE CONTENIDOS DEL ARCHIVO:<br \/>\n\u2665 \u2665 \u2665 \u2665 \u2665 \u2665 \u2665 \u2665 \u2665 \u2665 \u2665 \u2665 \u2665 \u2665 \u2665 \u2665 \u2665 \u2665 \u2665 \u2665 \u2665 \u2665 \u2665 \u2665 \u2665 \u2665 \u2665 \u2665<\/p>\n<p>Un brev\u00edsimo resumen de lo que incluye el PDF de Geolog\u00eda:<\/p>\n<p>\u2665 Tarjetas estilo Montessori variadas<\/p>\n<p>\u2665 Imprimibles para elaborar un lapbook. Cada lecci\u00f3n se completa con tres plantillas para el lapbook, aunque al final del imprimible se adjuntan m\u00e1s plantillas e im\u00e1genes por si el alumno desea ampliarlo.<\/p>\n<p>\u2665 Certificado de Aprendiz de ge\u00f3logo\/a.<\/p>\n<p>\u2665 Enlaces a recursos: En el pdf se incluyen enlaces con recursos de geolog\u00eda para ampliar o completar la Unidad de estudios.<\/p>\n<p>&#8212;&#8212;&#8212;&#8212;&#8212;&#8212;&#8212;&#8212;&#8212;&#8212;&#8212;&#8212;&#8212;&#8212;&#8212;&#8212;&#8212;&#8212;&#8212;&#8212;&#8212;&#8212;&#8212;&#8212;&#8212;&#8212;&#8212;&#8212;&#8212;<\/p>\n<p>1. D\u00eda primero, vamos a aprender:<br \/>\n&#8211; Actividad 1: Estructura interna de la Tierra<br \/>\n&#8211; Actividad 2: La corteza terrestre<br \/>\n&#8211; Actividad 3: Tipos de rocas<br \/>\n&#8211; Actividad 4: Vocabulario nuevo<br \/>\n&#8211; Actividad 5: Lapbook<br \/>\n.<br \/>\n2. D\u00eda segundo, vamos a aprender:<br \/>\n&#8211; Actividad 1: Placas tect\u00f3nicas<br \/>\n&#8211; Actividad 2: Tipos de l\u00edmites<br \/>\n&#8211; Actividad 3: Terremoto<br \/>\n&#8211; Actividad 4: Vocabulario nuevo<br \/>\n&#8211; Actividad 5: Lapbook<br \/>\n.<br \/>\n3. D\u00eda tercero, vamos a aprender:<br \/>\n&#8211; Actividad 1: C\u00f3mo se miden los terremotos<br \/>\n&#8211; Actividad 2: Escala Richter<br \/>\n&#8211; Actividad 3: La leyenda de Namazu<br \/>\n&#8211; Actividad 4: Vocabulario nuevo<br \/>\n&#8211; Actividad 5: Lapbook<br \/>\n.<br \/>\n4. D\u00eda cuarto, vamos a aprender:<br \/>\n&#8211; Actividad 1: Consecuencias de los terremotos<br \/>\n&#8211; Actividad 2: Tsunami o maremoto<br \/>\n&#8211; Actividad 3: Qu\u00e9 hacer frente a un tsunami<br \/>\n&#8211; Actividad 4: Vocabulario nuevo<br \/>\n&#8211; Actividad 5: Lapbook<br \/>\n.<br \/>\n5. D\u00eda quinto, vamos a aprender:<br \/>\n&#8211; Actividad 1: Monta\u00f1as<br \/>\n&#8211; Actividad 2: Leyenda inuit<br \/>\n&#8211; Actividad 3: Continentes<br \/>\n&#8211; Actividad 4: Vocabulario nuevo<br \/>\n&#8211; Actividad 5: Lapbook<br \/>\n.<br \/>\n6. D\u00eda sexto, vamos a aprender:<br \/>\n&#8211; Actividad 1: Volcanes<br \/>\n&#8211; Actividad 2: Materiales que expulsa un volc\u00e1n<br \/>\n&#8211; Actividad 3: Paisajes volc\u00e1nicos<br \/>\n&#8211; Actividad 4: Vocabulario nuevo<br \/>\n&#8211; Actividad 5: Lapbook<br \/>\n.<br \/>\n7. D\u00eda s\u00e9ptimo, vamos a aprender:<br \/>\n&#8211; Actividad 1: Tipos de volcanes por su actividad<br \/>\n&#8211; Actividad 2: Tipos de volcanes por su forma<br \/>\n&#8211; Actividad 3: Tipos de volcanes seg\u00fan su erupci\u00f3n<br \/>\n&#8211; Actividad 4: Vocabulario nuevo<br \/>\n&#8211; Actividad 5: Lapbook<br \/>\n.<br \/>\n8. Enlaces interesantes:<br \/>\n9. Im\u00e1genes adicionales para el lapbook<br \/>\n10. Certificado de aprendiz de ge\u00f3logo<br \/>\n11. Certificado de aprendiz de ge\u00f3loga<\/p>\n<p>En total, m\u00e1s de 100 p\u00e1ginas para aprender geolog\u00eda de manera m\u00e1s amena.<\/p>\n<p>\u2665 \u00a1Gracias! \u2665<br \/>\nTodo esto me permite contribuir con unos poquitos ingresos que ayudan a mi familia, haciendo lo que me gusta y compartiendo mi tiempo con ellos.<\/p>\n","protected":false},"excerpt":{"rendered":"<p>PDF educativo para estudiar la geolog\u00eda de manera m\u00e1s amena. Este imprimible est\u00e1 estructurado como una Unidad de estudios (Lesson Plan) para seguir a lo largo de 7 d\u00edas, aunque evidentemente luego cada uno podr\u00e1 adecuarlo al propio ritmo o intereses del ni\u00f1o. &#8230;&#8230;&#8230;&#8230;&#8230;&#8230;&#8230;&#8230;&#8230;&#8230;&#8230;.. VERSI\u00d3N EN CATAL\u00c1N Al inicio de cada d\u00eda dispones de un [&hellip;]<\/p>\n","protected":false},"featured_media":964,"comment_status":"open","ping_status":"closed","template":"","meta":{"site-sidebar-layout":"default","site-content-layout":"default","ast-site-content-layout":"","site-content-style":"default","site-sidebar-style":"default","ast-global-header-display":"","ast-banner-title-visibility":"","ast-main-header-display":"","ast-hfb-above-header-display":"","ast-hfb-below-header-display":"","ast-hfb-mobile-header-display":"","site-post-title":"","ast-breadcrumbs-content":"","ast-featured-img":"","footer-sml-layout":"","theme-transparent-header-meta":"default","adv-header-id-meta":"","stick-header-meta":"","header-above-stick-meta":"","header-main-stick-meta":"","header-below-stick-meta":"","astra-migrate-meta-layouts":"default","ast-page-background-enabled":"default","ast-page-background-meta":{"desktop":{"background-color":"var(--ast-global-color-4)","background-image":"","background-repeat":"repeat","background-position":"center center","background-size":"auto","background-attachment":"scroll","background-type":"","background-media":"","overlay-type":"","overlay-color":"","overlay-gradient":""},"tablet":{"background-color":"","background-image":"","background-repeat":"repeat","background-position":"center center","background-size":"auto","background-attachment":"scroll","background-type":"","background-media":"","overlay-type":"","overlay-color":"","overlay-gradient":""},"mobile":{"background-color":"","background-image":"","background-repeat":"repeat","background-position":"center center","background-size":"auto","background-attachment":"scroll","background-type":"","background-media":"","overlay-type":"","overlay-color":"","overlay-gradient":""}},"ast-content-background-meta":{"desktop":{"background-color":"var(--ast-global-color-5)","background-image":"","background-repeat":"repeat","background-position":"center center","background-size":"auto","background-attachment":"scroll","background-type":"","background-media":"","overlay-type":"","overlay-color":"","overlay-gradient":""},"tablet":{"background-color":"var(--ast-global-color-5)","background-image":"","background-repeat":"repeat","background-position":"center center","background-size":"auto","background-attachment":"scroll","background-type":"","background-media":"","overlay-type":"","overlay-color":"","overlay-gradient":""},"mobile":{"background-color":"var(--ast-global-color-5)","background-image":"","background-repeat":"repeat","background-position":"center center","background-size":"auto","background-attachment":"scroll","background-type":"","background-media":"","overlay-type":"","overlay-color":"","overlay-gradient":""}}},"product_cat":[15,18,17,43],"product_tag":[],"class_list":{"0":"post-963","1":"product","2":"type-product","3":"status-publish","4":"has-post-thumbnail","6":"product_cat-sin-categorizar","7":"product_cat-curriculum-de-biologia","8":"product_cat-lapbook","9":"product_cat-catalan","10":"desktop-align-left","11":"tablet-align-left","12":"mobile-align-left","14":"first","15":"instock","16":"downloadable","17":"virtual","18":"taxable","19":"purchasable","20":"product-type-simple"},"yoast_head":"<!-- This site is optimized with the Yoast SEO plugin v22.4 - https:\/\/yoast.com\/wordpress\/plugins\/seo\/ -->\n<title>UNIDAD DID\u00c1CTICA DE GEOLOG\u00cdA - CATAL\u00c1N - Educativos<\/title>\n<meta name=\"robots\" content=\"index, follow, max-snippet:-1, max-image-preview:large, max-video-preview:-1\" \/>\n<link rel=\"canonical\" href=\"https:\/\/educativosmeninheira.com\/imprimibles\/producto\/unidad-didactica-geologia-catalan\/\" \/>\n<meta property=\"og:locale\" content=\"es_ES\" \/>\n<meta property=\"og:type\" content=\"article\" \/>\n<meta property=\"og:title\" content=\"UNIDAD DID\u00c1CTICA DE GEOLOG\u00cdA - CATAL\u00c1N - Educativos\" \/>\n<meta property=\"og:description\" content=\"PDF educativo para estudiar la geolog\u00eda de manera m\u00e1s amena. Este imprimible est\u00e1 estructurado como una Unidad de estudios (Lesson Plan) para seguir a lo largo de 7 d\u00edas, aunque evidentemente luego cada uno podr\u00e1 adecuarlo al propio ritmo o intereses del ni\u00f1o. &#8230;&#8230;&#8230;&#8230;&#8230;&#8230;&#8230;&#8230;&#8230;&#8230;&#8230;.. VERSI\u00d3N EN CATAL\u00c1N Al inicio de cada d\u00eda dispones de un [&hellip;]\" \/>\n<meta property=\"og:url\" content=\"https:\/\/educativosmeninheira.com\/imprimibles\/producto\/unidad-didactica-geologia-catalan\/\" \/>\n<meta property=\"og:site_name\" content=\"Educativos\" \/>\n<meta property=\"article:modified_time\" content=\"2024-03-18T10:47:13+00:00\" \/>\n<meta property=\"og:image\" content=\"https:\/\/educativosmeninheira.com\/imprimibles\/wp-content\/uploads\/2021\/06\/UNIDAD-DIDACTICA-GEOLOGIA-CAT-0.jpg\" \/>\n\t<meta property=\"og:image:width\" content=\"1080\" \/>\n\t<meta property=\"og:image:height\" content=\"1080\" \/>\n\t<meta property=\"og:image:type\" content=\"image\/jpeg\" \/>\n<meta name=\"twitter:card\" content=\"summary_large_image\" \/>\n<meta name=\"twitter:label1\" content=\"Tiempo de lectura\" \/>\n\t<meta name=\"twitter:data1\" content=\"3 minutos\" \/>\n<script type=\"application\/ld+json\" class=\"yoast-schema-graph\">{\"@context\":\"https:\/\/schema.org\",\"@graph\":[{\"@type\":\"WebPage\",\"@id\":\"https:\/\/educativosmeninheira.com\/imprimibles\/producto\/unidad-didactica-geologia-catalan\/\",\"url\":\"https:\/\/educativosmeninheira.com\/imprimibles\/producto\/unidad-didactica-geologia-catalan\/\",\"name\":\"UNIDAD DID\u00c1CTICA DE GEOLOG\u00cdA - CATAL\u00c1N - Educativos\",\"isPartOf\":{\"@id\":\"https:\/\/educativosmeninheira.com\/imprimibles\/#website\"},\"primaryImageOfPage\":{\"@id\":\"https:\/\/educativosmeninheira.com\/imprimibles\/producto\/unidad-didactica-geologia-catalan\/#primaryimage\"},\"image\":{\"@id\":\"https:\/\/educativosmeninheira.com\/imprimibles\/producto\/unidad-didactica-geologia-catalan\/#primaryimage\"},\"thumbnailUrl\":\"https:\/\/educativosmeninheira.com\/imprimibles\/wp-content\/uploads\/2021\/06\/UNIDAD-DIDACTICA-GEOLOGIA-CAT-0.jpg\",\"datePublished\":\"2020-02-01T21:10:42+00:00\",\"dateModified\":\"2024-03-18T10:47:13+00:00\",\"breadcrumb\":{\"@id\":\"https:\/\/educativosmeninheira.com\/imprimibles\/producto\/unidad-didactica-geologia-catalan\/#breadcrumb\"},\"inLanguage\":\"es\",\"potentialAction\":[{\"@type\":\"ReadAction\",\"target\":[\"https:\/\/educativosmeninheira.com\/imprimibles\/producto\/unidad-didactica-geologia-catalan\/\"]}]},{\"@type\":\"ImageObject\",\"inLanguage\":\"es\",\"@id\":\"https:\/\/educativosmeninheira.com\/imprimibles\/producto\/unidad-didactica-geologia-catalan\/#primaryimage\",\"url\":\"https:\/\/educativosmeninheira.com\/imprimibles\/wp-content\/uploads\/2021\/06\/UNIDAD-DIDACTICA-GEOLOGIA-CAT-0.jpg\",\"contentUrl\":\"https:\/\/educativosmeninheira.com\/imprimibles\/wp-content\/uploads\/2021\/06\/UNIDAD-DIDACTICA-GEOLOGIA-CAT-0.jpg\",\"width\":1080,\"height\":1080},{\"@type\":\"BreadcrumbList\",\"@id\":\"https:\/\/educativosmeninheira.com\/imprimibles\/producto\/unidad-didactica-geologia-catalan\/#breadcrumb\",\"itemListElement\":[{\"@type\":\"ListItem\",\"position\":1,\"name\":\"Home\",\"item\":\"https:\/\/educativosmeninheira.com\/imprimibles\/\"},{\"@type\":\"ListItem\",\"position\":2,\"name\":\"Tienda\",\"item\":\"https:\/\/educativosmeninheira.com\/imprimibles\/tienda\/\"},{\"@type\":\"ListItem\",\"position\":3,\"name\":\"UNIDAD DID\u00c1CTICA DE GEOLOG\u00cdA &#8211; CATAL\u00c1N &#8211;\"}]},{\"@type\":\"WebSite\",\"@id\":\"https:\/\/educativosmeninheira.com\/imprimibles\/#website\",\"url\":\"https:\/\/educativosmeninheira.com\/imprimibles\/\",\"name\":\"Educativos\",\"description\":\"\",\"publisher\":{\"@id\":\"https:\/\/educativosmeninheira.com\/imprimibles\/#organization\"},\"potentialAction\":[{\"@type\":\"SearchAction\",\"target\":{\"@type\":\"EntryPoint\",\"urlTemplate\":\"https:\/\/educativosmeninheira.com\/imprimibles\/?s={search_term_string}\"},\"query-input\":\"required name=search_term_string\"}],\"inLanguage\":\"es\"},{\"@type\":\"Organization\",\"@id\":\"https:\/\/educativosmeninheira.com\/imprimibles\/#organization\",\"name\":\"Educativos\",\"url\":\"https:\/\/educativosmeninheira.com\/imprimibles\/\",\"logo\":{\"@type\":\"ImageObject\",\"inLanguage\":\"es\",\"@id\":\"https:\/\/educativosmeninheira.com\/imprimibles\/#\/schema\/logo\/image\/\",\"url\":\"https:\/\/educativosmeninheira.com\/imprimibles\/wp-content\/uploads\/2024\/03\/LOGO-Educativos-meninheira.png\",\"contentUrl\":\"https:\/\/educativosmeninheira.com\/imprimibles\/wp-content\/uploads\/2024\/03\/LOGO-Educativos-meninheira.png\",\"width\":2194,\"height\":2145,\"caption\":\"Educativos\"},\"image\":{\"@id\":\"https:\/\/educativosmeninheira.com\/imprimibles\/#\/schema\/logo\/image\/\"}}]}<\/script>\n<!-- \/ Yoast SEO plugin. -->","yoast_head_json":{"title":"UNIDAD DID\u00c1CTICA DE GEOLOG\u00cdA - CATAL\u00c1N - Educativos","robots":{"index":"index","follow":"follow","max-snippet":"max-snippet:-1","max-image-preview":"max-image-preview:large","max-video-preview":"max-video-preview:-1"},"canonical":"https:\/\/educativosmeninheira.com\/imprimibles\/producto\/unidad-didactica-geologia-catalan\/","og_locale":"es_ES","og_type":"article","og_title":"UNIDAD DID\u00c1CTICA DE GEOLOG\u00cdA - CATAL\u00c1N - Educativos","og_description":"PDF educativo para estudiar la geolog\u00eda de manera m\u00e1s amena. Este imprimible est\u00e1 estructurado como una Unidad de estudios (Lesson Plan) para seguir a lo largo de 7 d\u00edas, aunque evidentemente luego cada uno podr\u00e1 adecuarlo al propio ritmo o intereses del ni\u00f1o. &#8230;&#8230;&#8230;&#8230;&#8230;&#8230;&#8230;&#8230;&#8230;&#8230;&#8230;.. VERSI\u00d3N EN CATAL\u00c1N Al inicio de cada d\u00eda dispones de un [&hellip;]","og_url":"https:\/\/educativosmeninheira.com\/imprimibles\/producto\/unidad-didactica-geologia-catalan\/","og_site_name":"Educativos","article_modified_time":"2024-03-18T10:47:13+00:00","og_image":[{"width":1080,"height":1080,"url":"https:\/\/educativosmeninheira.com\/imprimibles\/wp-content\/uploads\/2021\/06\/UNIDAD-DIDACTICA-GEOLOGIA-CAT-0.jpg","type":"image\/jpeg"}],"twitter_card":"summary_large_image","twitter_misc":{"Tiempo de lectura":"3 minutos"},"schema":{"@context":"https:\/\/schema.org","@graph":[{"@type":"WebPage","@id":"https:\/\/educativosmeninheira.com\/imprimibles\/producto\/unidad-didactica-geologia-catalan\/","url":"https:\/\/educativosmeninheira.com\/imprimibles\/producto\/unidad-didactica-geologia-catalan\/","name":"UNIDAD DID\u00c1CTICA DE GEOLOG\u00cdA - CATAL\u00c1N - Educativos","isPartOf":{"@id":"https:\/\/educativosmeninheira.com\/imprimibles\/#website"},"primaryImageOfPage":{"@id":"https:\/\/educativosmeninheira.com\/imprimibles\/producto\/unidad-didactica-geologia-catalan\/#primaryimage"},"image":{"@id":"https:\/\/educativosmeninheira.com\/imprimibles\/producto\/unidad-didactica-geologia-catalan\/#primaryimage"},"thumbnailUrl":"https:\/\/educativosmeninheira.com\/imprimibles\/wp-content\/uploads\/2021\/06\/UNIDAD-DIDACTICA-GEOLOGIA-CAT-0.jpg","datePublished":"2020-02-01T21:10:42+00:00","dateModified":"2024-03-18T10:47:13+00:00","breadcrumb":{"@id":"https:\/\/educativosmeninheira.com\/imprimibles\/producto\/unidad-didactica-geologia-catalan\/#breadcrumb"},"inLanguage":"es","potentialAction":[{"@type":"ReadAction","target":["https:\/\/educativosmeninheira.com\/imprimibles\/producto\/unidad-didactica-geologia-catalan\/"]}]},{"@type":"ImageObject","inLanguage":"es","@id":"https:\/\/educativosmeninheira.com\/imprimibles\/producto\/unidad-didactica-geologia-catalan\/#primaryimage","url":"https:\/\/educativosmeninheira.com\/imprimibles\/wp-content\/uploads\/2021\/06\/UNIDAD-DIDACTICA-GEOLOGIA-CAT-0.jpg","contentUrl":"https:\/\/educativosmeninheira.com\/imprimibles\/wp-content\/uploads\/2021\/06\/UNIDAD-DIDACTICA-GEOLOGIA-CAT-0.jpg","width":1080,"height":1080},{"@type":"BreadcrumbList","@id":"https:\/\/educativosmeninheira.com\/imprimibles\/producto\/unidad-didactica-geologia-catalan\/#breadcrumb","itemListElement":[{"@type":"ListItem","position":1,"name":"Home","item":"https:\/\/educativosmeninheira.com\/imprimibles\/"},{"@type":"ListItem","position":2,"name":"Tienda","item":"https:\/\/educativosmeninheira.com\/imprimibles\/tienda\/"},{"@type":"ListItem","position":3,"name":"UNIDAD DID\u00c1CTICA DE GEOLOG\u00cdA &#8211; CATAL\u00c1N &#8211;"}]},{"@type":"WebSite","@id":"https:\/\/educativosmeninheira.com\/imprimibles\/#website","url":"https:\/\/educativosmeninheira.com\/imprimibles\/","name":"Educativos","description":"","publisher":{"@id":"https:\/\/educativosmeninheira.com\/imprimibles\/#organization"},"potentialAction":[{"@type":"SearchAction","target":{"@type":"EntryPoint","urlTemplate":"https:\/\/educativosmeninheira.com\/imprimibles\/?s={search_term_string}"},"query-input":"required name=search_term_string"}],"inLanguage":"es"},{"@type":"Organization","@id":"https:\/\/educativosmeninheira.com\/imprimibles\/#organization","name":"Educativos","url":"https:\/\/educativosmeninheira.com\/imprimibles\/","logo":{"@type":"ImageObject","inLanguage":"es","@id":"https:\/\/educativosmeninheira.com\/imprimibles\/#\/schema\/logo\/image\/","url":"https:\/\/educativosmeninheira.com\/imprimibles\/wp-content\/uploads\/2024\/03\/LOGO-Educativos-meninheira.png","contentUrl":"https:\/\/educativosmeninheira.com\/imprimibles\/wp-content\/uploads\/2024\/03\/LOGO-Educativos-meninheira.png","width":2194,"height":2145,"caption":"Educativos"},"image":{"@id":"https:\/\/educativosmeninheira.com\/imprimibles\/#\/schema\/logo\/image\/"}}]}},"_links":{"self":[{"href":"https:\/\/educativosmeninheira.com\/imprimibles\/wp-json\/wp\/v2\/product\/963","targetHints":{"allow":["GET"]}}],"collection":[{"href":"https:\/\/educativosmeninheira.com\/imprimibles\/wp-json\/wp\/v2\/product"}],"about":[{"href":"https:\/\/educativosmeninheira.com\/imprimibles\/wp-json\/wp\/v2\/types\/product"}],"replies":[{"embeddable":true,"href":"https:\/\/educativosmeninheira.com\/imprimibles\/wp-json\/wp\/v2\/comments?post=963"}],"wp:featuredmedia":[{"embeddable":true,"href":"https:\/\/educativosmeninheira.com\/imprimibles\/wp-json\/wp\/v2\/media\/964"}],"wp:attachment":[{"href":"https:\/\/educativosmeninheira.com\/imprimibles\/wp-json\/wp\/v2\/media?parent=963"}],"wp:term":[{"taxonomy":"product_cat","embeddable":true,"href":"https:\/\/educativosmeninheira.com\/imprimibles\/wp-json\/wp\/v2\/product_cat?post=963"},{"taxonomy":"product_tag","embeddable":true,"href":"https:\/\/educativosmeninheira.com\/imprimibles\/wp-json\/wp\/v2\/product_tag?post=963"}],"curies":[{"name":"wp","href":"https:\/\/api.w.org\/{rel}","templated":true}]}}