{"id":129,"date":"2020-12-27T19:50:25","date_gmt":"2020-12-27T18:50:25","guid":{"rendered":"https:\/\/educativosmeninheira.com\/materialeducativo\/index.php\/producto\/biografias-ii-cuaderno-de-trabajo-de-homeschooling-spain-25-homeschoolers-famosos\/"},"modified":"2023-04-06T05:11:14","modified_gmt":"2023-04-06T04:11:14","slug":"biografias-ii-cuaderno-de-trabajo-de-homeschooling-spain-25-homeschoolers-famosos","status":"publish","type":"product","link":"https:\/\/educativosmeninheira.com\/materialeducativo\/producto\/biografias-ii-cuaderno-de-trabajo-de-homeschooling-spain-25-homeschoolers-famosos\/","title":{"rendered":"Biograf\u00edas II, cuaderno de trabajo de Homeschooling Spain: 25 homeschoolers famosos"},"content":{"rendered":"<div id='gallery-1' class='gallery galleryid-129 gallery-columns-3 gallery-size-thumbnail'><figure class='gallery-item'>\n\t\t\t<div class='gallery-icon portrait'>\n\t\t\t\t<a href='https:\/\/educativosmeninheira.com\/materialeducativo\/?attachment_id=130'><img decoding=\"async\" width=\"150\" height=\"150\" src=\"https:\/\/educativosmeninheira.com\/materialeducativo\/wp-content\/uploads\/https:\/\/m.media-amazon.com\/images\/I\/51myHBgzWEL._SS150_.jpg\" class=\"attachment-thumbnail size-thumbnail\" alt=\"\" srcset=\"https:\/\/educativosmeninheira.com\/materialeducativo\/wp-content\/uploads\/https:\/\/m.media-amazon.com\/images\/I\/51myHBgzWEL._SS150_.jpg 150w, https:\/\/educativosmeninheira.com\/materialeducativo\/wp-content\/uploads\/https:\/\/m.media-amazon.com\/images\/I\/51myHBgzWEL._SS300_.jpg 300w, https:\/\/educativosmeninheira.com\/materialeducativo\/wp-content\/uploads\/https:\/\/m.media-amazon.com\/images\/I\/51myHBgzWEL._SS768_.jpg 768w, https:\/\/educativosmeninheira.com\/materialeducativo\/wp-content\/uploads\/https:\/\/m.media-amazon.com\/images\/I\/51myHBgzWEL._SS1024_.jpg 1024w, https:\/\/educativosmeninheira.com\/materialeducativo\/wp-content\/uploads\/https:\/\/m.media-amazon.com\/images\/I\/51myHBgzWEL._SS1536_.jpg 1536w, https:\/\/educativosmeninheira.com\/materialeducativo\/wp-content\/uploads\/https:\/\/m.media-amazon.com\/images\/I\/51myHBgzWEL._SS2048_.jpg 2048w, https:\/\/educativosmeninheira.com\/materialeducativo\/wp-content\/uploads\/https:\/\/m.media-amazon.com\/images\/I\/51myHBgzWEL._SS1568_.jpg 1568w, https:\/\/educativosmeninheira.com\/materialeducativo\/wp-content\/uploads\/https:\/\/m.media-amazon.com\/images\/I\/51myHBgzWEL._SS450_.jpg 450w, https:\/\/educativosmeninheira.com\/materialeducativo\/wp-content\/uploads\/https:\/\/m.media-amazon.com\/images\/I\/51myHBgzWEL._SS600_.jpg 600w, https:\/\/educativosmeninheira.com\/materialeducativo\/wp-content\/uploads\/https:\/\/m.media-amazon.com\/images\/I\/51myHBgzWEL._SS100_.jpg 100w\" sizes=\"(max-width: 150px) 100vw, 150px\" style=\"width:100%;height:154.32%;max-width:324px;\" \/><\/a>\n\t\t\t<\/div><\/figure><figure class='gallery-item'>\n\t\t\t<div class='gallery-icon portrait'>\n\t\t\t\t<a href='https:\/\/educativosmeninheira.com\/materialeducativo\/?attachment_id=131'><img decoding=\"async\" width=\"150\" height=\"150\" src=\"https:\/\/educativosmeninheira.com\/materialeducativo\/wp-content\/uploads\/https:\/\/m.media-amazon.com\/images\/I\/41MX22H5evL._SS150_.jpg\" class=\"attachment-thumbnail size-thumbnail\" alt=\"\" srcset=\"https:\/\/educativosmeninheira.com\/materialeducativo\/wp-content\/uploads\/https:\/\/m.media-amazon.com\/images\/I\/41MX22H5evL._SS150_.jpg 150w, https:\/\/educativosmeninheira.com\/materialeducativo\/wp-content\/uploads\/https:\/\/m.media-amazon.com\/images\/I\/41MX22H5evL._SS300_.jpg 300w, https:\/\/educativosmeninheira.com\/materialeducativo\/wp-content\/uploads\/https:\/\/m.media-amazon.com\/images\/I\/41MX22H5evL._SS768_.jpg 768w, https:\/\/educativosmeninheira.com\/materialeducativo\/wp-content\/uploads\/https:\/\/m.media-amazon.com\/images\/I\/41MX22H5evL._SS1024_.jpg 1024w, https:\/\/educativosmeninheira.com\/materialeducativo\/wp-content\/uploads\/https:\/\/m.media-amazon.com\/images\/I\/41MX22H5evL._SS1536_.jpg 1536w, https:\/\/educativosmeninheira.com\/materialeducativo\/wp-content\/uploads\/https:\/\/m.media-amazon.com\/images\/I\/41MX22H5evL._SS2048_.jpg 2048w, https:\/\/educativosmeninheira.com\/materialeducativo\/wp-content\/uploads\/https:\/\/m.media-amazon.com\/images\/I\/41MX22H5evL._SS1568_.jpg 1568w, https:\/\/educativosmeninheira.com\/materialeducativo\/wp-content\/uploads\/https:\/\/m.media-amazon.com\/images\/I\/41MX22H5evL._SS450_.jpg 450w, https:\/\/educativosmeninheira.com\/materialeducativo\/wp-content\/uploads\/https:\/\/m.media-amazon.com\/images\/I\/41MX22H5evL._SS600_.jpg 600w, https:\/\/educativosmeninheira.com\/materialeducativo\/wp-content\/uploads\/https:\/\/m.media-amazon.com\/images\/I\/41MX22H5evL._SS100_.jpg 100w\" sizes=\"(max-width: 150px) 100vw, 150px\" style=\"width:100%;height:154.32%;max-width:324px;\" \/><\/a>\n\t\t\t<\/div><\/figure>\n\t\t<\/div>\n\n<p>[amz_corss_sell asin=\u00bb1085920003&#8243;]<\/p>\n","protected":false},"excerpt":{"rendered":"<p>[amz_corss_sell asin=\u00bb1085920003&#8243;]<\/p>\n","protected":false},"featured_media":130,"comment_status":"open","ping_status":"closed","template":"","meta":[],"product_cat":[19,97,99,27],"product_tag":[],"yoast_head":"<!-- This site is optimized with the Yoast SEO plugin v22.4 - https:\/\/yoast.com\/wordpress\/plugins\/seo\/ -->\n<title>Biograf\u00edas II, cuaderno de trabajo de Homeschooling Spain: 25 homeschoolers famosos - Material Educativo<\/title>\n<meta name=\"description\" content=\"El cuaderno de campo de biograf\u00edas nos permite trabajar transversalmente no solo la historia, sino adem\u00e1s un mont\u00f3n de materias a trav\u00e9s del estudio somero de la vida de distintas personas que en alg\u00fan momento de su vida fueron educadas fuera de la escuela. :)\" \/>\n<meta name=\"robots\" content=\"index, follow, max-snippet:-1, max-image-preview:large, max-video-preview:-1\" \/>\n<link rel=\"canonical\" href=\"https:\/\/educativosmeninheira.com\/materialeducativo\/producto\/biografias-ii-cuaderno-de-trabajo-de-homeschooling-spain-25-homeschoolers-famosos\/\" \/>\n<meta property=\"og:locale\" content=\"es_ES\" \/>\n<meta property=\"og:type\" content=\"article\" \/>\n<meta property=\"og:title\" content=\"Biograf\u00edas II, cuaderno de trabajo de Homeschooling Spain: 25 homeschoolers famosos - Material Educativo\" \/>\n<meta property=\"og:description\" content=\"El cuaderno de campo de biograf\u00edas nos permite trabajar transversalmente no solo la historia, sino adem\u00e1s un mont\u00f3n de materias a trav\u00e9s del estudio somero de la vida de distintas personas que en alg\u00fan momento de su vida fueron educadas fuera de la escuela. :)\" \/>\n<meta property=\"og:url\" content=\"https:\/\/educativosmeninheira.com\/materialeducativo\/producto\/biografias-ii-cuaderno-de-trabajo-de-homeschooling-spain-25-homeschoolers-famosos\/\" \/>\n<meta property=\"og:site_name\" content=\"Material Educativo\" \/>\n<meta property=\"article:modified_time\" content=\"2023-04-06T04:11:14+00:00\" \/>\n<meta property=\"og:image\" content=\"https:\/\/educativosmeninheira.com\/materialeducativo\/wp-content\/uploads\/https:\/\/m.media-amazon.com\/images\/I\/51myHBgzWEL.jpg\" \/>\n\t<meta property=\"og:image:width\" content=\"324\" \/>\n\t<meta property=\"og:image:height\" content=\"500\" \/>\n\t<meta property=\"og:image:type\" content=\"image\/jpeg\" \/>\n<meta name=\"twitter:card\" content=\"summary_large_image\" \/>\n<script type=\"application\/ld+json\" class=\"yoast-schema-graph\">{\"@context\":\"https:\/\/schema.org\",\"@graph\":[{\"@type\":\"WebPage\",\"@id\":\"https:\/\/educativosmeninheira.com\/materialeducativo\/producto\/biografias-ii-cuaderno-de-trabajo-de-homeschooling-spain-25-homeschoolers-famosos\/\",\"url\":\"https:\/\/educativosmeninheira.com\/materialeducativo\/producto\/biografias-ii-cuaderno-de-trabajo-de-homeschooling-spain-25-homeschoolers-famosos\/\",\"name\":\"Biograf\u00edas II, cuaderno de trabajo de Homeschooling Spain: 25 homeschoolers famosos - Material Educativo\",\"isPartOf\":{\"@id\":\"https:\/\/educativosmeninheira.com\/materialeducativo\/#website\"},\"primaryImageOfPage\":{\"@id\":\"https:\/\/educativosmeninheira.com\/materialeducativo\/producto\/biografias-ii-cuaderno-de-trabajo-de-homeschooling-spain-25-homeschoolers-famosos\/#primaryimage\"},\"image\":{\"@id\":\"https:\/\/educativosmeninheira.com\/materialeducativo\/producto\/biografias-ii-cuaderno-de-trabajo-de-homeschooling-spain-25-homeschoolers-famosos\/#primaryimage\"},\"thumbnailUrl\":\"https:\/\/educativosmeninheira.com\/materialeducativo\/wp-content\/uploads\/https:\/\/m.media-amazon.com\/images\/I\/51myHBgzWEL.jpg\",\"datePublished\":\"2020-12-27T18:50:25+00:00\",\"dateModified\":\"2023-04-06T04:11:14+00:00\",\"description\":\"El cuaderno de campo de biograf\u00edas nos permite trabajar transversalmente no solo la historia, sino adem\u00e1s un mont\u00f3n de materias a trav\u00e9s del estudio somero de la vida de distintas personas que en alg\u00fan momento de su vida fueron educadas fuera de la escuela. :)\",\"breadcrumb\":{\"@id\":\"https:\/\/educativosmeninheira.com\/materialeducativo\/producto\/biografias-ii-cuaderno-de-trabajo-de-homeschooling-spain-25-homeschoolers-famosos\/#breadcrumb\"},\"inLanguage\":\"es\",\"potentialAction\":[{\"@type\":\"ReadAction\",\"target\":[\"https:\/\/educativosmeninheira.com\/materialeducativo\/producto\/biografias-ii-cuaderno-de-trabajo-de-homeschooling-spain-25-homeschoolers-famosos\/\"]}]},{\"@type\":\"ImageObject\",\"inLanguage\":\"es\",\"@id\":\"https:\/\/educativosmeninheira.com\/materialeducativo\/producto\/biografias-ii-cuaderno-de-trabajo-de-homeschooling-spain-25-homeschoolers-famosos\/#primaryimage\",\"url\":\"https:\/\/educativosmeninheira.com\/materialeducativo\/wp-content\/uploads\/https:\/\/m.media-amazon.com\/images\/I\/51myHBgzWEL.jpg\",\"contentUrl\":\"https:\/\/educativosmeninheira.com\/materialeducativo\/wp-content\/uploads\/https:\/\/m.media-amazon.com\/images\/I\/51myHBgzWEL.jpg\",\"width\":324,\"height\":500},{\"@type\":\"BreadcrumbList\",\"@id\":\"https:\/\/educativosmeninheira.com\/materialeducativo\/producto\/biografias-ii-cuaderno-de-trabajo-de-homeschooling-spain-25-homeschoolers-famosos\/#breadcrumb\",\"itemListElement\":[{\"@type\":\"ListItem\",\"position\":1,\"name\":\"Home\",\"item\":\"https:\/\/educativosmeninheira.com\/materialeducativo\/\"},{\"@type\":\"ListItem\",\"position\":2,\"name\":\"Material Educativo\",\"item\":\"https:\/\/educativosmeninheira.com\/materialeducativo\/\"},{\"@type\":\"ListItem\",\"position\":3,\"name\":\"Biograf\u00edas II, cuaderno de trabajo de Homeschooling Spain: 25 homeschoolers famosos\"}]},{\"@type\":\"WebSite\",\"@id\":\"https:\/\/educativosmeninheira.com\/materialeducativo\/#website\",\"url\":\"https:\/\/educativosmeninheira.com\/materialeducativo\/\",\"name\":\"Material Educativo\",\"description\":\"Materiales complementarios para los imprimibles de Educativos meninheira\",\"publisher\":{\"@id\":\"https:\/\/educativosmeninheira.com\/materialeducativo\/#organization\"},\"potentialAction\":[{\"@type\":\"SearchAction\",\"target\":{\"@type\":\"EntryPoint\",\"urlTemplate\":\"https:\/\/educativosmeninheira.com\/materialeducativo\/?s={search_term_string}\"},\"query-input\":\"required name=search_term_string\"}],\"inLanguage\":\"es\"},{\"@type\":\"Organization\",\"@id\":\"https:\/\/educativosmeninheira.com\/materialeducativo\/#organization\",\"name\":\"Material Educativo\",\"url\":\"https:\/\/educativosmeninheira.com\/materialeducativo\/\",\"logo\":{\"@type\":\"ImageObject\",\"inLanguage\":\"es\",\"@id\":\"https:\/\/educativosmeninheira.com\/materialeducativo\/#\/schema\/logo\/image\/\",\"url\":\"https:\/\/educativosmeninheira.com\/materialeducativo\/wp-content\/uploads\/2021\/03\/LOGO-Educativos-meninheira-big.png\",\"contentUrl\":\"https:\/\/educativosmeninheira.com\/materialeducativo\/wp-content\/uploads\/2021\/03\/LOGO-Educativos-meninheira-big.png\",\"width\":2018,\"height\":920,\"caption\":\"Material Educativo\"},\"image\":{\"@id\":\"https:\/\/educativosmeninheira.com\/materialeducativo\/#\/schema\/logo\/image\/\"}}]}<\/script>\n<!-- \/ Yoast SEO plugin. -->","yoast_head_json":{"title":"Biograf\u00edas II, cuaderno de trabajo de Homeschooling Spain: 25 homeschoolers famosos - Material Educativo","description":"El cuaderno de campo de biograf\u00edas nos permite trabajar transversalmente no solo la historia, sino adem\u00e1s un mont\u00f3n de materias a trav\u00e9s del estudio somero de la vida de distintas personas que en alg\u00fan momento de su vida fueron educadas fuera de la escuela. :)","robots":{"index":"index","follow":"follow","max-snippet":"max-snippet:-1","max-image-preview":"max-image-preview:large","max-video-preview":"max-video-preview:-1"},"canonical":"https:\/\/educativosmeninheira.com\/materialeducativo\/producto\/biografias-ii-cuaderno-de-trabajo-de-homeschooling-spain-25-homeschoolers-famosos\/","og_locale":"es_ES","og_type":"article","og_title":"Biograf\u00edas II, cuaderno de trabajo de Homeschooling Spain: 25 homeschoolers famosos - Material Educativo","og_description":"El cuaderno de campo de biograf\u00edas nos permite trabajar transversalmente no solo la historia, sino adem\u00e1s un mont\u00f3n de materias a trav\u00e9s del estudio somero de la vida de distintas personas que en alg\u00fan momento de su vida fueron educadas fuera de la escuela. :)","og_url":"https:\/\/educativosmeninheira.com\/materialeducativo\/producto\/biografias-ii-cuaderno-de-trabajo-de-homeschooling-spain-25-homeschoolers-famosos\/","og_site_name":"Material Educativo","article_modified_time":"2023-04-06T04:11:14+00:00","og_image":[{"width":324,"height":500,"url":"https:\/\/educativosmeninheira.com\/materialeducativo\/wp-content\/uploads\/https:\/\/m.media-amazon.com\/images\/I\/51myHBgzWEL.jpg","type":"image\/jpeg"}],"twitter_card":"summary_large_image","schema":{"@context":"https:\/\/schema.org","@graph":[{"@type":"WebPage","@id":"https:\/\/educativosmeninheira.com\/materialeducativo\/producto\/biografias-ii-cuaderno-de-trabajo-de-homeschooling-spain-25-homeschoolers-famosos\/","url":"https:\/\/educativosmeninheira.com\/materialeducativo\/producto\/biografias-ii-cuaderno-de-trabajo-de-homeschooling-spain-25-homeschoolers-famosos\/","name":"Biograf\u00edas II, cuaderno de trabajo de Homeschooling Spain: 25 homeschoolers famosos - Material Educativo","isPartOf":{"@id":"https:\/\/educativosmeninheira.com\/materialeducativo\/#website"},"primaryImageOfPage":{"@id":"https:\/\/educativosmeninheira.com\/materialeducativo\/producto\/biografias-ii-cuaderno-de-trabajo-de-homeschooling-spain-25-homeschoolers-famosos\/#primaryimage"},"image":{"@id":"https:\/\/educativosmeninheira.com\/materialeducativo\/producto\/biografias-ii-cuaderno-de-trabajo-de-homeschooling-spain-25-homeschoolers-famosos\/#primaryimage"},"thumbnailUrl":"https:\/\/educativosmeninheira.com\/materialeducativo\/wp-content\/uploads\/https:\/\/m.media-amazon.com\/images\/I\/51myHBgzWEL.jpg","datePublished":"2020-12-27T18:50:25+00:00","dateModified":"2023-04-06T04:11:14+00:00","description":"El cuaderno de campo de biograf\u00edas nos permite trabajar transversalmente no solo la historia, sino adem\u00e1s un mont\u00f3n de materias a trav\u00e9s del estudio somero de la vida de distintas personas que en alg\u00fan momento de su vida fueron educadas fuera de la escuela. :)","breadcrumb":{"@id":"https:\/\/educativosmeninheira.com\/materialeducativo\/producto\/biografias-ii-cuaderno-de-trabajo-de-homeschooling-spain-25-homeschoolers-famosos\/#breadcrumb"},"inLanguage":"es","potentialAction":[{"@type":"ReadAction","target":["https:\/\/educativosmeninheira.com\/materialeducativo\/producto\/biografias-ii-cuaderno-de-trabajo-de-homeschooling-spain-25-homeschoolers-famosos\/"]}]},{"@type":"ImageObject","inLanguage":"es","@id":"https:\/\/educativosmeninheira.com\/materialeducativo\/producto\/biografias-ii-cuaderno-de-trabajo-de-homeschooling-spain-25-homeschoolers-famosos\/#primaryimage","url":"https:\/\/educativosmeninheira.com\/materialeducativo\/wp-content\/uploads\/https:\/\/m.media-amazon.com\/images\/I\/51myHBgzWEL.jpg","contentUrl":"https:\/\/educativosmeninheira.com\/materialeducativo\/wp-content\/uploads\/https:\/\/m.media-amazon.com\/images\/I\/51myHBgzWEL.jpg","width":324,"height":500},{"@type":"BreadcrumbList","@id":"https:\/\/educativosmeninheira.com\/materialeducativo\/producto\/biografias-ii-cuaderno-de-trabajo-de-homeschooling-spain-25-homeschoolers-famosos\/#breadcrumb","itemListElement":[{"@type":"ListItem","position":1,"name":"Home","item":"https:\/\/educativosmeninheira.com\/materialeducativo\/"},{"@type":"ListItem","position":2,"name":"Material Educativo","item":"https:\/\/educativosmeninheira.com\/materialeducativo\/"},{"@type":"ListItem","position":3,"name":"Biograf\u00edas II, cuaderno de trabajo de Homeschooling Spain: 25 homeschoolers famosos"}]},{"@type":"WebSite","@id":"https:\/\/educativosmeninheira.com\/materialeducativo\/#website","url":"https:\/\/educativosmeninheira.com\/materialeducativo\/","name":"Material Educativo","description":"Materiales complementarios para los imprimibles de Educativos meninheira","publisher":{"@id":"https:\/\/educativosmeninheira.com\/materialeducativo\/#organization"},"potentialAction":[{"@type":"SearchAction","target":{"@type":"EntryPoint","urlTemplate":"https:\/\/educativosmeninheira.com\/materialeducativo\/?s={search_term_string}"},"query-input":"required name=search_term_string"}],"inLanguage":"es"},{"@type":"Organization","@id":"https:\/\/educativosmeninheira.com\/materialeducativo\/#organization","name":"Material Educativo","url":"https:\/\/educativosmeninheira.com\/materialeducativo\/","logo":{"@type":"ImageObject","inLanguage":"es","@id":"https:\/\/educativosmeninheira.com\/materialeducativo\/#\/schema\/logo\/image\/","url":"https:\/\/educativosmeninheira.com\/materialeducativo\/wp-content\/uploads\/2021\/03\/LOGO-Educativos-meninheira-big.png","contentUrl":"https:\/\/educativosmeninheira.com\/materialeducativo\/wp-content\/uploads\/2021\/03\/LOGO-Educativos-meninheira-big.png","width":2018,"height":920,"caption":"Material Educativo"},"image":{"@id":"https:\/\/educativosmeninheira.com\/materialeducativo\/#\/schema\/logo\/image\/"}}]}},"_links":{"self":[{"href":"https:\/\/educativosmeninheira.com\/materialeducativo\/wp-json\/wp\/v2\/product\/129"}],"collection":[{"href":"https:\/\/educativosmeninheira.com\/materialeducativo\/wp-json\/wp\/v2\/product"}],"about":[{"href":"https:\/\/educativosmeninheira.com\/materialeducativo\/wp-json\/wp\/v2\/types\/product"}],"replies":[{"embeddable":true,"href":"https:\/\/educativosmeninheira.com\/materialeducativo\/wp-json\/wp\/v2\/comments?post=129"}],"version-history":[{"count":1,"href":"https:\/\/educativosmeninheira.com\/materialeducativo\/wp-json\/wp\/v2\/product\/129\/revisions"}],"predecessor-version":[{"id":519,"href":"https:\/\/educativosmeninheira.com\/materialeducativo\/wp-json\/wp\/v2\/product\/129\/revisions\/519"}],"wp:featuredmedia":[{"embeddable":true,"href":"https:\/\/educativosmeninheira.com\/materialeducativo\/wp-json\/wp\/v2\/media\/130"}],"wp:attachment":[{"href":"https:\/\/educativosmeninheira.com\/materialeducativo\/wp-json\/wp\/v2\/media?parent=129"}],"wp:term":[{"taxonomy":"product_cat","embeddable":true,"href":"https:\/\/educativosmeninheira.com\/materialeducativo\/wp-json\/wp\/v2\/product_cat?post=129"},{"taxonomy":"product_tag","embeddable":true,"href":"https:\/\/educativosmeninheira.com\/materialeducativo\/wp-json\/wp\/v2\/product_tag?post=129"}],"curies":[{"name":"wp","href":"https:\/\/api.w.org\/{rel}","templated":true}]}}