{"id":1569,"date":"2022-04-24T22:03:10","date_gmt":"2022-04-24T21:03:10","guid":{"rendered":""},"modified":"2023-04-05T05:00:21","modified_gmt":"2023-04-05T04:00:21","slug":"cascos-inalambricos-auriculares-bluetooth-5-1-mini-impermeable-ip7-con-mic-dual-auriculares-inalambricos-con-pantalla-led-y-control-tactil-earbuds-deportivos-con-usb-carga-rapida-reproduccion-35h","status":"publish","type":"product","link":"https:\/\/educativosmeninheira.com\/materialeducativo\/producto\/cascos-inalambricos-auriculares-bluetooth-5-1-mini-impermeable-ip7-con-mic-dual-auriculares-inalambricos-con-pantalla-led-y-control-tactil-earbuds-deportivos-con-usb-carga-rapida-reproduccion-35h\/","title":{"rendered":"Lrecat Auriculares Inal\u00e1mbricos, Auriculares Bluetooth 5.3 Est\u00e9reo con HD Micr\u00f3fono"},"content":{"rendered":"<p>Dise\u00f1o Mini, Uso ultraligero y c\u00f3modo: i11 auriculares inal\u00e1mbricos Bluetooth, son probablemente los m\u00e1s peque\u00f1os en la historia de los auriculares Lrecat. El tama\u00f1o de este \u00fanico auricular Bluetooth es de 23 * 18 * 13 mm, Con un solo auriculares inal\u00e1mbrico que pesa 4.3g y el estuche de carga que pesa 45g, el dise\u00f1o compacto y port\u00e1til ofrece una textura visible. Los aud\u00edfonos con forma de en la oreja permiten un uso prolongado sin ninguna molestia.<br \/>\nBluetooth 5.1 Avanzada y Acoplamiento Autom\u00e1tico R\u00e1pido: Estos auriculares Bluetooth adoptan la tecnolog\u00eda Bluetooth 5.1 m\u00e1s avanzada para garantizar una conexi\u00f3n m\u00e1s estable, menor latancia y menor consumo de energ\u00eda durante la transmisi\u00f3n de datos con un rango de recepci\u00f3n de se\u00f1al de hasta 15 metros. Solo saque auriculares bluetooth del estuche de carga, se volver\u00e1n a conectar con el \u00faltimo dispositivo conectado autom\u00e1ticamente, es conveniente y r\u00e1pido, sin esperas.<br \/>\nEst\u00e9reo y Micr\u00f3fono: Los auriculares Bluetooth para ofrecen una calidad de audio similar a la de CD con una conexi\u00f3n inal\u00e1mbrica estable y de baja latencia para crear un sonido cristalino. El micr\u00f3fono incorporado y el dise\u00f1o de cancelaci\u00f3n de ruido, tanto el auricular izquierdo como el derecho soportan responder y colgar llamadas, brind\u00e1ndole una grata experiencia de llamada.<br \/>\nSmart Touch Control y IP7 Impermeable: Wireless earphones la funci\u00f3n de control t\u00e1ctil espec\u00edfica lo hace m\u00e1s conveniente, toque una vez para reproducir, pausar m\u00fasica y contestar llamadas, toque dos veces para saltar hacia adelante, atr\u00e1s. Puede controlarlo f\u00e1cilmente sin operar el tel\u00e9fono. Cascos bluetooth utilizan un dise\u00f1o IP7 impermeable. la tecnolog\u00eda a prueba de agua protege eficientemente los auricular contra da\u00f1os causados por el sudor y la lluvia para garantizar su vida \u00fatil.<br \/>\n35 Horas de Reproducci\u00f3n y Carga R\u00e1pida Tipo C: Los earbuds bluetooth por s\u00ed brindan hasta 7 horas de salida de sonido de alta calidad con una sola carga, y el estuche de carga incluido proporciona 3 cargas adicionales, lo que brinda 35 horas de tiempo total de reproducci\u00f3n. Con la carga r\u00e1pida , solo lleva 1,5 horas cargar la funda. Los auriculares inal\u00e1mbricos \u200bse apagan y se ponen a cargar solos al meterlos en la caja. Nunca se preocupar\u00e1 por quedarse sin carga.<br \/>\n[amz_corss_sell asin=\u00bbB09T5SJM3M\u00bb]<\/p>\n","protected":false},"excerpt":{"rendered":"<p>Dise\u00f1o Mini, Uso ultraligero y c\u00f3modo: i11 auriculares inal\u00e1mbricos Bluetooth, son probablemente los m\u00e1s peque\u00f1os en la historia de los auriculares Lrecat. El tama\u00f1o de este \u00fanico auricular Bluetooth es de 23 * 18 * 13 mm, Con un solo auriculares inal\u00e1mbrico que pesa 4.3g y el estuche de carga que pesa 45g, el dise\u00f1o compacto y port\u00e1til ofrece una textura visible. Los aud\u00edfonos con forma de en la oreja permiten un uso prolongado sin ninguna molestia.<br \/>\nBluetooth 5.1 Avanzada y Acoplamiento Autom\u00e1tico R\u00e1pido: Estos auriculares Bluetooth adoptan la tecnolog\u00eda Bluetooth 5.1 m\u00e1s avanzada para garantizar una conexi\u00f3n m\u00e1s estable, menor latancia y menor consumo de energ\u00eda durante la transmisi\u00f3n de datos con un rango de recepci\u00f3n de se\u00f1al de hasta 15 metros. Solo saque auriculares bluetooth del estuche de carga, se volver\u00e1n a conectar con el \u00faltimo dispositivo conectado autom\u00e1ticamente, es conveniente y r\u00e1pido, sin esperas.<br \/>\nEst\u00e9reo y Micr\u00f3fono: Los auriculares Bluetooth para ofrecen una calidad de audio similar a la de CD con una conexi\u00f3n inal\u00e1mbrica estable y de baja latencia para crear un sonido cristalino. El micr\u00f3fono incorporado y el dise\u00f1o de cancelaci\u00f3n de ruido, tanto el auricular izquierdo como el derecho soportan responder y colgar llamadas, brind\u00e1ndole una grata experiencia de llamada.<\/p>\n","protected":false},"featured_media":1570,"comment_status":"open","ping_status":"closed","template":"","meta":[],"product_cat":[969,968,293,19],"product_tag":[],"yoast_head":"<!-- This site is optimized with the Yoast SEO plugin v22.4 - https:\/\/yoast.com\/wordpress\/plugins\/seo\/ -->\n<title>Lrecat Auriculares Inal\u00e1mbricos, Auriculares Bluetooth 5.3 Est\u00e9reo con HD Micr\u00f3fono - Material Educativo<\/title>\n<meta name=\"robots\" content=\"index, follow, max-snippet:-1, max-image-preview:large, max-video-preview:-1\" \/>\n<link rel=\"canonical\" href=\"https:\/\/educativosmeninheira.com\/materialeducativo\/producto\/cascos-inalambricos-auriculares-bluetooth-5-1-mini-impermeable-ip7-con-mic-dual-auriculares-inalambricos-con-pantalla-led-y-control-tactil-earbuds-deportivos-con-usb-carga-rapida-reproduccion-35h\/\" \/>\n<meta property=\"og:locale\" content=\"es_ES\" \/>\n<meta property=\"og:type\" content=\"article\" \/>\n<meta property=\"og:title\" content=\"Lrecat Auriculares Inal\u00e1mbricos, Auriculares Bluetooth 5.3 Est\u00e9reo con HD Micr\u00f3fono - Material Educativo\" \/>\n<meta property=\"og:description\" content=\"Dise\u00f1o Mini, Uso ultraligero y c\u00f3modo: i11 auriculares inal\u00e1mbricos Bluetooth, son probablemente los m\u00e1s peque\u00f1os en la historia de los auriculares Lrecat. El tama\u00f1o de este \u00fanico auricular Bluetooth es de 23 * 18 * 13 mm, Con un solo auriculares inal\u00e1mbrico que pesa 4.3g y el estuche de carga que pesa 45g, el dise\u00f1o compacto y port\u00e1til ofrece una textura visible. Los aud\u00edfonos con forma de en la oreja permiten un uso prolongado sin ninguna molestia. Bluetooth 5.1 Avanzada y Acoplamiento Autom\u00e1tico R\u00e1pido: Estos auriculares Bluetooth adoptan la tecnolog\u00eda Bluetooth 5.1 m\u00e1s avanzada para garantizar una conexi\u00f3n m\u00e1s estable, menor latancia y menor consumo de energ\u00eda durante la transmisi\u00f3n de datos con un rango de recepci\u00f3n de se\u00f1al de hasta 15 metros. Solo saque auriculares bluetooth del estuche de carga, se volver\u00e1n a conectar con el \u00faltimo dispositivo conectado autom\u00e1ticamente, es conveniente y r\u00e1pido, sin esperas. Est\u00e9reo y Micr\u00f3fono: Los auriculares Bluetooth para ofrecen una calidad de audio similar a la de CD con una conexi\u00f3n inal\u00e1mbrica estable y de baja latencia para crear un sonido cristalino. El micr\u00f3fono incorporado y el dise\u00f1o de cancelaci\u00f3n de ruido, tanto el auricular izquierdo como el derecho soportan responder y colgar llamadas, brind\u00e1ndole una grata experiencia de llamada.\" \/>\n<meta property=\"og:url\" content=\"https:\/\/educativosmeninheira.com\/materialeducativo\/producto\/cascos-inalambricos-auriculares-bluetooth-5-1-mini-impermeable-ip7-con-mic-dual-auriculares-inalambricos-con-pantalla-led-y-control-tactil-earbuds-deportivos-con-usb-carga-rapida-reproduccion-35h\/\" \/>\n<meta property=\"og:site_name\" content=\"Material Educativo\" \/>\n<meta property=\"article:modified_time\" content=\"2023-04-05T04:00:21+00:00\" \/>\n<meta property=\"og:image\" content=\"https:\/\/educativosmeninheira.com\/materialeducativo\/wp-content\/uploads\/https:\/\/m.media-amazon.com\/images\/I\/41941VoTElL._SL500_.jpg\" \/>\n\t<meta property=\"og:image:width\" content=\"500\" \/>\n\t<meta property=\"og:image:height\" content=\"500\" \/>\n\t<meta property=\"og:image:type\" content=\"image\/jpeg\" \/>\n<meta name=\"twitter:card\" content=\"summary_large_image\" \/>\n<meta name=\"twitter:label1\" content=\"Tiempo de lectura\" \/>\n\t<meta name=\"twitter:data1\" content=\"2 minutos\" \/>\n<script type=\"application\/ld+json\" class=\"yoast-schema-graph\">{\"@context\":\"https:\/\/schema.org\",\"@graph\":[{\"@type\":\"WebPage\",\"@id\":\"https:\/\/educativosmeninheira.com\/materialeducativo\/producto\/cascos-inalambricos-auriculares-bluetooth-5-1-mini-impermeable-ip7-con-mic-dual-auriculares-inalambricos-con-pantalla-led-y-control-tactil-earbuds-deportivos-con-usb-carga-rapida-reproduccion-35h\/\",\"url\":\"https:\/\/educativosmeninheira.com\/materialeducativo\/producto\/cascos-inalambricos-auriculares-bluetooth-5-1-mini-impermeable-ip7-con-mic-dual-auriculares-inalambricos-con-pantalla-led-y-control-tactil-earbuds-deportivos-con-usb-carga-rapida-reproduccion-35h\/\",\"name\":\"Lrecat Auriculares Inal\u00e1mbricos, Auriculares Bluetooth 5.3 Est\u00e9reo con HD Micr\u00f3fono - Material Educativo\",\"isPartOf\":{\"@id\":\"https:\/\/educativosmeninheira.com\/materialeducativo\/#website\"},\"primaryImageOfPage\":{\"@id\":\"https:\/\/educativosmeninheira.com\/materialeducativo\/producto\/cascos-inalambricos-auriculares-bluetooth-5-1-mini-impermeable-ip7-con-mic-dual-auriculares-inalambricos-con-pantalla-led-y-control-tactil-earbuds-deportivos-con-usb-carga-rapida-reproduccion-35h\/#primaryimage\"},\"image\":{\"@id\":\"https:\/\/educativosmeninheira.com\/materialeducativo\/producto\/cascos-inalambricos-auriculares-bluetooth-5-1-mini-impermeable-ip7-con-mic-dual-auriculares-inalambricos-con-pantalla-led-y-control-tactil-earbuds-deportivos-con-usb-carga-rapida-reproduccion-35h\/#primaryimage\"},\"thumbnailUrl\":\"https:\/\/educativosmeninheira.com\/materialeducativo\/wp-content\/uploads\/https:\/\/m.media-amazon.com\/images\/I\/41941VoTElL._SL500_.jpg\",\"datePublished\":\"2022-04-24T21:03:10+00:00\",\"dateModified\":\"2023-04-05T04:00:21+00:00\",\"breadcrumb\":{\"@id\":\"https:\/\/educativosmeninheira.com\/materialeducativo\/producto\/cascos-inalambricos-auriculares-bluetooth-5-1-mini-impermeable-ip7-con-mic-dual-auriculares-inalambricos-con-pantalla-led-y-control-tactil-earbuds-deportivos-con-usb-carga-rapida-reproduccion-35h\/#breadcrumb\"},\"inLanguage\":\"es\",\"potentialAction\":[{\"@type\":\"ReadAction\",\"target\":[\"https:\/\/educativosmeninheira.com\/materialeducativo\/producto\/cascos-inalambricos-auriculares-bluetooth-5-1-mini-impermeable-ip7-con-mic-dual-auriculares-inalambricos-con-pantalla-led-y-control-tactil-earbuds-deportivos-con-usb-carga-rapida-reproduccion-35h\/\"]}]},{\"@type\":\"ImageObject\",\"inLanguage\":\"es\",\"@id\":\"https:\/\/educativosmeninheira.com\/materialeducativo\/producto\/cascos-inalambricos-auriculares-bluetooth-5-1-mini-impermeable-ip7-con-mic-dual-auriculares-inalambricos-con-pantalla-led-y-control-tactil-earbuds-deportivos-con-usb-carga-rapida-reproduccion-35h\/#primaryimage\",\"url\":\"https:\/\/educativosmeninheira.com\/materialeducativo\/wp-content\/uploads\/https:\/\/m.media-amazon.com\/images\/I\/41941VoTElL._SL500_.jpg\",\"contentUrl\":\"https:\/\/educativosmeninheira.com\/materialeducativo\/wp-content\/uploads\/https:\/\/m.media-amazon.com\/images\/I\/41941VoTElL._SL500_.jpg\",\"width\":500,\"height\":500},{\"@type\":\"BreadcrumbList\",\"@id\":\"https:\/\/educativosmeninheira.com\/materialeducativo\/producto\/cascos-inalambricos-auriculares-bluetooth-5-1-mini-impermeable-ip7-con-mic-dual-auriculares-inalambricos-con-pantalla-led-y-control-tactil-earbuds-deportivos-con-usb-carga-rapida-reproduccion-35h\/#breadcrumb\",\"itemListElement\":[{\"@type\":\"ListItem\",\"position\":1,\"name\":\"Home\",\"item\":\"https:\/\/educativosmeninheira.com\/materialeducativo\/\"},{\"@type\":\"ListItem\",\"position\":2,\"name\":\"Material Educativo\",\"item\":\"https:\/\/educativosmeninheira.com\/materialeducativo\/\"},{\"@type\":\"ListItem\",\"position\":3,\"name\":\"Lrecat Auriculares Inal\u00e1mbricos, Auriculares Bluetooth 5.3 Est\u00e9reo con HD Micr\u00f3fono\"}]},{\"@type\":\"WebSite\",\"@id\":\"https:\/\/educativosmeninheira.com\/materialeducativo\/#website\",\"url\":\"https:\/\/educativosmeninheira.com\/materialeducativo\/\",\"name\":\"Material Educativo\",\"description\":\"Materiales complementarios para los imprimibles de Educativos meninheira\",\"publisher\":{\"@id\":\"https:\/\/educativosmeninheira.com\/materialeducativo\/#organization\"},\"potentialAction\":[{\"@type\":\"SearchAction\",\"target\":{\"@type\":\"EntryPoint\",\"urlTemplate\":\"https:\/\/educativosmeninheira.com\/materialeducativo\/?s={search_term_string}\"},\"query-input\":\"required name=search_term_string\"}],\"inLanguage\":\"es\"},{\"@type\":\"Organization\",\"@id\":\"https:\/\/educativosmeninheira.com\/materialeducativo\/#organization\",\"name\":\"Material Educativo\",\"url\":\"https:\/\/educativosmeninheira.com\/materialeducativo\/\",\"logo\":{\"@type\":\"ImageObject\",\"inLanguage\":\"es\",\"@id\":\"https:\/\/educativosmeninheira.com\/materialeducativo\/#\/schema\/logo\/image\/\",\"url\":\"https:\/\/educativosmeninheira.com\/materialeducativo\/wp-content\/uploads\/2021\/03\/LOGO-Educativos-meninheira-big.png\",\"contentUrl\":\"https:\/\/educativosmeninheira.com\/materialeducativo\/wp-content\/uploads\/2021\/03\/LOGO-Educativos-meninheira-big.png\",\"width\":2018,\"height\":920,\"caption\":\"Material Educativo\"},\"image\":{\"@id\":\"https:\/\/educativosmeninheira.com\/materialeducativo\/#\/schema\/logo\/image\/\"}}]}<\/script>\n<!-- \/ Yoast SEO plugin. -->","yoast_head_json":{"title":"Lrecat Auriculares Inal\u00e1mbricos, Auriculares Bluetooth 5.3 Est\u00e9reo con HD Micr\u00f3fono - Material Educativo","robots":{"index":"index","follow":"follow","max-snippet":"max-snippet:-1","max-image-preview":"max-image-preview:large","max-video-preview":"max-video-preview:-1"},"canonical":"https:\/\/educativosmeninheira.com\/materialeducativo\/producto\/cascos-inalambricos-auriculares-bluetooth-5-1-mini-impermeable-ip7-con-mic-dual-auriculares-inalambricos-con-pantalla-led-y-control-tactil-earbuds-deportivos-con-usb-carga-rapida-reproduccion-35h\/","og_locale":"es_ES","og_type":"article","og_title":"Lrecat Auriculares Inal\u00e1mbricos, Auriculares Bluetooth 5.3 Est\u00e9reo con HD Micr\u00f3fono - Material Educativo","og_description":"Dise\u00f1o Mini, Uso ultraligero y c\u00f3modo: i11 auriculares inal\u00e1mbricos Bluetooth, son probablemente los m\u00e1s peque\u00f1os en la historia de los auriculares Lrecat. El tama\u00f1o de este \u00fanico auricular Bluetooth es de 23 * 18 * 13 mm, Con un solo auriculares inal\u00e1mbrico que pesa 4.3g y el estuche de carga que pesa 45g, el dise\u00f1o compacto y port\u00e1til ofrece una textura visible. Los aud\u00edfonos con forma de en la oreja permiten un uso prolongado sin ninguna molestia. Bluetooth 5.1 Avanzada y Acoplamiento Autom\u00e1tico R\u00e1pido: Estos auriculares Bluetooth adoptan la tecnolog\u00eda Bluetooth 5.1 m\u00e1s avanzada para garantizar una conexi\u00f3n m\u00e1s estable, menor latancia y menor consumo de energ\u00eda durante la transmisi\u00f3n de datos con un rango de recepci\u00f3n de se\u00f1al de hasta 15 metros. Solo saque auriculares bluetooth del estuche de carga, se volver\u00e1n a conectar con el \u00faltimo dispositivo conectado autom\u00e1ticamente, es conveniente y r\u00e1pido, sin esperas. Est\u00e9reo y Micr\u00f3fono: Los auriculares Bluetooth para ofrecen una calidad de audio similar a la de CD con una conexi\u00f3n inal\u00e1mbrica estable y de baja latencia para crear un sonido cristalino. El micr\u00f3fono incorporado y el dise\u00f1o de cancelaci\u00f3n de ruido, tanto el auricular izquierdo como el derecho soportan responder y colgar llamadas, brind\u00e1ndole una grata experiencia de llamada.","og_url":"https:\/\/educativosmeninheira.com\/materialeducativo\/producto\/cascos-inalambricos-auriculares-bluetooth-5-1-mini-impermeable-ip7-con-mic-dual-auriculares-inalambricos-con-pantalla-led-y-control-tactil-earbuds-deportivos-con-usb-carga-rapida-reproduccion-35h\/","og_site_name":"Material Educativo","article_modified_time":"2023-04-05T04:00:21+00:00","og_image":[{"width":500,"height":500,"url":"https:\/\/educativosmeninheira.com\/materialeducativo\/wp-content\/uploads\/https:\/\/m.media-amazon.com\/images\/I\/41941VoTElL._SL500_.jpg","type":"image\/jpeg"}],"twitter_card":"summary_large_image","twitter_misc":{"Tiempo de lectura":"2 minutos"},"schema":{"@context":"https:\/\/schema.org","@graph":[{"@type":"WebPage","@id":"https:\/\/educativosmeninheira.com\/materialeducativo\/producto\/cascos-inalambricos-auriculares-bluetooth-5-1-mini-impermeable-ip7-con-mic-dual-auriculares-inalambricos-con-pantalla-led-y-control-tactil-earbuds-deportivos-con-usb-carga-rapida-reproduccion-35h\/","url":"https:\/\/educativosmeninheira.com\/materialeducativo\/producto\/cascos-inalambricos-auriculares-bluetooth-5-1-mini-impermeable-ip7-con-mic-dual-auriculares-inalambricos-con-pantalla-led-y-control-tactil-earbuds-deportivos-con-usb-carga-rapida-reproduccion-35h\/","name":"Lrecat Auriculares Inal\u00e1mbricos, Auriculares Bluetooth 5.3 Est\u00e9reo con HD Micr\u00f3fono - Material Educativo","isPartOf":{"@id":"https:\/\/educativosmeninheira.com\/materialeducativo\/#website"},"primaryImageOfPage":{"@id":"https:\/\/educativosmeninheira.com\/materialeducativo\/producto\/cascos-inalambricos-auriculares-bluetooth-5-1-mini-impermeable-ip7-con-mic-dual-auriculares-inalambricos-con-pantalla-led-y-control-tactil-earbuds-deportivos-con-usb-carga-rapida-reproduccion-35h\/#primaryimage"},"image":{"@id":"https:\/\/educativosmeninheira.com\/materialeducativo\/producto\/cascos-inalambricos-auriculares-bluetooth-5-1-mini-impermeable-ip7-con-mic-dual-auriculares-inalambricos-con-pantalla-led-y-control-tactil-earbuds-deportivos-con-usb-carga-rapida-reproduccion-35h\/#primaryimage"},"thumbnailUrl":"https:\/\/educativosmeninheira.com\/materialeducativo\/wp-content\/uploads\/https:\/\/m.media-amazon.com\/images\/I\/41941VoTElL._SL500_.jpg","datePublished":"2022-04-24T21:03:10+00:00","dateModified":"2023-04-05T04:00:21+00:00","breadcrumb":{"@id":"https:\/\/educativosmeninheira.com\/materialeducativo\/producto\/cascos-inalambricos-auriculares-bluetooth-5-1-mini-impermeable-ip7-con-mic-dual-auriculares-inalambricos-con-pantalla-led-y-control-tactil-earbuds-deportivos-con-usb-carga-rapida-reproduccion-35h\/#breadcrumb"},"inLanguage":"es","potentialAction":[{"@type":"ReadAction","target":["https:\/\/educativosmeninheira.com\/materialeducativo\/producto\/cascos-inalambricos-auriculares-bluetooth-5-1-mini-impermeable-ip7-con-mic-dual-auriculares-inalambricos-con-pantalla-led-y-control-tactil-earbuds-deportivos-con-usb-carga-rapida-reproduccion-35h\/"]}]},{"@type":"ImageObject","inLanguage":"es","@id":"https:\/\/educativosmeninheira.com\/materialeducativo\/producto\/cascos-inalambricos-auriculares-bluetooth-5-1-mini-impermeable-ip7-con-mic-dual-auriculares-inalambricos-con-pantalla-led-y-control-tactil-earbuds-deportivos-con-usb-carga-rapida-reproduccion-35h\/#primaryimage","url":"https:\/\/educativosmeninheira.com\/materialeducativo\/wp-content\/uploads\/https:\/\/m.media-amazon.com\/images\/I\/41941VoTElL._SL500_.jpg","contentUrl":"https:\/\/educativosmeninheira.com\/materialeducativo\/wp-content\/uploads\/https:\/\/m.media-amazon.com\/images\/I\/41941VoTElL._SL500_.jpg","width":500,"height":500},{"@type":"BreadcrumbList","@id":"https:\/\/educativosmeninheira.com\/materialeducativo\/producto\/cascos-inalambricos-auriculares-bluetooth-5-1-mini-impermeable-ip7-con-mic-dual-auriculares-inalambricos-con-pantalla-led-y-control-tactil-earbuds-deportivos-con-usb-carga-rapida-reproduccion-35h\/#breadcrumb","itemListElement":[{"@type":"ListItem","position":1,"name":"Home","item":"https:\/\/educativosmeninheira.com\/materialeducativo\/"},{"@type":"ListItem","position":2,"name":"Material Educativo","item":"https:\/\/educativosmeninheira.com\/materialeducativo\/"},{"@type":"ListItem","position":3,"name":"Lrecat Auriculares Inal\u00e1mbricos, Auriculares Bluetooth 5.3 Est\u00e9reo con HD Micr\u00f3fono"}]},{"@type":"WebSite","@id":"https:\/\/educativosmeninheira.com\/materialeducativo\/#website","url":"https:\/\/educativosmeninheira.com\/materialeducativo\/","name":"Material Educativo","description":"Materiales complementarios para los imprimibles de Educativos meninheira","publisher":{"@id":"https:\/\/educativosmeninheira.com\/materialeducativo\/#organization"},"potentialAction":[{"@type":"SearchAction","target":{"@type":"EntryPoint","urlTemplate":"https:\/\/educativosmeninheira.com\/materialeducativo\/?s={search_term_string}"},"query-input":"required name=search_term_string"}],"inLanguage":"es"},{"@type":"Organization","@id":"https:\/\/educativosmeninheira.com\/materialeducativo\/#organization","name":"Material Educativo","url":"https:\/\/educativosmeninheira.com\/materialeducativo\/","logo":{"@type":"ImageObject","inLanguage":"es","@id":"https:\/\/educativosmeninheira.com\/materialeducativo\/#\/schema\/logo\/image\/","url":"https:\/\/educativosmeninheira.com\/materialeducativo\/wp-content\/uploads\/2021\/03\/LOGO-Educativos-meninheira-big.png","contentUrl":"https:\/\/educativosmeninheira.com\/materialeducativo\/wp-content\/uploads\/2021\/03\/LOGO-Educativos-meninheira-big.png","width":2018,"height":920,"caption":"Material Educativo"},"image":{"@id":"https:\/\/educativosmeninheira.com\/materialeducativo\/#\/schema\/logo\/image\/"}}]}},"_links":{"self":[{"href":"https:\/\/educativosmeninheira.com\/materialeducativo\/wp-json\/wp\/v2\/product\/1569"}],"collection":[{"href":"https:\/\/educativosmeninheira.com\/materialeducativo\/wp-json\/wp\/v2\/product"}],"about":[{"href":"https:\/\/educativosmeninheira.com\/materialeducativo\/wp-json\/wp\/v2\/types\/product"}],"replies":[{"embeddable":true,"href":"https:\/\/educativosmeninheira.com\/materialeducativo\/wp-json\/wp\/v2\/comments?post=1569"}],"version-history":[{"count":3,"href":"https:\/\/educativosmeninheira.com\/materialeducativo\/wp-json\/wp\/v2\/product\/1569\/revisions"}],"predecessor-version":[{"id":2018,"href":"https:\/\/educativosmeninheira.com\/materialeducativo\/wp-json\/wp\/v2\/product\/1569\/revisions\/2018"}],"wp:featuredmedia":[{"embeddable":true,"href":"https:\/\/educativosmeninheira.com\/materialeducativo\/wp-json\/wp\/v2\/media\/1570"}],"wp:attachment":[{"href":"https:\/\/educativosmeninheira.com\/materialeducativo\/wp-json\/wp\/v2\/media?parent=1569"}],"wp:term":[{"taxonomy":"product_cat","embeddable":true,"href":"https:\/\/educativosmeninheira.com\/materialeducativo\/wp-json\/wp\/v2\/product_cat?post=1569"},{"taxonomy":"product_tag","embeddable":true,"href":"https:\/\/educativosmeninheira.com\/materialeducativo\/wp-json\/wp\/v2\/product_tag?post=1569"}],"curies":[{"name":"wp","href":"https:\/\/api.w.org\/{rel}","templated":true}]}}