{"id":1983,"date":"2022-12-09T01:17:28","date_gmt":"2022-12-09T00:17:28","guid":{"rendered":"https:\/\/educativosmeninheira.com\/materialeducativo\/producto\/guia-para-el-embarazo-y-el-primer-ano-de-maternidad-2-libros-en-1-desde-que-descubriste-que-estabas-prenada-al-parto-consciente-posparto-los-primeros-meses-de-vida-de-tu-bebe-y-el-destete\/"},"modified":"2023-04-06T05:17:04","modified_gmt":"2023-04-06T04:17:04","slug":"guia-para-el-embarazo-y-el-primer-ano-de-maternidad-2-libros-en-1-desde-que-descubriste-que-estabas-prenada-al-parto-consciente-posparto-los-primeros-meses-de-vida-de-tu-bebe-y-el-destete","status":"publish","type":"product","link":"https:\/\/educativosmeninheira.com\/materialeducativo\/producto\/guia-para-el-embarazo-y-el-primer-ano-de-maternidad-2-libros-en-1-desde-que-descubriste-que-estabas-prenada-al-parto-consciente-posparto-los-primeros-meses-de-vida-de-tu-bebe-y-el-destete\/","title":{"rendered":"GU\u00cdA PARA EL EMBARAZO Y EL PRIMER A\u00d1O DE MATERNIDAD &#8211; 2 LIBROS EN 1 : Desde que Descubriste que estabas Pre\u00f1ada al Parto\u2026"},"content":{"rendered":"<p>[amz_corss_sell asin=\u00bbB0BN2882F6&#8243;]<\/p>\n","protected":false},"excerpt":{"rendered":"<p>[amz_corss_sell asin=\u00bbB0BN2882F6&#8243;]<\/p>\n","protected":false},"featured_media":1984,"comment_status":"open","ping_status":"closed","template":"","meta":[],"product_cat":[1939,1938,709,1884,19,33,46,27,45],"product_tag":[],"yoast_head":"<!-- This site is optimized with the Yoast SEO plugin v22.4 - https:\/\/yoast.com\/wordpress\/plugins\/seo\/ -->\n<title>GU\u00cdA PARA EL EMBARAZO Y EL PRIMER A\u00d1O DE MATERNIDAD - 2 LIBROS EN 1 : Desde que Descubriste que estabas Pre\u00f1ada al Parto\u2026 - Material Educativo<\/title>\n<meta name=\"robots\" content=\"index, follow, max-snippet:-1, max-image-preview:large, max-video-preview:-1\" \/>\n<link rel=\"canonical\" href=\"https:\/\/educativosmeninheira.com\/materialeducativo\/producto\/guia-para-el-embarazo-y-el-primer-ano-de-maternidad-2-libros-en-1-desde-que-descubriste-que-estabas-prenada-al-parto-consciente-posparto-los-primeros-meses-de-vida-de-tu-bebe-y-el-destete\/\" \/>\n<meta property=\"og:locale\" content=\"es_ES\" \/>\n<meta property=\"og:type\" content=\"article\" \/>\n<meta property=\"og:title\" content=\"GU\u00cdA PARA EL EMBARAZO Y EL PRIMER A\u00d1O DE MATERNIDAD - 2 LIBROS EN 1 : Desde que Descubriste que estabas Pre\u00f1ada al Parto\u2026 - Material Educativo\" \/>\n<meta property=\"og:description\" content=\"[amz_corss_sell asin=\u00bbB0BN2882F6&#8243;]\" \/>\n<meta property=\"og:url\" content=\"https:\/\/educativosmeninheira.com\/materialeducativo\/producto\/guia-para-el-embarazo-y-el-primer-ano-de-maternidad-2-libros-en-1-desde-que-descubriste-que-estabas-prenada-al-parto-consciente-posparto-los-primeros-meses-de-vida-de-tu-bebe-y-el-destete\/\" \/>\n<meta property=\"og:site_name\" content=\"Material Educativo\" \/>\n<meta property=\"article:modified_time\" content=\"2023-04-06T04:17:04+00:00\" \/>\n<meta property=\"og:image\" content=\"https:\/\/educativosmeninheira.com\/materialeducativo\/wp-content\/uploads\/https:\/\/m.media-amazon.com\/images\/I\/51jQ-JaMfRL._SL500_.jpg\" \/>\n\t<meta property=\"og:image:width\" content=\"320\" \/>\n\t<meta property=\"og:image:height\" content=\"500\" \/>\n\t<meta property=\"og:image:type\" content=\"image\/jpeg\" \/>\n<meta name=\"twitter:card\" content=\"summary_large_image\" \/>\n<script type=\"application\/ld+json\" class=\"yoast-schema-graph\">{\"@context\":\"https:\/\/schema.org\",\"@graph\":[{\"@type\":\"WebPage\",\"@id\":\"https:\/\/educativosmeninheira.com\/materialeducativo\/producto\/guia-para-el-embarazo-y-el-primer-ano-de-maternidad-2-libros-en-1-desde-que-descubriste-que-estabas-prenada-al-parto-consciente-posparto-los-primeros-meses-de-vida-de-tu-bebe-y-el-destete\/\",\"url\":\"https:\/\/educativosmeninheira.com\/materialeducativo\/producto\/guia-para-el-embarazo-y-el-primer-ano-de-maternidad-2-libros-en-1-desde-que-descubriste-que-estabas-prenada-al-parto-consciente-posparto-los-primeros-meses-de-vida-de-tu-bebe-y-el-destete\/\",\"name\":\"GU\u00cdA PARA EL EMBARAZO Y EL PRIMER A\u00d1O DE MATERNIDAD - 2 LIBROS EN 1 : Desde que Descubriste que estabas Pre\u00f1ada al Parto\u2026 - Material Educativo\",\"isPartOf\":{\"@id\":\"https:\/\/educativosmeninheira.com\/materialeducativo\/#website\"},\"primaryImageOfPage\":{\"@id\":\"https:\/\/educativosmeninheira.com\/materialeducativo\/producto\/guia-para-el-embarazo-y-el-primer-ano-de-maternidad-2-libros-en-1-desde-que-descubriste-que-estabas-prenada-al-parto-consciente-posparto-los-primeros-meses-de-vida-de-tu-bebe-y-el-destete\/#primaryimage\"},\"image\":{\"@id\":\"https:\/\/educativosmeninheira.com\/materialeducativo\/producto\/guia-para-el-embarazo-y-el-primer-ano-de-maternidad-2-libros-en-1-desde-que-descubriste-que-estabas-prenada-al-parto-consciente-posparto-los-primeros-meses-de-vida-de-tu-bebe-y-el-destete\/#primaryimage\"},\"thumbnailUrl\":\"https:\/\/educativosmeninheira.com\/materialeducativo\/wp-content\/uploads\/https:\/\/m.media-amazon.com\/images\/I\/51jQ-JaMfRL._SL500_.jpg\",\"datePublished\":\"2022-12-09T00:17:28+00:00\",\"dateModified\":\"2023-04-06T04:17:04+00:00\",\"breadcrumb\":{\"@id\":\"https:\/\/educativosmeninheira.com\/materialeducativo\/producto\/guia-para-el-embarazo-y-el-primer-ano-de-maternidad-2-libros-en-1-desde-que-descubriste-que-estabas-prenada-al-parto-consciente-posparto-los-primeros-meses-de-vida-de-tu-bebe-y-el-destete\/#breadcrumb\"},\"inLanguage\":\"es\",\"potentialAction\":[{\"@type\":\"ReadAction\",\"target\":[\"https:\/\/educativosmeninheira.com\/materialeducativo\/producto\/guia-para-el-embarazo-y-el-primer-ano-de-maternidad-2-libros-en-1-desde-que-descubriste-que-estabas-prenada-al-parto-consciente-posparto-los-primeros-meses-de-vida-de-tu-bebe-y-el-destete\/\"]}]},{\"@type\":\"ImageObject\",\"inLanguage\":\"es\",\"@id\":\"https:\/\/educativosmeninheira.com\/materialeducativo\/producto\/guia-para-el-embarazo-y-el-primer-ano-de-maternidad-2-libros-en-1-desde-que-descubriste-que-estabas-prenada-al-parto-consciente-posparto-los-primeros-meses-de-vida-de-tu-bebe-y-el-destete\/#primaryimage\",\"url\":\"https:\/\/educativosmeninheira.com\/materialeducativo\/wp-content\/uploads\/https:\/\/m.media-amazon.com\/images\/I\/51jQ-JaMfRL._SL500_.jpg\",\"contentUrl\":\"https:\/\/educativosmeninheira.com\/materialeducativo\/wp-content\/uploads\/https:\/\/m.media-amazon.com\/images\/I\/51jQ-JaMfRL._SL500_.jpg\",\"width\":320,\"height\":500},{\"@type\":\"BreadcrumbList\",\"@id\":\"https:\/\/educativosmeninheira.com\/materialeducativo\/producto\/guia-para-el-embarazo-y-el-primer-ano-de-maternidad-2-libros-en-1-desde-que-descubriste-que-estabas-prenada-al-parto-consciente-posparto-los-primeros-meses-de-vida-de-tu-bebe-y-el-destete\/#breadcrumb\",\"itemListElement\":[{\"@type\":\"ListItem\",\"position\":1,\"name\":\"Home\",\"item\":\"https:\/\/educativosmeninheira.com\/materialeducativo\/\"},{\"@type\":\"ListItem\",\"position\":2,\"name\":\"Material Educativo\",\"item\":\"https:\/\/educativosmeninheira.com\/materialeducativo\/\"},{\"@type\":\"ListItem\",\"position\":3,\"name\":\"GU\u00cdA PARA EL EMBARAZO Y EL PRIMER A\u00d1O DE MATERNIDAD &#8211; 2 LIBROS EN 1 : Desde que Descubriste que estabas Pre\u00f1ada al Parto\u2026\"}]},{\"@type\":\"WebSite\",\"@id\":\"https:\/\/educativosmeninheira.com\/materialeducativo\/#website\",\"url\":\"https:\/\/educativosmeninheira.com\/materialeducativo\/\",\"name\":\"Material Educativo\",\"description\":\"Materiales complementarios para los imprimibles de Educativos meninheira\",\"publisher\":{\"@id\":\"https:\/\/educativosmeninheira.com\/materialeducativo\/#organization\"},\"potentialAction\":[{\"@type\":\"SearchAction\",\"target\":{\"@type\":\"EntryPoint\",\"urlTemplate\":\"https:\/\/educativosmeninheira.com\/materialeducativo\/?s={search_term_string}\"},\"query-input\":\"required name=search_term_string\"}],\"inLanguage\":\"es\"},{\"@type\":\"Organization\",\"@id\":\"https:\/\/educativosmeninheira.com\/materialeducativo\/#organization\",\"name\":\"Material Educativo\",\"url\":\"https:\/\/educativosmeninheira.com\/materialeducativo\/\",\"logo\":{\"@type\":\"ImageObject\",\"inLanguage\":\"es\",\"@id\":\"https:\/\/educativosmeninheira.com\/materialeducativo\/#\/schema\/logo\/image\/\",\"url\":\"https:\/\/educativosmeninheira.com\/materialeducativo\/wp-content\/uploads\/2021\/03\/LOGO-Educativos-meninheira-big.png\",\"contentUrl\":\"https:\/\/educativosmeninheira.com\/materialeducativo\/wp-content\/uploads\/2021\/03\/LOGO-Educativos-meninheira-big.png\",\"width\":2018,\"height\":920,\"caption\":\"Material Educativo\"},\"image\":{\"@id\":\"https:\/\/educativosmeninheira.com\/materialeducativo\/#\/schema\/logo\/image\/\"}}]}<\/script>\n<!-- \/ Yoast SEO plugin. -->","yoast_head_json":{"title":"GU\u00cdA PARA EL EMBARAZO Y EL PRIMER A\u00d1O DE MATERNIDAD - 2 LIBROS EN 1 : Desde que Descubriste que estabas Pre\u00f1ada al Parto\u2026 - Material Educativo","robots":{"index":"index","follow":"follow","max-snippet":"max-snippet:-1","max-image-preview":"max-image-preview:large","max-video-preview":"max-video-preview:-1"},"canonical":"https:\/\/educativosmeninheira.com\/materialeducativo\/producto\/guia-para-el-embarazo-y-el-primer-ano-de-maternidad-2-libros-en-1-desde-que-descubriste-que-estabas-prenada-al-parto-consciente-posparto-los-primeros-meses-de-vida-de-tu-bebe-y-el-destete\/","og_locale":"es_ES","og_type":"article","og_title":"GU\u00cdA PARA EL EMBARAZO Y EL PRIMER A\u00d1O DE MATERNIDAD - 2 LIBROS EN 1 : Desde que Descubriste que estabas Pre\u00f1ada al Parto\u2026 - Material Educativo","og_description":"[amz_corss_sell asin=\u00bbB0BN2882F6&#8243;]","og_url":"https:\/\/educativosmeninheira.com\/materialeducativo\/producto\/guia-para-el-embarazo-y-el-primer-ano-de-maternidad-2-libros-en-1-desde-que-descubriste-que-estabas-prenada-al-parto-consciente-posparto-los-primeros-meses-de-vida-de-tu-bebe-y-el-destete\/","og_site_name":"Material Educativo","article_modified_time":"2023-04-06T04:17:04+00:00","og_image":[{"width":320,"height":500,"url":"https:\/\/educativosmeninheira.com\/materialeducativo\/wp-content\/uploads\/https:\/\/m.media-amazon.com\/images\/I\/51jQ-JaMfRL._SL500_.jpg","type":"image\/jpeg"}],"twitter_card":"summary_large_image","schema":{"@context":"https:\/\/schema.org","@graph":[{"@type":"WebPage","@id":"https:\/\/educativosmeninheira.com\/materialeducativo\/producto\/guia-para-el-embarazo-y-el-primer-ano-de-maternidad-2-libros-en-1-desde-que-descubriste-que-estabas-prenada-al-parto-consciente-posparto-los-primeros-meses-de-vida-de-tu-bebe-y-el-destete\/","url":"https:\/\/educativosmeninheira.com\/materialeducativo\/producto\/guia-para-el-embarazo-y-el-primer-ano-de-maternidad-2-libros-en-1-desde-que-descubriste-que-estabas-prenada-al-parto-consciente-posparto-los-primeros-meses-de-vida-de-tu-bebe-y-el-destete\/","name":"GU\u00cdA PARA EL EMBARAZO Y EL PRIMER A\u00d1O DE MATERNIDAD - 2 LIBROS EN 1 : Desde que Descubriste que estabas Pre\u00f1ada al Parto\u2026 - Material Educativo","isPartOf":{"@id":"https:\/\/educativosmeninheira.com\/materialeducativo\/#website"},"primaryImageOfPage":{"@id":"https:\/\/educativosmeninheira.com\/materialeducativo\/producto\/guia-para-el-embarazo-y-el-primer-ano-de-maternidad-2-libros-en-1-desde-que-descubriste-que-estabas-prenada-al-parto-consciente-posparto-los-primeros-meses-de-vida-de-tu-bebe-y-el-destete\/#primaryimage"},"image":{"@id":"https:\/\/educativosmeninheira.com\/materialeducativo\/producto\/guia-para-el-embarazo-y-el-primer-ano-de-maternidad-2-libros-en-1-desde-que-descubriste-que-estabas-prenada-al-parto-consciente-posparto-los-primeros-meses-de-vida-de-tu-bebe-y-el-destete\/#primaryimage"},"thumbnailUrl":"https:\/\/educativosmeninheira.com\/materialeducativo\/wp-content\/uploads\/https:\/\/m.media-amazon.com\/images\/I\/51jQ-JaMfRL._SL500_.jpg","datePublished":"2022-12-09T00:17:28+00:00","dateModified":"2023-04-06T04:17:04+00:00","breadcrumb":{"@id":"https:\/\/educativosmeninheira.com\/materialeducativo\/producto\/guia-para-el-embarazo-y-el-primer-ano-de-maternidad-2-libros-en-1-desde-que-descubriste-que-estabas-prenada-al-parto-consciente-posparto-los-primeros-meses-de-vida-de-tu-bebe-y-el-destete\/#breadcrumb"},"inLanguage":"es","potentialAction":[{"@type":"ReadAction","target":["https:\/\/educativosmeninheira.com\/materialeducativo\/producto\/guia-para-el-embarazo-y-el-primer-ano-de-maternidad-2-libros-en-1-desde-que-descubriste-que-estabas-prenada-al-parto-consciente-posparto-los-primeros-meses-de-vida-de-tu-bebe-y-el-destete\/"]}]},{"@type":"ImageObject","inLanguage":"es","@id":"https:\/\/educativosmeninheira.com\/materialeducativo\/producto\/guia-para-el-embarazo-y-el-primer-ano-de-maternidad-2-libros-en-1-desde-que-descubriste-que-estabas-prenada-al-parto-consciente-posparto-los-primeros-meses-de-vida-de-tu-bebe-y-el-destete\/#primaryimage","url":"https:\/\/educativosmeninheira.com\/materialeducativo\/wp-content\/uploads\/https:\/\/m.media-amazon.com\/images\/I\/51jQ-JaMfRL._SL500_.jpg","contentUrl":"https:\/\/educativosmeninheira.com\/materialeducativo\/wp-content\/uploads\/https:\/\/m.media-amazon.com\/images\/I\/51jQ-JaMfRL._SL500_.jpg","width":320,"height":500},{"@type":"BreadcrumbList","@id":"https:\/\/educativosmeninheira.com\/materialeducativo\/producto\/guia-para-el-embarazo-y-el-primer-ano-de-maternidad-2-libros-en-1-desde-que-descubriste-que-estabas-prenada-al-parto-consciente-posparto-los-primeros-meses-de-vida-de-tu-bebe-y-el-destete\/#breadcrumb","itemListElement":[{"@type":"ListItem","position":1,"name":"Home","item":"https:\/\/educativosmeninheira.com\/materialeducativo\/"},{"@type":"ListItem","position":2,"name":"Material Educativo","item":"https:\/\/educativosmeninheira.com\/materialeducativo\/"},{"@type":"ListItem","position":3,"name":"GU\u00cdA PARA EL EMBARAZO Y EL PRIMER A\u00d1O DE MATERNIDAD &#8211; 2 LIBROS EN 1 : Desde que Descubriste que estabas Pre\u00f1ada al Parto\u2026"}]},{"@type":"WebSite","@id":"https:\/\/educativosmeninheira.com\/materialeducativo\/#website","url":"https:\/\/educativosmeninheira.com\/materialeducativo\/","name":"Material Educativo","description":"Materiales complementarios para los imprimibles de Educativos meninheira","publisher":{"@id":"https:\/\/educativosmeninheira.com\/materialeducativo\/#organization"},"potentialAction":[{"@type":"SearchAction","target":{"@type":"EntryPoint","urlTemplate":"https:\/\/educativosmeninheira.com\/materialeducativo\/?s={search_term_string}"},"query-input":"required name=search_term_string"}],"inLanguage":"es"},{"@type":"Organization","@id":"https:\/\/educativosmeninheira.com\/materialeducativo\/#organization","name":"Material Educativo","url":"https:\/\/educativosmeninheira.com\/materialeducativo\/","logo":{"@type":"ImageObject","inLanguage":"es","@id":"https:\/\/educativosmeninheira.com\/materialeducativo\/#\/schema\/logo\/image\/","url":"https:\/\/educativosmeninheira.com\/materialeducativo\/wp-content\/uploads\/2021\/03\/LOGO-Educativos-meninheira-big.png","contentUrl":"https:\/\/educativosmeninheira.com\/materialeducativo\/wp-content\/uploads\/2021\/03\/LOGO-Educativos-meninheira-big.png","width":2018,"height":920,"caption":"Material Educativo"},"image":{"@id":"https:\/\/educativosmeninheira.com\/materialeducativo\/#\/schema\/logo\/image\/"}}]}},"_links":{"self":[{"href":"https:\/\/educativosmeninheira.com\/materialeducativo\/wp-json\/wp\/v2\/product\/1983"}],"collection":[{"href":"https:\/\/educativosmeninheira.com\/materialeducativo\/wp-json\/wp\/v2\/product"}],"about":[{"href":"https:\/\/educativosmeninheira.com\/materialeducativo\/wp-json\/wp\/v2\/types\/product"}],"replies":[{"embeddable":true,"href":"https:\/\/educativosmeninheira.com\/materialeducativo\/wp-json\/wp\/v2\/comments?post=1983"}],"version-history":[{"count":1,"href":"https:\/\/educativosmeninheira.com\/materialeducativo\/wp-json\/wp\/v2\/product\/1983\/revisions"}],"predecessor-version":[{"id":1987,"href":"https:\/\/educativosmeninheira.com\/materialeducativo\/wp-json\/wp\/v2\/product\/1983\/revisions\/1987"}],"wp:featuredmedia":[{"embeddable":true,"href":"https:\/\/educativosmeninheira.com\/materialeducativo\/wp-json\/wp\/v2\/media\/1984"}],"wp:attachment":[{"href":"https:\/\/educativosmeninheira.com\/materialeducativo\/wp-json\/wp\/v2\/media?parent=1983"}],"wp:term":[{"taxonomy":"product_cat","embeddable":true,"href":"https:\/\/educativosmeninheira.com\/materialeducativo\/wp-json\/wp\/v2\/product_cat?post=1983"},{"taxonomy":"product_tag","embeddable":true,"href":"https:\/\/educativosmeninheira.com\/materialeducativo\/wp-json\/wp\/v2\/product_tag?post=1983"}],"curies":[{"name":"wp","href":"https:\/\/api.w.org\/{rel}","templated":true}]}}