{"id":440,"date":"2021-03-03T13:46:53","date_gmt":"2021-03-03T12:46:53","guid":{"rendered":"https:\/\/educativosmeninheira.com\/materialeducativo\/index.php\/producto\/mengger-modelos-moleculares-kit-96pcs-quimica-organica-e-inorganica-quimica-cientifica-atomia-atomizador-ensenanza-set-de-aprendizaje-molecular-modelo-molecular\/"},"modified":"2023-04-06T05:11:20","modified_gmt":"2023-04-06T04:11:20","slug":"mengger-modelos-moleculares-kit-96pcs-quimica-organica-e-inorganica-quimica-cientifica-atomia-atomizador-ensenanza-set-de-aprendizaje-molecular-modelo-molecular","status":"publish","type":"product","link":"https:\/\/educativosmeninheira.com\/materialeducativo\/producto\/mengger-modelos-moleculares-kit-96pcs-quimica-organica-e-inorganica-quimica-cientifica-atomia-atomizador-ensenanza-set-de-aprendizaje-molecular-modelo-molecular\/","title":{"rendered":"Mengger Modelos Moleculares Kit 96pcs Qu\u00edmica Org\u00e1nica e Inorg\u00e1nica Qu\u00edmica Cient\u00edfica atom\u00eda Atomizador ense\u00f1anza Set\u2026"},"content":{"rendered":"<p><div id='gallery-1' class='gallery galleryid-440 gallery-columns-3 gallery-size-thumbnail'><figure class='gallery-item'>\n\t\t\t<div class='gallery-icon landscape'>\n\t\t\t\t<a href='https:\/\/educativosmeninheira.com\/materialeducativo\/?attachment_id=441'><img decoding=\"async\" width=\"150\" height=\"150\" src=\"https:\/\/educativosmeninheira.com\/materialeducativo\/wp-content\/uploads\/https:\/\/m.media-amazon.com\/images\/I\/41tbeub2KoL._SS150_.jpg\" class=\"attachment-thumbnail size-thumbnail\" alt=\"\" srcset=\"https:\/\/educativosmeninheira.com\/materialeducativo\/wp-content\/uploads\/https:\/\/m.media-amazon.com\/images\/I\/41tbeub2KoL._SS150_.jpg 150w, https:\/\/educativosmeninheira.com\/materialeducativo\/wp-content\/uploads\/https:\/\/m.media-amazon.com\/images\/I\/41tbeub2KoL._SS300_.jpg 300w, https:\/\/educativosmeninheira.com\/materialeducativo\/wp-content\/uploads\/https:\/\/m.media-amazon.com\/images\/I\/41tbeub2KoL._SS768_.jpg 768w, https:\/\/educativosmeninheira.com\/materialeducativo\/wp-content\/uploads\/https:\/\/m.media-amazon.com\/images\/I\/41tbeub2KoL._SS1024_.jpg 1024w, https:\/\/educativosmeninheira.com\/materialeducativo\/wp-content\/uploads\/https:\/\/m.media-amazon.com\/images\/I\/41tbeub2KoL._SS1536_.jpg 1536w, https:\/\/educativosmeninheira.com\/materialeducativo\/wp-content\/uploads\/https:\/\/m.media-amazon.com\/images\/I\/41tbeub2KoL._SS2048_.jpg 2048w, https:\/\/educativosmeninheira.com\/materialeducativo\/wp-content\/uploads\/https:\/\/m.media-amazon.com\/images\/I\/41tbeub2KoL._SS1568_.jpg 1568w, https:\/\/educativosmeninheira.com\/materialeducativo\/wp-content\/uploads\/https:\/\/m.media-amazon.com\/images\/I\/41tbeub2KoL._SS450_.jpg 450w, https:\/\/educativosmeninheira.com\/materialeducativo\/wp-content\/uploads\/https:\/\/m.media-amazon.com\/images\/I\/41tbeub2KoL._SS600_.jpg 600w, https:\/\/educativosmeninheira.com\/materialeducativo\/wp-content\/uploads\/https:\/\/m.media-amazon.com\/images\/I\/41tbeub2KoL._SS100_.jpg 100w, https:\/\/educativosmeninheira.com\/materialeducativo\/wp-content\/uploads\/https:\/\/m.media-amazon.com\/images\/I\/41tbeub2KoL.jpg 500w\" sizes=\"(max-width: 150px) 100vw, 150px\" style=\"width:100%;height:100%;max-width:500px;\" \/><\/a>\n\t\t\t<\/div><\/figure><figure class='gallery-item'>\n\t\t\t<div class='gallery-icon landscape'>\n\t\t\t\t<a href='https:\/\/educativosmeninheira.com\/materialeducativo\/?attachment_id=442'><img decoding=\"async\" width=\"150\" height=\"150\" src=\"https:\/\/educativosmeninheira.com\/materialeducativo\/wp-content\/uploads\/https:\/\/m.media-amazon.com\/images\/I\/41c+eHFBxYL._SS150_.jpg\" class=\"attachment-thumbnail size-thumbnail\" alt=\"\" srcset=\"https:\/\/educativosmeninheira.com\/materialeducativo\/wp-content\/uploads\/https:\/\/m.media-amazon.com\/images\/I\/41c+eHFBxYL._SS150_.jpg 150w, https:\/\/educativosmeninheira.com\/materialeducativo\/wp-content\/uploads\/https:\/\/m.media-amazon.com\/images\/I\/41c+eHFBxYL._SS300_.jpg 300w, https:\/\/educativosmeninheira.com\/materialeducativo\/wp-content\/uploads\/https:\/\/m.media-amazon.com\/images\/I\/41c+eHFBxYL._SS768_.jpg 768w, https:\/\/educativosmeninheira.com\/materialeducativo\/wp-content\/uploads\/https:\/\/m.media-amazon.com\/images\/I\/41c+eHFBxYL._SS1024_.jpg 1024w, https:\/\/educativosmeninheira.com\/materialeducativo\/wp-content\/uploads\/https:\/\/m.media-amazon.com\/images\/I\/41c+eHFBxYL._SS1536_.jpg 1536w, https:\/\/educativosmeninheira.com\/materialeducativo\/wp-content\/uploads\/https:\/\/m.media-amazon.com\/images\/I\/41c+eHFBxYL._SS2048_.jpg 2048w, https:\/\/educativosmeninheira.com\/materialeducativo\/wp-content\/uploads\/https:\/\/m.media-amazon.com\/images\/I\/41c+eHFBxYL._SS1568_.jpg 1568w, https:\/\/educativosmeninheira.com\/materialeducativo\/wp-content\/uploads\/https:\/\/m.media-amazon.com\/images\/I\/41c+eHFBxYL._SS450_.jpg 450w, https:\/\/educativosmeninheira.com\/materialeducativo\/wp-content\/uploads\/https:\/\/m.media-amazon.com\/images\/I\/41c+eHFBxYL._SS600_.jpg 600w, https:\/\/educativosmeninheira.com\/materialeducativo\/wp-content\/uploads\/https:\/\/m.media-amazon.com\/images\/I\/41c+eHFBxYL._SS100_.jpg 100w, https:\/\/educativosmeninheira.com\/materialeducativo\/wp-content\/uploads\/https:\/\/m.media-amazon.com\/images\/I\/41c+eHFBxYL.jpg 500w\" sizes=\"(max-width: 150px) 100vw, 150px\" style=\"width:100%;height:100%;max-width:500px;\" \/><\/a>\n\t\t\t<\/div><\/figure><figure class='gallery-item'>\n\t\t\t<div class='gallery-icon landscape'>\n\t\t\t\t<a href='https:\/\/educativosmeninheira.com\/materialeducativo\/?attachment_id=443'><img decoding=\"async\" width=\"150\" height=\"150\" src=\"https:\/\/educativosmeninheira.com\/materialeducativo\/wp-content\/uploads\/https:\/\/m.media-amazon.com\/images\/I\/41iyZvqTcxL._SS150_.jpg\" class=\"attachment-thumbnail size-thumbnail\" alt=\"\" srcset=\"https:\/\/educativosmeninheira.com\/materialeducativo\/wp-content\/uploads\/https:\/\/m.media-amazon.com\/images\/I\/41iyZvqTcxL._SS150_.jpg 150w, https:\/\/educativosmeninheira.com\/materialeducativo\/wp-content\/uploads\/https:\/\/m.media-amazon.com\/images\/I\/41iyZvqTcxL._SS300_.jpg 300w, https:\/\/educativosmeninheira.com\/materialeducativo\/wp-content\/uploads\/https:\/\/m.media-amazon.com\/images\/I\/41iyZvqTcxL._SS768_.jpg 768w, https:\/\/educativosmeninheira.com\/materialeducativo\/wp-content\/uploads\/https:\/\/m.media-amazon.com\/images\/I\/41iyZvqTcxL._SS1024_.jpg 1024w, https:\/\/educativosmeninheira.com\/materialeducativo\/wp-content\/uploads\/https:\/\/m.media-amazon.com\/images\/I\/41iyZvqTcxL._SS1536_.jpg 1536w, https:\/\/educativosmeninheira.com\/materialeducativo\/wp-content\/uploads\/https:\/\/m.media-amazon.com\/images\/I\/41iyZvqTcxL._SS2048_.jpg 2048w, https:\/\/educativosmeninheira.com\/materialeducativo\/wp-content\/uploads\/https:\/\/m.media-amazon.com\/images\/I\/41iyZvqTcxL._SS1568_.jpg 1568w, https:\/\/educativosmeninheira.com\/materialeducativo\/wp-content\/uploads\/https:\/\/m.media-amazon.com\/images\/I\/41iyZvqTcxL._SS450_.jpg 450w, https:\/\/educativosmeninheira.com\/materialeducativo\/wp-content\/uploads\/https:\/\/m.media-amazon.com\/images\/I\/41iyZvqTcxL._SS600_.jpg 600w, https:\/\/educativosmeninheira.com\/materialeducativo\/wp-content\/uploads\/https:\/\/m.media-amazon.com\/images\/I\/41iyZvqTcxL._SS100_.jpg 100w, https:\/\/educativosmeninheira.com\/materialeducativo\/wp-content\/uploads\/https:\/\/m.media-amazon.com\/images\/I\/41iyZvqTcxL.jpg 500w\" sizes=\"(max-width: 150px) 100vw, 150px\" style=\"width:100%;height:100%;max-width:500px;\" \/><\/a>\n\t\t\t<\/div><\/figure><figure class='gallery-item'>\n\t\t\t<div class='gallery-icon landscape'>\n\t\t\t\t<a href='https:\/\/educativosmeninheira.com\/materialeducativo\/?attachment_id=444'><img loading=\"lazy\" decoding=\"async\" width=\"150\" height=\"150\" src=\"https:\/\/educativosmeninheira.com\/materialeducativo\/wp-content\/uploads\/https:\/\/m.media-amazon.com\/images\/I\/41e5anutz-L._SS150_.jpg\" class=\"attachment-thumbnail size-thumbnail\" alt=\"\" srcset=\"https:\/\/educativosmeninheira.com\/materialeducativo\/wp-content\/uploads\/https:\/\/m.media-amazon.com\/images\/I\/41e5anutz-L._SS150_.jpg 150w, https:\/\/educativosmeninheira.com\/materialeducativo\/wp-content\/uploads\/https:\/\/m.media-amazon.com\/images\/I\/41e5anutz-L._SS300_.jpg 300w, https:\/\/educativosmeninheira.com\/materialeducativo\/wp-content\/uploads\/https:\/\/m.media-amazon.com\/images\/I\/41e5anutz-L._SS768_.jpg 768w, https:\/\/educativosmeninheira.com\/materialeducativo\/wp-content\/uploads\/https:\/\/m.media-amazon.com\/images\/I\/41e5anutz-L._SS1024_.jpg 1024w, https:\/\/educativosmeninheira.com\/materialeducativo\/wp-content\/uploads\/https:\/\/m.media-amazon.com\/images\/I\/41e5anutz-L._SS1536_.jpg 1536w, https:\/\/educativosmeninheira.com\/materialeducativo\/wp-content\/uploads\/https:\/\/m.media-amazon.com\/images\/I\/41e5anutz-L._SS2048_.jpg 2048w, https:\/\/educativosmeninheira.com\/materialeducativo\/wp-content\/uploads\/https:\/\/m.media-amazon.com\/images\/I\/41e5anutz-L._SS1568_.jpg 1568w, https:\/\/educativosmeninheira.com\/materialeducativo\/wp-content\/uploads\/https:\/\/m.media-amazon.com\/images\/I\/41e5anutz-L._SS450_.jpg 450w, https:\/\/educativosmeninheira.com\/materialeducativo\/wp-content\/uploads\/https:\/\/m.media-amazon.com\/images\/I\/41e5anutz-L._SS600_.jpg 600w, https:\/\/educativosmeninheira.com\/materialeducativo\/wp-content\/uploads\/https:\/\/m.media-amazon.com\/images\/I\/41e5anutz-L._SS100_.jpg 100w, https:\/\/educativosmeninheira.com\/materialeducativo\/wp-content\/uploads\/https:\/\/m.media-amazon.com\/images\/I\/41e5anutz-L.jpg 500w\" sizes=\"(max-width: 150px) 100vw, 150px\" style=\"width:100%;height:100%;max-width:500px;\" \/><\/a>\n\t\t\t<\/div><\/figure>\n\t\t<\/div>\n<br \/>\n\u3010El paquete contiene\u3011 Hay 54 modelos de \u00e1tomos de 5 elementos qu\u00edmicos diferentes, 42 enlaces de 2 longitudes diferentes y un removedor de enlace incluido en el paquete. F\u00e1cil de usar<br \/>\n\u3010Material no t\u00f3xico\u3011 de pl\u00e1stico duradero de alta calidad. Viene con una carcasa de pl\u00e1stico resistente para el almacenamiento.<br \/>\n\u3010F\u00e1cil de usar\u3011 F\u00e1cil de conectar y desconectar, ligero y port\u00e1til. Caja duradera para un f\u00e1cil almacenamiento!<br \/>\n\u3010Perfect Advantage \u3011Permite a los usuarios construir mol\u00e9culas org\u00e1nicas e inorg\u00e1nicas virtualmente simples y complejas; Modelos educativos perfectos para la ense\u00f1anza de qu\u00edmica org\u00e1nica e inorg\u00e1nica en la ense\u00f1anza y el aprendizaje avanzado de ciencias en laboratorios.<br \/>\n\u3010Multiprop\u00f3sito\u3011 Son un kit de modelado molecular de aprendizaje interactivo y divertido para estudiantes, maestros, investigadores y entusiastas para usar en salones de clase o hogares. Adem\u00e1s, pueden tomarse como el regalo de aprendizaje de la ciencia.<br \/>\n[amz_corss_sell asin=\u00bbB07MYC799R\u00bb]<\/p>\n","protected":false},"excerpt":{"rendered":"<p>\u3010El paquete contiene\u3011 Hay 54 modelos de \u00e1tomos de 5 elementos qu\u00edmicos diferentes, 42 enlaces de 2 longitudes diferentes y un removedor de enlace incluido en el paquete. F\u00e1cil de usar<br \/>\n\u3010Material no t\u00f3xico\u3011 de pl\u00e1stico duradero de alta calidad. Viene con una carcasa de pl\u00e1stico resistente para el almacenamiento.<br \/>\n\u3010F\u00e1cil de usar\u3011 F\u00e1cil de conectar y desconectar, ligero y port\u00e1til. Caja duradera para un f\u00e1cil almacenamiento!<\/p>\n","protected":false},"featured_media":441,"comment_status":"open","ping_status":"closed","template":"","meta":[],"product_cat":[18,19,125,147],"product_tag":[],"yoast_head":"<!-- This site is optimized with the Yoast SEO plugin v22.4 - https:\/\/yoast.com\/wordpress\/plugins\/seo\/ -->\n<title>Mengger Modelos Moleculares Kit 96pcs Qu\u00edmica Org\u00e1nica e Inorg\u00e1nica Qu\u00edmica Cient\u00edfica atom\u00eda Atomizador ense\u00f1anza Set\u2026 - Material Educativo<\/title>\n<meta name=\"robots\" content=\"index, follow, max-snippet:-1, max-image-preview:large, max-video-preview:-1\" \/>\n<link rel=\"canonical\" href=\"https:\/\/educativosmeninheira.com\/materialeducativo\/producto\/mengger-modelos-moleculares-kit-96pcs-quimica-organica-e-inorganica-quimica-cientifica-atomia-atomizador-ensenanza-set-de-aprendizaje-molecular-modelo-molecular\/\" \/>\n<meta property=\"og:locale\" content=\"es_ES\" \/>\n<meta property=\"og:type\" content=\"article\" \/>\n<meta property=\"og:title\" content=\"Mengger Modelos Moleculares Kit 96pcs Qu\u00edmica Org\u00e1nica e Inorg\u00e1nica Qu\u00edmica Cient\u00edfica atom\u00eda Atomizador ense\u00f1anza Set\u2026 - Material Educativo\" \/>\n<meta property=\"og:description\" content=\"\u3010El paquete contiene\u3011 Hay 54 modelos de \u00e1tomos de 5 elementos qu\u00edmicos diferentes, 42 enlaces de 2 longitudes diferentes y un removedor de enlace incluido en el paquete. F\u00e1cil de usar \u3010Material no t\u00f3xico\u3011 de pl\u00e1stico duradero de alta calidad. Viene con una carcasa de pl\u00e1stico resistente para el almacenamiento. \u3010F\u00e1cil de usar\u3011 F\u00e1cil de conectar y desconectar, ligero y port\u00e1til. Caja duradera para un f\u00e1cil almacenamiento!\" \/>\n<meta property=\"og:url\" content=\"https:\/\/educativosmeninheira.com\/materialeducativo\/producto\/mengger-modelos-moleculares-kit-96pcs-quimica-organica-e-inorganica-quimica-cientifica-atomia-atomizador-ensenanza-set-de-aprendizaje-molecular-modelo-molecular\/\" \/>\n<meta property=\"og:site_name\" content=\"Material Educativo\" \/>\n<meta property=\"article:modified_time\" content=\"2023-04-06T04:11:20+00:00\" \/>\n<meta property=\"og:image\" content=\"https:\/\/educativosmeninheira.com\/materialeducativo\/wp-content\/uploads\/https:\/\/m.media-amazon.com\/images\/I\/41tbeub2KoL.jpg\" \/>\n\t<meta property=\"og:image:width\" content=\"500\" \/>\n\t<meta property=\"og:image:height\" content=\"500\" \/>\n\t<meta property=\"og:image:type\" content=\"image\/jpeg\" \/>\n<meta name=\"twitter:card\" content=\"summary_large_image\" \/>\n<meta name=\"twitter:label1\" content=\"Tiempo de lectura\" \/>\n\t<meta name=\"twitter:data1\" content=\"1 minuto\" \/>\n<script type=\"application\/ld+json\" class=\"yoast-schema-graph\">{\"@context\":\"https:\/\/schema.org\",\"@graph\":[{\"@type\":\"WebPage\",\"@id\":\"https:\/\/educativosmeninheira.com\/materialeducativo\/producto\/mengger-modelos-moleculares-kit-96pcs-quimica-organica-e-inorganica-quimica-cientifica-atomia-atomizador-ensenanza-set-de-aprendizaje-molecular-modelo-molecular\/\",\"url\":\"https:\/\/educativosmeninheira.com\/materialeducativo\/producto\/mengger-modelos-moleculares-kit-96pcs-quimica-organica-e-inorganica-quimica-cientifica-atomia-atomizador-ensenanza-set-de-aprendizaje-molecular-modelo-molecular\/\",\"name\":\"Mengger Modelos Moleculares Kit 96pcs Qu\u00edmica Org\u00e1nica e Inorg\u00e1nica Qu\u00edmica Cient\u00edfica atom\u00eda Atomizador ense\u00f1anza Set\u2026 - Material Educativo\",\"isPartOf\":{\"@id\":\"https:\/\/educativosmeninheira.com\/materialeducativo\/#website\"},\"primaryImageOfPage\":{\"@id\":\"https:\/\/educativosmeninheira.com\/materialeducativo\/producto\/mengger-modelos-moleculares-kit-96pcs-quimica-organica-e-inorganica-quimica-cientifica-atomia-atomizador-ensenanza-set-de-aprendizaje-molecular-modelo-molecular\/#primaryimage\"},\"image\":{\"@id\":\"https:\/\/educativosmeninheira.com\/materialeducativo\/producto\/mengger-modelos-moleculares-kit-96pcs-quimica-organica-e-inorganica-quimica-cientifica-atomia-atomizador-ensenanza-set-de-aprendizaje-molecular-modelo-molecular\/#primaryimage\"},\"thumbnailUrl\":\"https:\/\/educativosmeninheira.com\/materialeducativo\/wp-content\/uploads\/https:\/\/m.media-amazon.com\/images\/I\/41tbeub2KoL.jpg\",\"datePublished\":\"2021-03-03T12:46:53+00:00\",\"dateModified\":\"2023-04-06T04:11:20+00:00\",\"breadcrumb\":{\"@id\":\"https:\/\/educativosmeninheira.com\/materialeducativo\/producto\/mengger-modelos-moleculares-kit-96pcs-quimica-organica-e-inorganica-quimica-cientifica-atomia-atomizador-ensenanza-set-de-aprendizaje-molecular-modelo-molecular\/#breadcrumb\"},\"inLanguage\":\"es\",\"potentialAction\":[{\"@type\":\"ReadAction\",\"target\":[\"https:\/\/educativosmeninheira.com\/materialeducativo\/producto\/mengger-modelos-moleculares-kit-96pcs-quimica-organica-e-inorganica-quimica-cientifica-atomia-atomizador-ensenanza-set-de-aprendizaje-molecular-modelo-molecular\/\"]}]},{\"@type\":\"ImageObject\",\"inLanguage\":\"es\",\"@id\":\"https:\/\/educativosmeninheira.com\/materialeducativo\/producto\/mengger-modelos-moleculares-kit-96pcs-quimica-organica-e-inorganica-quimica-cientifica-atomia-atomizador-ensenanza-set-de-aprendizaje-molecular-modelo-molecular\/#primaryimage\",\"url\":\"https:\/\/educativosmeninheira.com\/materialeducativo\/wp-content\/uploads\/https:\/\/m.media-amazon.com\/images\/I\/41tbeub2KoL.jpg\",\"contentUrl\":\"https:\/\/educativosmeninheira.com\/materialeducativo\/wp-content\/uploads\/https:\/\/m.media-amazon.com\/images\/I\/41tbeub2KoL.jpg\",\"width\":500,\"height\":500},{\"@type\":\"BreadcrumbList\",\"@id\":\"https:\/\/educativosmeninheira.com\/materialeducativo\/producto\/mengger-modelos-moleculares-kit-96pcs-quimica-organica-e-inorganica-quimica-cientifica-atomia-atomizador-ensenanza-set-de-aprendizaje-molecular-modelo-molecular\/#breadcrumb\",\"itemListElement\":[{\"@type\":\"ListItem\",\"position\":1,\"name\":\"Home\",\"item\":\"https:\/\/educativosmeninheira.com\/materialeducativo\/\"},{\"@type\":\"ListItem\",\"position\":2,\"name\":\"Material Educativo\",\"item\":\"https:\/\/educativosmeninheira.com\/materialeducativo\/\"},{\"@type\":\"ListItem\",\"position\":3,\"name\":\"Mengger Modelos Moleculares Kit 96pcs Qu\u00edmica Org\u00e1nica e Inorg\u00e1nica Qu\u00edmica Cient\u00edfica atom\u00eda Atomizador ense\u00f1anza Set\u2026\"}]},{\"@type\":\"WebSite\",\"@id\":\"https:\/\/educativosmeninheira.com\/materialeducativo\/#website\",\"url\":\"https:\/\/educativosmeninheira.com\/materialeducativo\/\",\"name\":\"Material Educativo\",\"description\":\"Materiales complementarios para los imprimibles de Educativos meninheira\",\"publisher\":{\"@id\":\"https:\/\/educativosmeninheira.com\/materialeducativo\/#organization\"},\"potentialAction\":[{\"@type\":\"SearchAction\",\"target\":{\"@type\":\"EntryPoint\",\"urlTemplate\":\"https:\/\/educativosmeninheira.com\/materialeducativo\/?s={search_term_string}\"},\"query-input\":\"required name=search_term_string\"}],\"inLanguage\":\"es\"},{\"@type\":\"Organization\",\"@id\":\"https:\/\/educativosmeninheira.com\/materialeducativo\/#organization\",\"name\":\"Material Educativo\",\"url\":\"https:\/\/educativosmeninheira.com\/materialeducativo\/\",\"logo\":{\"@type\":\"ImageObject\",\"inLanguage\":\"es\",\"@id\":\"https:\/\/educativosmeninheira.com\/materialeducativo\/#\/schema\/logo\/image\/\",\"url\":\"https:\/\/educativosmeninheira.com\/materialeducativo\/wp-content\/uploads\/2021\/03\/LOGO-Educativos-meninheira-big.png\",\"contentUrl\":\"https:\/\/educativosmeninheira.com\/materialeducativo\/wp-content\/uploads\/2021\/03\/LOGO-Educativos-meninheira-big.png\",\"width\":2018,\"height\":920,\"caption\":\"Material Educativo\"},\"image\":{\"@id\":\"https:\/\/educativosmeninheira.com\/materialeducativo\/#\/schema\/logo\/image\/\"}}]}<\/script>\n<!-- \/ Yoast SEO plugin. -->","yoast_head_json":{"title":"Mengger Modelos Moleculares Kit 96pcs Qu\u00edmica Org\u00e1nica e Inorg\u00e1nica Qu\u00edmica Cient\u00edfica atom\u00eda Atomizador ense\u00f1anza Set\u2026 - Material Educativo","robots":{"index":"index","follow":"follow","max-snippet":"max-snippet:-1","max-image-preview":"max-image-preview:large","max-video-preview":"max-video-preview:-1"},"canonical":"https:\/\/educativosmeninheira.com\/materialeducativo\/producto\/mengger-modelos-moleculares-kit-96pcs-quimica-organica-e-inorganica-quimica-cientifica-atomia-atomizador-ensenanza-set-de-aprendizaje-molecular-modelo-molecular\/","og_locale":"es_ES","og_type":"article","og_title":"Mengger Modelos Moleculares Kit 96pcs Qu\u00edmica Org\u00e1nica e Inorg\u00e1nica Qu\u00edmica Cient\u00edfica atom\u00eda Atomizador ense\u00f1anza Set\u2026 - Material Educativo","og_description":"\u3010El paquete contiene\u3011 Hay 54 modelos de \u00e1tomos de 5 elementos qu\u00edmicos diferentes, 42 enlaces de 2 longitudes diferentes y un removedor de enlace incluido en el paquete. F\u00e1cil de usar \u3010Material no t\u00f3xico\u3011 de pl\u00e1stico duradero de alta calidad. Viene con una carcasa de pl\u00e1stico resistente para el almacenamiento. \u3010F\u00e1cil de usar\u3011 F\u00e1cil de conectar y desconectar, ligero y port\u00e1til. Caja duradera para un f\u00e1cil almacenamiento!","og_url":"https:\/\/educativosmeninheira.com\/materialeducativo\/producto\/mengger-modelos-moleculares-kit-96pcs-quimica-organica-e-inorganica-quimica-cientifica-atomia-atomizador-ensenanza-set-de-aprendizaje-molecular-modelo-molecular\/","og_site_name":"Material Educativo","article_modified_time":"2023-04-06T04:11:20+00:00","og_image":[{"width":500,"height":500,"url":"https:\/\/educativosmeninheira.com\/materialeducativo\/wp-content\/uploads\/https:\/\/m.media-amazon.com\/images\/I\/41tbeub2KoL.jpg","type":"image\/jpeg"}],"twitter_card":"summary_large_image","twitter_misc":{"Tiempo de lectura":"1 minuto"},"schema":{"@context":"https:\/\/schema.org","@graph":[{"@type":"WebPage","@id":"https:\/\/educativosmeninheira.com\/materialeducativo\/producto\/mengger-modelos-moleculares-kit-96pcs-quimica-organica-e-inorganica-quimica-cientifica-atomia-atomizador-ensenanza-set-de-aprendizaje-molecular-modelo-molecular\/","url":"https:\/\/educativosmeninheira.com\/materialeducativo\/producto\/mengger-modelos-moleculares-kit-96pcs-quimica-organica-e-inorganica-quimica-cientifica-atomia-atomizador-ensenanza-set-de-aprendizaje-molecular-modelo-molecular\/","name":"Mengger Modelos Moleculares Kit 96pcs Qu\u00edmica Org\u00e1nica e Inorg\u00e1nica Qu\u00edmica Cient\u00edfica atom\u00eda Atomizador ense\u00f1anza Set\u2026 - Material Educativo","isPartOf":{"@id":"https:\/\/educativosmeninheira.com\/materialeducativo\/#website"},"primaryImageOfPage":{"@id":"https:\/\/educativosmeninheira.com\/materialeducativo\/producto\/mengger-modelos-moleculares-kit-96pcs-quimica-organica-e-inorganica-quimica-cientifica-atomia-atomizador-ensenanza-set-de-aprendizaje-molecular-modelo-molecular\/#primaryimage"},"image":{"@id":"https:\/\/educativosmeninheira.com\/materialeducativo\/producto\/mengger-modelos-moleculares-kit-96pcs-quimica-organica-e-inorganica-quimica-cientifica-atomia-atomizador-ensenanza-set-de-aprendizaje-molecular-modelo-molecular\/#primaryimage"},"thumbnailUrl":"https:\/\/educativosmeninheira.com\/materialeducativo\/wp-content\/uploads\/https:\/\/m.media-amazon.com\/images\/I\/41tbeub2KoL.jpg","datePublished":"2021-03-03T12:46:53+00:00","dateModified":"2023-04-06T04:11:20+00:00","breadcrumb":{"@id":"https:\/\/educativosmeninheira.com\/materialeducativo\/producto\/mengger-modelos-moleculares-kit-96pcs-quimica-organica-e-inorganica-quimica-cientifica-atomia-atomizador-ensenanza-set-de-aprendizaje-molecular-modelo-molecular\/#breadcrumb"},"inLanguage":"es","potentialAction":[{"@type":"ReadAction","target":["https:\/\/educativosmeninheira.com\/materialeducativo\/producto\/mengger-modelos-moleculares-kit-96pcs-quimica-organica-e-inorganica-quimica-cientifica-atomia-atomizador-ensenanza-set-de-aprendizaje-molecular-modelo-molecular\/"]}]},{"@type":"ImageObject","inLanguage":"es","@id":"https:\/\/educativosmeninheira.com\/materialeducativo\/producto\/mengger-modelos-moleculares-kit-96pcs-quimica-organica-e-inorganica-quimica-cientifica-atomia-atomizador-ensenanza-set-de-aprendizaje-molecular-modelo-molecular\/#primaryimage","url":"https:\/\/educativosmeninheira.com\/materialeducativo\/wp-content\/uploads\/https:\/\/m.media-amazon.com\/images\/I\/41tbeub2KoL.jpg","contentUrl":"https:\/\/educativosmeninheira.com\/materialeducativo\/wp-content\/uploads\/https:\/\/m.media-amazon.com\/images\/I\/41tbeub2KoL.jpg","width":500,"height":500},{"@type":"BreadcrumbList","@id":"https:\/\/educativosmeninheira.com\/materialeducativo\/producto\/mengger-modelos-moleculares-kit-96pcs-quimica-organica-e-inorganica-quimica-cientifica-atomia-atomizador-ensenanza-set-de-aprendizaje-molecular-modelo-molecular\/#breadcrumb","itemListElement":[{"@type":"ListItem","position":1,"name":"Home","item":"https:\/\/educativosmeninheira.com\/materialeducativo\/"},{"@type":"ListItem","position":2,"name":"Material Educativo","item":"https:\/\/educativosmeninheira.com\/materialeducativo\/"},{"@type":"ListItem","position":3,"name":"Mengger Modelos Moleculares Kit 96pcs Qu\u00edmica Org\u00e1nica e Inorg\u00e1nica Qu\u00edmica Cient\u00edfica atom\u00eda Atomizador ense\u00f1anza Set\u2026"}]},{"@type":"WebSite","@id":"https:\/\/educativosmeninheira.com\/materialeducativo\/#website","url":"https:\/\/educativosmeninheira.com\/materialeducativo\/","name":"Material Educativo","description":"Materiales complementarios para los imprimibles de Educativos meninheira","publisher":{"@id":"https:\/\/educativosmeninheira.com\/materialeducativo\/#organization"},"potentialAction":[{"@type":"SearchAction","target":{"@type":"EntryPoint","urlTemplate":"https:\/\/educativosmeninheira.com\/materialeducativo\/?s={search_term_string}"},"query-input":"required name=search_term_string"}],"inLanguage":"es"},{"@type":"Organization","@id":"https:\/\/educativosmeninheira.com\/materialeducativo\/#organization","name":"Material Educativo","url":"https:\/\/educativosmeninheira.com\/materialeducativo\/","logo":{"@type":"ImageObject","inLanguage":"es","@id":"https:\/\/educativosmeninheira.com\/materialeducativo\/#\/schema\/logo\/image\/","url":"https:\/\/educativosmeninheira.com\/materialeducativo\/wp-content\/uploads\/2021\/03\/LOGO-Educativos-meninheira-big.png","contentUrl":"https:\/\/educativosmeninheira.com\/materialeducativo\/wp-content\/uploads\/2021\/03\/LOGO-Educativos-meninheira-big.png","width":2018,"height":920,"caption":"Material Educativo"},"image":{"@id":"https:\/\/educativosmeninheira.com\/materialeducativo\/#\/schema\/logo\/image\/"}}]}},"_links":{"self":[{"href":"https:\/\/educativosmeninheira.com\/materialeducativo\/wp-json\/wp\/v2\/product\/440"}],"collection":[{"href":"https:\/\/educativosmeninheira.com\/materialeducativo\/wp-json\/wp\/v2\/product"}],"about":[{"href":"https:\/\/educativosmeninheira.com\/materialeducativo\/wp-json\/wp\/v2\/types\/product"}],"replies":[{"embeddable":true,"href":"https:\/\/educativosmeninheira.com\/materialeducativo\/wp-json\/wp\/v2\/comments?post=440"}],"version-history":[{"count":2,"href":"https:\/\/educativosmeninheira.com\/materialeducativo\/wp-json\/wp\/v2\/product\/440\/revisions"}],"predecessor-version":[{"id":1831,"href":"https:\/\/educativosmeninheira.com\/materialeducativo\/wp-json\/wp\/v2\/product\/440\/revisions\/1831"}],"wp:featuredmedia":[{"embeddable":true,"href":"https:\/\/educativosmeninheira.com\/materialeducativo\/wp-json\/wp\/v2\/media\/441"}],"wp:attachment":[{"href":"https:\/\/educativosmeninheira.com\/materialeducativo\/wp-json\/wp\/v2\/media?parent=440"}],"wp:term":[{"taxonomy":"product_cat","embeddable":true,"href":"https:\/\/educativosmeninheira.com\/materialeducativo\/wp-json\/wp\/v2\/product_cat?post=440"},{"taxonomy":"product_tag","embeddable":true,"href":"https:\/\/educativosmeninheira.com\/materialeducativo\/wp-json\/wp\/v2\/product_tag?post=440"}],"curies":[{"name":"wp","href":"https:\/\/api.w.org\/{rel}","templated":true}]}}